{"id":7936,"date":"2023-03-11T20:09:14","date_gmt":"2023-03-11T19:09:14","guid":{"rendered":"https:\/\/scholbach.de\/?page_id=7936"},"modified":"2026-03-16T12:58:58","modified_gmt":"2026-03-16T11:58:58","slug":"the-tronc-reno-rachidien","status":"publish","type":"page","link":"https:\/\/scholbach.de\/zh\/the-tronc-reno-rachidien","title":{"rendered":"The tronc r\u00e9no-rachidi\u00e8n"},"content":{"rendered":"<p class=\"qtranxs-available-languages-message qtranxs-available-languages-message-zh\">\u5bf9\u4e0d\u8d77\uff0c\u6b64\u5185\u5bb9\u53ea\u9002\u7528\u4e8e<a href=\"https:\/\/scholbach.de\/en\/wp-json\/wp\/v2\/pages\/7936\" class=\"qtranxs-available-language-link qtranxs-available-language-link-en\" title=\"English\">English<\/a>\u3002<\/p><p><\/p>\n<p style=\"padding-left: 40px;\">The tronc r\u00e9no-rachidi\u00e8n <a href=\"https:\/\/scholbach.de\/neurological-consequences-of-the-midline-congestion-syndrome\">tronc r\u00e9no-rachidi\u00e8n <\/a>is a\u00a0 peculiar vein connecting the left renal vein and the hemi-azygos vein. It is not described in current anatomic textbooks.<\/p>\n<p><a href=\"https:\/\/scholbach.de\/neurological-consequences-of-the-midline-congestion-syndrome\">This vessel develops<\/a> as an adaptation to <a href=\"https:\/\/scholbach.de\/joint-clinical-effect-of-coexisting-bilateral-jugular-vein-compression-and-tronc-reno-rachidien\">increasing pressure inside the left renal vein<\/a> which is regularly a consequence of a lordogenetic compression of the left renal vein in front of the bulging origin of the right renal artery or front of the ventral circumference of the aorta. Such a constellation can be frequently found in patients with an accentuated lordosis, and is very frequently observed in patients with hypermobile Ehlers-Danlos syndrome or other connective-tissue disorders with hyperflexibility.<\/p>\n<p style=\"padding-left: 40px;\">Since <a href=\"https:\/\/scholbach.de\/self-compressing-tronc-renoracidien-causing-extreme-pain-after-a-meal\">this vessel<\/a> is not mentioned in conventional anatomic textbooks and not taught in the medical curriculum it is regularly overlooked in standard imaging examinations.<\/p>\n<p>The only references are in French scientific papers:<\/p>\n<p><a href=\"https:\/\/scholbach.de\/wp-content\/uploads\/2023\/03\/The-tronc-reno-rachidien-1894-Quenu-et-l-Lejars-1-scaled.jpg\"><img loading=\"lazy\" decoding=\"async\" class=\"aligncenter size-medium wp-image-7956\" src=\"https:\/\/scholbach.de\/wp-content\/uploads\/2023\/03\/The-tronc-reno-rachidien-1894-Quenu-et-l-Lejars-1-300x190.jpg\" alt=\"\" width=\"300\" height=\"190\" srcset=\"https:\/\/scholbach.de\/wp-content\/uploads\/2023\/03\/The-tronc-reno-rachidien-1894-Quenu-et-l-Lejars-1-300x190.jpg 300w, https:\/\/scholbach.de\/wp-content\/uploads\/2023\/03\/The-tronc-reno-rachidien-1894-Quenu-et-l-Lejars-1-1024x647.jpg 1024w, https:\/\/scholbach.de\/wp-content\/uploads\/2023\/03\/The-tronc-reno-rachidien-1894-Quenu-et-l-Lejars-1-768x486.jpg 768w, https:\/\/scholbach.de\/wp-content\/uploads\/2023\/03\/The-tronc-reno-rachidien-1894-Quenu-et-l-Lejars-1-1536x971.jpg 1536w, https:\/\/scholbach.de\/wp-content\/uploads\/2023\/03\/The-tronc-reno-rachidien-1894-Quenu-et-l-Lejars-1-2048x1295.jpg 2048w, https:\/\/scholbach.de\/wp-content\/uploads\/2023\/03\/The-tronc-reno-rachidien-1894-Quenu-et-l-Lejars-1-640x405.jpg 640w\" sizes=\"auto, (max-width: 300px) 100vw, 300px\" \/><\/a><\/p>\n<p>&nbsp;<\/p>\n<a href=\"https:\/\/scholbach.de\/wp-content\/uploads\/2023\/03\/Ph.-FRANTZl-A.-JARDIN-J.-ABOULKERJ-R.-KUSS-La-Du-Veineux-1986.pdf\" class=\"pdfemb-viewer\" style=\"\" data-width=\"max\" data-height=\"max\" data-mobile-width=\"500\"  data-scrollbar=\"none\" data-download=\"on\" data-tracking=\"on\" data-newwindow=\"on\" data-pagetextbox=\"off\" data-scrolltotop=\"off\" data-startzoom=\"100\" data-startfpzoom=\"100\" data-toolbar=\"both\" data-toolbar-fixed=\"off\">Ph. FRANTZl, A. JARDIN&#039;, J. ABOULKERJ, R. KUSS - La, Du, Veineux - 1986<br\/><\/a>\n<a href=\"https:\/\/scholbach.de\/wp-content\/uploads\/2023\/03\/Le-tronc-veineux-reno-rachidien.pdf\" class=\"pdfemb-viewer\" style=\"\" data-width=\"max\" data-height=\"max\" data-mobile-width=\"500\"  data-scrollbar=\"none\" data-download=\"on\" data-tracking=\"on\" data-newwindow=\"on\" data-pagetextbox=\"off\" data-scrolltotop=\"off\" data-startzoom=\"100\" data-startfpzoom=\"100\" data-toolbar=\"both\" data-toolbar-fixed=\"off\">Le tronc veineux r\u00e9no-rachidien<br\/><\/a>\n<a href=\"https:\/\/scholbach.de\/wp-content\/uploads\/2023\/03\/Les-afferences-veineuses-reno-rachidiennes-dans-les-myelopathies.pdf\" class=\"pdfemb-viewer\" style=\"\" data-width=\"max\" data-height=\"max\" data-mobile-width=\"500\"  data-scrollbar=\"none\" data-download=\"on\" data-tracking=\"on\" data-newwindow=\"on\" data-pagetextbox=\"off\" data-scrolltotop=\"off\" data-startzoom=\"100\" data-startfpzoom=\"100\" data-toolbar=\"both\" data-toolbar-fixed=\"off\">Les aff\u00e9rences veineuses r\u00e9no-rachidiennes dans les my\u00e9lopathies<br\/><\/a>\n<a href=\"https:\/\/scholbach.de\/wp-content\/uploads\/2023\/03\/Chirurgie-103-Bar-et-al.-1977.pdf\" class=\"pdfemb-viewer\" style=\"\" data-width=\"max\" data-height=\"max\" data-mobile-width=\"500\"  data-scrollbar=\"none\" data-download=\"on\" data-tracking=\"on\" data-newwindow=\"on\" data-pagetextbox=\"off\" data-scrolltotop=\"off\" data-startzoom=\"100\" data-startfpzoom=\"100\" data-toolbar=\"both\" data-toolbar-fixed=\"off\">Chirurgie 103 - Bar et al. - 1977<br\/><\/a>\n<a href=\"https:\/\/scholbach.de\/wp-content\/uploads\/2023\/03\/son-existence-sans-en-faire-un-mecanisme-unique-de-discutait-les-modalites-possibles-de-son-role-dans-la-apportee-par-la-cure-d-u2.pdf\" class=\"pdfemb-viewer\" style=\"\" data-width=\"max\" data-height=\"max\" data-mobile-width=\"500\"  data-scrollbar=\"none\" data-download=\"on\" data-tracking=\"on\" data-newwindow=\"on\" data-pagetextbox=\"off\" data-scrolltotop=\"off\" data-startzoom=\"100\" data-startfpzoom=\"100\" data-toolbar=\"both\" data-toolbar-fixed=\"off\">son existence , sans en faire un mecanisme unique de discutait les modalites possibles de son role dans la apportee par la cure d &#039; u(2)<br\/><\/a>\n<p>It is the leading cause of back pain and neurological symptoms in patients with severe left renal vein compression especially in cases where a May Thurner syndrome occurs simultaneously.<\/p>\n<p>In order to spread the knowledge of this important vascular connection I a publish here some instructive images:<\/p>\n<p><a href=\"https:\/\/scholbach.de\/wp-content\/uploads\/2023\/03\/Folie5-1.jpg\"><img loading=\"lazy\" decoding=\"async\" class=\"aligncenter size-medium wp-image-7945\" src=\"https:\/\/scholbach.de\/wp-content\/uploads\/2023\/03\/Folie5-1-300x169.jpg\" alt=\"\" width=\"300\" height=\"169\" srcset=\"https:\/\/scholbach.de\/wp-content\/uploads\/2023\/03\/Folie5-1-300x169.jpg 300w, https:\/\/scholbach.de\/wp-content\/uploads\/2023\/03\/Folie5-1-1024x576.jpg 1024w, https:\/\/scholbach.de\/wp-content\/uploads\/2023\/03\/Folie5-1-768x432.jpg 768w, https:\/\/scholbach.de\/wp-content\/uploads\/2023\/03\/Folie5-1-640x360.jpg 640w, https:\/\/scholbach.de\/wp-content\/uploads\/2023\/03\/Folie5-1.jpg 1280w\" sizes=\"auto, (max-width: 300px) 100vw, 300px\" \/><\/a> <a href=\"https:\/\/scholbach.de\/wp-content\/uploads\/2023\/03\/Folie4-1.jpg\"><img loading=\"lazy\" decoding=\"async\" class=\"aligncenter size-medium wp-image-7946\" src=\"https:\/\/scholbach.de\/wp-content\/uploads\/2023\/03\/Folie4-1-300x169.jpg\" alt=\"\" width=\"300\" height=\"169\" srcset=\"https:\/\/scholbach.de\/wp-content\/uploads\/2023\/03\/Folie4-1-300x169.jpg 300w, https:\/\/scholbach.de\/wp-content\/uploads\/2023\/03\/Folie4-1-1024x576.jpg 1024w, https:\/\/scholbach.de\/wp-content\/uploads\/2023\/03\/Folie4-1-768x432.jpg 768w, https:\/\/scholbach.de\/wp-content\/uploads\/2023\/03\/Folie4-1-640x360.jpg 640w, https:\/\/scholbach.de\/wp-content\/uploads\/2023\/03\/Folie4-1.jpg 1280w\" sizes=\"auto, (max-width: 300px) 100vw, 300px\" \/><\/a> <a href=\"https:\/\/scholbach.de\/wp-content\/uploads\/2023\/03\/Folie3-1.jpg\"><img loading=\"lazy\" decoding=\"async\" class=\"aligncenter size-medium wp-image-7947\" src=\"https:\/\/scholbach.de\/wp-content\/uploads\/2023\/03\/Folie3-1-300x169.jpg\" alt=\"\" width=\"300\" height=\"169\" srcset=\"https:\/\/scholbach.de\/wp-content\/uploads\/2023\/03\/Folie3-1-300x169.jpg 300w, https:\/\/scholbach.de\/wp-content\/uploads\/2023\/03\/Folie3-1-1024x576.jpg 1024w, https:\/\/scholbach.de\/wp-content\/uploads\/2023\/03\/Folie3-1-768x432.jpg 768w, https:\/\/scholbach.de\/wp-content\/uploads\/2023\/03\/Folie3-1-640x360.jpg 640w, https:\/\/scholbach.de\/wp-content\/uploads\/2023\/03\/Folie3-1.jpg 1280w\" sizes=\"auto, (max-width: 300px) 100vw, 300px\" \/><\/a> <a href=\"https:\/\/scholbach.de\/wp-content\/uploads\/2023\/03\/Folie2-1.jpg\"><img loading=\"lazy\" decoding=\"async\" class=\"aligncenter size-medium wp-image-7948\" src=\"https:\/\/scholbach.de\/wp-content\/uploads\/2023\/03\/Folie2-1-300x169.jpg\" alt=\"\" width=\"300\" height=\"169\" srcset=\"https:\/\/scholbach.de\/wp-content\/uploads\/2023\/03\/Folie2-1-300x169.jpg 300w, https:\/\/scholbach.de\/wp-content\/uploads\/2023\/03\/Folie2-1-1024x576.jpg 1024w, https:\/\/scholbach.de\/wp-content\/uploads\/2023\/03\/Folie2-1-768x432.jpg 768w, https:\/\/scholbach.de\/wp-content\/uploads\/2023\/03\/Folie2-1-640x360.jpg 640w, https:\/\/scholbach.de\/wp-content\/uploads\/2023\/03\/Folie2-1.jpg 1280w\" sizes=\"auto, (max-width: 300px) 100vw, 300px\" \/><\/a><\/p>","protected":false},"excerpt":{"rendered":"<p>\u5bf9\u4e0d\u8d77\uff0c\u6b64\u5185\u5bb9\u53ea\u9002\u7528\u4e8eEnglish\u3002 The tronc r\u00e9no-rachidi\u00e8n tronc r\u00e9no [&hellip;]<\/p>\n","protected":false},"author":5,"featured_media":0,"parent":0,"menu_order":0,"comment_status":"closed","ping_status":"closed","template":"","meta":{"om_disable_all_campaigns":false,"footnotes":""},"class_list":["post-7936","page","type-page","status-publish","hentry"],"_links":{"self":[{"href":"https:\/\/scholbach.de\/zh\/wp-json\/wp\/v2\/pages\/7936","targetHints":{"allow":["GET"]}}],"collection":[{"href":"https:\/\/scholbach.de\/zh\/wp-json\/wp\/v2\/pages"}],"about":[{"href":"https:\/\/scholbach.de\/zh\/wp-json\/wp\/v2\/types\/page"}],"author":[{"embeddable":true,"href":"https:\/\/scholbach.de\/zh\/wp-json\/wp\/v2\/users\/5"}],"replies":[{"embeddable":true,"href":"https:\/\/scholbach.de\/zh\/wp-json\/wp\/v2\/comments?post=7936"}],"version-history":[{"count":12,"href":"https:\/\/scholbach.de\/zh\/wp-json\/wp\/v2\/pages\/7936\/revisions"}],"predecessor-version":[{"id":10129,"href":"https:\/\/scholbach.de\/zh\/wp-json\/wp\/v2\/pages\/7936\/revisions\/10129"}],"wp:attachment":[{"href":"https:\/\/scholbach.de\/zh\/wp-json\/wp\/v2\/media?parent=7936"}],"curies":[{"name":"wp","href":"https:\/\/api.w.org\/{rel}","templated":true}]}}