{"id":6537,"date":"2021-09-11T10:20:53","date_gmt":"2021-09-11T10:20:53","guid":{"rendered":"https:\/\/scholbach.de\/?page_id=6537"},"modified":"2021-09-11T10:24:39","modified_gmt":"2021-09-11T10:24:39","slug":"bending-of-a-straight-vein-compels-its-narrowing","status":"publish","type":"page","link":"https:\/\/scholbach.de\/ua\/bending-of-a-straight-vein-compels-its-narrowing","title":{"rendered":"Bending of a straight vein compels its narrowing"},"content":{"rendered":"<p class=\"qtranxs-available-languages-message qtranxs-available-languages-message-ua\">\u0412\u0438\u0431\u0430\u0447\u0442\u0435 \u0446\u0435\u0439 \u0442\u0435\u043a\u0441\u0442 \u0434\u043e\u0441\u0442\u0443\u043f\u043d\u0438\u0439 \u0442\u0456\u043b\u044c\u043a\u0438 \u0432 &ldquo;<a href=\"https:\/\/scholbach.de\/en\/wp-json\/wp\/v2\/pages\/6537\" class=\"qtranxs-available-language-link qtranxs-available-language-link-en\" title=\"English\">English<\/a> \u0456 &ldquo;<a href=\"https:\/\/scholbach.de\/de\/wp-json\/wp\/v2\/pages\/6537\" class=\"qtranxs-available-language-link qtranxs-available-language-link-de\" title=\"Deutsch\">Deutsch<\/a>&rdquo;.<\/p><p><div style=\"width: 990px;\" class=\"wp-video\"><video class=\"wp-video-shortcode\" id=\"video-6537-2\" width=\"990\" height=\"738\" preload=\"metadata\" controls=\"controls\"><source type=\"video\/webm\" src=\"https:\/\/scholbach.de\/wp-content\/uploads\/2021\/09\/Bending-and-curvature-20210911-121158.webm?_=2\" \/><a href=\"https:\/\/scholbach.de\/wp-content\/uploads\/2021\/09\/Bending-and-curvature-20210911-121158.webm\">https:\/\/scholbach.de\/wp-content\/uploads\/2021\/09\/Bending-and-curvature-20210911-121158.webm<\/a><\/video><\/div><\/p>","protected":false},"excerpt":{"rendered":"<p>\u0412\u0438\u0431\u0430\u0447\u0442\u0435 \u0446\u0435\u0439 \u0442\u0435\u043a\u0441\u0442 \u0434\u043e\u0441\u0442\u0443\u043f\u043d\u0438\u0439 \u0442\u0456\u043b\u044c\u043a\u0438 \u0432 &ldquo;Deutsch&rdquo;.Das obere Gef\u00e4\u00df ist aufgrund seiner embryonalen Entwicklung gekr\u00fcmmt, die eine Anpassung der Au\u00dfen- und Innenwand an die Kr\u00fcmmung unter Beibehaltung eines konstanten Gef\u00e4\u00dfdurchmessers erm\u00f6glichte; das untere Gef\u00e4\u00df entwickelte sich in der Embryonalzeit als gerades Gef\u00e4\u00df, wurde aber durch postembryonale mechanische Einfl\u00fcsse gekr\u00fcmmt, z. B. durch Anhebung der Vene [&hellip;]<\/p>\n","protected":false},"author":5,"featured_media":0,"parent":0,"menu_order":0,"comment_status":"closed","ping_status":"closed","template":"","meta":{"om_disable_all_campaigns":false,"footnotes":""},"class_list":["post-6537","page","type-page","status-publish","hentry"],"_links":{"self":[{"href":"https:\/\/scholbach.de\/ua\/wp-json\/wp\/v2\/pages\/6537","targetHints":{"allow":["GET"]}}],"collection":[{"href":"https:\/\/scholbach.de\/ua\/wp-json\/wp\/v2\/pages"}],"about":[{"href":"https:\/\/scholbach.de\/ua\/wp-json\/wp\/v2\/types\/page"}],"author":[{"embeddable":true,"href":"https:\/\/scholbach.de\/ua\/wp-json\/wp\/v2\/users\/5"}],"replies":[{"embeddable":true,"href":"https:\/\/scholbach.de\/ua\/wp-json\/wp\/v2\/comments?post=6537"}],"version-history":[{"count":2,"href":"https:\/\/scholbach.de\/ua\/wp-json\/wp\/v2\/pages\/6537\/revisions"}],"predecessor-version":[{"id":6541,"href":"https:\/\/scholbach.de\/ua\/wp-json\/wp\/v2\/pages\/6537\/revisions\/6541"}],"wp:attachment":[{"href":"https:\/\/scholbach.de\/ua\/wp-json\/wp\/v2\/media?parent=6537"}],"curies":[{"name":"wp","href":"https:\/\/api.w.org\/{rel}","templated":true}]}}