{"id":9996,"date":"2026-02-19T12:47:22","date_gmt":"2026-02-19T11:47:22","guid":{"rendered":"https:\/\/scholbach.de\/?page_id=9996"},"modified":"2026-03-21T08:40:45","modified_gmt":"2026-03-21T07:40:45","slug":"pixelflux-publications-from-other-research-centers","status":"publish","type":"page","link":"https:\/\/scholbach.de\/sv\/pixelflux-publications-from-other-research-centers","title":{"rendered":"PixelFlux publications from other research centers"},"content":{"rendered":"<p class=\"qtranxs-available-languages-message qtranxs-available-languages-message-sv\">Tyv\u00e4rr \u00e4r denna artikel enbart tillg\u00e4nglig p\u00e5 <a href=\"https:\/\/scholbach.de\/en\/wp-json\/wp\/v2\/pages\/9996\" class=\"qtranxs-available-language-link qtranxs-available-language-link-en\" title=\"English\">English<\/a>.<\/p><p><a href=\"https:\/\/scholbach.de\/wp-content\/uploads\/2026\/02\/J-of-Periodontal-Research-2026-Barootchi-Peri\u2010Implant-Soft\u2010Tissue-Phenotype-Modification-for-Refractory-Peri\u2010Implant.pdf\" class=\"pdfemb-viewer\" style=\"\" data-width=\"max\" data-height=\"max\" data-mobile-width=\"500\"  data-scrollbar=\"none\" data-download=\"on\" data-tracking=\"on\" data-newwindow=\"on\" data-pagetextbox=\"off\" data-scrolltotop=\"off\" data-startzoom=\"100\" data-startfpzoom=\"100\" data-toolbar=\"both\" data-toolbar-fixed=\"off\">J of Periodontal Research - 2026 - Barootchi - Peri\u2010Implant Soft\u2010Tissue Phenotype Modification for Refractory Peri\u2010Implant<br\/><\/a> &#8211; Relevant parts highlighted by Thomas Scholbach<\/p>\n<p>&nbsp;<\/p>\n<p><a href=\"https:\/\/scholar.google.com\/scholar?hl=de&amp;as_sdt=0%2C5&amp;q=pixelflux+blood&amp;btnG=\">Many more papers are here.<\/a><\/p>\n<p><a href=\"mailto:info.scholbach@posteo.de\">Ask for a reprint.<\/a><\/p>","protected":false},"excerpt":{"rendered":"<p>Tyv\u00e4rr \u00e4r denna artikel enbart tillg\u00e4nglig p\u00e5 English. &#8211; Relevant parts highlighted by Thomas Scholbach &nbsp; Many more papers are here. Ask for a reprint.<\/p>\n","protected":false},"author":5,"featured_media":0,"parent":0,"menu_order":0,"comment_status":"closed","ping_status":"closed","template":"","meta":{"om_disable_all_campaigns":false,"footnotes":""},"class_list":["post-9996","page","type-page","status-publish","hentry"],"_links":{"self":[{"href":"https:\/\/scholbach.de\/sv\/wp-json\/wp\/v2\/pages\/9996","targetHints":{"allow":["GET"]}}],"collection":[{"href":"https:\/\/scholbach.de\/sv\/wp-json\/wp\/v2\/pages"}],"about":[{"href":"https:\/\/scholbach.de\/sv\/wp-json\/wp\/v2\/types\/page"}],"author":[{"embeddable":true,"href":"https:\/\/scholbach.de\/sv\/wp-json\/wp\/v2\/users\/5"}],"replies":[{"embeddable":true,"href":"https:\/\/scholbach.de\/sv\/wp-json\/wp\/v2\/comments?post=9996"}],"version-history":[{"count":2,"href":"https:\/\/scholbach.de\/sv\/wp-json\/wp\/v2\/pages\/9996\/revisions"}],"predecessor-version":[{"id":10149,"href":"https:\/\/scholbach.de\/sv\/wp-json\/wp\/v2\/pages\/9996\/revisions\/10149"}],"wp:attachment":[{"href":"https:\/\/scholbach.de\/sv\/wp-json\/wp\/v2\/media?parent=9996"}],"curies":[{"name":"wp","href":"https:\/\/api.w.org\/{rel}","templated":true}]}}