{"id":9703,"date":"2025-09-22T08:17:06","date_gmt":"2025-09-22T06:17:06","guid":{"rendered":"https:\/\/scholbach.de\/?page_id=9703"},"modified":"2025-09-22T08:17:06","modified_gmt":"2025-09-22T06:17:06","slug":"chronic-regional-pain-syndrome-crps-caused-by-venous-compression-and-mechanical-irritation-of-the-coeliac-plexus","status":"publish","type":"page","link":"https:\/\/scholbach.de\/sv\/chronic-regional-pain-syndrome-crps-caused-by-venous-compression-and-mechanical-irritation-of-the-coeliac-plexus","title":{"rendered":"Chronic regional pain syndrome (CRPS) caused by venous compression and mechanical irritation of the coeliac plexus"},"content":{"rendered":"<p class=\"qtranxs-available-languages-message qtranxs-available-languages-message-sv\">Tyv\u00e4rr \u00e4r denna artikel enbart tillg\u00e4nglig p\u00e5 <a href=\"https:\/\/scholbach.de\/en\/wp-json\/wp\/v2\/pages\/9703\" class=\"qtranxs-available-language-link qtranxs-available-language-link-en\" title=\"English\">English<\/a> och <a href=\"https:\/\/scholbach.de\/de\/wp-json\/wp\/v2\/pages\/9703\" class=\"qtranxs-available-language-link qtranxs-available-language-link-de\" title=\"Deutsch\">Deutsch<\/a>.<\/p><p><a href=\"https:\/\/scholbach.de\/a-patient-with-chronic-regional-pain-syndrome-crps-successfully-treated-by-venous-decompression\">A patient with chronic regional pain syndrome (CRPS) \u2013 successfully treated by venous decompression<\/a><\/p>\n<p><a href=\"https:\/\/scholbach.de\/chronic-regional-pain-syndrome-with-swelling-of-the-right-hand-in-a-patient-with-a-narrow-subclavian-vein-valve-at-its-junction-with-the-pressurized-internal-jugular-vein\">Chronic regional pain syndrome with swelling of the right hand in a patient with a narrow subclavian vein valve at its junction with the pressurized internal jugular vein.<\/a><\/p>","protected":false},"excerpt":{"rendered":"<p>Tyv\u00e4rr \u00e4r denna artikel enbart tillg\u00e4nglig p\u00e5 English och Deutsch.A patient with chronic regional pain syndrome (CRPS) \u2013 successfully treated by venous decompression Chronic regional pain syndrome with swelling of the right hand in a patient with a narrow subclavian vein valve at its junction with the pressurized internal jugular vein.<\/p>\n","protected":false},"author":5,"featured_media":0,"parent":0,"menu_order":0,"comment_status":"closed","ping_status":"closed","template":"","meta":{"om_disable_all_campaigns":false,"footnotes":""},"class_list":["post-9703","page","type-page","status-publish","hentry"],"_links":{"self":[{"href":"https:\/\/scholbach.de\/sv\/wp-json\/wp\/v2\/pages\/9703","targetHints":{"allow":["GET"]}}],"collection":[{"href":"https:\/\/scholbach.de\/sv\/wp-json\/wp\/v2\/pages"}],"about":[{"href":"https:\/\/scholbach.de\/sv\/wp-json\/wp\/v2\/types\/page"}],"author":[{"embeddable":true,"href":"https:\/\/scholbach.de\/sv\/wp-json\/wp\/v2\/users\/5"}],"replies":[{"embeddable":true,"href":"https:\/\/scholbach.de\/sv\/wp-json\/wp\/v2\/comments?post=9703"}],"version-history":[{"count":1,"href":"https:\/\/scholbach.de\/sv\/wp-json\/wp\/v2\/pages\/9703\/revisions"}],"predecessor-version":[{"id":9705,"href":"https:\/\/scholbach.de\/sv\/wp-json\/wp\/v2\/pages\/9703\/revisions\/9705"}],"wp:attachment":[{"href":"https:\/\/scholbach.de\/sv\/wp-json\/wp\/v2\/media?parent=9703"}],"curies":[{"name":"wp","href":"https:\/\/api.w.org\/{rel}","templated":true}]}}