{"id":9600,"date":"2025-08-04T19:57:17","date_gmt":"2025-08-04T17:57:17","guid":{"rendered":"https:\/\/scholbach.de\/?page_id=9600"},"modified":"2025-08-04T22:37:38","modified_gmt":"2025-08-04T20:37:38","slug":"bestatigung-der-stornierung","status":"publish","type":"page","link":"https:\/\/scholbach.de\/sv\/bestatigung-der-stornierung","title":{"rendered":"Confirmation of cancellation"},"content":{"rendered":"<p class=\"qtranxs-available-languages-message qtranxs-available-languages-message-sv\">Tyv\u00e4rr \u00e4r denna artikel enbart tillg\u00e4nglig p\u00e5 <a href=\"https:\/\/scholbach.de\/en\/wp-json\/wp\/v2\/pages\/9600\" class=\"qtranxs-available-language-link qtranxs-available-language-link-en\" title=\"English\">English<\/a> och <a href=\"https:\/\/scholbach.de\/de\/wp-json\/wp\/v2\/pages\/9600\" class=\"qtranxs-available-language-link qtranxs-available-language-link-de\" title=\"Deutsch\">Deutsch<\/a>.<\/p><p>You have clicked on the link to cancel your booked appointment in the booking email.<\/p>\n<p>If this was done by mistake, you do not need to do anything else.<\/p>\n<p>However, if you actually want to cancel, please click <a href=\"https:\/\/scholbach.de\/terminstornierung\">here<\/a>.<\/p>","protected":false},"excerpt":{"rendered":"<p>Tyv\u00e4rr \u00e4r denna artikel enbart tillg\u00e4nglig p\u00e5 English och Deutsch.You have clicked on the link to cancel your booked appointment in the booking email. If this was done by mistake, you do not need to do anything else. However, if you actually want to cancel, please click here.<\/p>\n","protected":false},"author":5,"featured_media":0,"parent":0,"menu_order":0,"comment_status":"closed","ping_status":"closed","template":"","meta":{"om_disable_all_campaigns":false,"footnotes":""},"class_list":["post-9600","page","type-page","status-publish","hentry"],"_links":{"self":[{"href":"https:\/\/scholbach.de\/sv\/wp-json\/wp\/v2\/pages\/9600","targetHints":{"allow":["GET"]}}],"collection":[{"href":"https:\/\/scholbach.de\/sv\/wp-json\/wp\/v2\/pages"}],"about":[{"href":"https:\/\/scholbach.de\/sv\/wp-json\/wp\/v2\/types\/page"}],"author":[{"embeddable":true,"href":"https:\/\/scholbach.de\/sv\/wp-json\/wp\/v2\/users\/5"}],"replies":[{"embeddable":true,"href":"https:\/\/scholbach.de\/sv\/wp-json\/wp\/v2\/comments?post=9600"}],"version-history":[{"count":9,"href":"https:\/\/scholbach.de\/sv\/wp-json\/wp\/v2\/pages\/9600\/revisions"}],"predecessor-version":[{"id":9614,"href":"https:\/\/scholbach.de\/sv\/wp-json\/wp\/v2\/pages\/9600\/revisions\/9614"}],"wp:attachment":[{"href":"https:\/\/scholbach.de\/sv\/wp-json\/wp\/v2\/media?parent=9600"}],"curies":[{"name":"wp","href":"https:\/\/api.w.org\/{rel}","templated":true}]}}