{"id":8,"date":"2015-12-26T11:58:12","date_gmt":"2015-12-26T11:58:12","guid":{"rendered":"http:\/\/wp12612379.server-he.de\/?page_id=8"},"modified":"2020-03-30T08:05:15","modified_gmt":"2020-03-30T08:05:15","slug":"wissenschaft","status":"publish","type":"page","link":"https:\/\/scholbach.de\/sv\/wissenschaft","title":{"rendered":"Ultrasound focused entirely on all of your symptoms"},"content":{"rendered":"<p class=\"qtranxs-available-languages-message qtranxs-available-languages-message-sv\">Tyv\u00e4rr \u00e4r denna artikel enbart tillg\u00e4nglig p\u00e5 <a href=\"https:\/\/scholbach.de\/en\/wp-json\/wp\/v2\/pages\/8\" class=\"qtranxs-available-language-link qtranxs-available-language-link-en\" title=\"English\">English<\/a>, <a href=\"https:\/\/scholbach.de\/de\/wp-json\/wp\/v2\/pages\/8\" class=\"qtranxs-available-language-link qtranxs-available-language-link-de\" title=\"Deutsch\">Deutsch<\/a>, <a href=\"https:\/\/scholbach.de\/fr\/wp-json\/wp\/v2\/pages\/8\" class=\"qtranxs-available-language-link qtranxs-available-language-link-fr\" title=\"Fran\u00e7ais\">Fran\u00e7ais<\/a>, <a href=\"https:\/\/scholbach.de\/es\/wp-json\/wp\/v2\/pages\/8\" class=\"qtranxs-available-language-link qtranxs-available-language-link-es\" title=\"Espa\u00f1ol\">Espa\u00f1ol<\/a>, <a href=\"https:\/\/scholbach.de\/el\/wp-json\/wp\/v2\/pages\/8\" class=\"qtranxs-available-language-link qtranxs-available-language-link-el\" title=\"\u0395\u03bb\u03bb\u03b7\u03bd\u03b9\u03ba\u03ac\">\u0395\u03bb\u03bb\u03b7\u03bd\u03b9\u03ba\u03ac<\/a>, <a href=\"https:\/\/scholbach.de\/pt\/wp-json\/wp\/v2\/pages\/8\" class=\"qtranxs-available-language-link qtranxs-available-language-link-pt\" title=\"Portugu\u00eas\">Portugu\u00eas<\/a>, <a href=\"https:\/\/scholbach.de\/ja\/wp-json\/wp\/v2\/pages\/8\" class=\"qtranxs-available-language-link qtranxs-available-language-link-ja\" title=\"\u65e5\u672c\u8a9e\">\u65e5\u672c\u8a9e<\/a> och <a href=\"https:\/\/scholbach.de\/ru\/wp-json\/wp\/v2\/pages\/8\" class=\"qtranxs-available-language-link qtranxs-available-language-link-ru\" title=\"\u0420\u0443\u0441\u0441\u043a\u0438\u0439\">\u0420\u0443\u0441\u0441\u043a\u0438\u0439<\/a>.<\/p><p>I believe that best information of the patients about their disease is the base for a good relationship between the patient and the doctor. That&#8217;s why I always try to involve you into the diagnostics and therapy by giving you a picture and an imagination of your disease to help you to understand your malady. I often experienced that it leads to a big relief for both the patients and their families, when patients understand the causes of their suffering.<\/p>\n<p>The details of a functional colour Doppler ultrasound examination are outlined <a href=\"https:\/\/scholbach.de\/funktioneller-farbdoppler-ultraschall-wie-ich-ihn-verstehe\">here<\/a>.<\/p>\n<p>The explanations of some diseases given on my website are supposed to serve this idea. While reading these explanations, please always keep in mind that they are written in a popular lingo , i.e. they are simplified. Medical reality is often much more complex. These texts cannot replace and are not meant to replace the consultation of a medical doctor. If you or your child suffer from certain symptoms, only a doctor can evaluate which kind of diagnostic investigation and therapy are adequate.<\/p>","protected":false},"excerpt":{"rendered":"<p>Tyv\u00e4rr \u00e4r denna artikel enbart tillg\u00e4nglig p\u00e5 English, Deutsch, Fran\u00e7ais, Espa\u00f1ol, \u0395\u03bb\u03bb\u03b7\u03bd\u03b9\u03ba\u03ac, Portugu\u00eas, \u65e5\u672c\u8a9e och \u0420\u0443\u0441\u0441\u043a\u0438\u0439.I believe that best information of the patients about their disease is the base for a good relationship between the patient and the doctor. That&#8217;s why I always try to involve you into the diagnostics and therapy by giving you [&hellip;]<\/p>\n","protected":false},"author":4,"featured_media":0,"parent":0,"menu_order":0,"comment_status":"closed","ping_status":"closed","template":"","meta":{"om_disable_all_campaigns":false,"footnotes":""},"class_list":["post-8","page","type-page","status-publish","hentry"],"_links":{"self":[{"href":"https:\/\/scholbach.de\/sv\/wp-json\/wp\/v2\/pages\/8","targetHints":{"allow":["GET"]}}],"collection":[{"href":"https:\/\/scholbach.de\/sv\/wp-json\/wp\/v2\/pages"}],"about":[{"href":"https:\/\/scholbach.de\/sv\/wp-json\/wp\/v2\/types\/page"}],"author":[{"embeddable":true,"href":"https:\/\/scholbach.de\/sv\/wp-json\/wp\/v2\/users\/4"}],"replies":[{"embeddable":true,"href":"https:\/\/scholbach.de\/sv\/wp-json\/wp\/v2\/comments?post=8"}],"version-history":[{"count":45,"href":"https:\/\/scholbach.de\/sv\/wp-json\/wp\/v2\/pages\/8\/revisions"}],"predecessor-version":[{"id":4351,"href":"https:\/\/scholbach.de\/sv\/wp-json\/wp\/v2\/pages\/8\/revisions\/4351"}],"wp:attachment":[{"href":"https:\/\/scholbach.de\/sv\/wp-json\/wp\/v2\/media?parent=8"}],"curies":[{"name":"wp","href":"https:\/\/api.w.org\/{rel}","templated":true}]}}