{"id":7468,"date":"2022-07-09T09:03:56","date_gmt":"2022-07-09T09:03:56","guid":{"rendered":"https:\/\/scholbach.de\/?page_id=7468"},"modified":"2022-07-09T09:03:56","modified_gmt":"2022-07-09T09:03:56","slug":"efsumb-award-2015-umbilical-vein-vasomotion-detection-and-measurements-by-means-3d-pixelflux-measurements-in-fetuses-of-the-17th-to-20th-gestional-week","status":"publish","type":"page","link":"https:\/\/scholbach.de\/sv\/efsumb-award-2015-umbilical-vein-vasomotion-detection-and-measurements-by-means-3d-pixelflux-measurements-in-fetuses-of-the-17th-to-20th-gestional-week","title":{"rendered":"EFSUMB Award 2015 &#8221;Umbilical vein vasomotion &#8211; detection and measurements by means 3D &#8211; PixelFlux measurements in fetuses of the 17th to 20th gestional week&#8221;"},"content":{"rendered":"<p class=\"qtranxs-available-languages-message qtranxs-available-languages-message-sv\">Tyv\u00e4rr \u00e4r denna artikel enbart tillg\u00e4nglig p\u00e5 <a href=\"https:\/\/scholbach.de\/en\/wp-json\/wp\/v2\/pages\/7468\" class=\"qtranxs-available-language-link qtranxs-available-language-link-en\" title=\"English\">English<\/a>.<\/p><p><img loading=\"lazy\" decoding=\"async\" class=\"aligncenter wp-image-7467 size-full\" src=\"https:\/\/scholbach.de\/wp-content\/uploads\/2022\/07\/EFSUMB-award-PixelFlux.jpg\" alt=\"\" width=\"1280\" height=\"720\" srcset=\"https:\/\/scholbach.de\/wp-content\/uploads\/2022\/07\/EFSUMB-award-PixelFlux.jpg 1280w, https:\/\/scholbach.de\/wp-content\/uploads\/2022\/07\/EFSUMB-award-PixelFlux-300x169.jpg 300w, https:\/\/scholbach.de\/wp-content\/uploads\/2022\/07\/EFSUMB-award-PixelFlux-1024x576.jpg 1024w, https:\/\/scholbach.de\/wp-content\/uploads\/2022\/07\/EFSUMB-award-PixelFlux-768x432.jpg 768w, https:\/\/scholbach.de\/wp-content\/uploads\/2022\/07\/EFSUMB-award-PixelFlux-640x360.jpg 640w\" sizes=\"auto, (max-width: 1280px) 100vw, 1280px\" \/><\/p>","protected":false},"excerpt":{"rendered":"<p>Tyv\u00e4rr \u00e4r denna artikel enbart tillg\u00e4nglig p\u00e5 English.<\/p>\n","protected":false},"author":5,"featured_media":0,"parent":0,"menu_order":0,"comment_status":"closed","ping_status":"closed","template":"","meta":{"om_disable_all_campaigns":false,"footnotes":""},"class_list":["post-7468","page","type-page","status-publish","hentry"],"_links":{"self":[{"href":"https:\/\/scholbach.de\/sv\/wp-json\/wp\/v2\/pages\/7468","targetHints":{"allow":["GET"]}}],"collection":[{"href":"https:\/\/scholbach.de\/sv\/wp-json\/wp\/v2\/pages"}],"about":[{"href":"https:\/\/scholbach.de\/sv\/wp-json\/wp\/v2\/types\/page"}],"author":[{"embeddable":true,"href":"https:\/\/scholbach.de\/sv\/wp-json\/wp\/v2\/users\/5"}],"replies":[{"embeddable":true,"href":"https:\/\/scholbach.de\/sv\/wp-json\/wp\/v2\/comments?post=7468"}],"version-history":[{"count":2,"href":"https:\/\/scholbach.de\/sv\/wp-json\/wp\/v2\/pages\/7468\/revisions"}],"predecessor-version":[{"id":7472,"href":"https:\/\/scholbach.de\/sv\/wp-json\/wp\/v2\/pages\/7468\/revisions\/7472"}],"wp:attachment":[{"href":"https:\/\/scholbach.de\/sv\/wp-json\/wp\/v2\/media?parent=7468"}],"curies":[{"name":"wp","href":"https:\/\/api.w.org\/{rel}","templated":true}]}}