{"id":74,"date":"2015-12-26T18:33:09","date_gmt":"2015-12-26T18:33:09","guid":{"rendered":"http:\/\/wp12612379.server-he.de\/?page_id=74"},"modified":"2025-12-12T18:22:52","modified_gmt":"2025-12-12T17:22:52","slug":"deutsch-durchblutungsmessung","status":"publish","type":"page","link":"https:\/\/scholbach.de\/sv\/wissenschaft\/deutsch-ultraschalldiagnostik\/deutsch-durchblutungsmessung","title":{"rendered":"Blodfl\u00f6desm\u00e4tning : PixelFlux-metoden"},"content":{"rendered":"<p>Blodcirkulationens roll i den m\u00e4nskliga organismen.<\/p>\n<p>Blodcirkulationen \u00e4r en viktig grund f\u00f6r kroppens vitala funktioner. Blodcirkulationen f\u00f6rser bland annat organ och v\u00e4vnader med syre, hormoner och energi. Blodcirkulationen spelar ocks\u00e5 en viktig roll f\u00f6r kroppens immunf\u00f6rsvar eftersom den transporterar f\u00f6rsvarsceller till exempelvis en inflammation.<\/p>\n<p>Blodfl\u00f6det till ett organ beror p\u00e5 m\u00e5nga faktorer. I ett friskt tillst\u00e5nd \u00f6kar blodfl\u00f6det, s\u00e4rskilt n\u00e4r organet beh\u00f6ver mer energi. Blodfl\u00f6det till musklerna \u00f6kar till exempel n\u00e4r musklerna arbetar, eftersom de beh\u00f6ver mer syre. Intensiv mental aktivitet \u00e5terspeglas ocks\u00e5 i ett \u00f6kat blodfl\u00f6de till hj\u00e4rnan.<\/p>\n<p>Men patologiska st\u00f6rningar av vitala funktioner \u00e5tf\u00f6ljs ofta ocks\u00e5 av f\u00f6r\u00e4ndrat blodfl\u00f6de. Ett f\u00f6r\u00e4ndrat blodfl\u00f6de \u00e4r d\u00e4rf\u00f6r ofta en indikation p\u00e5 vissa funktionsst\u00f6rningar i kroppen: ett \u00f6kat blodfl\u00f6de \u00e4r till exempel ofta ett tecken p\u00e5 inflammation: Kroppen f\u00f6rs\u00f6ker motverka inflammationen genom att transportera immunceller till platsen f\u00f6r inflammationen, som ska bek\u00e4mpa orsaken till inflammationen (t.ex. bakterier). Minskat blodfl\u00f6de uppst\u00e5r d\u00e4remot ofta i samband med kroniska sjukdomar. Kronisk njurinflammation orsakar till exempel en gradvis utpl\u00e5ning av sm\u00e5 njurk\u00e4rl, vilket leder till ett s\u00e4mre blodfl\u00f6de till njurarna.<\/p>\n<p>Pixelflux-metoden &#8211; hur blodfl\u00f6desm\u00e4tning fungerar<\/p>\n<p>Om man kan m\u00e4ta blodfl\u00f6det kan man g\u00f6ra mycket exakta uttalanden om organens tillst\u00e5nd och m\u00e5nga sjukdomars f\u00f6rlopp. D\u00e4rf\u00f6r har jag tillsammans med f\u00f6retaget Chameleon Software utvecklat en metod f\u00f6r att m\u00e4ta blodfl\u00f6det baserat p\u00e5 ultraljudsbilder av f\u00e4rgduplexsonografi. Programvaran <a href=\"http:\/\/www.chameleon-software.de\/en\/home.php\">PixelFlux<\/a> utv\u00e4rderar f\u00e4rginformationen i ultraljudsfilmerna och anv\u00e4nder den f\u00f6r att ber\u00e4kna hur mycket blod som str\u00f6mmar genom k\u00e4rlet under en viss tid (hastighet g\u00e5nger area = volym per tid).<\/p>\n<p>PixelFlux i j\u00e4mf\u00f6relse med andra diagnostiska metoder<\/p>\n<p>Ultraljudsbilder har en h\u00f6gre spatial och temporal uppl\u00f6sning \u00e4n andra bildmetoder, t.ex. datortomografi (CT) eller magnetisk resonanstomografi (MRI). Detta inneb\u00e4r att fler detaljer kan uppt\u00e4ckas under vissa omst\u00e4ndigheter, vilket kan vara relevant f\u00f6r diagnostik. Ultraljudet har dock begr\u00e4nsningar n\u00e4r ljudv\u00e5gorna tr\u00e4ffar ben eller luft.<\/p>\n<p>PixelFlux-unders\u00f6kningen kan m\u00e4ta akut och kronisk inflammation d\u00e4r andra metoder baserade p\u00e5 blodprov ofta inte ger n\u00e5gon slutsats eller d\u00e4r det \u00e4r oklart var sjukdomsfokus ligger. Detta har bevisats, f\u00f6r att n\u00e4mna ett av m\u00e5nga exempel, f\u00f6r kroniska inflammatoriska tarmsjukdomar som Crohns sjukdom och ulcer\u00f6s kolit.<\/p>\n<p>De medicinska till\u00e4mpningarna av blodfl\u00f6desm\u00e4tning \u00e4r mycket varierande. Blodfl\u00f6det kan till exempel anv\u00e4ndas som ett anv\u00e4ndbart kriterium f\u00f6r att bed\u00f6ma vissa tum\u00f6rer. Tillst\u00e5ndet hos transplanterade njurar kan ocks\u00e5 \u00f6vervakas v\u00e4l med hj\u00e4lp av blodfl\u00f6desm\u00e4tning &#8211; blodfl\u00f6det i njuren f\u00f6r\u00e4ndras redan innan den transplanterade njurens gradvisa f\u00f6rs\u00e4mring kan uppt\u00e4ckas i v\u00e4vnadsprover. P\u00e5 grund av blodfl\u00f6dets centrala roll f\u00f6r den m\u00e4nskliga organismen \u00e4r m\u00e5nga andra till\u00e4mpningsomr\u00e5den t\u00e4nkbara.<\/p>\n<p>En annan f\u00f6rdel med blodfl\u00f6desm\u00e4tning med PixelFlux j\u00e4mf\u00f6rt med andra diagnostiska f\u00f6rfaranden \u00e4r att unders\u00f6kningen \u00e4r mycket bekv\u00e4m f\u00f6r patienterna. Ultraljudsunders\u00f6kningen utf\u00f6rs utan bed\u00f6vning eller ens narkos, utan str\u00e5lningsexponering, utan operation, utan blodprov och \u00e4ven utan andra besv\u00e4rliga eller obehagliga f\u00f6rberedelser.<\/p>\n<p>F\u00f6rdelar med blodfl\u00f6desm\u00e4tning med PixelFlux<\/p>\n<p>Genom att m\u00e4ta blodfl\u00f6det (perfusionsm\u00e4tning) med PixelFlux kan m\u00e5nga sjukdomar uppt\u00e4ckas, beskrivas och observeras mycket exakt under deras f\u00f6rlopp. Detta inneb\u00e4r att diagnosen f\u00f6r varje enskild patient ofta kan st\u00e4llas tidigare, mer tillf\u00f6rlitligt och mer exakt \u00e4n vad som annars skulle vara m\u00f6jligt. Detta f\u00f6rkortar lidandet, och ofta \u00e4r utsikterna till bot b\u00e4ttre om sjukdomen uppt\u00e4cks tidigare.<\/p>\n<p>Men blodfl\u00f6desm\u00e4tning spelar ocks\u00e5 en roll i behandlingen, eftersom blodfl\u00f6det \u00e5terg\u00e5r till det normala n\u00e4r behandlingen \u00e4r framg\u00e5ngsrik. \u00c4ven detta kan m\u00e4tas direkt i den drabbade v\u00e4vnaden med en s\u00e5dan precision som ingen annan tillg\u00e4nglig metod. P\u00e5 s\u00e5 s\u00e4tt kan effekten, men ocks\u00e5 biverkningarna av ett l\u00e4kemedel i vissa situationer \u00f6vervakas exakt. Varje patient reagerar olika p\u00e5 en behandling. Med PixelFlux-metoden kan behandlingseffekten m\u00e4tas individuellt &#8211; baserat p\u00e5 den uppm\u00e4tta f\u00f6r\u00e4ndringen i blodfl\u00f6det kan behandlingen styras d\u00e4refter. Detta inneb\u00e4r bland annat att l\u00e4kemedelsdosen kan minskas om det finns m\u00e4tbara framg\u00e5ngar, f\u00f6r att undvika biverkningar som orsakas av on\u00f6digt l\u00e5nga eller on\u00f6digt h\u00f6ga l\u00e4kemedelsdoser.<\/p>\n<p>2021 12 14<\/p>\n<p>Ny publikation belyser f\u00f6rdelarna med PixelFlux-m\u00e4tningar vid maligniteter i bukspottk\u00f6rteln<\/p>\n<p><a href=\"https:\/\/scholbach.de\/dynamic-doppler-ultrasound-assessment-of-tissue-perfusion-is-a-better-tool-than-a-single-vessel-doppler-examination-in-differentiating-malignant-and-in%ef%ac%82ammatory-pancreatic-lesions\">Dynamisk ultraljudsbed\u00f6mning av v\u00e4vnadsperfusion med doppler \u00e4r ett b\u00e4ttre verktyg \u00e4n en enskild dopplerunders\u00f6kning f\u00f6r att skilja mellan maligna och in\ufb02ammatoriska bukspottk\u00f6rtelf\u00f6r\u00e4ndringar.<\/a><br \/>\n<a href=\"https:\/\/scholar.google.de\/scholar?as_ylo=2021&amp;q=pixelflux+blood&amp;hl=de&amp;as_sdt=0,5\">F\u00f6rteckning \u00f6ver vetenskapliga artiklar som anv\u00e4nder PixelFlux-metoden.<\/a><\/p>\n<p>&nbsp;<\/p>\n<p><a href=\"https:\/\/scholbach.de\/hinweise-zu-medizinischen-erlaeuterungen\">Se v\u00e5ra anteckningar om de medicinska f\u00f6rklaringarna p\u00e5 den h\u00e4r webbplatsen.<\/a><\/p>","protected":false},"excerpt":{"rendered":"<p>Blodcirkulationens roll i den m\u00e4nskliga organismen. Blodcirkulationen \u00e4r en viktig grund f\u00f6r kroppens vitala funktioner. Blodcirkulationen f\u00f6rser bland annat organ och v\u00e4vnader med syre, hormoner och energi. Blodcirkulationen spelar ocks\u00e5 en viktig roll f\u00f6r kroppens immunf\u00f6rsvar eftersom den transporterar f\u00f6rsvarsceller till exempelvis en inflammation. Blodfl\u00f6det till ett organ beror p\u00e5 m\u00e5nga faktorer. I ett friskt [&hellip;]<\/p>\n","protected":false},"author":4,"featured_media":0,"parent":93,"menu_order":3,"comment_status":"closed","ping_status":"closed","template":"","meta":{"om_disable_all_campaigns":false,"footnotes":""},"class_list":["post-74","page","type-page","status-publish","hentry"],"_links":{"self":[{"href":"https:\/\/scholbach.de\/sv\/wp-json\/wp\/v2\/pages\/74","targetHints":{"allow":["GET"]}}],"collection":[{"href":"https:\/\/scholbach.de\/sv\/wp-json\/wp\/v2\/pages"}],"about":[{"href":"https:\/\/scholbach.de\/sv\/wp-json\/wp\/v2\/types\/page"}],"author":[{"embeddable":true,"href":"https:\/\/scholbach.de\/sv\/wp-json\/wp\/v2\/users\/4"}],"replies":[{"embeddable":true,"href":"https:\/\/scholbach.de\/sv\/wp-json\/wp\/v2\/comments?post=74"}],"version-history":[{"count":39,"href":"https:\/\/scholbach.de\/sv\/wp-json\/wp\/v2\/pages\/74\/revisions"}],"predecessor-version":[{"id":9908,"href":"https:\/\/scholbach.de\/sv\/wp-json\/wp\/v2\/pages\/74\/revisions\/9908"}],"up":[{"embeddable":true,"href":"https:\/\/scholbach.de\/sv\/wp-json\/wp\/v2\/pages\/93"}],"wp:attachment":[{"href":"https:\/\/scholbach.de\/sv\/wp-json\/wp\/v2\/media?parent=74"}],"curies":[{"name":"wp","href":"https:\/\/api.w.org\/{rel}","templated":true}]}}