{"id":7380,"date":"2022-05-05T05:30:59","date_gmt":"2022-05-05T05:30:59","guid":{"rendered":"https:\/\/scholbach.de\/?page_id=7380"},"modified":"2022-05-23T19:15:20","modified_gmt":"2022-05-23T19:15:20","slug":"project-international-scholarship-for-quantitative-functional-color-doppler-ultrasound-training","status":"publish","type":"page","link":"https:\/\/scholbach.de\/sv\/project-international-scholarship-for-quantitative-functional-color-doppler-ultrasound-training","title":{"rendered":"Projekt &#8221;Internationellt stipendium f\u00f6r utbildning i kvantitativt funktionellt f\u00e4rgdopplerultraljud&#8221;"},"content":{"rendered":"<p>Mitt dagliga arbete med patienter fr\u00e5n hela v\u00e4rlden g\u00f6r det tydligt att det finns ett br\u00e5dskande behov av utbildning i kvantitativt funktionellt f\u00e4rgdopplerultraljud.<\/p>\n<p>Ultraljudsdiagnostik har gjort stora framsteg, s\u00e4rskilt n\u00e4r det g\u00e4ller perfusionsm\u00e4tning.<\/p>\n<p>Vi erbjuder detta till alla patienter runt om i v\u00e4rlden. Men m\u00e5nga fler patienter beh\u00f6ver en mer detaljerad, funktionell sonografisk unders\u00f6kning f\u00f6r att kunna unders\u00f6kas i sina heml\u00e4nder, s\u00e4rskilt i utvecklingsl\u00e4nderna.<\/p>\n<p>Detta \u00e4r det f\u00f6rsta steget f\u00f6r att skapa en solid grund f\u00f6r fortsatt utveckling av behandlingsmetoder.<\/p>\n<p>Vi s\u00f6ker d\u00e4rf\u00f6r st\u00f6d f\u00f6r att etablera en utbildningsanl\u00e4ggning f\u00f6r att l\u00e4ra l\u00e4kare och icke-medicinska ultraljudsl\u00e4kare fr\u00e5n hela v\u00e4rlden tekniken f\u00f6r kvantitativ perfusionsm\u00e4tning, inklusive den prisbel\u00f6nta PixelFlux-tekniken.<\/p>\n<p>Vi uppmanar medicinska s\u00e4llskap, sponsorer, filantroper och patientorganisationer att kombinera sina aktiviteter i syfte att \u00e5stadkomma en betydande f\u00f6rb\u00e4ttring f\u00f6r alla patienter som lider av outh\u00e4rdlig sm\u00e4rta och funktionsbegr\u00e4nsningar p\u00e5 grund av tidigare odiagnostiserade vaskul\u00e4ra kompressionssyndrom.<\/p>\n<p>&nbsp;<\/p>\n<p>Om du kan och vill st\u00f6dja detta projekt &#8211; sprid ordet och l\u00e5t mig veta.<\/p>","protected":false},"excerpt":{"rendered":"<p>Mitt dagliga arbete med patienter fr\u00e5n hela v\u00e4rlden g\u00f6r det tydligt att det finns ett br\u00e5dskande behov av utbildning i kvantitativt funktionellt f\u00e4rgdopplerultraljud. Ultraljudsdiagnostik har gjort stora framsteg, s\u00e4rskilt n\u00e4r det g\u00e4ller perfusionsm\u00e4tning. Vi erbjuder detta till alla patienter runt om i v\u00e4rlden. Men m\u00e5nga fler patienter beh\u00f6ver en mer detaljerad, funktionell sonografisk unders\u00f6kning f\u00f6r [&hellip;]<\/p>\n","protected":false},"author":5,"featured_media":0,"parent":0,"menu_order":0,"comment_status":"closed","ping_status":"closed","template":"","meta":{"om_disable_all_campaigns":false,"footnotes":""},"class_list":["post-7380","page","type-page","status-publish","hentry"],"_links":{"self":[{"href":"https:\/\/scholbach.de\/sv\/wp-json\/wp\/v2\/pages\/7380","targetHints":{"allow":["GET"]}}],"collection":[{"href":"https:\/\/scholbach.de\/sv\/wp-json\/wp\/v2\/pages"}],"about":[{"href":"https:\/\/scholbach.de\/sv\/wp-json\/wp\/v2\/types\/page"}],"author":[{"embeddable":true,"href":"https:\/\/scholbach.de\/sv\/wp-json\/wp\/v2\/users\/5"}],"replies":[{"embeddable":true,"href":"https:\/\/scholbach.de\/sv\/wp-json\/wp\/v2\/comments?post=7380"}],"version-history":[{"count":10,"href":"https:\/\/scholbach.de\/sv\/wp-json\/wp\/v2\/pages\/7380\/revisions"}],"predecessor-version":[{"id":7444,"href":"https:\/\/scholbach.de\/sv\/wp-json\/wp\/v2\/pages\/7380\/revisions\/7444"}],"wp:attachment":[{"href":"https:\/\/scholbach.de\/sv\/wp-json\/wp\/v2\/media?parent=7380"}],"curies":[{"name":"wp","href":"https:\/\/api.w.org\/{rel}","templated":true}]}}