{"id":7083,"date":"2022-01-25T17:10:52","date_gmt":"2022-01-25T17:10:52","guid":{"rendered":"https:\/\/scholbach.de\/?page_id=7083"},"modified":"2022-01-26T11:13:42","modified_gmt":"2022-01-26T11:13:42","slug":"may-i-help-you-with-the-award-winning-pixelflux-ultrasound-examination","status":"publish","type":"page","link":"https:\/\/scholbach.de\/sv\/may-i-help-you-with-the-award-winning-pixelflux-ultrasound-examination","title":{"rendered":"Kan jag hj\u00e4lpa dig med den prisbel\u00f6nta PixelFlux ultraljudsunders\u00f6kningen?"},"content":{"rendered":"<p>Den medicinska utvecklingen tar stora steg fram\u00e5t. Ultraljud \u00e4r en mycket m\u00e5ngsidig unders\u00f6kningsmetod. F\u00f6rutom att bara visa formen, storleken och strukturen hos ett organ har vi tagit det \u00e4nnu l\u00e4ngre fram.<\/p>\n<p>Vi har utvecklat v\u00e4rldens mest sofistikerade teknik f\u00f6r sonografisk blodfl\u00f6desm\u00e4tning &#8211; PixelFlux.<\/p>\n<p>Om du lider av hittills of\u00f6rklarliga och allvarliga symtom kan jag kanske hj\u00e4lpa dig med PixelFlux. Den har visat sitt intresse inom m\u00e5nga medicinska omr\u00e5den: gastroenterologi, gynekologi, nefrologi, onkologi, neurologi, angiologi, f\u00f6r att n\u00e4mna n\u00e5gra.<\/p>\n<p>F\u00f6r mer information \u00e4r det bara att fylla i PixelFlux i s\u00f6kf\u00e4ltet h\u00f6gst upp p\u00e5 sidan.<\/p>\n<p>Om du fortfarande letar, l\u00e5t mig hj\u00e4lpa dig. fyll i formul\u00e4ret s\u00e5 ska jag kontrollera om PixelFlux kan vara till nytta f\u00f6r dig ocks\u00e5.<\/p>\n<p>\t\t\t<link rel=\"stylesheet\" property=\"stylesheet\" href=\"https:\/\/scholbach.de\/wp-content\/plugins\/happyforms\/bundles\/css\/frontend.css\" \/>\n\t\t\t\t<!-- HappyForms CSS variables -->\n\t<style>\n\t#happyforms-7110 {\n\t\t--happyforms-part-title-font-size: 16px;\n--happyforms-part-description-font-size: 14px;\n--happyforms-part-value-font-size: 16px;\n--happyforms-submit-button-font-size: 18px;\n--happyforms-color-primary: #000000;\n--happyforms-color-success-notice: #ebf9f0;\n--happyforms-color-success-notice-text: #1eb452;\n--happyforms-color-error: #f23000;\n--happyforms-color-error-notice: #ffeeea;\n--happyforms-color-error-notice-text: #f23000;\n--happyforms-color-part-title: #000000;\n--happyforms-color-part-value: #000000;\n--happyforms-color-part-placeholder: #888888;\n--happyforms-color-part-description: #454545;\n--happyforms-color-part-border: #dbdbdb;\n--happyforms-color-part-border-focus: #7aa4ff;\n--happyforms-color-part-background: #ffffff;\n--happyforms-color-part-background-focus: #ffffff;\n--happyforms-color-submit-background: #ef3434;\n--happyforms-color-submit-background-hover: #318200;\n--happyforms-color-submit-border: #16239e;\n--happyforms-color-submit-text: #ffffff;\n--happyforms-color-submit-text-hover: #d1f716;\n--happyforms-color-table-row-odd: #fcfcfc;\n--happyforms-color-table-row-even: #efefef;\n--happyforms-color-table-row-odd-text: #000000;\n--happyforms-color-table-row-even-text: #000000;\n--happyforms-color-dropdown-item-bg: #ffffff;\n--happyforms-color-dropdown-item-text: #000000;\n--happyforms-color-dropdown-item-bg-hover: #f4f4f5;\n--happyforms-color-dropdown-item-text-hover: #000000;\n--happyforms-color-divider-hr: #cccccc;\n--happyforms-color-choice-checkmark-bg: #ffffff;\n--happyforms-color-choice-checkmark-bg-focus: #000000;\n--happyforms-color-choice-checkmark-color: #ffffff;\n\t}\n\t<\/style>\n\t<!-- End of HappyForms CSS variables -->\n\t\t<!-- HappyForms Additional CSS -->\n\t<style data-happyforms-additional-css>\n\t\t<\/style>\n\t<!-- End of HappyForms Additional CSS -->\n\t\t\t<link rel=\"stylesheet\" type=\"text\/css\" href=\"https:\/\/scholbach.de\/wp-content\/plugins\/happyforms\/core\/assets\/css\/no-interaction.css\">\n\t\t<div class=\"happyforms-form happyforms-styles 1\" id=\"happyforms-7110\">\n\t\t\n\t<form action=\"\" id=\"happyforms-form-7110\" method=\"post\" novalidate=\"true\" autocomplete=\"off\">\n\t\t\t\t<input type=\"hidden\" name=\"happyforms_random_seed\" value=\"2635857045\" \/>\n\t\t\n\t\t\t<input type=\"hidden\" name=\"action\" value=\"happyforms_message\">\n\t\t\t\t<input type=\"hidden\" name=\"client_referer\" value=\"\">\n\t\t\t\t<input type=\"hidden\" name=\"current_post_id\" value=\"\">\n\t\t\t\t<input type=\"hidden\" name=\"happyforms_form_id\" value=\"7110\" \/>\n\t\t\t\t<input type=\"hidden\" name=\"happyforms_step\" value=\"0\" \/>\n\t\n\t\t<div class=\"happyforms-flex\">\n\t\t\t\t<label for=\"7110-multi_line_text\" class=\"screen-reader-text\">L\u00e4mna detta f\u00e4lt tomt<\/label>\n\t<input type=\"text\" id=\"7110-multi_line_text\" name=\"7110-multi_line_text\" style=\"display: none;\" tabindex=\"-1\" autocomplete=\"off\" aria-hidden=\"true\">\n\t\t\t\t\t\t\t\t\t\t<div class=\"happyforms-form__part happyforms-part happyforms-part--multi_line_text happyforms-part--width-full happyforms-part--label-above\" id=\"happyforms-7110_multi_line_text_7-part\" data-happyforms-type=\"multi_line_text\" data-happyforms-id=\"multi_line_text_7\" data-happyforms-required=\"\">\n\t<div class=\"happyforms-part-wrap\">\n\t\t\t\t\t\t<div class=\"happyforms-part__label-container\">\n\t\t\t\t<label for=\"happyforms-7110_multi_line_text_7\" class=\"happyforms-part__label\">\n\t\t\t<span class=\"label\">Din beg\u00e4ran<\/span>\n\t\t\t\t\t\t\t\t\t\t<span class=\"happyforms-required\"><\/span>\n\t\t\t\t\t\t\t\t\t\t<span class=\"happyforms-optional\">(optional)<\/span>\n\t\t\t\t\t<\/label>\n\t\t\t<\/div>\n\t\t\t\n\t\t\n\t\t<div class=\"happyforms-part__el\">\n\t\t\t\n\t\t\t\t\t\t<textarea id=\"happyforms-7110_multi_line_text_7\" name=\"7110_multi_line_text_7\" rows=\"5\" placeholder=\"Beskriv dina besv\u00e4r och resultaten av dina l\u00e4karunders\u00f6kningar. Jag ska unders\u00f6ka om jag kan hj\u00e4lpa dig med v\u00e5r prisbel\u00f6nta PixelFlux ultraljudsunders\u00f6kning f\u00f6r att m\u00e4ta blodfl\u00f6det i organ, v\u00e4vnader och k\u00e4rl. P\u00e5 s\u00e5 s\u00e4tt kan vi uppt\u00e4cka orsaker till sm\u00e4rta (p\u00e5 grund av dold inflammation), vi kan styra en behandling (enligt dess effekt p\u00e5 blodfl\u00f6det), vi kan kontrollera framskridande och \u00e5terg\u00e5ng av en sjukdom, vi kan m\u00e4ta effekten av behandlingar, vi kan utv\u00e4rdera organens funktion, m\u00e4ta effekten av diabetes p\u00e5 blodk\u00e4rlen, utv\u00e4rdera tum\u00f6rer och behandlingens effekt p\u00e5 dem och mycket mer .\" autocomplete=\"off\" spellcheck=\"false\" autocorrect=\"off\" ><\/textarea>\n\t\t\t\n\t\t\t\n\t\t\t\t\t<\/div>\n\t<\/div>\n<\/div>\n<div class=\"happyforms-form__part happyforms-part happyforms-part--single_line_text happyforms-part--width-half happyforms-part--label-above\" id=\"happyforms-7110_single_line_text_4-part\" data-happyforms-type=\"single_line_text\" data-happyforms-id=\"single_line_text_4\" data-happyforms-required=\"\">\n\t<div class=\"happyforms-part-wrap\">\n\t\t\n\t\t\t\t\t\t<div class=\"happyforms-part__label-container\">\n\t\t\t\t<label for=\"happyforms-7110_single_line_text_4\" class=\"happyforms-part__label\">\n\t\t\t<span class=\"label\">Ditt f\u00f6r- och efternamn<\/span>\n\t\t\t\t\t\t\t\t\t\t<span class=\"happyforms-required\"><\/span>\n\t\t\t\t\t\t\t\t\t\t<span class=\"happyforms-optional\">(optional)<\/span>\n\t\t\t\t\t<\/label>\n\t\t\t<\/div>\n\t\t\t\n\t\t\n\t\t<div class=\"happyforms-part__el\">\n\t\t\t\n\t\t\t\n\t\t\t<div class=\"happyforms-input\">\n\t\t\t\t\n\t\t\t\t<input id=\"happyforms-7110_single_line_text_4\" type=\"text\" name=\"7110_single_line_text_4\" value=\"\" placeholder=\"F\u00f6rnamn \/ Efternamn\" autocomplete=\"off\" spellcheck=\"false\"  autocorrect=\"off\" \/>\n\t\t\t\t\t\t\t<\/div>\n\n\t\t\t\n\t\t\t\n\t\t\t\t\t<\/div>\n\t<\/div>\n<\/div>\n<div class=\"happyforms-form__part happyforms-part happyforms-part--single_line_text happyforms-part--width-half happyforms-part--label-above\" id=\"happyforms-7110_single_line_text_3-part\" data-happyforms-type=\"single_line_text\" data-happyforms-id=\"single_line_text_3\" data-happyforms-required=\"\">\n\t<div class=\"happyforms-part-wrap\">\n\t\t\n\t\t\t\t\t\t<div class=\"happyforms-part__label-container\">\n\t\t\t\t<label for=\"happyforms-7110_single_line_text_3\" class=\"happyforms-part__label\">\n\t\t\t<span class=\"label\">Ditt land<\/span>\n\t\t\t\t\t\t\t\t\t\t<span class=\"happyforms-required\"><\/span>\n\t\t\t\t\t\t\t\t\t\t<span class=\"happyforms-optional\">(optional)<\/span>\n\t\t\t\t\t<\/label>\n\t\t\t<\/div>\n\t\t\t\n\t\t\n\t\t<div class=\"happyforms-part__el\">\n\t\t\t\n\t\t\t\n\t\t\t<div class=\"happyforms-input\">\n\t\t\t\t\n\t\t\t\t<input id=\"happyforms-7110_single_line_text_3\" type=\"text\" name=\"7110_single_line_text_3\" value=\"\" placeholder=\"Din bostad\" autocomplete=\"off\" spellcheck=\"false\"  autocorrect=\"off\" \/>\n\t\t\t\t\t\t\t<\/div>\n\n\t\t\t\n\t\t\t\n\t\t\t\t\t<\/div>\n\t<\/div>\n<\/div>\n<div class=\"happyforms-form__part happyforms-part happyforms-part--single_line_text happyforms-part--width-half happyforms-part--label-above\" id=\"happyforms-7110_single_line_text_5-part\" data-happyforms-type=\"single_line_text\" data-happyforms-id=\"single_line_text_5\" data-happyforms-required=\"\">\n\t<div class=\"happyforms-part-wrap\">\n\t\t\n\t\t\t\t\t\t<div class=\"happyforms-part__label-container\">\n\t\t\t\t<label for=\"happyforms-7110_single_line_text_5\" class=\"happyforms-part__label\">\n\t\t\t<span class=\"label\">Ditt telefonnummer med ort och landskod<\/span>\n\t\t\t\t\t\t\t\t\t\t<span class=\"happyforms-required\"><\/span>\n\t\t\t\t\t\t\t\t\t\t<span class=\"happyforms-optional\">(optional)<\/span>\n\t\t\t\t\t<\/label>\n\t\t\t<\/div>\n\t\t\t\n\t\t\n\t\t<div class=\"happyforms-part__el\">\n\t\t\t\n\t\t\t\n\t\t\t<div class=\"happyforms-input\">\n\t\t\t\t\n\t\t\t\t<input id=\"happyforms-7110_single_line_text_5\" type=\"text\" name=\"7110_single_line_text_5\" value=\"\" placeholder=\"\" autocomplete=\"off\" spellcheck=\"false\"  autocorrect=\"off\" \/>\n\t\t\t\t\t\t\t<\/div>\n\n\t\t\t\n\t\t\t\n\t\t\t\t\t<\/div>\n\t<\/div>\n<\/div>\n<div class=\"happyforms-form__part happyforms-part happyforms-part--single_line_text happyforms-part--width-half happyforms-part--label-above\" id=\"happyforms-7110_single_line_text_6-part\" data-happyforms-type=\"single_line_text\" data-happyforms-id=\"single_line_text_6\" data-happyforms-required=\"\">\n\t<div class=\"happyforms-part-wrap\">\n\t\t\n\t\t\t\t\t\t<div class=\"happyforms-part__label-container\">\n\t\t\t\t<label for=\"happyforms-7110_single_line_text_6\" class=\"happyforms-part__label\">\n\t\t\t<span class=\"label\">Din Skype-adress (eller annan videokonferenstj\u00e4nst)<\/span>\n\t\t\t\t\t\t\t\t\t\t<span class=\"happyforms-required\"><\/span>\n\t\t\t\t\t\t\t\t\t\t<span class=\"happyforms-optional\">(optional)<\/span>\n\t\t\t\t\t<\/label>\n\t\t\t<\/div>\n\t\t\t\n\t\t\n\t\t<div class=\"happyforms-part__el\">\n\t\t\t\n\t\t\t\n\t\t\t<div class=\"happyforms-input\">\n\t\t\t\t\n\t\t\t\t<input id=\"happyforms-7110_single_line_text_6\" type=\"text\" name=\"7110_single_line_text_6\" value=\"\" placeholder=\"\" autocomplete=\"off\" spellcheck=\"false\"  autocorrect=\"off\" \/>\n\t\t\t\t\t\t\t<\/div>\n\n\t\t\t\n\t\t\t\n\t\t\t\t\t<\/div>\n\t<\/div>\n<\/div>\n<div class=\"happyforms-part--with-autocomplete happyforms-form__part happyforms-part happyforms-part--email happyforms-part--width-half happyforms-part--label-above\" id=\"happyforms-7110_email_2-part\" data-happyforms-type=\"email\" data-happyforms-id=\"email_2\" data-happyforms-required=\"\">\n\t\t<div class=\"happyforms-part-wrap\">\n\t\t\t\t\t\t<div class=\"happyforms-part__label-container\">\n\t\t\t\t<label for=\"happyforms-7110_email_2\" class=\"happyforms-part__label\">\n\t\t\t<span class=\"label\">E-postadress<\/span>\n\t\t\t\t\t\t\t\t\t\t<span class=\"happyforms-required\"><\/span>\n\t\t\t\t\t\t\t\t\t\t<span class=\"happyforms-optional\">(optional)<\/span>\n\t\t\t\t\t<\/label>\n\t\t\t<\/div>\n\t\t\t\n\t\t\n\t\t<div class=\"happyforms-part__el\">\n\t\t\t\n\t\t\t\n\t\t\t<div class=\"happyforms-input\">\n\t\t\t\t<input type=\"email\" name=\"7110_email_2\" id=\"happyforms-7110_email_2\" value=\"\" placeholder=\"Din e-postadress\" autocomplete=\"off\" spellcheck=\"false\"  autocorrect=\"off\" \/>\n\t\t\t\t\t\t\t<\/div>\n\n\t\t\t\n\t\t\t\n\t\t\t\t\t<\/div>\n\t<\/div>\n<\/div>\n<div class=\"happyforms-form__part happyforms-part happyforms-part--multi_line_text happyforms-part--width-full happyforms-part--label-above\" id=\"happyforms-7110_multi_line_text_8-part\" data-happyforms-type=\"multi_line_text\" data-happyforms-id=\"multi_line_text_8\" data-happyforms-required=\"\">\n\t<div class=\"happyforms-part-wrap\">\n\t\t\t\t\t\t<div class=\"happyforms-part__label-container\">\n\t\t\t\t<label for=\"happyforms-7110_multi_line_text_8\" class=\"happyforms-part__label\">\n\t\t\t<span class=\"label\">Din sjukf\u00f6rs\u00e4kring<\/span>\n\t\t\t\t\t\t\t\t\t\t<span class=\"happyforms-required\"><\/span>\n\t\t\t\t\t\t\t\t\t\t<span class=\"happyforms-optional\">(optional)<\/span>\n\t\t\t\t\t<\/label>\n\t\t\t<\/div>\n\t\t\t\n\t\t\n\t\t<div class=\"happyforms-part__el\">\n\t\t\t\n\t\t\t\t\t\t<textarea id=\"happyforms-7110_multi_line_text_8\" name=\"7110_multi_line_text_8\" rows=\"5\" placeholder=\"Beskriv betalningss\u00e4ttet f\u00f6r denna tj\u00e4nst (kreditkort, bank\u00f6verf\u00f6ring, annat).\" autocomplete=\"off\" spellcheck=\"false\" autocorrect=\"off\" ><\/textarea>\n\t\t\t\n\t\t\t\n\t\t\t\t\t<\/div>\n\t<\/div>\n<\/div>\n\t\t\t\t\t\t<div class=\"happyforms-form__part happyforms-part happyforms-part--submit\">\n\t\t<button type=\"submit\" class=\"happyforms-submit happyforms-button--submit \">Send<\/button>\n\t<\/div>\t\t<\/div>\n\n\t\t\t<\/form>\n\n\t<\/div>\n<\/p>","protected":false},"excerpt":{"rendered":"<p>Den medicinska utvecklingen tar stora steg fram\u00e5t. Ultraljud \u00e4r en mycket m\u00e5ngsidig unders\u00f6kningsmetod. F\u00f6rutom att bara visa formen, storleken och strukturen hos ett organ har vi tagit det \u00e4nnu l\u00e4ngre fram. Vi har utvecklat v\u00e4rldens mest sofistikerade teknik f\u00f6r sonografisk blodfl\u00f6desm\u00e4tning &#8211; PixelFlux. Om du lider av hittills of\u00f6rklarliga och allvarliga symtom kan jag kanske [&hellip;]<\/p>\n","protected":false},"author":5,"featured_media":0,"parent":0,"menu_order":0,"comment_status":"closed","ping_status":"closed","template":"","meta":{"om_disable_all_campaigns":false,"footnotes":""},"class_list":["post-7083","page","type-page","status-publish","hentry"],"_links":{"self":[{"href":"https:\/\/scholbach.de\/sv\/wp-json\/wp\/v2\/pages\/7083","targetHints":{"allow":["GET"]}}],"collection":[{"href":"https:\/\/scholbach.de\/sv\/wp-json\/wp\/v2\/pages"}],"about":[{"href":"https:\/\/scholbach.de\/sv\/wp-json\/wp\/v2\/types\/page"}],"author":[{"embeddable":true,"href":"https:\/\/scholbach.de\/sv\/wp-json\/wp\/v2\/users\/5"}],"replies":[{"embeddable":true,"href":"https:\/\/scholbach.de\/sv\/wp-json\/wp\/v2\/comments?post=7083"}],"version-history":[{"count":15,"href":"https:\/\/scholbach.de\/sv\/wp-json\/wp\/v2\/pages\/7083\/revisions"}],"predecessor-version":[{"id":7112,"href":"https:\/\/scholbach.de\/sv\/wp-json\/wp\/v2\/pages\/7083\/revisions\/7112"}],"wp:attachment":[{"href":"https:\/\/scholbach.de\/sv\/wp-json\/wp\/v2\/media?parent=7083"}],"curies":[{"name":"wp","href":"https:\/\/api.w.org\/{rel}","templated":true}]}}