{"id":6703,"date":"2021-10-15T12:43:10","date_gmt":"2021-10-15T12:43:10","guid":{"rendered":"https:\/\/scholbach.de\/homepage"},"modified":"2021-10-18T11:42:13","modified_gmt":"2021-10-18T11:42:13","slug":"homepage","status":"publish","type":"page","link":"https:\/\/scholbach.de\/sv\/homepage","title":{"rendered":"Payment for telemedical counseling"},"content":{"rendered":"<p class=\"qtranxs-available-languages-message qtranxs-available-languages-message-sv\">Tyv\u00e4rr \u00e4r denna artikel enbart tillg\u00e4nglig p\u00e5 <a href=\"https:\/\/scholbach.de\/en\/wp-json\/wp\/v2\/pages\/6703\" class=\"qtranxs-available-language-link qtranxs-available-language-link-en\" title=\"English\">English<\/a>, <a href=\"https:\/\/scholbach.de\/de\/wp-json\/wp\/v2\/pages\/6703\" class=\"qtranxs-available-language-link qtranxs-available-language-link-de\" title=\"Deutsch\">Deutsch<\/a>, <a href=\"https:\/\/scholbach.de\/ar\/wp-json\/wp\/v2\/pages\/6703\" class=\"qtranxs-available-language-link qtranxs-available-language-link-ar\" title=\"\u0627\u0644\u0639\u0631\u0628\u064a\u0629\">\u0627\u0644\u0639\u0631\u0628\u064a\u0629<\/a>, <a href=\"https:\/\/scholbach.de\/fr\/wp-json\/wp\/v2\/pages\/6703\" class=\"qtranxs-available-language-link qtranxs-available-language-link-fr\" title=\"Fran\u00e7ais\">Fran\u00e7ais<\/a>, <a href=\"https:\/\/scholbach.de\/es\/wp-json\/wp\/v2\/pages\/6703\" class=\"qtranxs-available-language-link qtranxs-available-language-link-es\" title=\"Espa\u00f1ol\">Espa\u00f1ol<\/a>, <a href=\"https:\/\/scholbach.de\/it\/wp-json\/wp\/v2\/pages\/6703\" class=\"qtranxs-available-language-link qtranxs-available-language-link-it\" title=\"Italiano\">Italiano<\/a>, <a href=\"https:\/\/scholbach.de\/pl\/wp-json\/wp\/v2\/pages\/6703\" class=\"qtranxs-available-language-link qtranxs-available-language-link-pl\" title=\"Polski\">Polski<\/a>, <a href=\"https:\/\/scholbach.de\/el\/wp-json\/wp\/v2\/pages\/6703\" class=\"qtranxs-available-language-link qtranxs-available-language-link-el\" title=\"\u0395\u03bb\u03bb\u03b7\u03bd\u03b9\u03ba\u03ac\">\u0395\u03bb\u03bb\u03b7\u03bd\u03b9\u03ba\u03ac<\/a>, <a href=\"https:\/\/scholbach.de\/pt\/wp-json\/wp\/v2\/pages\/6703\" class=\"qtranxs-available-language-link qtranxs-available-language-link-pt\" title=\"Portugu\u00eas\">Portugu\u00eas<\/a>, <a href=\"https:\/\/scholbach.de\/in\/wp-json\/wp\/v2\/pages\/6703\" class=\"qtranxs-available-language-link qtranxs-available-language-link-in\" title=\"\u092d\u093e\u0930\u0924\">\u092d\u093e\u0930\u0924<\/a>, <a href=\"https:\/\/scholbach.de\/ja\/wp-json\/wp\/v2\/pages\/6703\" class=\"qtranxs-available-language-link qtranxs-available-language-link-ja\" title=\"\u65e5\u672c\u8a9e\">\u65e5\u672c\u8a9e<\/a>, <a href=\"https:\/\/scholbach.de\/nl\/wp-json\/wp\/v2\/pages\/6703\" class=\"qtranxs-available-language-link qtranxs-available-language-link-nl\" title=\"Nederlands\">Nederlands<\/a>, <a href=\"https:\/\/scholbach.de\/zh\/wp-json\/wp\/v2\/pages\/6703\" class=\"qtranxs-available-language-link qtranxs-available-language-link-zh\" title=\"\u4e2d\u6587\">\u4e2d\u6587<\/a> och <a href=\"https:\/\/scholbach.de\/ru\/wp-json\/wp\/v2\/pages\/6703\" class=\"qtranxs-available-language-link qtranxs-available-language-link-ru\" title=\"\u0420\u0443\u0441\u0441\u043a\u0438\u0439\">\u0420\u0443\u0441\u0441\u043a\u0438\u0439<\/a>.<\/p><p>Here you can pay for telemedical and on-site services . The exact fee is agreed apon during the first contact by mail or the telemedical order form and depends on your specific request.<\/p>\r\n<!-- \/wp:paragraph -->\r\n<p>&nbsp;<\/p>\r\n<!-- wp:button {\"align\":\"center\"} -->\r\n<div class=\"wp-block-button aligncenter\">\u00a0<\/div>\r\n<!-- \/wp:button -->\r\n<p>&nbsp;<\/p>\r\n<!-- \/wp:cover -->\r\n<p>&nbsp;<\/p>\r\n<!-- wp:heading {\"align\":\"center\"} -->\r\n<h2 style=\"text-align: center;\">Please select<\/h2>\r\n<!-- \/wp:heading -->\r\n<p>&nbsp;<\/p>\r\n<!-- wp:woocommerce\/product-new \/-->\r\n<p>&nbsp;<\/p>\r\n<!-- wp:media-text {\"mediaPosition\":\"right\",\"mediaId\":6705,\"mediaType\":\"image\"} -->\r\n<div class=\"wp-block-media-text alignwide has-media-on-the-right\">\r\n<figure class=\"wp-block-media-text__media\"><\/figure>\r\n<div class=\"wp-block-media-text__content\"><!-- wp:paragraph {\"placeholder\":\"Content\u2026\",\"fontSize\":\"large\"} -->\r\n<p class=\"has-large-font-size\">\u00a0<\/p>\r\n<!-- \/wp:paragraph --><\/div>\r\n<\/div>\r\n<!-- \/wp:media-text -->\r\n<p>&nbsp;<\/p>\r\n<!-- wp:media-text {\"mediaId\":6705,\"mediaType\":\"image\"} -->\r\n<div class=\"wp-block-media-text alignwide\">\r\n<figure class=\"wp-block-media-text__media\"><\/figure>\r\n<div class=\"wp-block-media-text__content\"><!-- wp:paragraph {\"placeholder\":\"Content\u2026\",\"fontSize\":\"large\"} -->\r\n<p class=\"has-large-font-size\">\u00a0<\/p>\r\n<!-- \/wp:paragraph --><\/div>\r\n<\/div>\r\n<!-- \/wp:media-text -->\r\n<p>&nbsp;<\/p>\r\n<!-- wp:media-text {\"mediaPosition\":\"right\",\"mediaId\":6705,\"mediaType\":\"image\"} -->\r\n<div class=\"wp-block-media-text alignwide has-media-on-the-right\">\r\n<figure class=\"wp-block-media-text__media\"><\/figure>\r\n<div class=\"wp-block-media-text__content\"><!-- wp:paragraph {\"placeholder\":\"Content\u2026\",\"fontSize\":\"large\"} -->\r\n<p class=\"has-large-font-size\">\u00a0<\/p>\r\n<!-- \/wp:paragraph --><\/div>\r\n<\/div>\r\n<!-- \/wp:media-text -->\r\n<p>&nbsp;<\/p>\r\n<!-- wp:woocommerce\/featured-product \/-->","protected":false},"excerpt":{"rendered":"<p>Tyv\u00e4rr \u00e4r denna artikel enbart tillg\u00e4nglig p\u00e5 English, Deutsch, \u0627\u0644\u0639\u0631\u0628\u064a\u0629, Fran\u00e7ais, Espa\u00f1ol, Italiano, Polski, \u0395\u03bb\u03bb\u03b7\u03bd\u03b9\u03ba\u03ac, Portugu\u00eas, \u092d\u093e\u0930\u0924, \u65e5\u672c\u8a9e, Nederlands, \u4e2d\u6587 och \u0420\u0443\u0441\u0441\u043a\u0438\u0439. Here you can pay for telemedical and on-site services . The exact fee is agreed apon during the first contact by mail or the telemedical order form and depends on your specific request. [&hellip;]<\/p>\n","protected":false},"author":5,"featured_media":0,"parent":0,"menu_order":0,"comment_status":"closed","ping_status":"closed","template":"","meta":{"om_disable_all_campaigns":false,"footnotes":""},"class_list":["post-6703","page","type-page","status-publish","hentry"],"_links":{"self":[{"href":"https:\/\/scholbach.de\/sv\/wp-json\/wp\/v2\/pages\/6703","targetHints":{"allow":["GET"]}}],"collection":[{"href":"https:\/\/scholbach.de\/sv\/wp-json\/wp\/v2\/pages"}],"about":[{"href":"https:\/\/scholbach.de\/sv\/wp-json\/wp\/v2\/types\/page"}],"author":[{"embeddable":true,"href":"https:\/\/scholbach.de\/sv\/wp-json\/wp\/v2\/users\/5"}],"replies":[{"embeddable":true,"href":"https:\/\/scholbach.de\/sv\/wp-json\/wp\/v2\/comments?post=6703"}],"version-history":[{"count":6,"href":"https:\/\/scholbach.de\/sv\/wp-json\/wp\/v2\/pages\/6703\/revisions"}],"predecessor-version":[{"id":6723,"href":"https:\/\/scholbach.de\/sv\/wp-json\/wp\/v2\/pages\/6703\/revisions\/6723"}],"wp:attachment":[{"href":"https:\/\/scholbach.de\/sv\/wp-json\/wp\/v2\/media?parent=6703"}],"curies":[{"name":"wp","href":"https:\/\/api.w.org\/{rel}","templated":true}]}}