{"id":66,"date":"2015-12-26T18:31:13","date_gmt":"2015-12-26T18:31:13","guid":{"rendered":"http:\/\/wp12612379.server-he.de\/?page_id=66"},"modified":"2022-01-26T12:29:01","modified_gmt":"2022-01-26T12:29:01","slug":"deutsch-gefaskompressionen","status":"publish","type":"page","link":"https:\/\/scholbach.de\/sv\/wissenschaft\/deutsch-ultraschalldiagnostik\/deutsch-gefaskompressionen","title":{"rendered":"Vaskul\u00e4ra kompressionssyndrom"},"content":{"rendered":"<p>Kompressionssyndrom \u00e4r \u00e5 ena sidan ofta ok\u00e4nda till och med f\u00f6r l\u00e4kare och \u00e5 andra sidan orsaken till m\u00e5nga, till synes orelaterade symtom i olika delar av kroppen. Enligt standarddiagnostik antas eller misst\u00e4nks d\u00e4rf\u00f6r ofta en psykologisk orsak till de somatiska besv\u00e4ren.<\/p>\n<p>Om man d\u00e5 inte tar h\u00e4nsyn till k\u00e4rlkompressionssyndrom kan detta leda till f\u00f6rtvivlan, minskad sj\u00e4lvk\u00e4nsla och i vissa fall livshotande avmagring f\u00f6r patienten.<\/p>\n<p>De som drabbas kan hitta en <a href=\"https:\/\/scholbach.de\/checkliste-gefaesskompressionssyndrome\">checklista med symtom p\u00e5 k\u00e4rlkompressionssyndrom<\/a> h\u00e4r.<\/p>\n<p>Naturligtvis b\u00f6r man f\u00f6rst st\u00e4lla en konventionell diagnos av symtomen. Om ingen f\u00f6rklaring till symtomen kan hittas h\u00e4r, b\u00f6r man s\u00f6ka efter k\u00e4rlkompressionssyndrom om symtomen i checklistan hopar sig.<\/p>\n<p>H\u00e4r \u00e4r funktionell f\u00e4rgduplexsonografi med PixelFlux-teknik \u00f6verl\u00e4gsen alla andra metoder.<\/p>\n<p>F\u00f6rdelarna \u00e4r:<\/p>\n<p>Fullst\u00e4ndig uppm\u00e4rksamhet p\u00e5 patientens specifika problem.<\/p>\n<p>Unders\u00f6kningar exakt under de omst\u00e4ndigheter under vilka klagom\u00e5len f\u00f6rekommer.<\/p>\n<p>i olika kroppsst\u00e4llningar och positioner<\/p>\n<p>i olika andningsfaser<\/p>\n<p>f\u00f6re, under och efter att ha \u00e4tit och druckit<\/p>\n<p>efter utl\u00f6sande stress: l\u00e5ngvarigt st\u00e5ende, springande, sittande.<\/p>\n<p>H\u00f6gsta rumsliga uppl\u00f6sning av alla avbildningsmetoder.<\/p>\n<p>Den mest differentierade detaljerade framst\u00e4llningen.<\/p>\n<p>H\u00f6gsta tidsm\u00e4ssiga uppl\u00f6sning av alla avbildningsmetoder<\/p>\n<p>Den mest differentierade representationen av kroppens funktioner, t.ex. blodfl\u00f6de, tarmr\u00f6relser, hj\u00e4rtr\u00f6relser, livsmedelstransport.<\/p>\n<p>M\u00e4tning av blodfl\u00f6det<\/p>\n<p>Omedelbar visualisering av anomalier i blodfl\u00f6det med avancerad utrustning.<\/p>\n<p>Fr\u00e5gor till patienten under unders\u00f6kningen om de observerade avvikelserna &#8211; d\u00e4rmed tydlig tilldelning av fynden till besv\u00e4ren.<\/p>\n<p>Samtidig fysisk unders\u00f6kning av patienten.<\/p>\n<p>Anpassning av examensf\u00f6rfarandet till den aktuella situationen med upprepning av vissa examensdelar.<\/p>\n<p>Klarg\u00f6rande av alla symtom vid en unders\u00f6kning<\/p>\n<p>M\u00e4tning av samverkan mellan olika kompressionssyndrom.<\/p>\n<p>Reproducerbara m\u00e4tningar tack vare den standardiserade PixelFlux-tekniken (bel\u00f6nad med det europeiska ultraljudspriset).<\/p>\n<p>Exakta uttalanden om effekten av medicinska och kirurgiska terapier tack vare PixelFlux-teknologin.<\/p>\n<p>Tydliga resultat<\/p>\n<p>Tydliga behandlingsrekommendationer<\/p>\n<p>efter endast en unders\u00f6kning (1-2 timmar)<\/p>\n<p>En viktig begr\u00e4nsning \u00e4r att luft i tarmen och lungorna hindrar unders\u00f6kningen.<\/p>\n<p>Ett exempel p\u00e5 skr\u00e4ddarsydd diagnostik och behandling med hj\u00e4lp av blodfl\u00f6desm\u00e4tning \u00e4r de m\u00e5nga symptomen p\u00e5 k\u00e4rlkompression i bukh\u00e5lan (<a href=\"http:\/\/wp12612379.server-he.de\/wp-content\/uploads\/2015\/12\/20140731-Gef\u00e4\u00dfkompressionsph\u00e4nomene.pdf\">ladda ner en illustrerad \u00f6versikt f\u00f6r patienter<\/a>).<\/p>\n<p>Ofta har buksm\u00e4rtor en orsak som \u00e4r l\u00e4tt att klarg\u00f6ra, s\u00e4rskilt om de uppst\u00e5r pl\u00f6tsligt eller om de har ett tydligt samband med andra symtom (t.ex. diarr\u00e9, kr\u00e4kningar, feber). Om buksm\u00e4rtorna dock kvarst\u00e5r under en l\u00e4ngre tid, i veckor eller m\u00e5nader, \u00e4r det ofta n\u00f6dv\u00e4ndigt med omfattande unders\u00f6kningar f\u00f6r att klarg\u00f6ra orsaken till sm\u00e4rtan. Ibland f\u00f6rblir sm\u00e4rtans ursprung fortfarande mystiskt, vilket inneb\u00e4r att psykologiska orsaker och levnadsf\u00f6rh\u00e5llanden ocks\u00e5 betraktas som huvud- eller medutl\u00f6sande faktorer.<\/p>\n<p>Det \u00e4r dock f\u00f6ga k\u00e4nt att vissa patienter lider av f\u00f6ljderna av kompression av k\u00e4rl eller av k\u00e4rl i bukh\u00e5lan, de s\u00e5 kallade k\u00e4rlkompressionssyndromen. Detta \u00e4r n\u00e4r blodk\u00e4rl kl\u00e4ms mellan andra k\u00e4rl eller organ. Det normala blodfl\u00f6det h\u00e4mmas p\u00e5 s\u00e5 s\u00e4tt, vilket i enskilda fall kan leda till en m\u00e4ngd olika symtom. Eftersom dessa sjukdomsbilder inte bara kan ge upphov till sm\u00e4rta utan ocks\u00e5 till m\u00e5nga andra, till synes orelaterade symtom, t.ex. illam\u00e5ende, yrsel, andningssv\u00e5righeter (s\u00e4rskilt vid inandning), aptitl\u00f6shet och snabb m\u00e4ttnadsk\u00e4nsla, svarthet framf\u00f6r \u00f6gonen, cirkulationsproblem och enstaka episoder av diarr\u00e9, \u00e4r det inte ovanligt att det kan g\u00e5 flera \u00e5r innan diagnosen st\u00e4lls.<\/p>\n<p>I samband med den europeiska ultraljudskongressen EUROSON Ljubljana, 22-24 september 2017, presenterar jag det <a href=\"https:\/\/scholbach.de\/lordogenetisches-mittellinensyndrom\">nya konceptet med en holistisk syn p\u00e5 de m\u00e5nga bukfaskul\u00e4ra kompressionssyndrom<\/a> som f\u00f6rklaras p\u00e5 f\u00f6ljande sida.<\/p>\n<p>Se v\u00e5ra anteckningar om de medicinska f\u00f6rklaringarna p\u00e5 den h\u00e4r webbplatsen.<\/p>\n<p>&nbsp;<\/p>","protected":false},"excerpt":{"rendered":"<p>Kompressionssyndrom \u00e4r \u00e5 ena sidan ofta ok\u00e4nda till och med f\u00f6r l\u00e4kare och \u00e5 andra sidan orsaken till m\u00e5nga, till synes orelaterade symtom i olika delar av kroppen. Enligt standarddiagnostik antas eller misst\u00e4nks d\u00e4rf\u00f6r ofta en psykologisk orsak till de somatiska besv\u00e4ren. Om man d\u00e5 inte tar h\u00e4nsyn till k\u00e4rlkompressionssyndrom kan detta leda till f\u00f6rtvivlan, [&hellip;]<\/p>\n","protected":false},"author":4,"featured_media":0,"parent":93,"menu_order":4,"comment_status":"closed","ping_status":"closed","template":"","meta":{"om_disable_all_campaigns":false,"footnotes":""},"class_list":["post-66","page","type-page","status-publish","hentry"],"_links":{"self":[{"href":"https:\/\/scholbach.de\/sv\/wp-json\/wp\/v2\/pages\/66","targetHints":{"allow":["GET"]}}],"collection":[{"href":"https:\/\/scholbach.de\/sv\/wp-json\/wp\/v2\/pages"}],"about":[{"href":"https:\/\/scholbach.de\/sv\/wp-json\/wp\/v2\/types\/page"}],"author":[{"embeddable":true,"href":"https:\/\/scholbach.de\/sv\/wp-json\/wp\/v2\/users\/4"}],"replies":[{"embeddable":true,"href":"https:\/\/scholbach.de\/sv\/wp-json\/wp\/v2\/comments?post=66"}],"version-history":[{"count":55,"href":"https:\/\/scholbach.de\/sv\/wp-json\/wp\/v2\/pages\/66\/revisions"}],"predecessor-version":[{"id":7116,"href":"https:\/\/scholbach.de\/sv\/wp-json\/wp\/v2\/pages\/66\/revisions\/7116"}],"up":[{"embeddable":true,"href":"https:\/\/scholbach.de\/sv\/wp-json\/wp\/v2\/pages\/93"}],"wp:attachment":[{"href":"https:\/\/scholbach.de\/sv\/wp-json\/wp\/v2\/media?parent=66"}],"curies":[{"name":"wp","href":"https:\/\/api.w.org\/{rel}","templated":true}]}}