{"id":6,"date":"2015-12-26T11:58:04","date_gmt":"2015-12-26T11:58:04","guid":{"rendered":"http:\/\/wp12612379.server-he.de\/?page_id=6"},"modified":"2026-03-19T08:15:15","modified_gmt":"2026-03-19T07:15:15","slug":"praxis","status":"publish","type":"page","link":"https:\/\/scholbach.de\/sv\/","title":{"rendered":"Praktiken\/bokning av m\u00f6ten online"},"content":{"rendered":"<p><\/p>\n<h2 style=\"text-align: center;\">V\u00e4lkommen till min praktik f\u00f6r ultraljudsdiagnostik f\u00f6r barn och vuxna<\/h2>\n<p>Du kan hitta den mest uppdaterade informationen p\u00e5 min engelska hemsida. Klicka p\u00e5 den brittiska flaggan i flaggf\u00e4ltet. Anv\u00e4nd sedan Google \u00f6vers\u00e4ttare f\u00f6r att hj\u00e4lpa dig<\/p>\n<p><a href=\"https:\/\/scholbach.de\/wp-content\/uploads\/2024\/01\/butten-translator.jpg\"><img loading=\"lazy\" decoding=\"async\" class=\"aligncenter size-medium wp-image-8477\" src=\"https:\/\/scholbach.de\/wp-content\/uploads\/2024\/01\/butten-translator-300x63.jpg\" alt=\"\" width=\"300\" height=\"63\" srcset=\"https:\/\/scholbach.de\/wp-content\/uploads\/2024\/01\/butten-translator-300x63.jpg 300w, https:\/\/scholbach.de\/wp-content\/uploads\/2024\/01\/butten-translator.jpg 338w\" sizes=\"auto, (max-width: 300px) 100vw, 300px\" \/><\/a><\/p>\n<p>som du hittar l\u00e4ngst upp till h\u00f6ger p\u00e5 varje sida, \u00f6vers\u00e4tt respektive webbplats till ditt spr\u00e5k.<br \/>\nEller s\u00e5 kan du anv\u00e4nda DeepL: Deepl: https:\/\/www.deepl.com\/de\/translator<\/p>\n<h3><\/h3>\n<p><a href=\"https:\/\/scholbach.de\/wp-content\/uploads\/2025\/01\/Portrait-2024.jpg\"><img loading=\"lazy\" decoding=\"async\" class=\"aligncenter size-medium wp-image-9092\" src=\"https:\/\/scholbach.de\/wp-content\/uploads\/2025\/01\/Portrait-2024-238x300.jpg\" alt=\"\" width=\"238\" height=\"300\" srcset=\"https:\/\/scholbach.de\/wp-content\/uploads\/2025\/01\/Portrait-2024-238x300.jpg 238w, https:\/\/scholbach.de\/wp-content\/uploads\/2025\/01\/Portrait-2024-814x1024.jpg 814w, https:\/\/scholbach.de\/wp-content\/uploads\/2025\/01\/Portrait-2024-768x966.jpg 768w, https:\/\/scholbach.de\/wp-content\/uploads\/2025\/01\/Portrait-2024-1221x1536.jpg 1221w, https:\/\/scholbach.de\/wp-content\/uploads\/2025\/01\/Portrait-2024-1628x2048.jpg 1628w, https:\/\/scholbach.de\/wp-content\/uploads\/2025\/01\/Portrait-2024.jpg 1800w\" sizes=\"auto, (max-width: 238px) 100vw, 238px\" \/><\/a><\/p>\n<h2><\/h2>\n<h2 style=\"text-align: center;\"><a title=\"Schwere Ataxie bei einer jungen Frau mit ausgepr\u00e4gter ven\u00f6ser R\u00fcckenmarksstauung \u2013 vollst\u00e4ndige Heilung nach Dekompression der linken Nierenvene\" href=\"https:\/\/scholbach.de\/severe-neurologic-disorders-as-a-consequence-of-abdominal-compression-syndromes-complete-disappearance-after-decompression-of-the-left-renal-vein\">Sv\u00e5r neurologisk sjukdom med kramper och ataxi p\u00e5 grund av ven\u00f6s tr\u00e4ngsel i ryggm\u00e4rgen &#8211; framg\u00e5ngsrik kirurgisk behandling m\u00f6jlig efter dedikerade funktionella blodfl\u00f6desm\u00e4tningar med f\u00e4rgdoppler. \u00a0<\/a><\/h2>\n<h2 style=\"text-align: center;\"><a href=\"https:\/\/scholbach.de\/researchers-from-the-mayo-clinic-confirm-concept-of-midline-congestion-syndrome\" target=\"_blank\" rel=\"noopener\"><strong>Hopp och stor gl\u00e4dje f\u00f6r patienter fr\u00e5n hela v\u00e4rlden &#8211; forskare fr\u00e5n Mayo Clinic bekr\u00e4ftar mitt koncept om Midline Congestion Syndrome.<\/strong><\/a><\/h2>\n<p>Jag erbjuder h\u00f6gspecialiserad ultraljudsdiagnostik f\u00f6r unders\u00f6kning av organens och blodk\u00e4rlens funktion.<br \/>\nTillsammans med min son utvecklade jag PixelFlux-tekniken, som tilldelades det europeiska ultraljudspriset 2015. Den m\u00f6jligg\u00f6r o\u00f6vertr\u00e4ffat exakta m\u00e4tningar av blodfl\u00f6det f\u00f6r diagnostik av inflammationer, tum\u00f6rer och kroniskt sjuka organ.<br \/>\n<a href=\"https:\/\/scholbach.de\/booking-a-functional-color-doppler-examination\">Du kan boka en tid h\u00e4r.<\/a><\/p>\n<p><span style=\"color: red; font-size: x-large;\"><strong><!--\nPlugin Name: Bookly - Responsive WordPress Appointment Booking and Scheduling Plugin\nPlugin URI: https:\/\/www.booking-wp-plugin.com\/?utm_source=bookly_admin&utm_medium=plugins_page&utm_campaign=plugins_page\nVersion: 27.2-->\n<style type=\"text\/css\">\n    :root {\n        --bookly-main-color: #008406 !important;\n        --bookly-color: #008406 !important;\n    }\n\n    <\/style><div class=\"bookly-css-root\">\n    <div id=\"bookly-form-container-69d4c0d1c62f6\" class=\"bookly-form\" data-form_id=\"\" aria-live=\"polite\">\n        <div style=\"text-align: center\"><img decoding=\"async\" src=\"https:\/\/scholbach.de\/wp-includes\/js\/tinymce\/skins\/lightgray\/img\/loader.gif\" alt=\"Laddar\u2026\"\/><\/div>\n    <\/div>\n<\/div>\n<script type=\"text\/javascript\">\n    (function (win, fn) {\n        var done = false, top = true,\n            doc = win.document,\n            root = doc.documentElement,\n            modern = doc.addEventListener,\n            add = modern ? 'addEventListener' : 'attachEvent',\n            rem = modern ? 'removeEventListener' : 'detachEvent',\n            pre = modern ? '' : 'on',\n            init = function (e) {\n                if (e.type == 'readystatechange') if (doc.readyState != 'complete') return;\n                (e.type == 'load' ? win : doc)[rem](pre + e.type, init, false);\n                if (!done) {\n                    done = true;\n                    fn.call(win, e.type || e);\n                }\n            },\n            poll = function () {\n                try {\n                    root.doScroll('left');\n                } catch (e) {\n                    setTimeout(poll, 50);\n                    return;\n                }\n                init('poll');\n            };\n        if (doc.readyState == 'complete') fn.call(win, 'lazy');\n        else {\n            if (!modern) if (root.doScroll) {\n                try {\n                    top = !win.frameElement;\n                } catch (e) {\n                }\n                if (top) poll();\n            }\n            doc[add](pre + 'DOMContentLoaded', init, false);\n            doc[add](pre + 'readystatechange', init, false);\n            win[add](pre + 'load', init, false);\n        }\n    })(window, function () {\n        window.bookly( {\"form_id\":\"69d4c0d1c62f6\",\"form_data\":{\"skip_service_step\":0,\"hide_service_part1\":0,\"hide_service_part2\":1,\"defaults\":{\"service_id\":9,\"staff_id\":0,\"location_id\":0,\"category_id\":4,\"units\":0,\"date_from\":0,\"time_from\":0,\"time_to\":0}},\"status\":{\"booking\":\"new\"},\"form_token\":null,\"skip_steps\":{\"service_part1\":0,\"service_part2\":1,\"extras\":1,\"time\":0,\"repeat\":1,\"cart\":1},\"errors\":{\"session_error\":\"Session error\",\"form_id_error\":\"Form ID error.\",\"cart_item_not_available\":\"Die von Ihnen gew\\u00fcnschte Zeit ist bereits belegt. Bitte w\\u00e4hlen Sie eine andere Zeit.\\nThe time you requested is already occupied. Please select another time.\\n\\u062a\\u0645 \\u0627\\u0633\\u062a\\u062e\\u062f\\u0627\\u0645 \\u0627\\u0644\\u0648\\u0642\\u062a \\u0627\\u0644\\u0630\\u064a \\u0637\\u0644\\u0628\\u062a\\u0647 \\u0628\\u0627\\u0644\\u0641\\u0639\\u0644. \\u064a\\u0631\\u062c\\u0649 \\u0627\\u062e\\u062a\\u064a\\u0627\\u0631 \\u0648\\u0642\\u062a \\u0622\\u062e\\u0631.\",\"pay_locally_not_available\":\"Betala lokalt \\u00e4r inte tillg\\u00e4nglig.\",\"invalid_gateway\":\"Ogiltig gateway.\",\"payment_error\":\"Fel.\",\"incorrect_username_password\":\"Felaktigt anv\\u00e4ndarnamn eller l\\u00f6senord.\"},\"form_attributes\":{\"hide_categories\":true,\"hide_services\":false,\"hide_staff_members\":true,\"show_number_of_persons\":false,\"hide_service_duration\":true,\"hide_locations\":true,\"hide_quantity\":true,\"hide_date\":true,\"hide_week_days\":true,\"hide_time_range\":true,\"const_category_id\":4},\"use_client_time_zone\":0,\"defaults\":{\"service_id\":9,\"staff_id\":0,\"location_id\":0,\"category_id\":4},\"datepicker_mode\":\"text-accent\",\"facebook\":{\"enabled\":0,\"appId\":\"\"}} );\n    });\n<\/script><\/strong><\/span><br \/>\n<a href=\"https:\/\/scholbach.de\/praxis\/english-telemedical-consultation\">Du kan g\u00f6ra en telemedicinsk konsultation h\u00e4r.<\/a><\/p>\n<p>&nbsp;<\/p>\n<p>Tills min webbplats \u00e4r helt \u00f6versatt till svenska \u00e4r du v\u00e4lkommen att ta en titt p\u00e5 de engelska sidorna och \u00f6vers\u00e4tta dem med hj\u00e4lp av google translate-funktionen h\u00f6gst upp p\u00e5 sidan.<\/p>","protected":false},"excerpt":{"rendered":"<p>V\u00e4lkommen till min praktik f\u00f6r ultraljudsdiagnostik f\u00f6r barn och vuxna Du kan hitta den mest uppdaterade informationen p\u00e5 min engelska hemsida. Klicka p\u00e5 den brittiska flaggan i flaggf\u00e4ltet. Anv\u00e4nd sedan Google \u00f6vers\u00e4ttare f\u00f6r att hj\u00e4lpa dig som du hittar l\u00e4ngst upp till h\u00f6ger p\u00e5 varje sida, \u00f6vers\u00e4tt respektive webbplats till ditt spr\u00e5k. Eller s\u00e5 kan [&hellip;]<\/p>\n","protected":false},"author":4,"featured_media":0,"parent":0,"menu_order":0,"comment_status":"closed","ping_status":"closed","template":"","meta":{"om_disable_all_campaigns":false,"footnotes":""},"class_list":["post-6","page","type-page","status-publish","hentry"],"_links":{"self":[{"href":"https:\/\/scholbach.de\/sv\/wp-json\/wp\/v2\/pages\/6","targetHints":{"allow":["GET"]}}],"collection":[{"href":"https:\/\/scholbach.de\/sv\/wp-json\/wp\/v2\/pages"}],"about":[{"href":"https:\/\/scholbach.de\/sv\/wp-json\/wp\/v2\/types\/page"}],"author":[{"embeddable":true,"href":"https:\/\/scholbach.de\/sv\/wp-json\/wp\/v2\/users\/4"}],"replies":[{"embeddable":true,"href":"https:\/\/scholbach.de\/sv\/wp-json\/wp\/v2\/comments?post=6"}],"version-history":[{"count":556,"href":"https:\/\/scholbach.de\/sv\/wp-json\/wp\/v2\/pages\/6\/revisions"}],"predecessor-version":[{"id":8411,"href":"https:\/\/scholbach.de\/sv\/wp-json\/wp\/v2\/pages\/6\/revisions\/8411"}],"wp:attachment":[{"href":"https:\/\/scholbach.de\/sv\/wp-json\/wp\/v2\/media?parent=6"}],"curies":[{"name":"wp","href":"https:\/\/api.w.org\/{rel}","templated":true}]}}