{"id":47,"date":"2015-12-26T17:11:41","date_gmt":"2015-12-26T17:11:41","guid":{"rendered":"http:\/\/wp12612379.server-he.de\/?page_id=47"},"modified":"2025-02-12T20:29:35","modified_gmt":"2025-02-12T19:29:35","slug":"deutsch-leistungsspektrum","status":"publish","type":"page","link":"https:\/\/scholbach.de\/sv\/praxis\/deutsch-leistungsspektrum","title":{"rendered":"My diagnostic profile"},"content":{"rendered":"<p class=\"qtranxs-available-languages-message qtranxs-available-languages-message-sv\">Tyv\u00e4rr \u00e4r denna artikel enbart tillg\u00e4nglig p\u00e5 <a href=\"https:\/\/scholbach.de\/en\/wp-json\/wp\/v2\/pages\/47\" class=\"qtranxs-available-language-link qtranxs-available-language-link-en\" title=\"English\">English<\/a>, <a href=\"https:\/\/scholbach.de\/de\/wp-json\/wp\/v2\/pages\/47\" class=\"qtranxs-available-language-link qtranxs-available-language-link-de\" title=\"Deutsch\">Deutsch<\/a>, <a href=\"https:\/\/scholbach.de\/fr\/wp-json\/wp\/v2\/pages\/47\" class=\"qtranxs-available-language-link qtranxs-available-language-link-fr\" title=\"Fran\u00e7ais\">Fran\u00e7ais<\/a>, <a href=\"https:\/\/scholbach.de\/es\/wp-json\/wp\/v2\/pages\/47\" class=\"qtranxs-available-language-link qtranxs-available-language-link-es\" title=\"Espa\u00f1ol\">Espa\u00f1ol<\/a>, <a href=\"https:\/\/scholbach.de\/zh\/wp-json\/wp\/v2\/pages\/47\" class=\"qtranxs-available-language-link qtranxs-available-language-link-zh\" title=\"\u4e2d\u6587\">\u4e2d\u6587<\/a> och <a href=\"https:\/\/scholbach.de\/ru\/wp-json\/wp\/v2\/pages\/47\" class=\"qtranxs-available-language-link qtranxs-available-language-link-ru\" title=\"\u0420\u0443\u0441\u0441\u043a\u0438\u0439\">\u0420\u0443\u0441\u0441\u043a\u0438\u0439<\/a>.<\/p><p>I offer diagnostics and treatment for diseases of all patients from newborns to adults with a focus on functional ultrasound diagnostics for self-paying patients and privately insured patients.<\/p>\n<p>Moreover, we do highly sophisticated color Doppler sonographic examinations of all organs and vessels. We use the award-winnig PixelFlux-software for measurement of perfusion to\u00a0 go into detail and deliver an individualized treatment plan for your specific complaints.<\/p>\n<p>We are specialized in vascular compression syndromes, inflammation diagnostics and fetal perfusion measurement.<\/p>\n<p>We guide patients from abroad to develop a plan from syptoms via diagnostic considerations to treatment in complicated cases.<\/p>\n<p>You can download an excerpt of my diagnostic program here:<\/p>\n<a href=\"https:\/\/scholbach.de\/wp-content\/uploads\/2023\/05\/Excerpt-from-my-diagnostic-spectrum.pdf\" class=\"pdfemb-viewer\" style=\"\" data-width=\"max\" data-height=\"max\" data-mobile-width=\"500\"  data-scrollbar=\"none\" data-download=\"on\" data-tracking=\"on\" data-newwindow=\"on\" data-pagetextbox=\"off\" data-scrolltotop=\"off\" data-startzoom=\"100\" data-startfpzoom=\"100\" data-toolbar=\"both\" data-toolbar-fixed=\"off\">Excerpt from my diagnostic spectrum<br\/><\/a>\n<p><a href=\"https:\/\/scholbach.de\/en\/funktioneller-farbdoppler-ultraschall-wie-ich-ihn-verstehe#gsc.tab=0\">More specific details of my way to find elusive reasons for your symptoms are explained here.<\/a><\/p>\n<p>Here is an overview of applied techniques :<\/p>\n<p>&nbsp;<\/p>\n<p>1. The functional and quantitative color Doppler measurement of renal perfusion with the PixelFlux-technique,<\/p>\n<p>2. Flow volume measurements of pelvic venous return,<\/p>\n<p>3. Standardized tissue perfusion quantification of uterus, vagina and urethra,<\/p>\n<p>4. Bilateral comparison of gluteal venous drainage in sciatica,<\/p>\n<p>5. Celiac trunk respiratory flow velocity changes,<\/p>\n<p>6. Direct observation of duodenal food passage<\/p>\n<p>7. Quantification of orthostatic renal and<\/p>\n<p>8. Aortic flow volume drop,<\/p>\n<p>9. Carotid color Doppler flow volume measurements<\/p>\n<p>10. Femoral venous flow volume measurements<\/p>\n<p>11. Repetition of all measurements in various relevant body postures<\/p>\n<p>&nbsp;<\/p>\n<p>In individual cases with respect to clinical symptoms or upon request<\/p>\n<p>&nbsp;<\/p>\n<p>12. Volume flow measurements in the superior mesenteric artery and vein evaluating retroperitoneal-mesenteric collaterals<\/p>\n<p>13. Volume flow measurements of reno-spinal collaterals<\/p>\n<p>14. Volume flow measurements of thoracic and supradiaphragmatic collaterals<\/p>\n<p>15. Measurements of liver congestion<\/p>\n<p>16. Pressure measurements of the splenic recirculation<\/p>\n<p>17. Search for chronic and acute inflammatory bowel diseases<\/p>\n<p>18. PixelFlux quantification of inflammatory abdominal pathologies including Crohn disease and other IBD<\/p>\n<p>19. Vascular diagnostics of tinnitus<\/p>\n<p>20. Transcranial cerebral ultrasound<\/p>\n<p>21. Dynamic and postural intracranial pressure change measurements by means of color Doppler ultrasound<\/p>\n<p>22. Echocardiography<\/p>\n<p>22. Urinary and gallbladder function test<\/p>\n<p>23. PixelFlux evaluation of external genital congestion in vulvodynia and persistent sexual arousal syndrome and pudendal neuropathy<\/p>\n<p>24. Evaluation of exceptionally rare and individual compressions as popliteal arterial and venous, femoral arterial and venous, splenic venous, gastric, lumbar arterial , hepatic venous, internal iliac, caval..<\/p>\n<p>25. Quantification of azygos and hemiazygos flow volumes in suspected epidural congestion<\/p>\n<p>26. Quantification of vascular tumor and malformation flow intensities and volumes with the PixelFlux-technique<\/p>\n<p>27. Vascular differential diagnostic of erectile dysfunction and varicocele<\/p>\n<p>28. Evaluation of vascular aneurysms and dilatation<\/p>\n<p>29. Quantification of renal artery stenosis and differential diagnostic of arterial hypertension<\/p>\n<p>30. Differential diagnostic of POTS and gastroparesis<\/p>\n<p>31. Quantification and follow up of diabetic micro- and macroangiopathy<\/p>\n<p>32. Retinal artery Doppler<\/p>\n<p>33. Flow volume quantification of dialysis shunts<\/p>\n<p>34. Evaluation of TOS (thoracic outlet and inlet syndromes)<\/p>\n<p>35. Evaluation of thyroid and lymph node diseases<\/p>\n<p>36. Local inflammation measurements with the PixelFlux-technique<\/p>\n<p>37. Fetal volume flow measurements<\/p>\n<p>38. Quantification of tumor perfusion<\/p>\n<p>39. All kinds of pediatric sonography including echocardiography and cerebral Doppler ultrasound<\/p>\n<p>40. Evaluation of joint disorders including differential diagnostic of degenerative and inflammatory arthropathies<\/p>\n<p>41. Evaluation of ventriculoperitoneal shunts<\/p>\n<p>42. beyond ultrasound: Bornavirus diagnostic and treatment<\/p>\n<p>43. ask for more (&#8230;.pleura and lung ultrasound, esophagus, muscles, tendons, skin, breast, cartilage, spinal cord, diaphragmatic motility, un. racl<\/p>\n<p>ohus, fractures, intra- and extracranial arteries. nerves.. )<\/p>\n<p>44. 4D volume flow of selected veins and arteries<\/p>\n<p>&nbsp;<\/p>\n<p>&nbsp;<\/p>\n<p>&nbsp;<\/p>\n<p>&nbsp;<\/p>\n<p>&nbsp;<\/p>\n<p>&nbsp;<\/p>\n<p>&nbsp;<\/p>\n<p>&nbsp;<\/p>\n<p>&nbsp;<\/p>\n<p>&nbsp;<\/p>\n<p>&nbsp;<\/p>\n<p>&nbsp;<\/p>\n<p>&nbsp;<\/p>\n<p>&nbsp;<\/p>\n<p>&nbsp;<\/p>","protected":false},"excerpt":{"rendered":"<p>Tyv\u00e4rr \u00e4r denna artikel enbart tillg\u00e4nglig p\u00e5 English, Deutsch, Fran\u00e7ais, Espa\u00f1ol, \u4e2d\u6587 och \u0420\u0443\u0441\u0441\u043a\u0438\u0439.I offer diagnostics and treatment for diseases of all patients from newborns to adults with a focus on functional ultrasound diagnostics for self-paying patients and privately insured patients. Moreover, we do highly sophisticated color Doppler sonographic examinations of all organs and vessels. [&hellip;]<\/p>\n","protected":false},"author":4,"featured_media":0,"parent":6,"menu_order":4,"comment_status":"closed","ping_status":"closed","template":"","meta":{"om_disable_all_campaigns":false,"footnotes":""},"class_list":["post-47","page","type-page","status-publish","hentry"],"_links":{"self":[{"href":"https:\/\/scholbach.de\/sv\/wp-json\/wp\/v2\/pages\/47","targetHints":{"allow":["GET"]}}],"collection":[{"href":"https:\/\/scholbach.de\/sv\/wp-json\/wp\/v2\/pages"}],"about":[{"href":"https:\/\/scholbach.de\/sv\/wp-json\/wp\/v2\/types\/page"}],"author":[{"embeddable":true,"href":"https:\/\/scholbach.de\/sv\/wp-json\/wp\/v2\/users\/4"}],"replies":[{"embeddable":true,"href":"https:\/\/scholbach.de\/sv\/wp-json\/wp\/v2\/comments?post=47"}],"version-history":[{"count":22,"href":"https:\/\/scholbach.de\/sv\/wp-json\/wp\/v2\/pages\/47\/revisions"}],"predecessor-version":[{"id":9132,"href":"https:\/\/scholbach.de\/sv\/wp-json\/wp\/v2\/pages\/47\/revisions\/9132"}],"up":[{"embeddable":true,"href":"https:\/\/scholbach.de\/sv\/wp-json\/wp\/v2\/pages\/6"}],"wp:attachment":[{"href":"https:\/\/scholbach.de\/sv\/wp-json\/wp\/v2\/media?parent=47"}],"curies":[{"name":"wp","href":"https:\/\/api.w.org\/{rel}","templated":true}]}}