{"id":443,"date":"2016-06-15T13:01:26","date_gmt":"2016-06-15T13:01:26","guid":{"rendered":"http:\/\/wp12612379.server-he.de\/?page_id=443"},"modified":"2023-07-11T11:35:55","modified_gmt":"2023-07-11T09:35:55","slug":"english-telemedical-consultation","status":"publish","type":"page","link":"https:\/\/scholbach.de\/sv\/praxis\/english-telemedical-consultation","title":{"rendered":"Telemedicinsk konsultation"},"content":{"rendered":"<p>Jag erbjuder \u00e4ven telemedicinsk konsultation.<\/p>\n<p>M\u00e5nga patienter med hittills odiagnostiserade sjukdomar k\u00e4nner ett behov av att f\u00e5 sina symtom kontrollerade och sina bilddiagnostiska resultat omv\u00e4rderade.<\/p>\n<p>En second opinion kan bidra till att man kan v\u00e4lja ett annat tillv\u00e4gag\u00e5ngss\u00e4tt med nya perspektiv p\u00e5 besv\u00e4r som hittills inte har uppskattats fullt ut.<\/p>\n<p>Vi har erfarenhet av m\u00e5nga patienter vars sjukdomshistoria verkade till synes hoppl\u00f6s.<\/p>\n<p>V\u00e5r banbrytande utveckling inom funktionellt ultraljud kan ofta ge ett v\u00e4sentligt bidrag till att ta ett steg fram\u00e5t d\u00e4r andra helt enkelt h\u00e4nvisar patienten till en psykolog och tillskriver hans lidande till hans fantasi eller f\u00f6rmodade dolda konflikter.<\/p>\n<p>Med kunskap om funktionellt ultraljud \u00e4r det l\u00e4ttare att se relevanta fynd i CT och MRT.<\/p>\n<p>En telemedicinsk omv\u00e4rdering av tidigare fynd kan vara ett f\u00f6rsta steg f\u00f6r att skissera en ny diagnostik och kan leda till efterf\u00f6ljande behandling.<\/p>\n<p>L\u00e4s mer om villkoren och g\u00f6r en f\u00f6rfr\u00e5gan h\u00e4r:<\/p>\n\t\t\t<link rel=\"stylesheet\" property=\"stylesheet\" href=\"https:\/\/scholbach.de\/wp-content\/plugins\/happyforms\/bundles\/css\/frontend.css\" \/>\n\t\t\t\t<!-- HappyForms CSS variables -->\n\t<style>\n\t#happyforms-7108 {\n\t\t--happyforms-part-title-font-size: 16px;\n--happyforms-part-description-font-size: 14px;\n--happyforms-part-value-font-size: 16px;\n--happyforms-submit-button-font-size: 18px;\n--happyforms-color-primary: #000000;\n--happyforms-color-success-notice: #ebf9f0;\n--happyforms-color-success-notice-text: #1eb452;\n--happyforms-color-error: #f23000;\n--happyforms-color-error-notice: #ffeeea;\n--happyforms-color-error-notice-text: #f23000;\n--happyforms-color-part-title: #000000;\n--happyforms-color-part-value: #000000;\n--happyforms-color-part-placeholder: #888888;\n--happyforms-color-part-description: #454545;\n--happyforms-color-part-border: #dbdbdb;\n--happyforms-color-part-border-focus: #7aa4ff;\n--happyforms-color-part-background: #ffffff;\n--happyforms-color-part-background-focus: #ffffff;\n--happyforms-color-submit-background: #ef3434;\n--happyforms-color-submit-background-hover: #318200;\n--happyforms-color-submit-border: #16239e;\n--happyforms-color-submit-text: #ffffff;\n--happyforms-color-submit-text-hover: #d1f716;\n--happyforms-color-table-row-odd: #fcfcfc;\n--happyforms-color-table-row-even: #efefef;\n--happyforms-color-table-row-odd-text: #000000;\n--happyforms-color-table-row-even-text: #000000;\n--happyforms-color-dropdown-item-bg: #ffffff;\n--happyforms-color-dropdown-item-text: #000000;\n--happyforms-color-dropdown-item-bg-hover: #f4f4f5;\n--happyforms-color-dropdown-item-text-hover: #000000;\n--happyforms-color-divider-hr: #cccccc;\n--happyforms-color-choice-checkmark-bg: #ffffff;\n--happyforms-color-choice-checkmark-bg-focus: #000000;\n--happyforms-color-choice-checkmark-color: #ffffff;\n\t}\n\t<\/style>\n\t<!-- End of HappyForms CSS variables -->\n\t\t<!-- HappyForms Additional CSS -->\n\t<style data-happyforms-additional-css>\n\t\t<\/style>\n\t<!-- End of HappyForms Additional CSS -->\n\t\t\t<link rel=\"stylesheet\" type=\"text\/css\" href=\"https:\/\/scholbach.de\/wp-content\/plugins\/happyforms\/core\/assets\/css\/no-interaction.css\">\n\t\t<div class=\"happyforms-form happyforms-styles 1\" id=\"happyforms-7108\">\n\t\t\n\t<form action=\"\" id=\"happyforms-form-7108\" method=\"post\" novalidate=\"true\" autocomplete=\"off\">\n\t\t\t\t<input type=\"hidden\" name=\"happyforms_random_seed\" value=\"1610709382\" \/>\n\t\t\n\t\t\t<input type=\"hidden\" name=\"action\" value=\"happyforms_message\">\n\t\t\t\t<input type=\"hidden\" name=\"client_referer\" value=\"\">\n\t\t\t\t<input type=\"hidden\" name=\"current_post_id\" value=\"\">\n\t\t\t\t<input type=\"hidden\" name=\"happyforms_form_id\" value=\"7108\" \/>\n\t\t\t\t<input type=\"hidden\" name=\"happyforms_step\" value=\"0\" \/>\n\t\n\t\t<div class=\"happyforms-flex\">\n\t\t\t\t<label for=\"7108-single_line_text\" class=\"screen-reader-text\">L\u00e4mna detta f\u00e4lt tomt<\/label>\n\t<input type=\"text\" id=\"7108-single_line_text\" name=\"7108-single_line_text\" style=\"display: none;\" tabindex=\"-1\" autocomplete=\"off\" aria-hidden=\"true\">\n\t\t\t\t\t\t\t\t\t\t<div class=\"happyforms-form__part happyforms-part happyforms-part--multi_line_text happyforms-part--width-full happyforms-part--label-above\" id=\"happyforms-7108_multi_line_text_7-part\" data-happyforms-type=\"multi_line_text\" data-happyforms-id=\"multi_line_text_7\" data-happyforms-required=\"\">\n\t<div class=\"happyforms-part-wrap\">\n\t\t\t\t\t\t<div class=\"happyforms-part__label-container\">\n\t\t\t\t<label for=\"happyforms-7108_multi_line_text_7\" class=\"happyforms-part__label\">\n\t\t\t<span class=\"label\">Din beg\u00e4ran<\/span>\n\t\t\t\t\t\t\t\t\t\t<span class=\"happyforms-required\"><\/span>\n\t\t\t\t\t\t\t\t\t\t<span class=\"happyforms-optional\">(optional)<\/span>\n\t\t\t\t\t<\/label>\n\t\t\t<\/div>\n\t\t\t\n\t\t\n\t\t<div class=\"happyforms-part__el\">\n\t\t\t\n\t\t\t\t\t\t<textarea id=\"happyforms-7108_multi_line_text_7\" name=\"7108_multi_line_text_7\" rows=\"5\" placeholder=\"Beskriv dina besv\u00e4r och resultaten av dina l\u00e4karunders\u00f6kningar.\" autocomplete=\"off\" spellcheck=\"false\" autocorrect=\"off\" ><\/textarea>\n\t\t\t\n\t\t\t\n\t\t\t\t\t<\/div>\n\t<\/div>\n<\/div>\n<div class=\"happyforms-form__part happyforms-part happyforms-part--single_line_text happyforms-part--width-half happyforms-part--label-above\" id=\"happyforms-7108_single_line_text_4-part\" data-happyforms-type=\"single_line_text\" data-happyforms-id=\"single_line_text_4\" data-happyforms-required=\"\">\n\t<div class=\"happyforms-part-wrap\">\n\t\t\n\t\t\t\t\t\t<div class=\"happyforms-part__label-container\">\n\t\t\t\t<label for=\"happyforms-7108_single_line_text_4\" class=\"happyforms-part__label\">\n\t\t\t<span class=\"label\">Ditt f\u00f6r- och efternamn<\/span>\n\t\t\t\t\t\t\t\t\t\t<span class=\"happyforms-required\"><\/span>\n\t\t\t\t\t\t\t\t\t\t<span class=\"happyforms-optional\">(optional)<\/span>\n\t\t\t\t\t<\/label>\n\t\t\t<\/div>\n\t\t\t\n\t\t\n\t\t<div class=\"happyforms-part__el\">\n\t\t\t\n\t\t\t\n\t\t\t<div class=\"happyforms-input\">\n\t\t\t\t\n\t\t\t\t<input id=\"happyforms-7108_single_line_text_4\" type=\"text\" name=\"7108_single_line_text_4\" value=\"\" placeholder=\"F\u00f6rnamn \/ Efternamn\" autocomplete=\"off\" spellcheck=\"false\"  autocorrect=\"off\" \/>\n\t\t\t\t\t\t\t<\/div>\n\n\t\t\t\n\t\t\t\n\t\t\t\t\t<\/div>\n\t<\/div>\n<\/div>\n<div class=\"happyforms-form__part happyforms-part happyforms-part--single_line_text happyforms-part--width-half happyforms-part--label-above\" id=\"happyforms-7108_single_line_text_3-part\" data-happyforms-type=\"single_line_text\" data-happyforms-id=\"single_line_text_3\" data-happyforms-required=\"\">\n\t<div class=\"happyforms-part-wrap\">\n\t\t\n\t\t\t\t\t\t<div class=\"happyforms-part__label-container\">\n\t\t\t\t<label for=\"happyforms-7108_single_line_text_3\" class=\"happyforms-part__label\">\n\t\t\t<span class=\"label\">Ditt land<\/span>\n\t\t\t\t\t\t\t\t\t\t<span class=\"happyforms-required\"><\/span>\n\t\t\t\t\t\t\t\t\t\t<span class=\"happyforms-optional\">(optional)<\/span>\n\t\t\t\t\t<\/label>\n\t\t\t<\/div>\n\t\t\t\n\t\t\n\t\t<div class=\"happyforms-part__el\">\n\t\t\t\n\t\t\t\n\t\t\t<div class=\"happyforms-input\">\n\t\t\t\t\n\t\t\t\t<input id=\"happyforms-7108_single_line_text_3\" type=\"text\" name=\"7108_single_line_text_3\" value=\"\" placeholder=\"Your residence\" autocomplete=\"off\" spellcheck=\"false\"  autocorrect=\"off\" \/>\n\t\t\t\t\t\t\t<\/div>\n\n\t\t\t\n\t\t\t\n\t\t\t\t\t<\/div>\n\t<\/div>\n<\/div>\n<div class=\"happyforms-form__part happyforms-part happyforms-part--single_line_text happyforms-part--width-half happyforms-part--label-above\" id=\"happyforms-7108_single_line_text_5-part\" data-happyforms-type=\"single_line_text\" data-happyforms-id=\"single_line_text_5\" data-happyforms-required=\"\">\n\t<div class=\"happyforms-part-wrap\">\n\t\t\n\t\t\t\t\t\t<div class=\"happyforms-part__label-container\">\n\t\t\t\t<label for=\"happyforms-7108_single_line_text_5\" class=\"happyforms-part__label\">\n\t\t\t<span class=\"label\">Ditt telefonnummer med ort och landskod<\/span>\n\t\t\t\t\t\t\t\t\t\t<span class=\"happyforms-required\"><\/span>\n\t\t\t\t\t\t\t\t\t\t<span class=\"happyforms-optional\">(optional)<\/span>\n\t\t\t\t\t<\/label>\n\t\t\t<\/div>\n\t\t\t\n\t\t\n\t\t<div class=\"happyforms-part__el\">\n\t\t\t\n\t\t\t\n\t\t\t<div class=\"happyforms-input\">\n\t\t\t\t\n\t\t\t\t<input id=\"happyforms-7108_single_line_text_5\" type=\"text\" name=\"7108_single_line_text_5\" value=\"\" placeholder=\"\" autocomplete=\"off\" spellcheck=\"false\"  autocorrect=\"off\" \/>\n\t\t\t\t\t\t\t<\/div>\n\n\t\t\t\n\t\t\t\n\t\t\t\t\t<\/div>\n\t<\/div>\n<\/div>\n<div class=\"happyforms-form__part happyforms-part happyforms-part--single_line_text happyforms-part--width-half happyforms-part--label-above\" id=\"happyforms-7108_single_line_text_6-part\" data-happyforms-type=\"single_line_text\" data-happyforms-id=\"single_line_text_6\" data-happyforms-required=\"\">\n\t<div class=\"happyforms-part-wrap\">\n\t\t\n\t\t\t\t\t\t<div class=\"happyforms-part__label-container\">\n\t\t\t\t<label for=\"happyforms-7108_single_line_text_6\" class=\"happyforms-part__label\">\n\t\t\t<span class=\"label\">Din Skype-adress (eller annan videokonferenstj\u00e4nst)<\/span>\n\t\t\t\t\t\t\t\t\t\t<span class=\"happyforms-required\"><\/span>\n\t\t\t\t\t\t\t\t\t\t<span class=\"happyforms-optional\">(optional)<\/span>\n\t\t\t\t\t<\/label>\n\t\t\t<\/div>\n\t\t\t\n\t\t\n\t\t<div class=\"happyforms-part__el\">\n\t\t\t\n\t\t\t\n\t\t\t<div class=\"happyforms-input\">\n\t\t\t\t\n\t\t\t\t<input id=\"happyforms-7108_single_line_text_6\" type=\"text\" name=\"7108_single_line_text_6\" value=\"\" placeholder=\"\" autocomplete=\"off\" spellcheck=\"false\"  autocorrect=\"off\" \/>\n\t\t\t\t\t\t\t<\/div>\n\n\t\t\t\n\t\t\t\n\t\t\t\t\t<\/div>\n\t<\/div>\n<\/div>\n<div class=\"happyforms-part--with-autocomplete happyforms-form__part happyforms-part happyforms-part--email happyforms-part--width-half happyforms-part--label-above\" id=\"happyforms-7108_email_2-part\" data-happyforms-type=\"email\" data-happyforms-id=\"email_2\" data-happyforms-required=\"\">\n\t\t<div class=\"happyforms-part-wrap\">\n\t\t\t\t\t\t<div class=\"happyforms-part__label-container\">\n\t\t\t\t<label for=\"happyforms-7108_email_2\" class=\"happyforms-part__label\">\n\t\t\t<span class=\"label\">E-postadress<\/span>\n\t\t\t\t\t\t\t\t\t\t<span class=\"happyforms-required\"><\/span>\n\t\t\t\t\t\t\t\t\t\t<span class=\"happyforms-optional\">(optional)<\/span>\n\t\t\t\t\t<\/label>\n\t\t\t<\/div>\n\t\t\t\n\t\t\n\t\t<div class=\"happyforms-part__el\">\n\t\t\t\n\t\t\t\n\t\t\t<div class=\"happyforms-input\">\n\t\t\t\t<input type=\"email\" name=\"7108_email_2\" id=\"happyforms-7108_email_2\" value=\"\" placeholder=\"Din e-postadress\" autocomplete=\"off\" spellcheck=\"false\"  autocorrect=\"off\" \/>\n\t\t\t\t\t\t\t<\/div>\n\n\t\t\t\n\t\t\t\n\t\t\t\t\t<\/div>\n\t<\/div>\n<\/div>\n<div class=\"happyforms-form__part happyforms-part happyforms-part--multi_line_text happyforms-part--width-full happyforms-part--label-above\" id=\"happyforms-7108_multi_line_text_8-part\" data-happyforms-type=\"multi_line_text\" data-happyforms-id=\"multi_line_text_8\" data-happyforms-required=\"\">\n\t<div class=\"happyforms-part-wrap\">\n\t\t\t\t\t\t<div class=\"happyforms-part__label-container\">\n\t\t\t\t<label for=\"happyforms-7108_multi_line_text_8\" class=\"happyforms-part__label\">\n\t\t\t<span class=\"label\">Din sjukf\u00f6rs\u00e4kring<\/span>\n\t\t\t\t\t\t\t\t\t\t<span class=\"happyforms-required\"><\/span>\n\t\t\t\t\t\t\t\t\t\t<span class=\"happyforms-optional\">(optional)<\/span>\n\t\t\t\t\t<\/label>\n\t\t\t<\/div>\n\t\t\t\n\t\t\n\t\t<div class=\"happyforms-part__el\">\n\t\t\t\n\t\t\t\t\t\t<textarea id=\"happyforms-7108_multi_line_text_8\" name=\"7108_multi_line_text_8\" rows=\"5\" placeholder=\"Beskriv betalningss\u00e4ttet f\u00f6r denna tj\u00e4nst (kreditkort, bank\u00f6verf\u00f6ring, annat).\" autocomplete=\"off\" spellcheck=\"false\" autocorrect=\"off\" ><\/textarea>\n\t\t\t\n\t\t\t\n\t\t\t\t\t<\/div>\n\t<\/div>\n<\/div>\n\t\t\t\t\t\t<div class=\"happyforms-form__part happyforms-part happyforms-part--submit\">\n\t\t<button type=\"submit\" class=\"happyforms-submit happyforms-button--submit \">Send<\/button>\n\t<\/div>\t\t<\/div>\n\n\t\t\t<\/form>\n\n\t<\/div>\n\n<p><\/p>","protected":false},"excerpt":{"rendered":"<p>Jag erbjuder \u00e4ven telemedicinsk konsultation. M\u00e5nga patienter med hittills odiagnostiserade sjukdomar k\u00e4nner ett behov av att f\u00e5 sina symtom kontrollerade och sina bilddiagnostiska resultat omv\u00e4rderade. En second opinion kan bidra till att man kan v\u00e4lja ett annat tillv\u00e4gag\u00e5ngss\u00e4tt med nya perspektiv p\u00e5 besv\u00e4r som hittills inte har uppskattats fullt ut. Vi har erfarenhet av m\u00e5nga [&hellip;]<\/p>\n","protected":false},"author":4,"featured_media":0,"parent":6,"menu_order":6,"comment_status":"open","ping_status":"open","template":"","meta":{"om_disable_all_campaigns":false,"footnotes":""},"class_list":["post-443","page","type-page","status-publish","hentry"],"_links":{"self":[{"href":"https:\/\/scholbach.de\/sv\/wp-json\/wp\/v2\/pages\/443","targetHints":{"allow":["GET"]}}],"collection":[{"href":"https:\/\/scholbach.de\/sv\/wp-json\/wp\/v2\/pages"}],"about":[{"href":"https:\/\/scholbach.de\/sv\/wp-json\/wp\/v2\/types\/page"}],"author":[{"embeddable":true,"href":"https:\/\/scholbach.de\/sv\/wp-json\/wp\/v2\/users\/4"}],"replies":[{"embeddable":true,"href":"https:\/\/scholbach.de\/sv\/wp-json\/wp\/v2\/comments?post=443"}],"version-history":[{"count":44,"href":"https:\/\/scholbach.de\/sv\/wp-json\/wp\/v2\/pages\/443\/revisions"}],"predecessor-version":[{"id":8180,"href":"https:\/\/scholbach.de\/sv\/wp-json\/wp\/v2\/pages\/443\/revisions\/8180"}],"up":[{"embeddable":true,"href":"https:\/\/scholbach.de\/sv\/wp-json\/wp\/v2\/pages\/6"}],"wp:attachment":[{"href":"https:\/\/scholbach.de\/sv\/wp-json\/wp\/v2\/media?parent=443"}],"curies":[{"name":"wp","href":"https:\/\/api.w.org\/{rel}","templated":true}]}}