{"id":4095,"date":"2020-01-17T14:24:45","date_gmt":"2020-01-17T14:24:45","guid":{"rendered":"https:\/\/scholbach.de\/?page_id=4095"},"modified":"2020-01-17T17:13:00","modified_gmt":"2020-01-17T17:13:00","slug":"schritt-fuer-schritt-erlaeuterung-zur-terminbuchung","status":"publish","type":"page","link":"https:\/\/scholbach.de\/sv\/schritt-fuer-schritt-erlaeuterung-zur-terminbuchung","title":{"rendered":"Step-by-step explanation of the appointment booking"},"content":{"rendered":"<p class=\"qtranxs-available-languages-message qtranxs-available-languages-message-sv\">Tyv\u00e4rr \u00e4r denna artikel enbart tillg\u00e4nglig p\u00e5 <a href=\"https:\/\/scholbach.de\/en\/wp-json\/wp\/v2\/pages\/4095\" class=\"qtranxs-available-language-link qtranxs-available-language-link-en\" title=\"English\">English<\/a>, <a href=\"https:\/\/scholbach.de\/de\/wp-json\/wp\/v2\/pages\/4095\" class=\"qtranxs-available-language-link qtranxs-available-language-link-de\" title=\"Deutsch\">Deutsch<\/a> och <a href=\"https:\/\/scholbach.de\/fr\/wp-json\/wp\/v2\/pages\/4095\" class=\"qtranxs-available-language-link qtranxs-available-language-link-fr\" title=\"Fran\u00e7ais\">Fran\u00e7ais<\/a>.<\/p><p><a href=\"https:\/\/scholbach.de\/wp-content\/uploads\/2020\/01\/Step-by-step-explanation-of-the-appointment-booking.pdf\" class=\"pdfemb-viewer\" style=\"\" data-width=\"max\" data-height=\"max\" data-mobile-width=\"500\"  data-scrollbar=\"none\" data-download=\"on\" data-tracking=\"on\" data-newwindow=\"on\" data-pagetextbox=\"off\" data-scrolltotop=\"off\" data-startzoom=\"100\" data-startfpzoom=\"100\" data-toolbar=\"both\" data-toolbar-fixed=\"off\">Step-by-step explanation of the appointment booking<br\/><\/a><\/p>","protected":false},"excerpt":{"rendered":"","protected":false},"author":5,"featured_media":0,"parent":0,"menu_order":0,"comment_status":"closed","ping_status":"closed","template":"","meta":{"om_disable_all_campaigns":false,"footnotes":""},"class_list":["post-4095","page","type-page","status-publish","hentry"],"_links":{"self":[{"href":"https:\/\/scholbach.de\/sv\/wp-json\/wp\/v2\/pages\/4095","targetHints":{"allow":["GET"]}}],"collection":[{"href":"https:\/\/scholbach.de\/sv\/wp-json\/wp\/v2\/pages"}],"about":[{"href":"https:\/\/scholbach.de\/sv\/wp-json\/wp\/v2\/types\/page"}],"author":[{"embeddable":true,"href":"https:\/\/scholbach.de\/sv\/wp-json\/wp\/v2\/users\/5"}],"replies":[{"embeddable":true,"href":"https:\/\/scholbach.de\/sv\/wp-json\/wp\/v2\/comments?post=4095"}],"version-history":[{"count":4,"href":"https:\/\/scholbach.de\/sv\/wp-json\/wp\/v2\/pages\/4095\/revisions"}],"predecessor-version":[{"id":4120,"href":"https:\/\/scholbach.de\/sv\/wp-json\/wp\/v2\/pages\/4095\/revisions\/4120"}],"wp:attachment":[{"href":"https:\/\/scholbach.de\/sv\/wp-json\/wp\/v2\/media?parent=4095"}],"curies":[{"name":"wp","href":"https:\/\/api.w.org\/{rel}","templated":true}]}}