{"id":3520,"date":"2019-10-06T08:36:56","date_gmt":"2019-10-06T08:36:56","guid":{"rendered":"https:\/\/scholbach.de\/?page_id=3520"},"modified":"2022-11-12T14:24:51","modified_gmt":"2022-11-12T14:24:51","slug":"funktioneller-farbdoppler-ultraschall-wie-ich-ihn-verstehe","status":"publish","type":"page","link":"https:\/\/scholbach.de\/sv\/funktioneller-farbdoppler-ultraschall-wie-ich-ihn-verstehe","title":{"rendered":"Funktionellt ultraljud med f\u00e4rgdoppler : hur jag g\u00f6r det"},"content":{"rendered":"<p>Jag erbjuder b\u00e4sta m\u00f6jliga ultraljudsteknik f\u00f6r just dina symtom.<\/p>\n<p>Mitt yttersta m\u00e5l \u00e4r att hj\u00e4lpa dig att hitta ett s\u00e4tt att f\u00e5 den b\u00e4sta behandlingen, inte bara att f\u00e5 det ena eller andra ingreppet utf\u00f6rt.<\/p>\n<p>Det inneb\u00e4r att jag tittar mycket l\u00e4ngre och f\u00f6ljer exakt dina symtom i st\u00e4llet f\u00f6r att g\u00f6ra jobbet och skicka hem dig med f\u00f6rklaringen &#8221;Allt \u00e4r bra!&#8221; trots att du har ont, inte kan \u00e4ta, kr\u00e4ks eller lider p\u00e5 n\u00e5got annat s\u00e4tt.<\/p>\n<p>God medicin g\u00f6r dig fri fr\u00e5n lidande och l\u00e5ter dig inte vara ensam.<\/p>\n<p>Den medicinska kunskapen \u00e4r naturligtvis begr\u00e4nsad, men gr\u00e4nserna \u00e4r inte vissa specialiteter som delar upp en m\u00e4nniska i isolerade delar.<\/p>\n<p>Ist\u00e4llet \u00f6verbryggar mitt tillv\u00e4gag\u00e5ngss\u00e4tt organens och specialiteternas gr\u00e4nser.<\/p>\n<p>Jag tittar p\u00e5 alla organ och alla dina symtom, oavsett om de traditionellt sett tillh\u00f6r gastroenterologi, nefrologi, urologi, gynekologi, neurologi, pediatrik, kirurgi, angiologi, psykiatri, kardiologi, ortopedi, fostermedicin eller dermatologi.<\/p>\n<p>Ultraljud sammanf\u00f6r alla dessa specialiteter.<\/p>\n<p>Funktionellt f\u00e4rgdopplerultraljud g\u00e5r l\u00e5ngt ut\u00f6ver konventionellt ultraljud.<\/p>\n<p>Ultraljudet tittar i princip p\u00e5 morfologin i svartvita bilder.<\/p>\n<p>F\u00e4rgdoppler ultraljud tittar p\u00e5 r\u00f6relser. Str\u00f6mmande blod, peristaltik i tarmarna, sammandragning av urinledarna, t\u00f6mning av urin- eller gallbl\u00e5san, str\u00e5lar av cerebrospinalv\u00e4tska, sv\u00e4ngning av hj\u00e4rtklaffarna, sammandragning av hj\u00e4rtats f\u00f6rmak och kamrar, \u00f6ppning och st\u00e4ngning av ven\u00f6sa klaffar, vasomotion i navelvenen (som f\u00f6r \u00f6vrigt observerades och m\u00e4ttes hos foster f\u00f6r f\u00f6rsta g\u00e5ngen n\u00e5gonsin av v\u00e5r forskningsgrupp), diafragmans r\u00f6relser, glidning av lungs\u00e4cken &#8211; alla dessa fenomen kan beskrivas exakt med hj\u00e4lp av f\u00e4rgdopplerultraljud.<\/p>\n<p>Men vi g\u00e5r l\u00e4ngre.<\/p>\n<p>Vi har utvecklat den f\u00f6rsta sonografiska metoden f\u00f6r att kvantifiera dessa r\u00f6relser &#8211; PixelFlux-tekniken.<\/p>\n<p>P\u00e5 s\u00e5 s\u00e4tt kan vi m\u00e4ta och j\u00e4mf\u00f6ra exakt hur mycket blod som rinner in i ett organ, i en v\u00e4vnad och till och med i olika grenar av ett organs k\u00e4rltr\u00e4d.<\/p>\n<p>B\u00e4ttre \u00e4n med n\u00e5gon annan teknik kan vi exakt utv\u00e4rdera ett organs funktionella status och sjukdomar som p\u00e5verkar dess blodtillf\u00f6rsel.<\/p>\n<p>Dessutom kan vi m\u00e4ta inflammation p\u00e5 plats och m\u00e4ta behandlingarnas framg\u00e5ng eller misslyckande.<\/p>\n<p>Allt detta g\u00f6rs under en enda unders\u00f6kning. Jag \u00e4r certifierad f\u00f6r alla dessa f\u00f6rfaranden. Med en unders\u00f6kning f\u00e5r du allts\u00e5 svar fr\u00e5n m\u00e5nga medicinska specialiteter.<\/p>\n<p>Men vi stannar inte h\u00e4r. Vi upprepar allt detta under f\u00f6r\u00e4ndrade yttre f\u00f6rh\u00e5llanden.<\/p>\n<p>N\u00e4r dina symtom \u00e4r relaterade till matsm\u00e4ltningen unders\u00f6ker jag dig f\u00f6re, under och efter en m\u00e5ltid. Om de beror p\u00e5 kroppsh\u00e5llningen unders\u00f6ker jag dig i olika horisontella positioner, sittande, st\u00e5ende och till och med under eller efter \u00f6vningar.<\/p>\n<p>Jag g\u00f6r unders\u00f6kningar i olika andningsl\u00e4gen, med full och tom urinbl\u00e5sa, med olika positioner av vissa leder &#8230; och s\u00e5 vidare.<\/p>\n<p>Slutligen f\u00e5r du ett resultat som \u00e4r en tillf\u00f6rlitlig och solid grund f\u00f6r behandlingsbeslut.<\/p>\n<p>Jag visar varje detalj av unders\u00f6kningen p\u00e5 sk\u00e4rmen medan du unders\u00f6ks. Jag f\u00f6rklarar dig alla mina slutsatser och ger dig en skiss \u00f6ver sv\u00e5ra anatomiska scenarier.<\/p>\n<p>Jag kommunicerar alla resultat till dig och alla remitterande l\u00e4kare i en detaljerad rapport med alla m\u00e4tningar och alla relevanta bilder.<\/p>\n<p>Detta \u00e4r funktionellt ultraljud som jag f\u00f6rst\u00e5r det &#8211; och patienter fr\u00e5n hela v\u00e4rlden uppskattar det.<br \/>\n*** Translated with www.DeepL.com\/Translator (free version) ***<\/p>\n<p>&nbsp;<\/p>","protected":false},"excerpt":{"rendered":"<p>Jag erbjuder b\u00e4sta m\u00f6jliga ultraljudsteknik f\u00f6r just dina symtom. Mitt yttersta m\u00e5l \u00e4r att hj\u00e4lpa dig att hitta ett s\u00e4tt att f\u00e5 den b\u00e4sta behandlingen, inte bara att f\u00e5 det ena eller andra ingreppet utf\u00f6rt. Det inneb\u00e4r att jag tittar mycket l\u00e4ngre och f\u00f6ljer exakt dina symtom i st\u00e4llet f\u00f6r att g\u00f6ra jobbet och skicka [&hellip;]<\/p>\n","protected":false},"author":5,"featured_media":0,"parent":0,"menu_order":0,"comment_status":"closed","ping_status":"closed","template":"","meta":{"om_disable_all_campaigns":false,"footnotes":""},"class_list":["post-3520","page","type-page","status-publish","hentry"],"_links":{"self":[{"href":"https:\/\/scholbach.de\/sv\/wp-json\/wp\/v2\/pages\/3520","targetHints":{"allow":["GET"]}}],"collection":[{"href":"https:\/\/scholbach.de\/sv\/wp-json\/wp\/v2\/pages"}],"about":[{"href":"https:\/\/scholbach.de\/sv\/wp-json\/wp\/v2\/types\/page"}],"author":[{"embeddable":true,"href":"https:\/\/scholbach.de\/sv\/wp-json\/wp\/v2\/users\/5"}],"replies":[{"embeddable":true,"href":"https:\/\/scholbach.de\/sv\/wp-json\/wp\/v2\/comments?post=3520"}],"version-history":[{"count":35,"href":"https:\/\/scholbach.de\/sv\/wp-json\/wp\/v2\/pages\/3520\/revisions"}],"predecessor-version":[{"id":7664,"href":"https:\/\/scholbach.de\/sv\/wp-json\/wp\/v2\/pages\/3520\/revisions\/7664"}],"wp:attachment":[{"href":"https:\/\/scholbach.de\/sv\/wp-json\/wp\/v2\/media?parent=3520"}],"curies":[{"name":"wp","href":"https:\/\/api.w.org\/{rel}","templated":true}]}}