{"id":2853,"date":"2019-01-24T21:21:06","date_gmt":"2019-01-24T21:21:06","guid":{"rendered":"https:\/\/scholbach.de\/?page_id=2853"},"modified":"2024-12-01T13:57:11","modified_gmt":"2024-12-01T12:57:11","slug":"checkliste-gefaesskompressionssyndrome","status":"publish","type":"page","link":"https:\/\/scholbach.de\/sv\/gefaesskompressionsphaenomene-darstellung-fuer-patientinnen-und-patienten\/checkliste-gefaesskompressionssyndrome","title":{"rendered":"Checklista f\u00f6r vaskul\u00e4ra kompressionssyndrom"},"content":{"rendered":"<p>Nedanst\u00e5ende symtom f\u00f6rekommer vanligtvis hos patienter med kompressionssyndrom i buken. \u00c4ven om varje symptom kan ha olika orsaker kan det vara till hj\u00e4lp att f\u00f6rklara deras samband med k\u00e4rlkompressioner. Klicka p\u00e5 det l\u00e4nkade symptomet f\u00f6r att f\u00e5 en mer detaljerad f\u00f6rklaring.<\/p>\n<p>Vid dessa, ofta kroniska och allvarliga symtom, b\u00f6r en funktionell, kvantitativ f\u00e4rgduplexsonografi med till\u00e4mpning av PixelFlux-tekniken \u00f6verv\u00e4gas f\u00f6r att uppt\u00e4cka eller utesluta k\u00e4rlkompressionssyndrom:<\/p>\n<p>Abdomen, vegetativa symtom b\u00e4cken, br\u00f6stkorg, huvud, rygg, ben,<\/p>\n<p>&nbsp;<\/p>\n<p>Buken<\/p>\n<p>Kronisk sm\u00e4rta, s\u00e4rskilt i \u00f6vre delen av buken, under br\u00f6stbenet.<\/p>\n<p>Sm\u00e4rta i flanken &#8211; s\u00e4rskilt p\u00e5 v\u00e4nster sida<\/p>\n<p>Sm\u00e4rta som \u00f6kar efter en m\u00e5ltid<\/p>\n<p>Of\u00f6rm\u00e5ga att \u00e4ta tillr\u00e4ckligt<\/p>\n<p>Problem med att \u00e4ta fast f\u00f6da<\/p>\n<p>K\u00e4nsla av att maten fastnar i tarmkanalen.<\/p>\n<p>Kr\u00e4kningar, uppst\u00f6tningar, gallig kr\u00e4kning.<\/p>\n<p>\u00c4ndrade symtom n\u00e4r man \u00e4ndrar kroppsposition eller h\u00e5llning.<\/p>\n<p>Symtom p\u00e5 irriterad tarm: f\u00f6rstoppning v\u00e4xlar med diarr\u00e9.<\/p>\n<p>Svag mag- och tarmperistaltik.<\/p>\n<p>F\u00f6rstorad mage, som ibland str\u00e4cker sig under naveln.<\/p>\n<p>Ih\u00e5llande illam\u00e5ende, s\u00e4rskilt n\u00e4r det framkallas av matintag.<\/p>\n<p>Inappetens (aptitl\u00f6shet\/f\u00f6rtida m\u00e4ttnad trots otillr\u00e4ckligt intag av mat).<\/p>\n<p>Sv\u00e5r, oavsiktlig viktminskning.<\/p>\n<p>Hemorrojder\/tarmbl\u00f6dning (om of\u00f6rklarligt efter koloskopi).<\/p>\n<p>Sv\u00e5r gastroesofageal reflux, om ingen f\u00f6rb\u00e4ttring sker efter gastroskopi och adekvat behandling av de vanligaste orsakerna.<\/p>\n<p>Massiv buksp\u00e4nning efter en m\u00e5ltid, uppbl\u00e5sthet.<\/p>\n<p>tillbaka till b\u00f6rjan<\/p>\n<p>&nbsp;<\/p>\n<p>Vegetativa symtom<\/p>\n<p>Illam\u00e5ende<\/p>\n<p>Yrsel<\/p>\n<p>Hj\u00e4rtklappning<\/p>\n<p>Pl\u00f6tsliga, ov\u00e4ntade episoder av diarr\u00e9<\/p>\n<p>Fluktuationer i blodtrycket<\/p>\n<p>Svimningsanfall<\/p>\n<p>blackout<\/p>\n<p>Svettningar, s\u00e4rskilt efter att ha komprimerat \u00f6vre delen av buken.<\/p>\n<p>St\u00f6rd tarmperistaltik<\/p>\n<p>Anorexia<\/p>\n<p>Illam\u00e5ende, uppst\u00f6tningar<\/p>\n<p>Viktf\u00f6rlust<\/p>\n<p>Dagligt tr\u00e4ngande behov<\/p>\n<p>Huvudv\u00e4rk<\/p>\n<p>tillbaka till b\u00f6rjan<\/p>\n<p>&nbsp;<\/p>\n<p>B\u00e4ckenet<\/p>\n<p>Menstruationssm\u00e4rta<\/p>\n<p>Urinsymtom<\/p>\n<p>\u00c5terkommande sm\u00e4rtsam, br\u00e4nnande miktion &#8211; efter uteslutande av en infektion<\/p>\n<p>Mikro- eller makrohematuri &#8211; i \u00f6vrigt of\u00f6rklarlig.<\/p>\n<p>Sm\u00e4rta<\/p>\n<p>vid samlag &#8211; dyspareuni<\/p>\n<p>efter endast l\u00e4tt tryck p\u00e5 underlivet<\/p>\n<p>str\u00e5lar ut i k\u00f6nsorganen<\/p>\n<p>i perinealregionen<\/p>\n<p>vid avf\u00f6ring<\/p>\n<p>vid miktion<\/p>\n<p>Outh\u00e4rdlig sm\u00e4rta under naveln, ofta \u00e4nda upp till mittlinjen.<\/p>\n<p>F\u00f6rb\u00e4ttrad sm\u00e4rta n\u00e4r man hukar sig, kr\u00f6ker sig ihop, b\u00f6jer h\u00f6fterna och lyfter benen n\u00e4r man sitter eller ligger p\u00e5 rygg.<\/p>\n<p>\u00d6kad sm\u00e4rta n\u00e4r man st\u00e5r, g\u00e5r eller vid mental\/emotionell stress.<\/p>\n<p>Sm\u00e4rta i blindtarmsregionen efter uteslutning av vanligare orsaker.<\/p>\n<p>Endometriossm\u00e4rta som inte reagerar p\u00e5 behandling.<\/p>\n<p>tillbaka till b\u00f6rjan<\/p>\n<p>&nbsp;<\/p>\n<p>Thorax<\/p>\n<p>Thoraxsm\u00e4rta: bakom br\u00f6stbenet, i omr\u00e5det kring hj\u00e4rtat.<\/p>\n<p>Andningssv\u00e5righeter: of\u00f6rm\u00e5ga att andas in djupt.<\/p>\n<p>Astma, som inte svarar p\u00e5 astmabehandling.<\/p>\n<p>Of\u00f6rklarliga attacker av andningsbesv\u00e4r som kan ha klassificerats som astmaattacker.<\/p>\n<p>Pl\u00f6tslig hj\u00e4rtklappning n\u00e4r patienten \u00e4ndrar kroppsposition eller efter en m\u00e5ltid.<\/p>\n<p>Posturalt takykardisyndrom (POTS).<\/p>\n<p>Blockerad inspiration<\/p>\n<p>Tillbaka till b\u00f6rjan<\/p>\n<p>&nbsp;<\/p>\n<p>Huvudet<\/p>\n<p>Inledande anm\u00e4rkning: Sv\u00e5ra och progressiva symtom b\u00f6r alltid presenteras f\u00f6r en neurolog, \u00d6NH-specialist, \u00f6gonl\u00e4kare och radiolog.<\/p>\n<p>Kronisk huvudv\u00e4rk vid kronisk buksm\u00e4rta<\/p>\n<p>Obstruerad nasal inspiration p\u00e5 morgonen, som f\u00f6rsvinner efter att man stigit upp.<\/p>\n<p>N\u00e4sbl\u00f6dningar av ok\u00e4nd orsak<\/p>\n<p>Migr\u00e4n<\/p>\n<p>Nacksm\u00e4rta, sm\u00e4rta som sprider sig fr\u00e5n nacken \u00f6ver hela skallen.<\/p>\n<p>Yrsel av ok\u00e4nd orsak<\/p>\n<p>Tillbaka till b\u00f6rjan<\/p>\n<p>&nbsp;<\/p>\n<p>Tillbaka<\/p>\n<p>Ryggsm\u00e4rta, s\u00e4rskilt p\u00e5 v\u00e4nster sida<\/p>\n<p>Skolios<\/p>\n<p>Sv\u00e5r lordos<\/p>\n<p>Pulserande ryggsm\u00e4rta<\/p>\n<p>tillbaka till b\u00f6rjan<\/p>\n<p>&nbsp;<\/p>\n<p>Ben<\/p>\n<p>Svaghet och f\u00f6rlamning i benen &#8211; h\u00e4r \u00e4r naturligtvis fr\u00e4mst neurologisk och radiologisk diagnostik obligatorisk.<\/p>\n<p>Svullnad i benen eller f\u00f6tterna &#8211; till en b\u00f6rjan p\u00e5 v\u00e4nster sida, senare \u00e4ven p\u00e5 h\u00f6ger sida.<\/p>\n<p>Varicer &#8211; v\u00e4nster sida i b\u00f6rjan, senare \u00e4ven p\u00e5 h\u00f6ger sida.<\/p>\n<p>Sv\u00e5righet<\/p>\n<p>Prickningar, domningar &#8211; i f\u00f6rsta hand neurologisk diagnostik obligatorisk.<\/p>\n<p>Trombos<\/p>\n<p>tillbaka till b\u00f6rjan<br \/>\n*** Translated with www.DeepL.com\/Translator (free version) ***<\/p>\n<p>&nbsp;<\/p>","protected":false},"excerpt":{"rendered":"<p>Nedanst\u00e5ende symtom f\u00f6rekommer vanligtvis hos patienter med kompressionssyndrom i buken. \u00c4ven om varje symptom kan ha olika orsaker kan det vara till hj\u00e4lp att f\u00f6rklara deras samband med k\u00e4rlkompressioner. Klicka p\u00e5 det l\u00e4nkade symptomet f\u00f6r att f\u00e5 en mer detaljerad f\u00f6rklaring. Vid dessa, ofta kroniska och allvarliga symtom, b\u00f6r en funktionell, kvantitativ f\u00e4rgduplexsonografi med till\u00e4mpning [&hellip;]<\/p>\n","protected":false},"author":5,"featured_media":0,"parent":2962,"menu_order":1,"comment_status":"closed","ping_status":"closed","template":"","meta":{"om_disable_all_campaigns":false,"footnotes":""},"class_list":["post-2853","page","type-page","status-publish","hentry"],"_links":{"self":[{"href":"https:\/\/scholbach.de\/sv\/wp-json\/wp\/v2\/pages\/2853","targetHints":{"allow":["GET"]}}],"collection":[{"href":"https:\/\/scholbach.de\/sv\/wp-json\/wp\/v2\/pages"}],"about":[{"href":"https:\/\/scholbach.de\/sv\/wp-json\/wp\/v2\/types\/page"}],"author":[{"embeddable":true,"href":"https:\/\/scholbach.de\/sv\/wp-json\/wp\/v2\/users\/5"}],"replies":[{"embeddable":true,"href":"https:\/\/scholbach.de\/sv\/wp-json\/wp\/v2\/comments?post=2853"}],"version-history":[{"count":77,"href":"https:\/\/scholbach.de\/sv\/wp-json\/wp\/v2\/pages\/2853\/revisions"}],"predecessor-version":[{"id":8923,"href":"https:\/\/scholbach.de\/sv\/wp-json\/wp\/v2\/pages\/2853\/revisions\/8923"}],"up":[{"embeddable":true,"href":"https:\/\/scholbach.de\/sv\/wp-json\/wp\/v2\/pages\/2962"}],"wp:attachment":[{"href":"https:\/\/scholbach.de\/sv\/wp-json\/wp\/v2\/media?parent=2853"}],"curies":[{"name":"wp","href":"https:\/\/api.w.org\/{rel}","templated":true}]}}