{"id":24,"date":"2015-12-26T14:31:49","date_gmt":"2015-12-26T14:31:49","guid":{"rendered":"http:\/\/wp12612379.server-he.de\/?page_id=24"},"modified":"2024-11-18T13:19:59","modified_gmt":"2024-11-18T12:19:59","slug":"expertise","status":"publish","type":"page","link":"https:\/\/scholbach.de\/sv\/expertise","title":{"rendered":"Expertise"},"content":{"rendered":"<p class=\"qtranxs-available-languages-message qtranxs-available-languages-message-sv\">Tyv\u00e4rr \u00e4r denna artikel enbart tillg\u00e4nglig p\u00e5 <a href=\"https:\/\/scholbach.de\/en\/wp-json\/wp\/v2\/pages\/24\" class=\"qtranxs-available-language-link qtranxs-available-language-link-en\" title=\"English\">English<\/a>, <a href=\"https:\/\/scholbach.de\/de\/wp-json\/wp\/v2\/pages\/24\" class=\"qtranxs-available-language-link qtranxs-available-language-link-de\" title=\"Deutsch\">Deutsch<\/a>, <a href=\"https:\/\/scholbach.de\/fr\/wp-json\/wp\/v2\/pages\/24\" class=\"qtranxs-available-language-link qtranxs-available-language-link-fr\" title=\"Fran\u00e7ais\">Fran\u00e7ais<\/a>, <a href=\"https:\/\/scholbach.de\/es\/wp-json\/wp\/v2\/pages\/24\" class=\"qtranxs-available-language-link qtranxs-available-language-link-es\" title=\"Espa\u00f1ol\">Espa\u00f1ol<\/a>, <a href=\"https:\/\/scholbach.de\/pl\/wp-json\/wp\/v2\/pages\/24\" class=\"qtranxs-available-language-link qtranxs-available-language-link-pl\" title=\"Polski\">Polski<\/a>, <a href=\"https:\/\/scholbach.de\/el\/wp-json\/wp\/v2\/pages\/24\" class=\"qtranxs-available-language-link qtranxs-available-language-link-el\" title=\"\u0395\u03bb\u03bb\u03b7\u03bd\u03b9\u03ba\u03ac\">\u0395\u03bb\u03bb\u03b7\u03bd\u03b9\u03ba\u03ac<\/a>, <a href=\"https:\/\/scholbach.de\/pt\/wp-json\/wp\/v2\/pages\/24\" class=\"qtranxs-available-language-link qtranxs-available-language-link-pt\" title=\"Portugu\u00eas\">Portugu\u00eas<\/a>, <a href=\"https:\/\/scholbach.de\/in\/wp-json\/wp\/v2\/pages\/24\" class=\"qtranxs-available-language-link qtranxs-available-language-link-in\" title=\"\u092d\u093e\u0930\u0924\">\u092d\u093e\u0930\u0924<\/a>, <a href=\"https:\/\/scholbach.de\/ja\/wp-json\/wp\/v2\/pages\/24\" class=\"qtranxs-available-language-link qtranxs-available-language-link-ja\" title=\"\u65e5\u672c\u8a9e\">\u65e5\u672c\u8a9e<\/a>, <a href=\"https:\/\/scholbach.de\/zh\/wp-json\/wp\/v2\/pages\/24\" class=\"qtranxs-available-language-link qtranxs-available-language-link-zh\" title=\"\u4e2d\u6587\">\u4e2d\u6587<\/a> och <a href=\"https:\/\/scholbach.de\/ru\/wp-json\/wp\/v2\/pages\/24\" class=\"qtranxs-available-language-link qtranxs-available-language-link-ru\" title=\"\u0420\u0443\u0441\u0441\u043a\u0438\u0439\">\u0420\u0443\u0441\u0441\u043a\u0438\u0439<\/a>.<\/p><p><\/p>\n<h1>Academic Qualification<\/h1>\n<ul>\n<li>Consultant for Pediatrics<\/li>\n<li>Medical Doctor (Dr. med.) with the thesis <em>Nachweis von Mediatoren zellvermittelter Immunreaktionen mit Hilfe eines optimierten, spektrophotometrisch ausgewerteten NBT-Tests<\/em><\/li>\n<li>Habilitation (Dr. med. habil.) with the thesis <em>Duplexsonografische Untersuchungen der Nieren gesunder Kinder und von Kindern mit h\u00e4molytisch-ur\u00e4mischem Syndrom<\/em><\/li>\n<li>Venia legendi at the University of Leipzig<\/li>\n<li>Professor at the Technical University Dresden<\/li>\n<li>Head of international studies<\/li>\n<li>More than 100 international scientific publications and book chapters<\/li>\n<li>Inauguration of the PixelFlux-method (www.chameleon-software.de), which is the first Color Doppler Sonographic Tissue Perfusion Measurement worldwide, meaning refined diagnostics and treatment evaluation by disease staging according to organ and tissue perfusion<\/li>\n<\/ul>\n<h1>Certificates<\/h1>\n<ul>\n<li>Until leaving DEGUM on 31.12.2023: Level-III-Instructor of the German Society of Medical Ultrasound (DEGUM)<\/li>\n<\/ul>\n<h1>Talks and presentations<\/h1>\n<p>Many talks and presentations at (amongst others)<\/p>\n<ul>\n<li>World Congresses for Ultrasound (WFUMB) and Ultrasound in Obstetrics (ISUOG)<\/li>\n<li>European Nephrological Congresses<\/li>\n<li>German, European and International Ultrasound Congresses<\/li>\n<li>Pediatric Congresses<\/li>\n<\/ul>\n<h1>Awards<\/h1>\n<ul>\n<li>Winner of numerous awards of the German Society of Medical Ultrasound (DEGUM)<\/li>\n<li><a href=\"https:\/\/scholbach.de\/efsumb-award-2015-umbilical-vein-vasomotion-detection-and-measurements-by-means-3d-pixelflux-measurements-in-fetuses-of-the-17th-to-20th-gestional-week\">Winner of the 1st European Ultrasound Award at the European Ultrasound Congress in Athens 2015<\/a><\/li>\n<\/ul>\n<p><\/p>","protected":false},"excerpt":{"rendered":"<p>Tyv\u00e4rr \u00e4r denna artikel enbart tillg\u00e4nglig p\u00e5 English, Deutsch, Fran\u00e7ais, Espa\u00f1ol, Polski, \u0395\u03bb\u03bb\u03b7\u03bd\u03b9\u03ba\u03ac, Portugu\u00eas, \u092d\u093e\u0930\u0924, \u65e5\u672c\u8a9e, \u4e2d\u6587 och \u0420\u0443\u0441\u0441\u043a\u0438\u0439. Academic Qualification Consultant for Pediatrics Medical Doctor (Dr. med.) with the thesis Nachweis von Mediatoren zellvermittelter Immunreaktionen mit Hilfe eines optimierten, spektrophotometrisch ausgewerteten NBT-Tests Habilitation (Dr. med. habil.) with the thesis Duplexsonografische Untersuchungen der Nieren gesunder [&hellip;]<\/p>\n","protected":false},"author":4,"featured_media":0,"parent":0,"menu_order":6,"comment_status":"closed","ping_status":"closed","template":"","meta":{"om_disable_all_campaigns":false,"footnotes":""},"class_list":["post-24","page","type-page","status-publish","hentry"],"_links":{"self":[{"href":"https:\/\/scholbach.de\/sv\/wp-json\/wp\/v2\/pages\/24","targetHints":{"allow":["GET"]}}],"collection":[{"href":"https:\/\/scholbach.de\/sv\/wp-json\/wp\/v2\/pages"}],"about":[{"href":"https:\/\/scholbach.de\/sv\/wp-json\/wp\/v2\/types\/page"}],"author":[{"embeddable":true,"href":"https:\/\/scholbach.de\/sv\/wp-json\/wp\/v2\/users\/4"}],"replies":[{"embeddable":true,"href":"https:\/\/scholbach.de\/sv\/wp-json\/wp\/v2\/comments?post=24"}],"version-history":[{"count":52,"href":"https:\/\/scholbach.de\/sv\/wp-json\/wp\/v2\/pages\/24\/revisions"}],"predecessor-version":[{"id":8920,"href":"https:\/\/scholbach.de\/sv\/wp-json\/wp\/v2\/pages\/24\/revisions\/8920"}],"wp:attachment":[{"href":"https:\/\/scholbach.de\/sv\/wp-json\/wp\/v2\/media?parent=24"}],"curies":[{"name":"wp","href":"https:\/\/api.w.org\/{rel}","templated":true}]}}