{"id":2246,"date":"2018-04-22T16:36:20","date_gmt":"2018-04-22T16:36:20","guid":{"rendered":"http:\/\/scholbach.de\/?page_id=2246"},"modified":"2022-02-14T14:24:11","modified_gmt":"2022-02-14T14:24:11","slug":"aortenaneurysma-diagnostik-mit-farbdopplerultraschall","status":"publish","type":"page","link":"https:\/\/scholbach.de\/sv\/wissenschaft\/deutsch-ultraschalldiagnostik\/aortenaneurysma-diagnostik-mit-farbdopplerultraschall","title":{"rendered":"Aortenaneurysma : Diagnostik mit Farbdopplerultraschall"},"content":{"rendered":"<p class=\"qtranxs-available-languages-message qtranxs-available-languages-message-sv\">Tyv\u00e4rr \u00e4r denna artikel enbart tillg\u00e4nglig p\u00e5 <a href=\"https:\/\/scholbach.de\/de\/wp-json\/wp\/v2\/pages\/2246\" class=\"qtranxs-available-language-link qtranxs-available-language-link-de\" title=\"Deutsch\">Deutsch<\/a> och <a href=\"https:\/\/scholbach.de\/pt\/wp-json\/wp\/v2\/pages\/2246\" class=\"qtranxs-available-language-link qtranxs-available-language-link-pt\" title=\"Portugu\u00eas\">Portugu\u00eas<\/a>.<\/p><p>Bei Kindern mit Bindegewebserkrankungen und mit zunehmendem Alter steigt das Risiko einer schleichenden Erweiterung der Hauptschlagader. Diese Erkrankung wird Aortenaneurysma genannt. Erreicht die Erweiterung einen kritischen Durchmesser, bei Erwachsenen z.B. von 5,5 cm, sollte operiert werden, um einem lebensbedrohlichen Zerrei\u00dfen der Hauptschlagader zuvorzukommen.<\/p>\n<p>Ca. 2% aller M\u00e4nner zwischen 65 und 75 Jahren sind von einem unbemerkten Aortenaneurysma betroffen und tragen damit ein wesentlich h\u00f6heres Risiko als andere Bev\u00f6lkerungsgruppen.<\/p>\n<p>Wir bieten die Diagnostik des Aortenaneurysmas mit Farbdopplersonografie an, bei Erwachsenen als Selbstzahlerleistung. St\u00f6rungen der Blutstr\u00f6mung werden, anders als bei der\u00a0herk\u00f6mmlichen Ultraschalldiagnostik, sofort sichtbar.<\/p>\n<p>&nbsp;<\/p>","protected":false},"excerpt":{"rendered":"<p>Tyv\u00e4rr \u00e4r denna artikel enbart tillg\u00e4nglig p\u00e5 Deutsch och Portugu\u00eas.Bei Kindern mit Bindegewebserkrankungen und mit zunehmendem Alter steigt das Risiko einer schleichenden Erweiterung der Hauptschlagader. Diese Erkrankung wird Aortenaneurysma genannt. Erreicht die Erweiterung einen kritischen Durchmesser, bei Erwachsenen z.B. von 5,5 cm, sollte operiert werden, um einem lebensbedrohlichen Zerrei\u00dfen der Hauptschlagader zuvorzukommen. Ca. 2% aller [&hellip;]<\/p>\n","protected":false},"author":5,"featured_media":0,"parent":93,"menu_order":4,"comment_status":"closed","ping_status":"closed","template":"","meta":{"om_disable_all_campaigns":false,"footnotes":""},"class_list":["post-2246","page","type-page","status-publish","hentry"],"_links":{"self":[{"href":"https:\/\/scholbach.de\/sv\/wp-json\/wp\/v2\/pages\/2246","targetHints":{"allow":["GET"]}}],"collection":[{"href":"https:\/\/scholbach.de\/sv\/wp-json\/wp\/v2\/pages"}],"about":[{"href":"https:\/\/scholbach.de\/sv\/wp-json\/wp\/v2\/types\/page"}],"author":[{"embeddable":true,"href":"https:\/\/scholbach.de\/sv\/wp-json\/wp\/v2\/users\/5"}],"replies":[{"embeddable":true,"href":"https:\/\/scholbach.de\/sv\/wp-json\/wp\/v2\/comments?post=2246"}],"version-history":[{"count":3,"href":"https:\/\/scholbach.de\/sv\/wp-json\/wp\/v2\/pages\/2246\/revisions"}],"predecessor-version":[{"id":7142,"href":"https:\/\/scholbach.de\/sv\/wp-json\/wp\/v2\/pages\/2246\/revisions\/7142"}],"up":[{"embeddable":true,"href":"https:\/\/scholbach.de\/sv\/wp-json\/wp\/v2\/pages\/93"}],"wp:attachment":[{"href":"https:\/\/scholbach.de\/sv\/wp-json\/wp\/v2\/media?parent=2246"}],"curies":[{"name":"wp","href":"https:\/\/api.w.org\/{rel}","templated":true}]}}