{"id":1341,"date":"2017-05-09T19:33:20","date_gmt":"2017-05-09T19:33:20","guid":{"rendered":"http:\/\/scholbach.de\/?page_id=1341"},"modified":"2020-03-30T12:32:28","modified_gmt":"2020-03-30T12:32:28","slug":"vortraege-und-lehrtaetigkeit-in-aller-welt","status":"publish","type":"page","link":"https:\/\/scholbach.de\/sv\/expertise\/vortraege-und-lehrtaetigkeit-in-aller-welt","title":{"rendered":"Lectures and teaching around the globe"},"content":{"rendered":"<p class=\"qtranxs-available-languages-message qtranxs-available-languages-message-sv\">Tyv\u00e4rr \u00e4r denna artikel enbart tillg\u00e4nglig p\u00e5 <a href=\"https:\/\/scholbach.de\/en\/wp-json\/wp\/v2\/pages\/1341\" class=\"qtranxs-available-language-link qtranxs-available-language-link-en\" title=\"English\">English<\/a>, <a href=\"https:\/\/scholbach.de\/de\/wp-json\/wp\/v2\/pages\/1341\" class=\"qtranxs-available-language-link qtranxs-available-language-link-de\" title=\"Deutsch\">Deutsch<\/a>, <a href=\"https:\/\/scholbach.de\/ar\/wp-json\/wp\/v2\/pages\/1341\" class=\"qtranxs-available-language-link qtranxs-available-language-link-ar\" title=\"\u0627\u0644\u0639\u0631\u0628\u064a\u0629\">\u0627\u0644\u0639\u0631\u0628\u064a\u0629<\/a>, <a href=\"https:\/\/scholbach.de\/es\/wp-json\/wp\/v2\/pages\/1341\" class=\"qtranxs-available-language-link qtranxs-available-language-link-es\" title=\"Espa\u00f1ol\">Espa\u00f1ol<\/a>, <a href=\"https:\/\/scholbach.de\/pl\/wp-json\/wp\/v2\/pages\/1341\" class=\"qtranxs-available-language-link qtranxs-available-language-link-pl\" title=\"Polski\">Polski<\/a>, <a href=\"https:\/\/scholbach.de\/in\/wp-json\/wp\/v2\/pages\/1341\" class=\"qtranxs-available-language-link qtranxs-available-language-link-in\" title=\"\u092d\u093e\u0930\u0924\">\u092d\u093e\u0930\u0924<\/a>, <a href=\"https:\/\/scholbach.de\/ja\/wp-json\/wp\/v2\/pages\/1341\" class=\"qtranxs-available-language-link qtranxs-available-language-link-ja\" title=\"\u65e5\u672c\u8a9e\">\u65e5\u672c\u8a9e<\/a>, <a href=\"https:\/\/scholbach.de\/zh\/wp-json\/wp\/v2\/pages\/1341\" class=\"qtranxs-available-language-link qtranxs-available-language-link-zh\" title=\"\u4e2d\u6587\">\u4e2d\u6587<\/a> och <a href=\"https:\/\/scholbach.de\/ru\/wp-json\/wp\/v2\/pages\/1341\" class=\"qtranxs-available-language-link qtranxs-available-language-link-ru\" title=\"\u0420\u0443\u0441\u0441\u043a\u0438\u0439\">\u0420\u0443\u0441\u0441\u043a\u0438\u0439<\/a>.<\/p><p>I held lectures, presentations and ultrasound seminars in many countries as Brasil, USA, Canada, South-Korea, China, Taiwan, Italy, Greece, Belgium, Switzerland, Norway, Denmark, Spain, Austria,\u00a0 Czech Republic, France and the Netherlands, Slovenia and Great Britain. See some impressions below.<\/p>\n<p><img loading=\"lazy\" decoding=\"async\" class=\"wp-image-1353 aligncenter\" src=\"https:\/\/scholbach.de\/wp-content\/uploads\/2017\/05\/China-3.jpg\" alt=\"\" width=\"656\" height=\"435\" srcset=\"https:\/\/scholbach.de\/wp-content\/uploads\/2017\/05\/China-3.jpg 693w, https:\/\/scholbach.de\/wp-content\/uploads\/2017\/05\/China-3-300x199.jpg 300w\" sizes=\"auto, (max-width: 656px) 100vw, 656px\" \/><\/p>\n<p>Empfang durch den Direktor des Drum Tower Hospitals Nanjing, Prof. Ding (Mitte sitzend) am 23.04.2000<\/p>\n<div id=\"attachment_1348\" style=\"width: 676px\" class=\"wp-caption aligncenter\"><img loading=\"lazy\" decoding=\"async\" aria-describedby=\"caption-attachment-1348\" class=\"wp-image-1348 \" src=\"https:\/\/scholbach.de\/wp-content\/uploads\/2017\/05\/Scholbach-01.06.2006-mit-Podium.jpg\" alt=\"\" width=\"666\" height=\"443\" srcset=\"https:\/\/scholbach.de\/wp-content\/uploads\/2017\/05\/Scholbach-01.06.2006-mit-Podium.jpg 2048w, https:\/\/scholbach.de\/wp-content\/uploads\/2017\/05\/Scholbach-01.06.2006-mit-Podium-300x199.jpg 300w, https:\/\/scholbach.de\/wp-content\/uploads\/2017\/05\/Scholbach-01.06.2006-mit-Podium-768x510.jpg 768w, https:\/\/scholbach.de\/wp-content\/uploads\/2017\/05\/Scholbach-01.06.2006-mit-Podium-1024x680.jpg 1024w\" sizes=\"auto, (max-width: 666px) 100vw, 666px\" \/><p id=\"caption-attachment-1348\" class=\"wp-caption-text\">Vortrag (key note lecture) auf dem Ultraschall-Weltkongress der WFUMB 2006 in S\u00fcd-Korea (Seoul)<\/p><\/div>\n<div id=\"attachment_1350\" style=\"width: 681px\" class=\"wp-caption aligncenter\"><img loading=\"lazy\" decoding=\"async\" aria-describedby=\"caption-attachment-1350\" class=\"wp-image-1350\" src=\"https:\/\/scholbach.de\/wp-content\/uploads\/2017\/05\/DSC5602.jpg\" alt=\"\" width=\"671\" height=\"445\" srcset=\"https:\/\/scholbach.de\/wp-content\/uploads\/2017\/05\/DSC5602.jpg 2600w, https:\/\/scholbach.de\/wp-content\/uploads\/2017\/05\/DSC5602-300x199.jpg 300w, https:\/\/scholbach.de\/wp-content\/uploads\/2017\/05\/DSC5602-768x509.jpg 768w, https:\/\/scholbach.de\/wp-content\/uploads\/2017\/05\/DSC5602-1024x679.jpg 1024w\" sizes=\"auto, (max-width: 671px) 100vw, 671px\" \/><p id=\"caption-attachment-1350\" class=\"wp-caption-text\">Empfang der ausl\u00e4ndischen Referenten durch den Pr\u00e4sidenten der Taiwanesischen Ultraschallgesellschaft 2008<\/p><\/div>\n<div id=\"attachment_1343\" style=\"width: 667px\" class=\"wp-caption aligncenter\"><img loading=\"lazy\" decoding=\"async\" aria-describedby=\"caption-attachment-1343\" class=\"wp-image-1343 \" src=\"https:\/\/scholbach.de\/wp-content\/uploads\/2017\/05\/DSC03358.jpg\" alt=\"\" width=\"657\" height=\"493\" srcset=\"https:\/\/scholbach.de\/wp-content\/uploads\/2017\/05\/DSC03358.jpg 3072w, https:\/\/scholbach.de\/wp-content\/uploads\/2017\/05\/DSC03358-300x225.jpg 300w, https:\/\/scholbach.de\/wp-content\/uploads\/2017\/05\/DSC03358-768x576.jpg 768w, https:\/\/scholbach.de\/wp-content\/uploads\/2017\/05\/DSC03358-1024x768.jpg 1024w\" sizes=\"auto, (max-width: 657px) 100vw, 657px\" \/><p id=\"caption-attachment-1343\" class=\"wp-caption-text\">Unsere Gastgeber in Taiwan zum Taiwanesischen Ultraschallkongress 2008 &#8211; in der Mitte Daniel Lichtenstein aus dem Krankenhaus Ambroise Par\u00e9, Paris, der Erfinder der modernen Lungensonografie<\/p><\/div>\n<div id=\"attachment_1346\" style=\"width: 672px\" class=\"wp-caption aligncenter\"><img loading=\"lazy\" decoding=\"async\" aria-describedby=\"caption-attachment-1346\" class=\"wp-image-1346 \" src=\"https:\/\/scholbach.de\/wp-content\/uploads\/2017\/05\/IMG_2968.jpg\" alt=\"\" width=\"662\" height=\"441\" srcset=\"https:\/\/scholbach.de\/wp-content\/uploads\/2017\/05\/IMG_2968.jpg 4752w, https:\/\/scholbach.de\/wp-content\/uploads\/2017\/05\/IMG_2968-300x200.jpg 300w, https:\/\/scholbach.de\/wp-content\/uploads\/2017\/05\/IMG_2968-768x512.jpg 768w, https:\/\/scholbach.de\/wp-content\/uploads\/2017\/05\/IMG_2968-1024x683.jpg 1024w\" sizes=\"auto, (max-width: 662px) 100vw, 662px\" \/><p id=\"caption-attachment-1346\" class=\"wp-caption-text\">Einladungsvortrag 2012 im People&#8217;s Hospital Dongguan<\/p><\/div>\n<div id=\"attachment_1345\" style=\"width: 669px\" class=\"wp-caption aligncenter\"><img loading=\"lazy\" decoding=\"async\" aria-describedby=\"caption-attachment-1345\" class=\"wp-image-1345 \" src=\"https:\/\/scholbach.de\/wp-content\/uploads\/2017\/05\/IMG_2951.jpg\" alt=\"\" width=\"659\" height=\"439\" srcset=\"https:\/\/scholbach.de\/wp-content\/uploads\/2017\/05\/IMG_2951.jpg 4752w, https:\/\/scholbach.de\/wp-content\/uploads\/2017\/05\/IMG_2951-300x200.jpg 300w, https:\/\/scholbach.de\/wp-content\/uploads\/2017\/05\/IMG_2951-768x512.jpg 768w, https:\/\/scholbach.de\/wp-content\/uploads\/2017\/05\/IMG_2951-1024x683.jpg 1024w\" sizes=\"auto, (max-width: 659px) 100vw, 659px\" \/><p id=\"caption-attachment-1345\" class=\"wp-caption-text\">Ehrung im People&#8217;s Hospital Dongguan &#8221;Der Freund in der Fremde bringt uns die Fremde nah&#8221;<\/p><\/div>\n<div id=\"attachment_1344\" style=\"width: 666px\" class=\"wp-caption aligncenter\"><img loading=\"lazy\" decoding=\"async\" aria-describedby=\"caption-attachment-1344\" class=\"wp-image-1344 \" src=\"https:\/\/scholbach.de\/wp-content\/uploads\/2017\/05\/IMG_2915.jpg\" alt=\"\" width=\"656\" height=\"437\" srcset=\"https:\/\/scholbach.de\/wp-content\/uploads\/2017\/05\/IMG_2915.jpg 4752w, https:\/\/scholbach.de\/wp-content\/uploads\/2017\/05\/IMG_2915-300x200.jpg 300w, https:\/\/scholbach.de\/wp-content\/uploads\/2017\/05\/IMG_2915-768x512.jpg 768w, https:\/\/scholbach.de\/wp-content\/uploads\/2017\/05\/IMG_2915-1024x683.jpg 1024w\" sizes=\"auto, (max-width: 656px) 100vw, 656px\" \/><p id=\"caption-attachment-1344\" class=\"wp-caption-text\">Im Auditorium des People&#8217;s Hospital Dongguan<\/p><\/div>\n<div id=\"attachment_1347\" style=\"width: 667px\" class=\"wp-caption aligncenter\"><img loading=\"lazy\" decoding=\"async\" aria-describedby=\"caption-attachment-1347\" class=\"wp-image-1347 \" src=\"https:\/\/scholbach.de\/wp-content\/uploads\/2017\/05\/IMG_3075.jpg\" alt=\"\" width=\"657\" height=\"438\" srcset=\"https:\/\/scholbach.de\/wp-content\/uploads\/2017\/05\/IMG_3075.jpg 4752w, https:\/\/scholbach.de\/wp-content\/uploads\/2017\/05\/IMG_3075-300x200.jpg 300w, https:\/\/scholbach.de\/wp-content\/uploads\/2017\/05\/IMG_3075-768x512.jpg 768w, https:\/\/scholbach.de\/wp-content\/uploads\/2017\/05\/IMG_3075-1024x683.jpg 1024w\" sizes=\"auto, (max-width: 657px) 100vw, 657px\" \/><p id=\"caption-attachment-1347\" class=\"wp-caption-text\">Ultraschallausbildung am People&#8217;s Hospital in Dongguan, China, 2012<\/p><\/div>\n<div id=\"attachment_1355\" style=\"width: 668px\" class=\"wp-caption aligncenter\"><img loading=\"lazy\" decoding=\"async\" aria-describedby=\"caption-attachment-1355\" class=\"wp-image-1355 \" src=\"https:\/\/scholbach.de\/wp-content\/uploads\/2017\/05\/Ultrascahllausbildung.jpg\" alt=\"\" width=\"658\" height=\"575\" srcset=\"https:\/\/scholbach.de\/wp-content\/uploads\/2017\/05\/Ultrascahllausbildung.jpg 1029w, https:\/\/scholbach.de\/wp-content\/uploads\/2017\/05\/Ultrascahllausbildung-300x262.jpg 300w, https:\/\/scholbach.de\/wp-content\/uploads\/2017\/05\/Ultrascahllausbildung-768x671.jpg 768w, https:\/\/scholbach.de\/wp-content\/uploads\/2017\/05\/Ultrascahllausbildung-1024x895.jpg 1024w\" sizes=\"auto, (max-width: 658px) 100vw, 658px\" \/><p id=\"caption-attachment-1355\" class=\"wp-caption-text\">Studentenausbildung im Ultraschall in Deutschland<\/p><\/div>\n<div id=\"attachment_1351\" style=\"width: 663px\" class=\"wp-caption aligncenter\"><img loading=\"lazy\" decoding=\"async\" aria-describedby=\"caption-attachment-1351\" class=\"wp-image-1351 \" src=\"https:\/\/scholbach.de\/wp-content\/uploads\/2017\/05\/Sono-Seminar-16.10.2013-002.jpg\" alt=\"\" width=\"653\" height=\"490\" srcset=\"https:\/\/scholbach.de\/wp-content\/uploads\/2017\/05\/Sono-Seminar-16.10.2013-002.jpg 4000w, https:\/\/scholbach.de\/wp-content\/uploads\/2017\/05\/Sono-Seminar-16.10.2013-002-300x225.jpg 300w, https:\/\/scholbach.de\/wp-content\/uploads\/2017\/05\/Sono-Seminar-16.10.2013-002-768x576.jpg 768w, https:\/\/scholbach.de\/wp-content\/uploads\/2017\/05\/Sono-Seminar-16.10.2013-002-1024x768.jpg 1024w\" sizes=\"auto, (max-width: 653px) 100vw, 653px\" \/><p id=\"caption-attachment-1351\" class=\"wp-caption-text\">Ultrasound training for medical students<\/p><\/div>\n<p><div id=\"attachment_1704\" style=\"width: 655px\" class=\"wp-caption aligncenter\"><img loading=\"lazy\" decoding=\"async\" aria-describedby=\"caption-attachment-1704\" class=\"wp-image-1704\" src=\"https:\/\/scholbach.de\/wp-content\/uploads\/2017\/05\/IMG_20171009_125328.jpg\" alt=\"\" width=\"645\" height=\"484\" srcset=\"https:\/\/scholbach.de\/wp-content\/uploads\/2017\/05\/IMG_20171009_125328.jpg 4160w, https:\/\/scholbach.de\/wp-content\/uploads\/2017\/05\/IMG_20171009_125328-300x225.jpg 300w, https:\/\/scholbach.de\/wp-content\/uploads\/2017\/05\/IMG_20171009_125328-768x576.jpg 768w, https:\/\/scholbach.de\/wp-content\/uploads\/2017\/05\/IMG_20171009_125328-1024x768.jpg 1024w\" sizes=\"auto, (max-width: 645px) 100vw, 645px\" \/><p id=\"caption-attachment-1704\" class=\"wp-caption-text\">After my talks at the Brookes University Oxford in front of the Maxwell Villa with Professor Wolfram M\u00fcller from the Graz University<\/p><\/div><\/p>","protected":false},"excerpt":{"rendered":"<p>Tyv\u00e4rr \u00e4r denna artikel enbart tillg\u00e4nglig p\u00e5 English, Deutsch, \u0627\u0644\u0639\u0631\u0628\u064a\u0629, Espa\u00f1ol, Polski, \u092d\u093e\u0930\u0924, \u65e5\u672c\u8a9e, \u4e2d\u6587 och \u0420\u0443\u0441\u0441\u043a\u0438\u0439.I held lectures, presentations and ultrasound seminars in many countries as Brasil, USA, Canada, South-Korea, China, Taiwan, Italy, Greece, Belgium, Switzerland, Norway, Denmark, Spain, Austria,\u00a0 Czech Republic, France and the Netherlands, Slovenia and Great Britain. See some impressions below. [&hellip;]<\/p>\n","protected":false},"author":5,"featured_media":0,"parent":24,"menu_order":30,"comment_status":"closed","ping_status":"closed","template":"","meta":{"om_disable_all_campaigns":false,"footnotes":""},"class_list":["post-1341","page","type-page","status-publish","hentry"],"_links":{"self":[{"href":"https:\/\/scholbach.de\/sv\/wp-json\/wp\/v2\/pages\/1341","targetHints":{"allow":["GET"]}}],"collection":[{"href":"https:\/\/scholbach.de\/sv\/wp-json\/wp\/v2\/pages"}],"about":[{"href":"https:\/\/scholbach.de\/sv\/wp-json\/wp\/v2\/types\/page"}],"author":[{"embeddable":true,"href":"https:\/\/scholbach.de\/sv\/wp-json\/wp\/v2\/users\/5"}],"replies":[{"embeddable":true,"href":"https:\/\/scholbach.de\/sv\/wp-json\/wp\/v2\/comments?post=1341"}],"version-history":[{"count":34,"href":"https:\/\/scholbach.de\/sv\/wp-json\/wp\/v2\/pages\/1341\/revisions"}],"predecessor-version":[{"id":4372,"href":"https:\/\/scholbach.de\/sv\/wp-json\/wp\/v2\/pages\/1341\/revisions\/4372"}],"up":[{"embeddable":true,"href":"https:\/\/scholbach.de\/sv\/wp-json\/wp\/v2\/pages\/24"}],"wp:attachment":[{"href":"https:\/\/scholbach.de\/sv\/wp-json\/wp\/v2\/media?parent=1341"}],"curies":[{"name":"wp","href":"https:\/\/api.w.org\/{rel}","templated":true}]}}