{"id":10026,"date":"2026-02-22T18:35:12","date_gmt":"2026-02-22T17:35:12","guid":{"rendered":"https:\/\/scholbach.de\/?page_id=10026"},"modified":"2026-02-22T18:36:38","modified_gmt":"2026-02-22T17:36:38","slug":"spinal-muscular-atrophy","status":"publish","type":"page","link":"https:\/\/scholbach.de\/sv\/spinal-muscular-atrophy","title":{"rendered":"Spinal muscular atrophy and other types of paralysis"},"content":{"rendered":"<p class=\"qtranxs-available-languages-message qtranxs-available-languages-message-sv\">Tyv\u00e4rr \u00e4r denna artikel enbart tillg\u00e4nglig p\u00e5 <a href=\"https:\/\/scholbach.de\/en\/wp-json\/wp\/v2\/pages\/10026\" class=\"qtranxs-available-language-link qtranxs-available-language-link-en\" title=\"English\">English<\/a> och <a href=\"https:\/\/scholbach.de\/de\/wp-json\/wp\/v2\/pages\/10026\" class=\"qtranxs-available-language-link qtranxs-available-language-link-de\" title=\"Deutsch\">Deutsch<\/a>.<\/p><p><\/p>\n<ol>\n<li style=\"list-style-type: none;\">\n<ol>\n<li><a href=\"https:\/\/scholbach.de\/venous-congestion-of-the-spinal-cord-may-be-a-potential-contributor-to-the-development-of-paraplegia-in-patients-with-spinal-muscular-atrophy-type-iii-kugelberg-welander-disease\">Venous congestion of the spinal cord may be a potential contributor to the development of paraplegia in patients with spinal muscular atrophy type III (Kugelberg-Welander disease)<\/a><\/li>\n<\/ol>\n<\/li>\n<\/ol>\n<p><\/p>","protected":false},"excerpt":{"rendered":"<p>Tyv\u00e4rr \u00e4r denna artikel enbart tillg\u00e4nglig p\u00e5 English och Deutsch. Venous congestion of the spinal cord may be a potential contributor to the development of paraplegia in patients with spinal muscular atrophy type III (Kugelberg-Welander disease)<\/p>\n","protected":false},"author":5,"featured_media":0,"parent":0,"menu_order":0,"comment_status":"closed","ping_status":"closed","template":"","meta":{"om_disable_all_campaigns":false,"footnotes":""},"class_list":["post-10026","page","type-page","status-publish","hentry"],"_links":{"self":[{"href":"https:\/\/scholbach.de\/sv\/wp-json\/wp\/v2\/pages\/10026","targetHints":{"allow":["GET"]}}],"collection":[{"href":"https:\/\/scholbach.de\/sv\/wp-json\/wp\/v2\/pages"}],"about":[{"href":"https:\/\/scholbach.de\/sv\/wp-json\/wp\/v2\/types\/page"}],"author":[{"embeddable":true,"href":"https:\/\/scholbach.de\/sv\/wp-json\/wp\/v2\/users\/5"}],"replies":[{"embeddable":true,"href":"https:\/\/scholbach.de\/sv\/wp-json\/wp\/v2\/comments?post=10026"}],"version-history":[{"count":2,"href":"https:\/\/scholbach.de\/sv\/wp-json\/wp\/v2\/pages\/10026\/revisions"}],"predecessor-version":[{"id":10029,"href":"https:\/\/scholbach.de\/sv\/wp-json\/wp\/v2\/pages\/10026\/revisions\/10029"}],"wp:attachment":[{"href":"https:\/\/scholbach.de\/sv\/wp-json\/wp\/v2\/media?parent=10026"}],"curies":[{"name":"wp","href":"https:\/\/api.w.org\/{rel}","templated":true}]}}