{"id":7380,"date":"2022-05-05T05:30:59","date_gmt":"2022-05-05T05:30:59","guid":{"rendered":"https:\/\/scholbach.de\/?page_id=7380"},"modified":"2022-05-23T19:15:20","modified_gmt":"2022-05-23T19:15:20","slug":"project-international-scholarship-for-quantitative-functional-color-doppler-ultrasound-training","status":"publish","type":"page","link":"https:\/\/scholbach.de\/ru\/project-international-scholarship-for-quantitative-functional-color-doppler-ultrasound-training","title":{"rendered":"Project &#171;International scholarship for quantitative functional color Doppler ultrasound training&#187;"},"content":{"rendered":"<p class=\"qtranxs-available-languages-message qtranxs-available-languages-message-ru\">\u0418\u0437\u0432\u0438\u043d\u0438\u0442\u0435, \u044d\u0442\u043e\u0442 \u0442\u0435\u043a\u0441\u0442 \u0434\u043e\u0441\u0442\u0443\u043f\u0435\u043d \u0442\u043e\u043b\u044c\u043a\u043e \u043d\u0430 &ldquo;<a href=\"https:\/\/scholbach.de\/en\/wp-json\/wp\/v2\/pages\/7380\" class=\"qtranxs-available-language-link qtranxs-available-language-link-en\" title=\"English\">English<\/a>&rdquo;, &ldquo;<a href=\"https:\/\/scholbach.de\/de\/wp-json\/wp\/v2\/pages\/7380\" class=\"qtranxs-available-language-link qtranxs-available-language-link-de\" title=\"Deutsch\">Deutsch<\/a>&rdquo;, &ldquo;<a href=\"https:\/\/scholbach.de\/fr\/wp-json\/wp\/v2\/pages\/7380\" class=\"qtranxs-available-language-link qtranxs-available-language-link-fr\" title=\"Fran\u00e7ais\">Fran\u00e7ais<\/a>&rdquo;, &ldquo;<a href=\"https:\/\/scholbach.de\/es\/wp-json\/wp\/v2\/pages\/7380\" class=\"qtranxs-available-language-link qtranxs-available-language-link-es\" title=\"Espa\u00f1ol\">Espa\u00f1ol<\/a>&rdquo;, &ldquo;<a href=\"https:\/\/scholbach.de\/it\/wp-json\/wp\/v2\/pages\/7380\" class=\"qtranxs-available-language-link qtranxs-available-language-link-it\" title=\"Italiano\">Italiano<\/a>&rdquo;, &ldquo;<a href=\"https:\/\/scholbach.de\/pt\/wp-json\/wp\/v2\/pages\/7380\" class=\"qtranxs-available-language-link qtranxs-available-language-link-pt\" title=\"Portugu\u00eas\">Portugu\u00eas<\/a>&rdquo;, &ldquo;<a href=\"https:\/\/scholbach.de\/ja\/wp-json\/wp\/v2\/pages\/7380\" class=\"qtranxs-available-language-link qtranxs-available-language-link-ja\" title=\"\u65e5\u672c\u8a9e\">\u65e5\u672c\u8a9e<\/a>&rdquo;, &ldquo;<a href=\"https:\/\/scholbach.de\/nl\/wp-json\/wp\/v2\/pages\/7380\" class=\"qtranxs-available-language-link qtranxs-available-language-link-nl\" title=\"Nederlands\">Nederlands<\/a>&rdquo; \u0438 &ldquo;<a href=\"https:\/\/scholbach.de\/sv\/wp-json\/wp\/v2\/pages\/7380\" class=\"qtranxs-available-language-link qtranxs-available-language-link-sv\" title=\"Svenska\">Svenska<\/a>&rdquo;.<\/p><p>My daily work with patients from all over the world lays bare a dire need for training in quantitative functional color Doppler ultrasound.<\/p>\n<p>&nbsp;<\/p>\n<p>Ultrasound diagnostics made great leaps forward, especially in the field of perfusion measurement.<\/p>\n<p>We offer this to all patients around the globe. But many patients more require a more detailed functional sonographic examination to examine them in their home countries, especially in the developing world.<\/p>\n<p>This is the first step to lay sound ground for a further development of treatment modalities.<\/p>\n<p>&nbsp;<\/p>\n<p>We are thus looking for support to establish a training facility to teach doctors and sonographers from around the globe in the techniques of quantitative perfusion measurements including the award-winning PixelFlux technique.<\/p>\n<p>&nbsp;<\/p>\n<p>Our call goes to medical societies, sponsors, philanthropists, and patient organizations to bundle activities with the aim of a substantial improvement for all patients suffering from unbearable pain and functional disabilities due to so far undiagnosed vascular compression syndromes.<\/p>\n<p>&nbsp;<\/p>\n<p>If you can and want to support this project &#8212; spread the word and <a href=\"mailto:praxis.scholbach@posteo.de\">let me know<\/a>.<\/p>\n<p>&nbsp;<\/p>","protected":false},"excerpt":{"rendered":"<p>\u0418\u0437\u0432\u0438\u043d\u0438\u0442\u0435, \u044d\u0442\u043e\u0442 \u0442\u0435\u043a\u0441\u0442 \u0434\u043e\u0441\u0442\u0443\u043f\u0435\u043d \u0442\u043e\u043b\u044c\u043a\u043e \u043d\u0430 &ldquo;English&rdquo;, &ldquo;Deutsch&rdquo;, &ldquo;Fran\u00e7ais&rdquo;, &ldquo;Espa\u00f1ol&rdquo;, &ldquo;Italiano&rdquo;, &ldquo;Portugu\u00eas&rdquo;, &ldquo;\u65e5\u672c\u8a9e&rdquo;, &ldquo;Nederlands&rdquo; \u0438 &ldquo;Svenska&rdquo;.My daily work with patients from all over the world lays bare a dire need for training in quantitative functional color Doppler ultrasound. &nbsp; Ultrasound diagnostics made great leaps forward, especially in the field of perfusion measurement. We offer this [&hellip;]<\/p>\n","protected":false},"author":5,"featured_media":0,"parent":0,"menu_order":0,"comment_status":"closed","ping_status":"closed","template":"","meta":{"om_disable_all_campaigns":false,"footnotes":""},"class_list":["post-7380","page","type-page","status-publish","hentry"],"_links":{"self":[{"href":"https:\/\/scholbach.de\/ru\/wp-json\/wp\/v2\/pages\/7380","targetHints":{"allow":["GET"]}}],"collection":[{"href":"https:\/\/scholbach.de\/ru\/wp-json\/wp\/v2\/pages"}],"about":[{"href":"https:\/\/scholbach.de\/ru\/wp-json\/wp\/v2\/types\/page"}],"author":[{"embeddable":true,"href":"https:\/\/scholbach.de\/ru\/wp-json\/wp\/v2\/users\/5"}],"replies":[{"embeddable":true,"href":"https:\/\/scholbach.de\/ru\/wp-json\/wp\/v2\/comments?post=7380"}],"version-history":[{"count":10,"href":"https:\/\/scholbach.de\/ru\/wp-json\/wp\/v2\/pages\/7380\/revisions"}],"predecessor-version":[{"id":7444,"href":"https:\/\/scholbach.de\/ru\/wp-json\/wp\/v2\/pages\/7380\/revisions\/7444"}],"wp:attachment":[{"href":"https:\/\/scholbach.de\/ru\/wp-json\/wp\/v2\/media?parent=7380"}],"curies":[{"name":"wp","href":"https:\/\/api.w.org\/{rel}","templated":true}]}}