{"id":20,"date":"2015-12-26T14:31:19","date_gmt":"2015-12-26T14:31:19","guid":{"rendered":"http:\/\/wp12612379.server-he.de\/?page_id=20"},"modified":"2022-01-19T17:39:36","modified_gmt":"2022-01-19T17:39:36","slug":"publikationen","status":"publish","type":"page","link":"https:\/\/scholbach.de\/ru\/expertise\/publikationen","title":{"rendered":"\u041f\u0443\u0431\u043b\u0438\u043a\u0430\u0446\u0438\u0439"},"content":{"rendered":"<p><a href=\"https:\/\/scholbach.de\/?page_id=3887&amp;preview=true\">\u0421\u043f\u0438\u0441\u043e\u043a \u043f\u0443\u0431\u043b\u0438\u043a\u0430\u0446\u0438\u0439<\/a><br \/>\n<a href=\"http:\/\/wp12612379.server-he.de\/wp-content\/uploads\/2015\/12\/20140731-Gef\u00e4\u00dfkompressionsph\u00e4nomene.pdf\">\u0421\u043e\u0441\u0443\u0434\u0438\u0441\u0442\u044b\u0435 \u044f\u0432\u043b\u0435\u043d\u0438\u044f \u0441\u0436\u0430\u0442\u0438\u044f &#8212; \u043f\u0440\u0435\u0434\u0441\u0442\u0430\u0432\u043b\u0435\u043d\u0438\u0435 \u0434\u043b\u044f \u043f\u0430\u0446\u0438\u0435\u043d\u0442\u043e\u0432<\/a><br \/>\n<a href=\"http:\/\/wp12612379.server-he.de\/wp-content\/uploads\/2015\/12\/Vascular-compression-syndromes.pdf\">\u0421\u043e\u0441\u0443\u0434\u0438\u0441\u0442\u044b\u0435 \u0441\u0438\u043d\u0434\u0440\u043e\u043c\u044b \u0441\u0436\u0430\u0442\u0438\u044f &#8212; \u0430\u043d\u0433\u043b\u0438\u0439\u0441\u043a\u043e\u0435 \u043e\u0431\u044a\u044f\u0441\u043d\u0435\u043d\u0438\u0435 \u0441\u043e\u0441\u0443\u0434\u0438\u0441\u0442\u044b\u0445 \u0441\u0438\u043d\u0434\u0440\u043e\u043c\u043e\u0432 \u0441\u0436\u0430\u0442\u0438\u044f<\/a><br \/>\n<a href=\"http:\/\/wp12612379.server-he.de\/wp-content\/uploads\/2015\/12\/Scholbach-Truncuskompression.pdf\">\u041a\u043e\u043c\u043f\u0440\u0435\u0441\u0441\u0438\u044f \u0447\u0440\u0435\u0432\u043d\u043e\u0433\u043e \u0441\u0442\u0432\u043e\u043b\u0430 \u0443 \u0434\u0435\u0442\u0435\u0439<\/a><br \/>\n<a href=\"http:\/\/wp12612379.server-he.de\/wp-content\/uploads\/2015\/12\/Scholbach-From-nutcracker-phenomenon-to-midline-congestion-syndrome-and-treatment-with-aspirin.pdf\">\u041f\u0435\u0341\u0440\u0432\u044b\u0439 \u043e\u043f\u0438\u0441\u0430\u0341\u043d\u0438\u0435 \u0421\u0438\u043d\u0434\u0440\u043e\u043ca \u0426\u0435\u043d\u0442\u0440\u0430\u043b\u044c\u043d\u043e\u0439 \u041b\u0438\u043d\u0438\u0438 \u0432 \u0440\u0435\u0437\u0443\u043b\u044c\u0442\u0430\u0442\u0435 \u0441\u0438\u043d\u0434\u0440\u043e\u043c\u0430 \u0430\u043e\u0440\u0442\u043e-\u043c\u0435\u0437\u0435\u043d\u0442\u0435\u0440\u0438\u0430\u043b\u044c\u043d\u043e\u0433\u043e \u043f\u0438\u043d\u0446\u0435\u0442\u0430<\/a><br \/>\n<a href=\"http:\/\/wp12612379.server-he.de\/wp-content\/uploads\/2015\/12\/Scholbach-The-Celiac-ganglion-artery-compression-syndrome-CGCS.pdf\">\u0421\u0438\u043d\u0434\u0440\u043e\u043c \u043a\u043e\u043c\u043f\u0440\u0435\u0441\u0441\u0438\u044f \u0447\u0440\u0435\u0432\u043d\u043e\u0433\u043e \u0441\u0442\u0432\u043e\u043b\u0430 &#8212; \u043e\u0431\u0437\u043e\u0341\u0440 \u043f\u043e \u0430\u043d\u0433\u043b\u0438\u0341\u0439\u0441\u043a\u0438\u0439<\/a><br \/>\n<a href=\"http:\/\/wp12612379.server-he.de\/wp-content\/uploads\/2015\/12\/Can-we-measure-renal-perfusion.pdf\">\u0418\u0437\u043c\u0435\u0440\u0435\u043d\u0438\u0435 \u043a\u0440\u043e\u0432\u043e\u0441\u043d\u0430\u0431\u0436\u0435\u043d\u0438\u0438 \u043f\u043e\u0447\u0435\u043a &#8212; \u043e\u0431\u044a\u044f\u0441\u043d\u0435\u0301\u043d\u0438\u0435 \u043f\u043e \u0430\u043d\u0433\u043b\u0438\u0341\u0439\u0441\u043a\u0438\u0439<\/a><br \/>\n<a href=\"http:\/\/wp12612379.server-he.de\/wp-content\/uploads\/2015\/12\/Scholbach-et-al-2014-Diabetes-bei-Kindern-Nachweis-von-Gef\u00e4\u00dfver\u00e4nderungen.pdf\">\u0412\u043e \u0432\u0441\u0435\u043c \u043c\u0438\u0440\u0435 \u043d\u0430\u0447\u0430\u043b\u044c\u043d\u0430\u044f \u0441\u043e\u043d\u043e\u0433\u0440\u0430\u0444\u0438\u0447\u0435\u0441\u043a\u043e\u0435 \u043e\u0431\u043d\u0430\u0440\u0443\u0436\u0435\u043d\u0438\u0435 \u043f\u043e\u0447\u0435\u0447\u043d\u044b\u0445 \u0441\u043e\u0441\u0443\u0434\u0438\u0441\u0442\u044b\u0445 \u043f\u043e\u0440\u0430\u0436\u0435\u043d\u0438\u0439 \u0443 \u0434\u0435\u0442\u0435\u0439 \u0441 \u0441\u0430\u0445\u0430\u0440\u043d\u044b\u043c \u0434\u0438\u0430\u0431\u0435\u0442\u043e\u043c<\/a><\/p>\n<p>\u0412\u044b \u0445\u043e\u0442\u0438\u0442\u0435 \u0431\u043e\u043b\u044c\u0448\u0435?<\/p>\n<p>\u0417\u0430\u0442\u0435\u043c \u0438\u0441\u043f\u043e\u043b\u044c\u0437\u0443\u0439\u0442\u0435, \u043a\u0430\u043a \u043f\u0440\u043e\u0444\u0438 \u0432 \u0443\u043d\u0438\u0432\u0435\u0440\u0441\u0438\u0442\u0435\u0442\u0435 \u0438\u043b\u0438 \u0432 \u043a\u043b\u0438\u043d\u0438\u043a\u0435, \u0432 <a href=\"http:\/\/www.ncbi.nlm.nih.gov\/pubmed\/advanced\">PubMed \u0431\u0430\u0437\u044b \u0434\u0430\u043d\u043d\u044b\u0445<\/a>. \u0412\u0432\u0435\u0434\u0438\u0442\u0435 \u043a\u043b\u044e\u0447\u0435\u0432\u043e\u0435 \u0441\u043b\u043e\u0432\u043e \u0438\u043b\u0438 \u0430\u0432\u0442\u043e\u0440\u0430 \u0438 \u043f\u0440\u043e\u0447\u0438\u0442\u0430\u0442\u044c \u0432\u0441\u0435 \u0440\u0435\u0437\u044e\u043c\u0435 \u043d\u0430\u0443\u0447\u043d\u043e\u0439 \u0440\u0430\u0431\u043e\u0442\u044b \u0431\u0435\u0441\u043f\u043b\u0430\u0442\u043d\u043e.<br \/>\n\u041a\u0440\u043e\u043c\u0435 \u0442\u043e\u0433\u043e, \u0432\u044b \u0442\u0430\u043a\u0436\u0435 \u043c\u043e\u0436\u0435\u0442\u0435 \u043d\u0430\u0439\u0442\u0438 \u043f\u043e\u043b\u043d\u044b\u0439 \u0442\u0435\u043a\u0441\u0442 \u0441\u0442\u0430\u0442\u044c\u0438 \u0431\u0435\u0441\u043f\u043b\u0430\u0442\u043d\u043e. \u0423 \u0432\u0430\u0441 \u0435\u0441\u0442\u044c \u0435\u0449\u0435 \u0432\u043e\u043f\u0440\u043e\u0441\u044b? \u041d\u0430\u043f\u0438\u0448\u0438\u0442\u0435 \u043c\u043d\u0435 \u043f\u043e \u044d\u043b\u0435\u043a\u0442\u0440\u043e\u043d\u043d\u043e\u0439 \u043f\u043e\u0447\u0442\u0435!<\/p>\n<p>\u0422\u0435\u0445\u043d\u043e\u043b\u043e\u0433\u0438\u044f, \u0440\u0430\u0437\u0440\u0430\u0431\u043e\u0442\u0430\u043d\u043d\u0430\u044f \u043d\u0430\u043c\u0438 \u0438 \u043d\u0435\u0441\u043a\u043e\u043b\u044c\u043a\u0438\u043c\u0438 \u043d\u0430\u0433\u0440\u0430\u0434\u0430\u043c\u0438 \u0442\u0435\u0445\u043d\u043e\u043b\u043e\u0433\u0438\u0438 \u0443\u043b\u044c\u0442\u0440\u0430\u0437\u0432\u0443\u043a\u043e\u0432\u043e\u0433\u043e \u0438\u0437\u043c\u0435\u0440\u0435\u043d\u0438\u044f \u043f\u0435\u0440\u0444\u0443\u0437\u0438\u0438 <a href=\"https:\/\/scholar.google.de\/scholar?q=PixelFlux+blood+-stars+-sun+-magnetic&amp;hl=de&amp;as_sdt=1,5&amp;as_vis=1\">PixelFlux \u0432\u0434\u043e\u0445\u043d\u043e\u0432\u0438\u043b \u0443\u0447\u0435\u043d\u044b\u0445 \u0432\u0441\u0435\u0433\u043e \u043c\u0438\u0440\u0430 \u043a \u0441\u0432\u043e\u0438\u043c \u043f\u0443\u0431\u043b\u0438\u043a\u0430\u0446\u0438\u044f\u043c<\/a>.<\/p>","protected":false},"excerpt":{"rendered":"<p>\u0421\u043f\u0438\u0441\u043e\u043a \u043f\u0443\u0431\u043b\u0438\u043a\u0430\u0446\u0438\u0439 \u0421\u043e\u0441\u0443\u0434\u0438\u0441\u0442\u044b\u0435 \u044f\u0432\u043b\u0435\u043d\u0438\u044f \u0441\u0436\u0430\u0442\u0438\u044f &#8212; \u043f\u0440\u0435\u0434\u0441\u0442\u0430\u0432\u043b\u0435\u043d\u0438\u0435 \u0434\u043b\u044f \u043f\u0430\u0446\u0438\u0435\u043d\u0442\u043e\u0432 \u0421\u043e\u0441\u0443\u0434\u0438\u0441\u0442\u044b\u0435 \u0441\u0438\u043d\u0434\u0440\u043e\u043c\u044b \u0441\u0436\u0430\u0442\u0438\u044f &#8212; \u0430\u043d\u0433\u043b\u0438\u0439\u0441\u043a\u043e\u0435 \u043e\u0431\u044a\u044f\u0441\u043d\u0435\u043d\u0438\u0435 \u0441\u043e\u0441\u0443\u0434\u0438\u0441\u0442\u044b\u0445 \u0441\u0438\u043d\u0434\u0440\u043e\u043c\u043e\u0432 \u0441\u0436\u0430\u0442\u0438\u044f \u041a\u043e\u043c\u043f\u0440\u0435\u0441\u0441\u0438\u044f \u0447\u0440\u0435\u0432\u043d\u043e\u0433\u043e \u0441\u0442\u0432\u043e\u043b\u0430 \u0443 \u0434\u0435\u0442\u0435\u0439 \u041f\u0435\u0341\u0440\u0432\u044b\u0439 \u043e\u043f\u0438\u0441\u0430\u0341\u043d\u0438\u0435 \u0421\u0438\u043d\u0434\u0440\u043e\u043ca \u0426\u0435\u043d\u0442\u0440\u0430\u043b\u044c\u043d\u043e\u0439 \u041b\u0438\u043d\u0438\u0438 \u0432 \u0440\u0435\u0437\u0443\u043b\u044c\u0442\u0430\u0442\u0435 \u0441\u0438\u043d\u0434\u0440\u043e\u043c\u0430 \u0430\u043e\u0440\u0442\u043e-\u043c\u0435\u0437\u0435\u043d\u0442\u0435\u0440\u0438\u0430\u043b\u044c\u043d\u043e\u0433\u043e \u043f\u0438\u043d\u0446\u0435\u0442\u0430 \u0421\u0438\u043d\u0434\u0440\u043e\u043c \u043a\u043e\u043c\u043f\u0440\u0435\u0441\u0441\u0438\u044f \u0447\u0440\u0435\u0432\u043d\u043e\u0433\u043e \u0441\u0442\u0432\u043e\u043b\u0430 &#8212; \u043e\u0431\u0437\u043e\u0341\u0440 \u043f\u043e \u0430\u043d\u0433\u043b\u0438\u0341\u0439\u0441\u043a\u0438\u0439 \u0418\u0437\u043c\u0435\u0440\u0435\u043d\u0438\u0435 \u043a\u0440\u043e\u0432\u043e\u0441\u043d\u0430\u0431\u0436\u0435\u043d\u0438\u0438 \u043f\u043e\u0447\u0435\u043a &#8212; \u043e\u0431\u044a\u044f\u0441\u043d\u0435\u0301\u043d\u0438\u0435 \u043f\u043e \u0430\u043d\u0433\u043b\u0438\u0341\u0439\u0441\u043a\u0438\u0439 \u0412\u043e \u0432\u0441\u0435\u043c \u043c\u0438\u0440\u0435 \u043d\u0430\u0447\u0430\u043b\u044c\u043d\u0430\u044f \u0441\u043e\u043d\u043e\u0433\u0440\u0430\u0444\u0438\u0447\u0435\u0441\u043a\u043e\u0435 \u043e\u0431\u043d\u0430\u0440\u0443\u0436\u0435\u043d\u0438\u0435 \u043f\u043e\u0447\u0435\u0447\u043d\u044b\u0445 [&hellip;]<\/p>\n","protected":false},"author":4,"featured_media":0,"parent":24,"menu_order":2,"comment_status":"closed","ping_status":"closed","template":"","meta":{"om_disable_all_campaigns":false,"footnotes":""},"class_list":["post-20","page","type-page","status-publish","hentry"],"_links":{"self":[{"href":"https:\/\/scholbach.de\/ru\/wp-json\/wp\/v2\/pages\/20","targetHints":{"allow":["GET"]}}],"collection":[{"href":"https:\/\/scholbach.de\/ru\/wp-json\/wp\/v2\/pages"}],"about":[{"href":"https:\/\/scholbach.de\/ru\/wp-json\/wp\/v2\/types\/page"}],"author":[{"embeddable":true,"href":"https:\/\/scholbach.de\/ru\/wp-json\/wp\/v2\/users\/4"}],"replies":[{"embeddable":true,"href":"https:\/\/scholbach.de\/ru\/wp-json\/wp\/v2\/comments?post=20"}],"version-history":[{"count":70,"href":"https:\/\/scholbach.de\/ru\/wp-json\/wp\/v2\/pages\/20\/revisions"}],"predecessor-version":[{"id":6989,"href":"https:\/\/scholbach.de\/ru\/wp-json\/wp\/v2\/pages\/20\/revisions\/6989"}],"up":[{"embeddable":true,"href":"https:\/\/scholbach.de\/ru\/wp-json\/wp\/v2\/pages\/24"}],"wp:attachment":[{"href":"https:\/\/scholbach.de\/ru\/wp-json\/wp\/v2\/media?parent=20"}],"curies":[{"name":"wp","href":"https:\/\/api.w.org\/{rel}","templated":true}]}}