{"id":160,"date":"2016-01-23T16:25:40","date_gmt":"2016-01-23T16:25:40","guid":{"rendered":"http:\/\/wp12612379.server-he.de\/?page_id=160"},"modified":"2019-11-26T20:27:19","modified_gmt":"2019-11-26T20:27:19","slug":"deutsch-grundlagen-der-farbduplexsonografie","status":"publish","type":"page","link":"https:\/\/scholbach.de\/ru\/wissenschaft\/deutsch-ultraschalldiagnostik\/deutsch-grundlagen-der-farbduplexsonografie","title":{"rendered":"Grundlagen der Farbduplexsonografie"},"content":{"rendered":"<p class=\"qtranxs-available-languages-message qtranxs-available-languages-message-ru\">\u0418\u0437\u0432\u0438\u043d\u0438\u0442\u0435, \u044d\u0442\u043e\u0442 \u0442\u0435\u043a\u0441\u0442 \u0434\u043e\u0441\u0442\u0443\u043f\u0435\u043d \u0442\u043e\u043b\u044c\u043a\u043e \u043d\u0430 &ldquo;<a href=\"https:\/\/scholbach.de\/de\/wp-json\/wp\/v2\/pages\/160\" class=\"qtranxs-available-language-link qtranxs-available-language-link-de\" title=\"Deutsch\">Deutsch<\/a>&rdquo;, &ldquo;<a href=\"https:\/\/scholbach.de\/es\/wp-json\/wp\/v2\/pages\/160\" class=\"qtranxs-available-language-link qtranxs-available-language-link-es\" title=\"Espa\u00f1ol\">Espa\u00f1ol<\/a>&rdquo;, &ldquo;<a href=\"https:\/\/scholbach.de\/el\/wp-json\/wp\/v2\/pages\/160\" class=\"qtranxs-available-language-link qtranxs-available-language-link-el\" title=\"\u0395\u03bb\u03bb\u03b7\u03bd\u03b9\u03ba\u03ac\">\u0395\u03bb\u03bb\u03b7\u03bd\u03b9\u03ba\u03ac<\/a>&rdquo; \u0438 &ldquo;<a href=\"https:\/\/scholbach.de\/pt\/wp-json\/wp\/v2\/pages\/160\" class=\"qtranxs-available-language-link qtranxs-available-language-link-pt\" title=\"Portugu\u00eas\">Portugu\u00eas<\/a>&rdquo;.<\/p><p><\/p>\n<h1>Bewegungen sichtbar machen mithilfe des Dopplereffekts<\/h1>\n<p>Die \u201eeinfache\u201c Ultraschall-Bildgebung kann, wie oben beschrieben, Organstrukturen sichtbar machen. Die <em>Farbduplexsonografie<\/em> geht noch dar\u00fcber hinaus: Sie kann zus\u00e4tzlich noch Bewegungen im Bild sichtbar machen. Dieser doppelten Information verdankt die Farb-duplex-sonografie (von lateinsich <em>duplex<\/em> \u201edoppelt\u201c) ihren Namen. Um diese zus\u00e4tzliche Information zu gewinnen, macht man sich den (nach seinem Entdecker Christian Doppler benannten) <a href=\"https:\/\/de.wikipedia.org\/wiki\/Doppler-Effekt\" target=\"_blank\" rel=\"noopener noreferrer\">Dopplereffekt<\/a> zunutze. (Deswegen spricht man manchmal auch von Farbdopplerultraschall.) Die Tonh\u00f6he (Frequenz) des reflektierten (Ultra-)Schalls ver\u00e4ndert sich, wenn sich die Schallquelle (der Schallkopf des Ultraschallger\u00e4ts) und der schallreflektierende Gegenstand (das Blut im menschlichen K\u00f6rper) zueinander in Bewegung befinden. (Diesen Effekt kann man im Alltag beispielsweise bei einem vorbeifahrenden Auto mit Sirene beobachten. Auch Radar-Ger\u00e4te verwenden den Dopplereffekt, um die Geschwindigkeit von Autos im Stra\u00dfenverkehr zu bestimmen.)<\/p>\n<p>Da das Blut im menschlichen K\u00f6rper in Bewegung ist, w\u00e4hrend sich Organe und Gewebe in Ruhe befinden, kann die Farbduplexsonografie genutzt werden, um die Durchblutung von Gef\u00e4\u00dfen und\u00a0Geweben sichtbar zu machen.\u00a0Ultraschallger\u00e4te codieren die Bewegungsgeschwindigkeit und -richtung des Blutes, indem sie das Bild einf\u00e4rben: Je schneller sich der Blutfluss in Richtung zum Schallkopf hinbewegt, desto heller rot wird der entsprechende Bildpunkt dargestellt, je schneller der Blutfluss sich vom Schallkopf wegbewegt, desto heller blau wird der entsprechende Bildpunkt eingef\u00e4rbt. Ist in der Farbduplexsonografie ein Organ\u00a0stark eingef\u00e4rbt, so ist es\u00a0st\u00e4rker durchblutet als ein Organ mit nur\u00a0sp\u00e4rlicher Kolorierung.<\/p>\n<p>Die Farbinformationen, die das Farbduplexultraschallbild zus\u00e4tzlich zum \u201eeinfachen\u201c Ultraschallbild liefert, k\u00f6nnen \u00e4u\u00dferst aufschlussreich f\u00fcr die Untersuchung sein Oft bringt die Farbduplex-Untersuchung durchblutete Strukturen zum Vorschein, die im einfachen Ultraschall verborgen bleiben. Ein Beispiel daf\u00fcr sind die folgenden beiden Aufnahmen, auf denen Aufnahmen einer Geb\u00e4rmutter zu sehen sind. Im einfachen Ultraschallbild ist nicht klar erkennbar, ob sich ein Embryo eingenistet hat:<\/p>\n<p><img loading=\"lazy\" decoding=\"async\" class=\"alignnone wp-image-196\" src=\"http:\/\/wp12612379.server-he.de\/wp-content\/uploads\/2016\/01\/Fruchtblase-BB-8-SSW.jpg\" alt=\"Fruchtblase BB 8 SSW\" width=\"558\" height=\"458\" \/><\/p>\n<p>In der farbduplexsonografischen Aufnahme der gleichen K\u00f6rperpartie ist ein pulsierendes Signal deutlich erkennbar. Dies ist das schlagende Herz des Embryos:<\/p>\n<div class=\"alignnone\">\n<div style=\"width: 578px;\" class=\"wp-video\"><!--[if lt IE 9]><script>document.createElement('video');<\/script><![endif]-->\n<video class=\"wp-video-shortcode\" id=\"video-160-1\" width=\"578\" height=\"416\" preload=\"metadata\" controls=\"controls\"><source type=\"video\/mp4\" src=\"http:\/\/wp12612379.server-he.de\/wp-content\/uploads\/2016\/01\/Herzschlag-8-SSW.mp4?_=1\" \/><a href=\"http:\/\/wp12612379.server-he.de\/wp-content\/uploads\/2016\/01\/Herzschlag-8-SSW.mp4\">http:\/\/wp12612379.server-he.de\/wp-content\/uploads\/2016\/01\/Herzschlag-8-SSW.mp4<\/a><\/video><\/div>\n<p>Bitte beachten Sie unsere <a href=\"https:\/\/scholbach.de\/hinweise-zu-medizinischen-erlaeuterungen\">Hinweise zu den medizinischen Erl\u00e4uterungen<\/a> auf dieser Website.<\/p>\n<\/div>\n<p><\/p>","protected":false},"excerpt":{"rendered":"<p>\u0418\u0437\u0432\u0438\u043d\u0438\u0442\u0435, \u044d\u0442\u043e\u0442 \u0442\u0435\u043a\u0441\u0442 \u0434\u043e\u0441\u0442\u0443\u043f\u0435\u043d \u0442\u043e\u043b\u044c\u043a\u043e \u043d\u0430 &ldquo;Deutsch&rdquo;, &ldquo;Espa\u00f1ol&rdquo;, &ldquo;\u0395\u03bb\u03bb\u03b7\u03bd\u03b9\u03ba\u03ac&rdquo; \u0438 &ldquo;Portugu\u00eas&rdquo;. Bewegungen sichtbar machen mithilfe des Dopplereffekts Die \u201eeinfache\u201c Ultraschall-Bildgebung kann, wie oben beschrieben, Organstrukturen sichtbar machen. Die Farbduplexsonografie geht noch dar\u00fcber hinaus: Sie kann zus\u00e4tzlich noch Bewegungen im Bild sichtbar machen. Dieser doppelten Information verdankt die Farb-duplex-sonografie (von lateinsich duplex \u201edoppelt\u201c) ihren Namen. Um [&hellip;]<\/p>\n","protected":false},"author":4,"featured_media":0,"parent":93,"menu_order":2,"comment_status":"closed","ping_status":"closed","template":"","meta":{"om_disable_all_campaigns":false,"footnotes":""},"class_list":["post-160","page","type-page","status-publish","hentry"],"_links":{"self":[{"href":"https:\/\/scholbach.de\/ru\/wp-json\/wp\/v2\/pages\/160","targetHints":{"allow":["GET"]}}],"collection":[{"href":"https:\/\/scholbach.de\/ru\/wp-json\/wp\/v2\/pages"}],"about":[{"href":"https:\/\/scholbach.de\/ru\/wp-json\/wp\/v2\/types\/page"}],"author":[{"embeddable":true,"href":"https:\/\/scholbach.de\/ru\/wp-json\/wp\/v2\/users\/4"}],"replies":[{"embeddable":true,"href":"https:\/\/scholbach.de\/ru\/wp-json\/wp\/v2\/comments?post=160"}],"version-history":[{"count":27,"href":"https:\/\/scholbach.de\/ru\/wp-json\/wp\/v2\/pages\/160\/revisions"}],"predecessor-version":[{"id":3673,"href":"https:\/\/scholbach.de\/ru\/wp-json\/wp\/v2\/pages\/160\/revisions\/3673"}],"up":[{"embeddable":true,"href":"https:\/\/scholbach.de\/ru\/wp-json\/wp\/v2\/pages\/93"}],"wp:attachment":[{"href":"https:\/\/scholbach.de\/ru\/wp-json\/wp\/v2\/media?parent=160"}],"curies":[{"name":"wp","href":"https:\/\/api.w.org\/{rel}","templated":true}]}}