{"id":951,"date":"2016-12-28T11:13:44","date_gmt":"2016-12-28T11:13:44","guid":{"rendered":"http:\/\/scholbach.de\/?page_id=951"},"modified":"2020-04-05T14:12:42","modified_gmt":"2020-04-05T14:12:42","slug":"may-thurner-konstellation","status":"publish","type":"page","link":"https:\/\/scholbach.de\/pt\/wissenschaft\/deutsch-ultraschalldiagnostik\/deutsch-gefaskompressionen\/may-thurner-konstellation","title":{"rendered":"May-Thurner-Konstellation \/May-Thurner-Syndrom\/Cockett&#8217;s syndrome\/Vena iliaca-Kompressionssyndrom"},"content":{"rendered":"<p><strong>Sintomas comuns:<\/strong><\/p>\n<p>Dor abdominal (muitas vezes do lado esquerdo)<br \/>\nque pode irradiar para a coxa esquerda<br \/>\ndor no flanco esquerdo<br \/>\nincha\u00e7o da perna esquerda<br \/>\nTend\u00eancia para trombose e varizes na perna esquerda<\/p>\n<p>Na s\u00edndrome de May-Thurner, o sangue do lado p\u00e9lvico esquerdo n\u00e3o pode fluir suficientemente bem atrav\u00e9s da veia p\u00e9lvica esquerda para a veia cava inferior. A veia p\u00e9lvica esquerda comum (Vena iliaca communis sinistra) \u00e9 mais ou menos beliscada entre o promont\u00f3rio e a art\u00e9ria p\u00e9lvica comum direita (Arteria iliaca communis dextra).<\/p>\n<p>&nbsp;<\/p>\n<p><img loading=\"lazy\" decoding=\"async\" class=\"size-full wp-image-974 aligncenter\" src=\"https:\/\/scholbach.de\/wp-content\/uploads\/2016\/12\/MTS-de.png\" alt=\"\" width=\"734\" height=\"318\" srcset=\"https:\/\/scholbach.de\/wp-content\/uploads\/2016\/12\/MTS-de.png 734w, https:\/\/scholbach.de\/wp-content\/uploads\/2016\/12\/MTS-de-300x130.png 300w\" sizes=\"auto, (max-width: 734px) 100vw, 734px\" \/><\/p>\n<p>Em muitas pacientes, para contornar o obst\u00e1culo, desenvolve-se um circuito de bypass pronunciado, que provoca uma invers\u00e3o do fluxo na veia p\u00e9lvica interna esquerda, levando o sangue para a profundidade da p\u00e9lvis para fortes plexos venosos em torno dos \u00f3rg\u00e3os da p\u00e9lvis (\u00fatero, ov\u00e1rios, reto, bexiga). A partir da\u00ed, pode passar pela veia p\u00e9lvica interna direita para a grande veia p\u00e9lvica comum direita e, assim, para a veia cava inferior, a veia cava inferior. Esses desvios circulat\u00f3rios causam desconforto consider\u00e1vel em muitos pacientes, pois a congest\u00e3o venosa cr\u00f4nica dos \u00f3rg\u00e3os afetados muitas vezes n\u00e3o \u00e9 bem tolerada por eles. Estes \u00f3rg\u00e3os s\u00e3o principalmente aqueles localizados no centro do corpo, o eixo principal do corpo, uma vez que estes \u00f3rg\u00e3os podem absorver o sangue no seu lado esquerdo e depois de terem escapado para a direita atrav\u00e9s dos pr\u00f3prios \u00f3rg\u00e3os e da press\u00e3o elevada no lado esquerdo, podem ent\u00e3o atingir a \u00e1rea de drenagem da veia cava inferior atrav\u00e9s das veias direitas dos chamados \u00f3rg\u00e3os da linha m\u00e9dia. A situa\u00e7\u00e3o recorrente \u00e9 que os \u00f3rg\u00e3os no meio do corpo, os chamados \u00f3rg\u00e3os da linha m\u00e9dia, absorvem sangue \u00e0 esquerda. Este sangue \u00e9 ent\u00e3o pressionado sobre o leito vascular mais subdesenvolvido destes \u00f3rg\u00e3os e flui para o cora\u00e7\u00e3o \u00e0 direita.<\/p>\n<p>O aumento cr\u00f4nico da press\u00e3o venosa nos \u00f3rg\u00e3os da linha m\u00e9dia leva \u00e0 dilata\u00e7\u00e3o das veias dos \u00f3rg\u00e3os, \u00e0 sua tortuosidade, ou seja, \u00e0s chamadas varizes ou varizes varicosas, e a uma rea\u00e7\u00e3o inflamat\u00f3ria na parede venosa desses vasos. Esta situa\u00e7\u00e3o \u00e9 chamada de s\u00edndrome da linha m\u00e9dia.<\/p>","protected":false},"excerpt":{"rendered":"<p>Sintomas comuns: Dor abdominal (muitas vezes do lado esquerdo) que pode irradiar para a coxa esquerda dor no flanco esquerdo incha\u00e7o da perna esquerda Tend\u00eancia para trombose e varizes na perna esquerda Na s\u00edndrome de May-Thurner, o sangue do lado p\u00e9lvico esquerdo n\u00e3o pode fluir suficientemente bem atrav\u00e9s da veia p\u00e9lvica esquerda para a veia [&hellip;]<\/p>\n","protected":false},"author":5,"featured_media":0,"parent":66,"menu_order":4,"comment_status":"closed","ping_status":"closed","template":"","meta":{"om_disable_all_campaigns":false,"footnotes":""},"class_list":["post-951","page","type-page","status-publish","hentry"],"_links":{"self":[{"href":"https:\/\/scholbach.de\/pt\/wp-json\/wp\/v2\/pages\/951","targetHints":{"allow":["GET"]}}],"collection":[{"href":"https:\/\/scholbach.de\/pt\/wp-json\/wp\/v2\/pages"}],"about":[{"href":"https:\/\/scholbach.de\/pt\/wp-json\/wp\/v2\/types\/page"}],"author":[{"embeddable":true,"href":"https:\/\/scholbach.de\/pt\/wp-json\/wp\/v2\/users\/5"}],"replies":[{"embeddable":true,"href":"https:\/\/scholbach.de\/pt\/wp-json\/wp\/v2\/comments?post=951"}],"version-history":[{"count":44,"href":"https:\/\/scholbach.de\/pt\/wp-json\/wp\/v2\/pages\/951\/revisions"}],"predecessor-version":[{"id":4424,"href":"https:\/\/scholbach.de\/pt\/wp-json\/wp\/v2\/pages\/951\/revisions\/4424"}],"up":[{"embeddable":true,"href":"https:\/\/scholbach.de\/pt\/wp-json\/wp\/v2\/pages\/66"}],"wp:attachment":[{"href":"https:\/\/scholbach.de\/pt\/wp-json\/wp\/v2\/media?parent=951"}],"curies":[{"name":"wp","href":"https:\/\/api.w.org\/{rel}","templated":true}]}}