{"id":931,"date":"2016-12-26T15:36:51","date_gmt":"2016-12-26T15:36:51","guid":{"rendered":"http:\/\/scholbach.de\/?page_id=931"},"modified":"2020-04-05T14:11:57","modified_gmt":"2020-04-05T14:11:57","slug":"mittelliniensyndrom-mittellinien-stauungs-syndrom","status":"publish","type":"page","link":"https:\/\/scholbach.de\/pt\/wissenschaft\/deutsch-ultraschalldiagnostik\/deutsch-gefaskompressionen\/mittelliniensyndrom-mittellinien-stauungs-syndrom","title":{"rendered":"S\u00edndrome da Linha M\u00e9dia (S\u00edndrome de Congestionamento da Linha M\u00e9dia)"},"content":{"rendered":"<p>A s\u00edndrome da linha m\u00e9dia \u00e9 um quadro cl\u00ednico causado pelo ac\u00famulo de sangue na metade esquerda do corpo na coluna vertebral. A marcha ereta de uma pessoa faz com que a coluna lombar se projete para a frente na dire\u00e7\u00e3o da parede abdominal. O sangue da metade esquerda do corpo, por exemplo, da metade esquerda da p\u00e9lvis, da perna esquerda ou do rim esquerdo, deve fluir para a veia cava inferior para voltar ao cora\u00e7\u00e3o. A veia cava inferior est\u00e1 no lado direito da coluna vertebral. \u00a0As veias do lado esquerdo do corpo devem atravessar a coluna vertebral para voltar ao cora\u00e7\u00e3o. A lordose, a curvatura para a frente (costas ocas) da coluna vertebral na regi\u00e3o lombar, provoca uma congest\u00e3o sangu\u00ednea, especialmente nas mulheres, porque a coluna vertebral comprime os vasos sangu\u00edneos atravessando-a da esquerda para a direita. Isto leva a uma consider\u00e1vel congest\u00e3o sangu\u00ednea nas veias do rim esquerdo, da p\u00e9lvis esquerda e da perna esquerda.<\/p>\n<p><strong>Sintomas comuns:<\/strong><\/p>\n<p style=\"padding-left: 40px;\">\nDor abdominal (muitas vezes acima do umbigo)<br \/>\nDor na coluna vertebral<br \/>\nDor abdominal (na \u00e1rea da bexiga e \u00fatero)<br \/>\ndor no test\u00edculo esquerdo (com varicocele)\/nos l\u00e1bios esquerdos com varizes da vulva<br \/>\nDor no interior da coxa do lado esquerdo<br \/>\nDor de cabe\u00e7a (muitas vezes no pesco\u00e7o)<br \/>\nRespira\u00e7\u00e3o nasal matinal deficiente<br \/>\nhemorr\u00f3idas &#8211; sangramento durante o movimento intestinal<br \/>\nvontade de urinar e urinar dolorosamente<\/p>\n<p>&nbsp;<\/p>\n<p>&nbsp;<\/p>\n<div style=\"width: 491px\" class=\"wp-caption aligncenter\"><img loading=\"lazy\" decoding=\"async\" class=\"wp-image-932 \" src=\"https:\/\/scholbach.de\/wp-content\/uploads\/2016\/12\/HB-stau.jpg\" width=\"481\" height=\"372\" srcset=\"https:\/\/scholbach.de\/wp-content\/uploads\/2016\/12\/HB-stau.jpg 425w, https:\/\/scholbach.de\/wp-content\/uploads\/2016\/12\/HB-stau-300x232.jpg 300w\" sizes=\"auto, (max-width: 481px) 100vw, 481px\" \/><p class=\"wp-caption-text\">Grande congest\u00e3o venosa da parede da bexiga: verde-amarelado: dilata\u00e7\u00e3o vascular na parede da bexiga urin\u00e1ria<\/p><\/div>\n<div id=\"attachment_933\" style=\"width: 494px\" class=\"wp-caption aligncenter\"><img loading=\"lazy\" decoding=\"async\" aria-describedby=\"caption-attachment-933\" class=\"wp-image-933 size-full\" src=\"https:\/\/scholbach.de\/wp-content\/uploads\/2016\/12\/REctum-MLS.jpg\" width=\"484\" height=\"407\" srcset=\"https:\/\/scholbach.de\/wp-content\/uploads\/2016\/12\/REctum-MLS.jpg 484w, https:\/\/scholbach.de\/wp-content\/uploads\/2016\/12\/REctum-MLS-300x252.jpg 300w\" sizes=\"auto, (max-width: 484px) 100vw, 484px\" \/><p id=\"caption-attachment-933\" class=\"wp-caption-text\">Grave congest\u00e3o venosa do reto: verde-azul: vasodilata\u00e7\u00e3o na parede intestinal<\/p><\/div>\n<p>Isto significa que o calibre j\u00e1 de si pequeno \u00e9 ainda mais drasticamente reduzido pelo incha\u00e7o da parede e o fluxo sangu\u00edneo atrav\u00e9s dos \u00f3rg\u00e3os colaterais \u00e9 adicionalmente restringido.\u00a0 Esta situa\u00e7\u00e3o leva a novos aumentos de press\u00e3o na \u00e1rea de fluxo da veia renal esquerda e suas colaterais. Finalmente, existe um equil\u00edbrio entre o aumento da press\u00e3o venosa e as possibilidades de drenagem, que \u00e9 capaz de reduzir a drenagem de sangue das veias renais sob press\u00e3o elevada atrav\u00e9s das vias vasculares inflamadas dos \u00f3rg\u00e3os colaterais. No entanto, isso tamb\u00e9m significa que os pacientes muitas vezes se queixam de dor cr\u00f4nica nesses \u00f3rg\u00e3os que \u00e9 dependente de estresse f\u00edsico ou mental. A conex\u00e3o ao stress f\u00edsico e mental \u00e9 que em ambos os casos uma freq\u00fc\u00eancia card\u00edaca aumentada e um desempenho mais forte do ejection do cora\u00e7\u00e3o conduzem a mais sangue que est\u00e1 sendo bombeado no kidney esquerdo, que ent\u00e3o, desde que n\u00e3o pode corretamente drenar fora, conduz \u00e0 press\u00e3o crescente nos collaterals e assim \u00e0 dor mais grande.<\/p>\n<p><img loading=\"lazy\" decoding=\"async\" class=\"wp-image-937 aligncenter\" src=\"https:\/\/scholbach.de\/wp-content\/uploads\/2016\/12\/Midlicne-congestion.jpg\" alt=\"\" width=\"579\" height=\"434\" srcset=\"https:\/\/scholbach.de\/wp-content\/uploads\/2016\/12\/Midlicne-congestion.jpg 1435w, https:\/\/scholbach.de\/wp-content\/uploads\/2016\/12\/Midlicne-congestion-300x225.jpg 300w, https:\/\/scholbach.de\/wp-content\/uploads\/2016\/12\/Midlicne-congestion-768x576.jpg 768w, https:\/\/scholbach.de\/wp-content\/uploads\/2016\/12\/Midlicne-congestion-1024x769.jpg 1024w\" sizes=\"auto, (max-width: 579px) 100vw, 579px\" \/><\/p>\n<p>Os \u00f3rg\u00e3os da linha m\u00e9dia mencionados s\u00e3o em detalhe a coluna vertebral, num sentido mais amplo tamb\u00e9m o cr\u00e2nio e o c\u00e9rebro com os \u00f3rg\u00e3os associados encerrados por estruturas \u00f3sseas, o recto, a vagina, o p\u00e9nis, o ov\u00e1rio esquerdo, o test\u00edculo esquerdo, a bexiga, a uretra, o \u00fatero e a gl\u00e2ndula prost\u00e1tica.\u00a0 Todos estes \u00f3rg\u00e3os podem estar dolorosamente doentes e a sua fun\u00e7\u00e3o perturbada. Isso explica que os sintomas descritos pelos pacientes s\u00e3o muito variados. Por outro lado, esta \u00e9 tamb\u00e9m a fonte frequente de mal-entendidos se as liga\u00e7\u00f5es que conduzem \u00e0s queixas n\u00e3o forem compreendidas.<\/p>\n<p>Uma vez que as queixas podem ocorrer da cabe\u00e7a aos p\u00e9s, o pressuposto de uma g\u00e9nese n\u00e3o org\u00e2nica das queixas e, por conseguinte, de um quadro cl\u00ednico psicossom\u00e1tico \u00e9 \u00f3bvio. No entanto, para se conseguir um tratamento causal e a elimina\u00e7\u00e3o das queixas, \u00e9 necess\u00e1rio comprovar as altera\u00e7\u00f5es descritas, por exemplo, atrav\u00e9s de exames Doppler colorido por ultra-sons com medi\u00e7\u00f5es de press\u00e3o, para se poder iniciar uma terapia medicamentosa orientada, tempor\u00e1ria, mas permanentemente eficaz.<\/p>\n<p>Temos experi\u00eancia com muito mais de 1000 pacientes com fen\u00f3menos de quebra-nozes e s\u00edndrome do quebra-nozes e com procedimentos especiais de exame e tratamento com os quais praticamente todos os pacientes se tornam livres de sintomas ou sem sintomas. Uma vez que o quadro cl\u00ednico \u00e9 geralmente pouco conhecido, esperamos dirigir-nos directamente aos doentes com esta apresenta\u00e7\u00e3o geralmente compreens\u00edvel, a fim de lhes dar a oportunidade de abordar o tema ao seu m\u00e9dico de confian\u00e7a. Teremos todo o gosto em ajud\u00e1-lo no diagn\u00f3stico e na terap\u00eautica &#8211; crian\u00e7as e pacientes adultos. Eles sofrem frequentemente durante anos de um fen\u00f3meno \/ s\u00edndrome do quebra-nozes previamente desconhecido, sem serem capazes de interpretar correctamente os seus sintomas.<\/p>\n<p>&nbsp;<\/p>\n<p>&nbsp;<\/p>","protected":false},"excerpt":{"rendered":"<p>A s\u00edndrome da linha m\u00e9dia \u00e9 um quadro cl\u00ednico causado pelo ac\u00famulo de sangue na metade esquerda do corpo na coluna vertebral. A marcha ereta de uma pessoa faz com que a coluna lombar se projete para a frente na dire\u00e7\u00e3o da parede abdominal. O sangue da metade esquerda do corpo, por exemplo, da metade [&hellip;]<\/p>\n","protected":false},"author":5,"featured_media":0,"parent":66,"menu_order":2,"comment_status":"closed","ping_status":"closed","template":"","meta":{"om_disable_all_campaigns":false,"footnotes":""},"class_list":["post-931","page","type-page","status-publish","hentry"],"_links":{"self":[{"href":"https:\/\/scholbach.de\/pt\/wp-json\/wp\/v2\/pages\/931","targetHints":{"allow":["GET"]}}],"collection":[{"href":"https:\/\/scholbach.de\/pt\/wp-json\/wp\/v2\/pages"}],"about":[{"href":"https:\/\/scholbach.de\/pt\/wp-json\/wp\/v2\/types\/page"}],"author":[{"embeddable":true,"href":"https:\/\/scholbach.de\/pt\/wp-json\/wp\/v2\/users\/5"}],"replies":[{"embeddable":true,"href":"https:\/\/scholbach.de\/pt\/wp-json\/wp\/v2\/comments?post=931"}],"version-history":[{"count":34,"href":"https:\/\/scholbach.de\/pt\/wp-json\/wp\/v2\/pages\/931\/revisions"}],"predecessor-version":[{"id":4421,"href":"https:\/\/scholbach.de\/pt\/wp-json\/wp\/v2\/pages\/931\/revisions\/4421"}],"up":[{"embeddable":true,"href":"https:\/\/scholbach.de\/pt\/wp-json\/wp\/v2\/pages\/66"}],"wp:attachment":[{"href":"https:\/\/scholbach.de\/pt\/wp-json\/wp\/v2\/media?parent=931"}],"curies":[{"name":"wp","href":"https:\/\/api.w.org\/{rel}","templated":true}]}}