{"id":8,"date":"2015-12-26T11:58:12","date_gmt":"2015-12-26T11:58:12","guid":{"rendered":"http:\/\/wp12612379.server-he.de\/?page_id=8"},"modified":"2020-03-30T08:05:15","modified_gmt":"2020-03-30T08:05:15","slug":"wissenschaft","status":"publish","type":"page","link":"https:\/\/scholbach.de\/pt\/wissenschaft","title":{"rendered":"Diagn\u00f3stico de ultra-som orientado ao paciente"},"content":{"rendered":"<p>Na minha opini\u00e3o, a melhor educa\u00e7\u00e3o poss\u00edvel do paciente \u00e9 a base para uma boa rela\u00e7\u00e3o paciente-m\u00e9dico. \u00c9 por isso que tento incluir-vos nas medidas de diagn\u00f3stico e terap\u00eauticas da minha pr\u00e1tica, explicando-vos o que penso sobre as vossas queixas ou as queixas do vosso filho. Na minha experi\u00eancia, \u00e9 enormemente aliviador para os pacientes e seu ambiente se eles entenderem as causas de suas queixas.<\/p>\n<p>Os detalhes de tal exame s\u00e3o descritos <a href=\"https:\/\/scholbach.de\/funktioneller-farbdoppler-ultraschall-wie-ich-ihn-verstehe\">aqui<\/a>.<\/p>\n<p>Neste servi\u00e7o tamb\u00e9m est\u00e3o as explica\u00e7\u00f5es para alguns quadros cl\u00ednicos, que dou aqui no meu site. Limito-me a fen\u00f3menos m\u00e9dicos e quadros cl\u00ednicos que eu pr\u00f3prio pesquisei e publiquei.<\/p>\n<p>Ao ler esta informa\u00e7\u00e3o cient\u00edfica popular, tenha em mente que ela \u00e9 parcialmente simplificada e que a realidade m\u00e9dica \u00e9 geralmente muito mais complexa do que poderia ser descrita aqui. Em particular, em caso de d\u00favida, estes textos n\u00e3o podem substituir a consulta de um m\u00e9dico. Se voc\u00ea ou o seu filho tiverem queixas, apenas um m\u00e9dico pode avaliar, numa conversa direta, quais os passos de diagn\u00f3stico e terap\u00eauticos que s\u00e3o aconselh\u00e1veis.<\/p>","protected":false},"excerpt":{"rendered":"<p>Na minha opini\u00e3o, a melhor educa\u00e7\u00e3o poss\u00edvel do paciente \u00e9 a base para uma boa rela\u00e7\u00e3o paciente-m\u00e9dico. \u00c9 por isso que tento incluir-vos nas medidas de diagn\u00f3stico e terap\u00eauticas da minha pr\u00e1tica, explicando-vos o que penso sobre as vossas queixas ou as queixas do vosso filho. Na minha experi\u00eancia, \u00e9 enormemente aliviador para os pacientes [&hellip;]<\/p>\n","protected":false},"author":4,"featured_media":0,"parent":0,"menu_order":0,"comment_status":"closed","ping_status":"closed","template":"","meta":{"om_disable_all_campaigns":false,"footnotes":""},"class_list":["post-8","page","type-page","status-publish","hentry"],"_links":{"self":[{"href":"https:\/\/scholbach.de\/pt\/wp-json\/wp\/v2\/pages\/8","targetHints":{"allow":["GET"]}}],"collection":[{"href":"https:\/\/scholbach.de\/pt\/wp-json\/wp\/v2\/pages"}],"about":[{"href":"https:\/\/scholbach.de\/pt\/wp-json\/wp\/v2\/types\/page"}],"author":[{"embeddable":true,"href":"https:\/\/scholbach.de\/pt\/wp-json\/wp\/v2\/users\/4"}],"replies":[{"embeddable":true,"href":"https:\/\/scholbach.de\/pt\/wp-json\/wp\/v2\/comments?post=8"}],"version-history":[{"count":45,"href":"https:\/\/scholbach.de\/pt\/wp-json\/wp\/v2\/pages\/8\/revisions"}],"predecessor-version":[{"id":4351,"href":"https:\/\/scholbach.de\/pt\/wp-json\/wp\/v2\/pages\/8\/revisions\/4351"}],"wp:attachment":[{"href":"https:\/\/scholbach.de\/pt\/wp-json\/wp\/v2\/media?parent=8"}],"curies":[{"name":"wp","href":"https:\/\/api.w.org\/{rel}","templated":true}]}}