{"id":792,"date":"2016-12-03T14:04:19","date_gmt":"2016-12-03T14:04:19","guid":{"rendered":"http:\/\/scholbach.de\/?page_id=792"},"modified":"2020-04-05T14:06:40","modified_gmt":"2020-04-05T14:06:40","slug":"forschung","status":"publish","type":"page","link":"https:\/\/scholbach.de\/pt\/forschung","title":{"rendered":"Research"},"content":{"rendered":"<p class=\"qtranxs-available-languages-message qtranxs-available-languages-message-pt\">Desculpe, este conte\u00fado s\u00f3 est\u00e1 dispon\u00edvel em <a href=\"https:\/\/scholbach.de\/en\/wp-json\/wp\/v2\/pages\/792\" class=\"qtranxs-available-language-link qtranxs-available-language-link-en\" title=\"English\">English<\/a>, <a href=\"https:\/\/scholbach.de\/de\/wp-json\/wp\/v2\/pages\/792\" class=\"qtranxs-available-language-link qtranxs-available-language-link-de\" title=\"Deutsch\">Deutsch<\/a>, <a href=\"https:\/\/scholbach.de\/es\/wp-json\/wp\/v2\/pages\/792\" class=\"qtranxs-available-language-link qtranxs-available-language-link-es\" title=\"Espa\u00f1ol\">Espa\u00f1ol<\/a>, <a href=\"https:\/\/scholbach.de\/pl\/wp-json\/wp\/v2\/pages\/792\" class=\"qtranxs-available-language-link qtranxs-available-language-link-pl\" title=\"Polski\">Polski<\/a>, <a href=\"https:\/\/scholbach.de\/in\/wp-json\/wp\/v2\/pages\/792\" class=\"qtranxs-available-language-link qtranxs-available-language-link-in\" title=\"\u092d\u093e\u0930\u0924\">\u092d\u093e\u0930\u0924<\/a>, <a href=\"https:\/\/scholbach.de\/ja\/wp-json\/wp\/v2\/pages\/792\" class=\"qtranxs-available-language-link qtranxs-available-language-link-ja\" title=\"\u65e5\u672c\u8a9e\">\u65e5\u672c\u8a9e<\/a>, <a href=\"https:\/\/scholbach.de\/zh\/wp-json\/wp\/v2\/pages\/792\" class=\"qtranxs-available-language-link qtranxs-available-language-link-zh\" title=\"\u4e2d\u6587\">\u4e2d\u6587<\/a> e <a href=\"https:\/\/scholbach.de\/ru\/wp-json\/wp\/v2\/pages\/792\" class=\"qtranxs-available-language-link qtranxs-available-language-link-ru\" title=\"\u0420\u0443\u0441\u0441\u043a\u0438\u0439\">\u0420\u0443\u0441\u0441\u043a\u0438\u0439<\/a>.<\/p><p>We offer our expertise in the field of sonographic perfusion measurement and cooperation to researchers around the globe.<\/p>\n<p>Our PixelFlux-method, awarded by the German and European Ultrasound Societies, is second to none and is <a href=\"https:\/\/scholar.google.de\/scholar?q=PixelFlux++blood&amp;btnG=&amp;hl=de&amp;as_sdt=1%2C5&amp;as_vis=1\">used by an ever-growing community of researchers worldwide<\/a> who raise the bar in their area of research.<\/p>\n<p>Nephrology, Transplantation medicine, Gastroenterology, Obstetrics, Reproduction medicine, Neurology, Diabetology, Neonatology, Pediatrics, Oncology, Sports medicine, Urology, Gynecology, ENT and Veterinary medicine are only a few examples of its application.<\/p>\n<p>If you are interested in a cooperation or consider the introduction of PixelFlux in your clinical or experimental research environment, simply write an email to <a href=\"mailto:contact@chameleon-software.de\">contact@chameleon-software.de<\/a>.<\/p>\n<p>We are eager to support your projects, ideas and requests.<\/p>","protected":false},"excerpt":{"rendered":"<p>Desculpe, este conte\u00fado s\u00f3 est\u00e1 dispon\u00edvel em English, Deutsch, Espa\u00f1ol, Polski, \u092d\u093e\u0930\u0924, \u65e5\u672c\u8a9e, \u4e2d\u6587 e \u0420\u0443\u0441\u0441\u043a\u0438\u0439.We offer our expertise in the field of sonographic perfusion measurement and cooperation to researchers around the globe. Our PixelFlux-method, awarded by the German and European Ultrasound Societies, is second to none and is used by an ever-growing community of [&hellip;]<\/p>\n","protected":false},"author":5,"featured_media":0,"parent":0,"menu_order":0,"comment_status":"closed","ping_status":"closed","template":"","meta":{"om_disable_all_campaigns":false,"footnotes":""},"class_list":["post-792","page","type-page","status-publish","hentry"],"_links":{"self":[{"href":"https:\/\/scholbach.de\/pt\/wp-json\/wp\/v2\/pages\/792","targetHints":{"allow":["GET"]}}],"collection":[{"href":"https:\/\/scholbach.de\/pt\/wp-json\/wp\/v2\/pages"}],"about":[{"href":"https:\/\/scholbach.de\/pt\/wp-json\/wp\/v2\/types\/page"}],"author":[{"embeddable":true,"href":"https:\/\/scholbach.de\/pt\/wp-json\/wp\/v2\/users\/5"}],"replies":[{"embeddable":true,"href":"https:\/\/scholbach.de\/pt\/wp-json\/wp\/v2\/comments?post=792"}],"version-history":[{"count":32,"href":"https:\/\/scholbach.de\/pt\/wp-json\/wp\/v2\/pages\/792\/revisions"}],"predecessor-version":[{"id":4407,"href":"https:\/\/scholbach.de\/pt\/wp-json\/wp\/v2\/pages\/792\/revisions\/4407"}],"wp:attachment":[{"href":"https:\/\/scholbach.de\/pt\/wp-json\/wp\/v2\/media?parent=792"}],"curies":[{"name":"wp","href":"https:\/\/api.w.org\/{rel}","templated":true}]}}