{"id":7861,"date":"2023-02-16T20:41:21","date_gmt":"2023-02-16T19:41:21","guid":{"rendered":"https:\/\/scholbach.de\/?page_id=7861"},"modified":"2023-03-03T11:10:24","modified_gmt":"2023-03-03T10:10:24","slug":"nutcracker-and-may-thurner-syndrome-decompression-by-extra-venous-tube-grafting-and-significance-of-hypermobility-related-disorders","status":"publish","type":"page","link":"https:\/\/scholbach.de\/pt\/nutcracker-and-may-thurner-syndrome-decompression-by-extra-venous-tube-grafting-and-significance-of-hypermobility-related-disorders","title":{"rendered":"Nutcracker and May-Thurner syndrome: Decompression by extra venous tube grafting and significance of hypermobility related disorders"},"content":{"rendered":"<p class=\"qtranxs-available-languages-message qtranxs-available-languages-message-pt\">Desculpe, este conte\u00fado s\u00f3 est\u00e1 dispon\u00edvel em <a href=\"https:\/\/scholbach.de\/en\/wp-json\/wp\/v2\/pages\/7861\" class=\"qtranxs-available-language-link qtranxs-available-language-link-en\" title=\"English\">English<\/a>.<\/p><p>Our contribution to the <a href=\"https:\/\/www.venousforum.org\/education\/venous2023\/\">American Venous Forum 22-25.02.2023 San Antonio, Texas \/USA<\/a> : &#8220;Nutcracker and May-Thurner syndrome: Decompression by extra venous tube grafting and significance of hypermobility related disorders&#8221; Sandmann \/Scholbach\/Jacobi<\/p>\n<p>&nbsp;<\/p>\n<p><a href=\"https:\/\/scholbach.de\/wp-content\/uploads\/2023\/02\/poster-to-the-VENOUS2023-Sandmann-Final-scaled.jpg\"><img loading=\"lazy\" decoding=\"async\" class=\"aligncenter size-medium wp-image-7859\" src=\"https:\/\/scholbach.de\/wp-content\/uploads\/2023\/02\/poster-to-the-VENOUS2023-Sandmann-Final-300x150.jpg\" alt=\"\" width=\"300\" height=\"150\" srcset=\"https:\/\/scholbach.de\/wp-content\/uploads\/2023\/02\/poster-to-the-VENOUS2023-Sandmann-Final-300x150.jpg 300w, https:\/\/scholbach.de\/wp-content\/uploads\/2023\/02\/poster-to-the-VENOUS2023-Sandmann-Final-1024x512.jpg 1024w, https:\/\/scholbach.de\/wp-content\/uploads\/2023\/02\/poster-to-the-VENOUS2023-Sandmann-Final-768x384.jpg 768w, https:\/\/scholbach.de\/wp-content\/uploads\/2023\/02\/poster-to-the-VENOUS2023-Sandmann-Final-1536x768.jpg 1536w, https:\/\/scholbach.de\/wp-content\/uploads\/2023\/02\/poster-to-the-VENOUS2023-Sandmann-Final-2048x1024.jpg 2048w, https:\/\/scholbach.de\/wp-content\/uploads\/2023\/02\/poster-to-the-VENOUS2023-Sandmann-Final-640x320.jpg 640w\" sizes=\"auto, (max-width: 300px) 100vw, 300px\" \/><\/a><\/p>\n<p><\/p>","protected":false},"excerpt":{"rendered":"<p>Desculpe, este conte\u00fado s\u00f3 est\u00e1 dispon\u00edvel em English.Our contribution to the American Venous Forum 22-25.02.2023 San Antonio, Texas \/USA : &#8220;Nutcracker and May-Thurner syndrome: Decompression by extra venous tube grafting and significance of hypermobility related disorders&#8221; Sandmann \/Scholbach\/Jacobi &nbsp;<\/p>\n","protected":false},"author":5,"featured_media":0,"parent":0,"menu_order":0,"comment_status":"closed","ping_status":"closed","template":"","meta":{"om_disable_all_campaigns":false,"footnotes":""},"class_list":["post-7861","page","type-page","status-publish","hentry"],"_links":{"self":[{"href":"https:\/\/scholbach.de\/pt\/wp-json\/wp\/v2\/pages\/7861","targetHints":{"allow":["GET"]}}],"collection":[{"href":"https:\/\/scholbach.de\/pt\/wp-json\/wp\/v2\/pages"}],"about":[{"href":"https:\/\/scholbach.de\/pt\/wp-json\/wp\/v2\/types\/page"}],"author":[{"embeddable":true,"href":"https:\/\/scholbach.de\/pt\/wp-json\/wp\/v2\/users\/5"}],"replies":[{"embeddable":true,"href":"https:\/\/scholbach.de\/pt\/wp-json\/wp\/v2\/comments?post=7861"}],"version-history":[{"count":4,"href":"https:\/\/scholbach.de\/pt\/wp-json\/wp\/v2\/pages\/7861\/revisions"}],"predecessor-version":[{"id":7880,"href":"https:\/\/scholbach.de\/pt\/wp-json\/wp\/v2\/pages\/7861\/revisions\/7880"}],"wp:attachment":[{"href":"https:\/\/scholbach.de\/pt\/wp-json\/wp\/v2\/media?parent=7861"}],"curies":[{"name":"wp","href":"https:\/\/api.w.org\/{rel}","templated":true}]}}