{"id":7760,"date":"2023-01-09T17:25:19","date_gmt":"2023-01-09T16:25:19","guid":{"rendered":"https:\/\/scholbach.de\/?page_id=7760"},"modified":"2023-01-09T17:25:19","modified_gmt":"2023-01-09T16:25:19","slug":"interesting-medical-papers-from-others","status":"publish","type":"page","link":"https:\/\/scholbach.de\/pt\/interesting-medical-papers-from-others","title":{"rendered":"Interesting medical papers from others"},"content":{"rendered":"<p class=\"qtranxs-available-languages-message qtranxs-available-languages-message-pt\">Desculpe, este conte\u00fado s\u00f3 est\u00e1 dispon\u00edvel em <a href=\"https:\/\/scholbach.de\/en\/wp-json\/wp\/v2\/pages\/7760\" class=\"qtranxs-available-language-link qtranxs-available-language-link-en\" title=\"English\">English<\/a>.<\/p><p><a class=\"maxbutton-2 maxbutton maxbutton-e685b0e695b0e78db2\" href=\"https:\/\/scholbach.de\/my-publications-for-download#gsc.tab=0\"><span class='mb-text'>papers<\/span><\/a><\/p>","protected":false},"excerpt":{"rendered":"","protected":false},"author":5,"featured_media":0,"parent":0,"menu_order":0,"comment_status":"closed","ping_status":"closed","template":"","meta":{"om_disable_all_campaigns":false,"footnotes":""},"class_list":["post-7760","page","type-page","status-publish","hentry"],"_links":{"self":[{"href":"https:\/\/scholbach.de\/pt\/wp-json\/wp\/v2\/pages\/7760","targetHints":{"allow":["GET"]}}],"collection":[{"href":"https:\/\/scholbach.de\/pt\/wp-json\/wp\/v2\/pages"}],"about":[{"href":"https:\/\/scholbach.de\/pt\/wp-json\/wp\/v2\/types\/page"}],"author":[{"embeddable":true,"href":"https:\/\/scholbach.de\/pt\/wp-json\/wp\/v2\/users\/5"}],"replies":[{"embeddable":true,"href":"https:\/\/scholbach.de\/pt\/wp-json\/wp\/v2\/comments?post=7760"}],"version-history":[{"count":1,"href":"https:\/\/scholbach.de\/pt\/wp-json\/wp\/v2\/pages\/7760\/revisions"}],"predecessor-version":[{"id":7763,"href":"https:\/\/scholbach.de\/pt\/wp-json\/wp\/v2\/pages\/7760\/revisions\/7763"}],"wp:attachment":[{"href":"https:\/\/scholbach.de\/pt\/wp-json\/wp\/v2\/media?parent=7760"}],"curies":[{"name":"wp","href":"https:\/\/api.w.org\/{rel}","templated":true}]}}