{"id":74,"date":"2015-12-26T18:33:09","date_gmt":"2015-12-26T18:33:09","guid":{"rendered":"http:\/\/wp12612379.server-he.de\/?page_id=74"},"modified":"2025-12-12T18:22:52","modified_gmt":"2025-12-12T17:22:52","slug":"deutsch-durchblutungsmessung","status":"publish","type":"page","link":"https:\/\/scholbach.de\/pt\/wissenschaft\/deutsch-ultraschalldiagnostik\/deutsch-durchblutungsmessung","title":{"rendered":"Medi\u00e7\u00e3o do fluxo sangu\u00edneo : M\u00e9todo PixelFlux"},"content":{"rendered":"<p><strong>O papel da circula\u00e7\u00e3o sangu\u00ednea no organismo humano<\/strong><\/p>\n<p>A circula\u00e7\u00e3o sangu\u00ednea \u00e9 uma base importante para as fun\u00e7\u00f5es vitais do corpo. A circula\u00e7\u00e3o sangu\u00ednea fornece oxig\u00e9nio, hormonas e energia aos \u00f3rg\u00e3os e tecidos. A circula\u00e7\u00e3o sangu\u00ednea tamb\u00e9m desempenha um papel importante na resposta imunol\u00f3gica do corpo, pois transporta c\u00e9lulas de defesa para o local da inflama\u00e7\u00e3o, por exemplo.<\/p>\n<p>A circula\u00e7\u00e3o sangu\u00ednea de um \u00f3rg\u00e3o depende de muitos fatores. Em um estado saud\u00e1vel, a circula\u00e7\u00e3o sangu\u00ednea aumenta especialmente quando o \u00f3rg\u00e3o precisa de mais energia. Por exemplo, o fluxo sangu\u00edneo para os m\u00fasculos aumenta quando os m\u00fasculos trabalham porque precisam de mais oxig\u00e9nio, e as actividades mentais intensivas tamb\u00e9m resultam num aumento do fluxo sangu\u00edneo para o c\u00e9rebro.<\/p>\n<p>Mas tamb\u00e9m as perturba\u00e7\u00f5es patol\u00f3gicas das fun\u00e7\u00f5es vitais s\u00e3o frequentemente acompanhadas por uma altera\u00e7\u00e3o da circula\u00e7\u00e3o sangu\u00ednea. Muitas vezes, uma circula\u00e7\u00e3o sangu\u00ednea alterada \u00e9, portanto, uma indica\u00e7\u00e3o de certas avarias do corpo: por exemplo, o aumento da circula\u00e7\u00e3o sangu\u00ednea indica frequentemente inflama\u00e7\u00e3o: O corpo tenta combater a inflama\u00e7\u00e3o transportando c\u00e9lulas imunit\u00e1rias para o local do evento inflamat\u00f3rio, que s\u00e3o supostas combater a causa da inflama\u00e7\u00e3o (por exemplo, bact\u00e9rias). Reduzido fluxo sangu\u00edneo, por outro lado, muitas vezes ocorre no curso de doen\u00e7as cr\u00f4nicas. inflama\u00e7\u00f5es cr\u00f4nicas do rim, por exemplo, causar uma esclerose gradual dos vasos renais mais pequenos &#8211; o que leva a uma circula\u00e7\u00e3o sangu\u00ednea global mais pobre no rim.<\/p>\n<p><strong>O m\u00e9todo Pixelflux &#8211; Como funciona a medi\u00e7\u00e3o do fluxo sangu\u00edneo<\/strong><\/p>\n<p>Se se pode medir a circula\u00e7\u00e3o sangu\u00ednea, pode-se fazer afirma\u00e7\u00f5es muito precisas sobre a condi\u00e7\u00e3o dos \u00f3rg\u00e3os e o curso de muitas doen\u00e7as. \u00c9 por isso que desenvolvi um m\u00e9todo em conjunto com a empresa Chameleon Software para medir a circula\u00e7\u00e3o sangu\u00ednea com base em imagens ultra-sonogr\u00e1ficas duplex a cores. O software PixelFlux avalia as informa\u00e7\u00f5es de cor nos v\u00eddeos de ultrassom e calcula a quantidade de sangue que flui atrav\u00e9s do vaso em um determinado tempo (velocidade vezes \u00e1rea = volume por tempo).<\/p>\n<p><strong>PixelFlux em compara\u00e7\u00e3o com outros m\u00e9todos de diagn\u00f3stico<\/strong><\/p>\n<p>A resolu\u00e7\u00e3o espacial e temporal das imagens ultra-sonogr\u00e1ficas \u00e9 maior do que em outros m\u00e9todos de imagem, como a tomografia computadorizada (TC) ou a resson\u00e2ncia magn\u00e9tica (RM). Isto pode permitir a identifica\u00e7\u00e3o de mais detalhes, que podem ser relevantes para o diagn\u00f3stico. No entanto, o ultra-som \u00e9 limitado quando as ondas sonoras se encontram com osso ou ar.<\/p>\n<p>O exame PixelFlux pode medir inflama\u00e7\u00f5es agudas e cr\u00f4nicas, onde outros m\u00e9todos baseados em exames de sangue muitas vezes n\u00e3o permitem que uma declara\u00e7\u00e3o seja feita ou onde n\u00e3o est\u00e1 claro onde est\u00e1 o foco da doen\u00e7a. Isto foi provado, para citar apenas um dos muitos exemplos, para doen\u00e7as inflamat\u00f3rias cr\u00f3nicas do intestino, como a doen\u00e7a de Crohn e a colite ulcerosa.<\/p>\n<p>As aplica\u00e7\u00f5es m\u00e9dicas da medi\u00e7\u00e3o do fluxo sangu\u00edneo s\u00e3o extremamente diversas. Por exemplo, a circula\u00e7\u00e3o sangu\u00ednea pode ser usada como um crit\u00e9rio \u00fatil para avaliar certos tumores. A condi\u00e7\u00e3o dos rins transplantados tamb\u00e9m pode ser bem monitorada com a ajuda da medi\u00e7\u00e3o do fluxo sangu\u00edneo &#8211; o fluxo sangu\u00edneo para o rim muda mesmo antes do decl\u00ednio gradual do rim transplantado pode ser detectado em amostras de tecido. Devido ao papel central da circula\u00e7\u00e3o sangu\u00ednea no organismo humano, muitas outras \u00e1reas de aplica\u00e7\u00e3o s\u00e3o conceb\u00edveis.<\/p>\n<p>Uma outra vantagem da medi\u00e7\u00e3o do fluxo sangu\u00edneo usando PixelFlux em compara\u00e7\u00e3o com outros m\u00e9todos de diagn\u00f3stico \u00e9 a grande conveni\u00eancia do exame para pacientes. O exame de ultra-som \u00e9 realizado sem anestesia ou mesmo anestesia, sem exposi\u00e7\u00e3o \u00e0 radia\u00e7\u00e3o, sem interven\u00e7\u00e3o, sem uma amostra de sangue e tamb\u00e9m sem outras prepara\u00e7\u00f5es irritantes ou desagrad\u00e1veis.<\/p>\n<p><strong>Benef\u00edcios da medi\u00e7\u00e3o do fluxo sangu\u00edneo com PixelFlux<\/strong><\/p>\n<p>Com a medi\u00e7\u00e3o da perfus\u00e3o com PixelFlux muitas doen\u00e7as podem ser detectadas, descritas e observadas com muita precis\u00e3o. Isto permite que o diagn\u00f3stico de cada paciente individual seja feito mais cedo, de forma mais fi\u00e1vel e precisa do que seria poss\u00edvel de outra forma. Isto encurta o per\u00edodo de sofrimento e muitas vezes as chances de uma cura s\u00e3o melhores se a doen\u00e7a pode ser diagnosticada mais cedo.<\/p>\n<p>A medi\u00e7\u00e3o do fluxo sangu\u00edneo tamb\u00e9m desempenha um papel na terapia: uma terapia bem sucedida normaliza o fluxo sangu\u00edneo. Isto tamb\u00e9m n\u00e3o pode ser medido directamente no tecido afectado, utilizando qualquer outro m\u00e9todo dispon\u00edvel. Desta forma, tanto o efeito como o efeito secund\u00e1rio de um medicamento podem ser monitorizados com precis\u00e3o em determinadas situa\u00e7\u00f5es. Cada paciente reage de forma diferente a uma terapia. Com o m\u00e9todo PixelFlux, o efeito da terapia pode ser medido individualmente &#8211; a altera\u00e7\u00e3o medida no fluxo sangu\u00edneo pode ent\u00e3o ser usada para controlar o tratamento em conformidade. Isto significa, entre outras coisas, que a dose do medicamento pode ser reduzida com sucesso mensur\u00e1vel, a fim de evitar efeitos secund\u00e1rios causados por doses desnecessariamente longas ou desnecessariamente elevadas de medicamentos.<\/p>\n<p>&nbsp;<\/p>\n<p>&nbsp;<\/p>","protected":false},"excerpt":{"rendered":"<p>O papel da circula\u00e7\u00e3o sangu\u00ednea no organismo humano A circula\u00e7\u00e3o sangu\u00ednea \u00e9 uma base importante para as fun\u00e7\u00f5es vitais do corpo. A circula\u00e7\u00e3o sangu\u00ednea fornece oxig\u00e9nio, hormonas e energia aos \u00f3rg\u00e3os e tecidos. A circula\u00e7\u00e3o sangu\u00ednea tamb\u00e9m desempenha um papel importante na resposta imunol\u00f3gica do corpo, pois transporta c\u00e9lulas de defesa para o local da [&hellip;]<\/p>\n","protected":false},"author":4,"featured_media":0,"parent":93,"menu_order":3,"comment_status":"closed","ping_status":"closed","template":"","meta":{"om_disable_all_campaigns":false,"footnotes":""},"class_list":["post-74","page","type-page","status-publish","hentry"],"_links":{"self":[{"href":"https:\/\/scholbach.de\/pt\/wp-json\/wp\/v2\/pages\/74","targetHints":{"allow":["GET"]}}],"collection":[{"href":"https:\/\/scholbach.de\/pt\/wp-json\/wp\/v2\/pages"}],"about":[{"href":"https:\/\/scholbach.de\/pt\/wp-json\/wp\/v2\/types\/page"}],"author":[{"embeddable":true,"href":"https:\/\/scholbach.de\/pt\/wp-json\/wp\/v2\/users\/4"}],"replies":[{"embeddable":true,"href":"https:\/\/scholbach.de\/pt\/wp-json\/wp\/v2\/comments?post=74"}],"version-history":[{"count":39,"href":"https:\/\/scholbach.de\/pt\/wp-json\/wp\/v2\/pages\/74\/revisions"}],"predecessor-version":[{"id":9908,"href":"https:\/\/scholbach.de\/pt\/wp-json\/wp\/v2\/pages\/74\/revisions\/9908"}],"up":[{"embeddable":true,"href":"https:\/\/scholbach.de\/pt\/wp-json\/wp\/v2\/pages\/93"}],"wp:attachment":[{"href":"https:\/\/scholbach.de\/pt\/wp-json\/wp\/v2\/media?parent=74"}],"curies":[{"name":"wp","href":"https:\/\/api.w.org\/{rel}","templated":true}]}}