{"id":7380,"date":"2022-05-05T05:30:59","date_gmt":"2022-05-05T05:30:59","guid":{"rendered":"https:\/\/scholbach.de\/?page_id=7380"},"modified":"2022-05-23T19:15:20","modified_gmt":"2022-05-23T19:15:20","slug":"project-international-scholarship-for-quantitative-functional-color-doppler-ultrasound-training","status":"publish","type":"page","link":"https:\/\/scholbach.de\/pt\/project-international-scholarship-for-quantitative-functional-color-doppler-ultrasound-training","title":{"rendered":"Projecto &#8220;International Scholarship for Training in Quantitative Functional Colour Doppler Ultrasound"},"content":{"rendered":"<p>O meu trabalho di\u00e1rio com pacientes de todo o mundo torna claro que existe uma necessidade urgente de forma\u00e7\u00e3o em ultra-sons Doppler a cores funcionais quantitativos.<\/p>\n<p>O diagn\u00f3stico por ultra-sons tem feito grandes progressos, especialmente na \u00e1rea da medi\u00e7\u00e3o da perfus\u00e3o.<\/p>\n<p>Oferecemos isto a todos os pacientes em todo o mundo. Mas muitos mais pacientes precisam de um exame sonogr\u00e1fico mais detalhado e funcional para poderem examin\u00e1-los nos seus pa\u00edses de origem, especialmente nos pa\u00edses em desenvolvimento.<\/p>\n<p>Este \u00e9 o primeiro passo para estabelecer uma base s\u00f3lida para um maior desenvolvimento das modalidades de tratamento.<\/p>\n<p>Por conseguinte, estamos a procurar apoio para estabelecer uma instala\u00e7\u00e3o de forma\u00e7\u00e3o para ensinar a m\u00e9dicos e ultra-son\u00f3grafos n\u00e3o-f\u00edsicos de todo o mundo as t\u00e9cnicas de medi\u00e7\u00e3o quantitativa da perfus\u00e3o, incluindo a premiada t\u00e9cnica PixelFlux.<\/p>\n<p>O nosso apelo vai para as sociedades m\u00e9dicas, patrocinadores, filantropos e organiza\u00e7\u00f5es de doentes para combinar actividades com o objectivo de fazer uma melhoria significativa para todos os doentes que sofrem de dores insuport\u00e1veis e limita\u00e7\u00f5es funcionais devido a s\u00edndromes de compress\u00e3o vascular previamente n\u00e3o diagnosticadas.<\/p>\n<p>&nbsp;<\/p>\n<p>Se puder e quiser apoiar este projecto &#8211; espalhe a palavra e <a href=\"mailto:praxis.scholbach@posteo.de\">avise-me<\/a>.<\/p>","protected":false},"excerpt":{"rendered":"<p>O meu trabalho di\u00e1rio com pacientes de todo o mundo torna claro que existe uma necessidade urgente de forma\u00e7\u00e3o em ultra-sons Doppler a cores funcionais quantitativos. O diagn\u00f3stico por ultra-sons tem feito grandes progressos, especialmente na \u00e1rea da medi\u00e7\u00e3o da perfus\u00e3o. Oferecemos isto a todos os pacientes em todo o mundo. Mas muitos mais pacientes [&hellip;]<\/p>\n","protected":false},"author":5,"featured_media":0,"parent":0,"menu_order":0,"comment_status":"closed","ping_status":"closed","template":"","meta":{"om_disable_all_campaigns":false,"footnotes":""},"class_list":["post-7380","page","type-page","status-publish","hentry"],"_links":{"self":[{"href":"https:\/\/scholbach.de\/pt\/wp-json\/wp\/v2\/pages\/7380","targetHints":{"allow":["GET"]}}],"collection":[{"href":"https:\/\/scholbach.de\/pt\/wp-json\/wp\/v2\/pages"}],"about":[{"href":"https:\/\/scholbach.de\/pt\/wp-json\/wp\/v2\/types\/page"}],"author":[{"embeddable":true,"href":"https:\/\/scholbach.de\/pt\/wp-json\/wp\/v2\/users\/5"}],"replies":[{"embeddable":true,"href":"https:\/\/scholbach.de\/pt\/wp-json\/wp\/v2\/comments?post=7380"}],"version-history":[{"count":10,"href":"https:\/\/scholbach.de\/pt\/wp-json\/wp\/v2\/pages\/7380\/revisions"}],"predecessor-version":[{"id":7444,"href":"https:\/\/scholbach.de\/pt\/wp-json\/wp\/v2\/pages\/7380\/revisions\/7444"}],"wp:attachment":[{"href":"https:\/\/scholbach.de\/pt\/wp-json\/wp\/v2\/media?parent=7380"}],"curies":[{"name":"wp","href":"https:\/\/api.w.org\/{rel}","templated":true}]}}