{"id":72,"date":"2015-12-26T18:32:46","date_gmt":"2015-12-26T18:32:46","guid":{"rendered":"http:\/\/wp12612379.server-he.de\/?page_id=72"},"modified":"2020-04-05T14:13:51","modified_gmt":"2020-04-05T14:13:51","slug":"deutsch-hamangiome","status":"publish","type":"page","link":"https:\/\/scholbach.de\/pt\/wissenschaft\/deutsch-ultraschalldiagnostik\/deutsch-hamangiome","title":{"rendered":"Hemangiomas"},"content":{"rendered":"<p>Os hemangiomas (&#8220;esponjas sangu\u00edneas&#8221;) s\u00e3o principalmente tumores tempor\u00e1rios, benignos e ricos em vasculariza\u00e7\u00e3o de lactentes e crian\u00e7as pequenas. S\u00e3o os tumores mais comuns na inf\u00e2ncia e desenvolvem-se em at\u00e9 3% de todos os rec\u00e9m-nascidos, muitas vezes na zona da cabe\u00e7a e pesco\u00e7o.<\/p>\n<p>A ultrassonografia duplex colorida facilita o diagn\u00f3stico e a medi\u00e7\u00e3o da atividade do fluxo sangu\u00edneo usando a t\u00e9cnica PixelFlux.<\/p>\n<p>&nbsp;<\/p>\n<p><img decoding=\"async\" class=\"alignnone size-full wp-image-327\" src=\"http:\/\/wp12612379.server-he.de\/wp-content\/uploads\/2016\/06\/H\u00e4mangiome-ERscheinung-Farbdoppler.jpg\" alt=\"H\u00e4mangiome Erscheinung Farbdoppler\" width=\"100%\" height=\"auto\" srcset=\"https:\/\/scholbach.de\/wp-content\/uploads\/2016\/06\/H\u00e4mangiome-ERscheinung-Farbdoppler.jpg 831w, https:\/\/scholbach.de\/wp-content\/uploads\/2016\/06\/H\u00e4mangiome-ERscheinung-Farbdoppler-300x214.jpg 300w\" sizes=\"(max-width: 831px) 100vw, 831px\" \/><\/p>\n<div style=\"width: 640px;\" class=\"wp-video\"><video class=\"wp-video-shortcode\" id=\"video-72-3\" width=\"640\" height=\"360\" preload=\"metadata\" controls=\"controls\"><source type=\"video\/mp4\" src=\"http:\/\/wp12612379.server-he.de\/wp-content\/uploads\/2015\/12\/Haemangiome.mp4?_=3\" \/><a href=\"http:\/\/wp12612379.server-he.de\/wp-content\/uploads\/2015\/12\/Haemangiome.mp4\">http:\/\/wp12612379.server-he.de\/wp-content\/uploads\/2015\/12\/Haemangiome.mp4<\/a><\/video><\/div>\n<p>A maioria dos hemangiomas desaparece espontaneamente quando entram na escola e n\u00e3o necessitam de tratamento. No entanto, se o hemangioma crescer muito rapidamente e afectar o olho, ouvido, genitais ou vias respirat\u00f3rias, pode ser necess\u00e1ria uma terapia.<br \/>\nEnquanto o tratamento costumava ser mais invasivo (corticosteroides, laser, cirurgia), estes m\u00e9todos s\u00e3o agora raramente utilizados. Nos \u00faltimos anos, o tratamento com beta-bloqueadores tornou-se cada vez mais comum. Os efeitos colaterais s\u00e3o muito raros aqui, o tratamento geralmente tem efeito em poucos dias e pode ser controlado individualmente usando medi\u00e7\u00f5es PixelFlux. Desta forma, a terapia padr\u00e3o de 6 meses pode muitas vezes ser encurtada.<\/p>\n<p>&nbsp;<\/p>\n<p>&nbsp;<\/p>","protected":false},"excerpt":{"rendered":"<p>Os hemangiomas (&#8220;esponjas sangu\u00edneas&#8221;) s\u00e3o principalmente tumores tempor\u00e1rios, benignos e ricos em vasculariza\u00e7\u00e3o de lactentes e crian\u00e7as pequenas. S\u00e3o os tumores mais comuns na inf\u00e2ncia e desenvolvem-se em at\u00e9 3% de todos os rec\u00e9m-nascidos, muitas vezes na zona da cabe\u00e7a e pesco\u00e7o. A ultrassonografia duplex colorida facilita o diagn\u00f3stico e a medi\u00e7\u00e3o da atividade do [&hellip;]<\/p>\n","protected":false},"author":4,"featured_media":0,"parent":93,"menu_order":7,"comment_status":"closed","ping_status":"closed","template":"","meta":{"om_disable_all_campaigns":false,"footnotes":""},"class_list":["post-72","page","type-page","status-publish","hentry"],"_links":{"self":[{"href":"https:\/\/scholbach.de\/pt\/wp-json\/wp\/v2\/pages\/72","targetHints":{"allow":["GET"]}}],"collection":[{"href":"https:\/\/scholbach.de\/pt\/wp-json\/wp\/v2\/pages"}],"about":[{"href":"https:\/\/scholbach.de\/pt\/wp-json\/wp\/v2\/types\/page"}],"author":[{"embeddable":true,"href":"https:\/\/scholbach.de\/pt\/wp-json\/wp\/v2\/users\/4"}],"replies":[{"embeddable":true,"href":"https:\/\/scholbach.de\/pt\/wp-json\/wp\/v2\/comments?post=72"}],"version-history":[{"count":21,"href":"https:\/\/scholbach.de\/pt\/wp-json\/wp\/v2\/pages\/72\/revisions"}],"predecessor-version":[{"id":4428,"href":"https:\/\/scholbach.de\/pt\/wp-json\/wp\/v2\/pages\/72\/revisions\/4428"}],"up":[{"embeddable":true,"href":"https:\/\/scholbach.de\/pt\/wp-json\/wp\/v2\/pages\/93"}],"wp:attachment":[{"href":"https:\/\/scholbach.de\/pt\/wp-json\/wp\/v2\/media?parent=72"}],"curies":[{"name":"wp","href":"https:\/\/api.w.org\/{rel}","templated":true}]}}