{"id":7083,"date":"2022-01-25T17:10:52","date_gmt":"2022-01-25T17:10:52","guid":{"rendered":"https:\/\/scholbach.de\/?page_id=7083"},"modified":"2022-01-26T11:13:42","modified_gmt":"2022-01-26T11:13:42","slug":"may-i-help-you-with-the-award-winning-pixelflux-ultrasound-examination","status":"publish","type":"page","link":"https:\/\/scholbach.de\/pt\/may-i-help-you-with-the-award-winning-pixelflux-ultrasound-examination","title":{"rendered":"Posso ajud\u00e1-lo com o premiado exame de ultra-sons PixelFlux?"},"content":{"rendered":"<p>O progresso m\u00e9dico est\u00e1 a dar grandes passos em frente. O ultra-som \u00e9 um modo de exame altamente vers\u00e1til. Para al\u00e9m de simplesmente mostrar a forma, tamanho e estrutura de um \u00f3rg\u00e3o, lev\u00e1mo-lo mais longe.<\/p>\n<p>Desenvolvemos a mais sofisticada t\u00e9cnica de medi\u00e7\u00e3o do fluxo sangu\u00edneo ultrassonogr\u00e1fico do mundo &#8211; PixelFlux.<\/p>\n<p>Se sofre at\u00e9 agora de sintomas inexplic\u00e1veis e graves, posso ajud\u00e1-lo com o PixelFlux. Tem demonstrado o seu interesse em muitos campos da medicina: gastroenterologia, ginecologia, nefrologia, oncologia, neurologia, angiologia, para mencionar alguns.<\/p>\n<p>Para mais detalhes, basta preencher PixelFlux na barra de pesquisa no topo da p\u00e1gina.<\/p>\n<p>Se ainda estiver a pesquisar, deixe-me ajud\u00e1-lo. preencha o formul\u00e1rio e eu verificarei se o PixelFlux pode ser ben\u00e9fico para si tamb\u00e9m.<\/p>\n<p>&nbsp;<\/p>\n<p>\t\t\t<link rel=\"stylesheet\" property=\"stylesheet\" href=\"https:\/\/scholbach.de\/wp-content\/plugins\/happyforms\/bundles\/css\/frontend.css\" \/>\n\t\t\t\t<!-- HappyForms CSS variables -->\n\t<style>\n\t#happyforms-7106 {\n\t\t--happyforms-part-title-font-size: 16px;\n--happyforms-part-description-font-size: 14px;\n--happyforms-part-value-font-size: 16px;\n--happyforms-submit-button-font-size: 18px;\n--happyforms-color-primary: #000000;\n--happyforms-color-success-notice: #ebf9f0;\n--happyforms-color-success-notice-text: #1eb452;\n--happyforms-color-error: #f23000;\n--happyforms-color-error-notice: #ffeeea;\n--happyforms-color-error-notice-text: #f23000;\n--happyforms-color-part-title: #000000;\n--happyforms-color-part-value: #000000;\n--happyforms-color-part-placeholder: #888888;\n--happyforms-color-part-description: #454545;\n--happyforms-color-part-border: #dbdbdb;\n--happyforms-color-part-border-focus: #7aa4ff;\n--happyforms-color-part-background: #ffffff;\n--happyforms-color-part-background-focus: #ffffff;\n--happyforms-color-submit-background: #ef3434;\n--happyforms-color-submit-background-hover: #318200;\n--happyforms-color-submit-border: #16239e;\n--happyforms-color-submit-text: #ffffff;\n--happyforms-color-submit-text-hover: #d1f716;\n--happyforms-color-table-row-odd: #fcfcfc;\n--happyforms-color-table-row-even: #efefef;\n--happyforms-color-table-row-odd-text: #000000;\n--happyforms-color-table-row-even-text: #000000;\n--happyforms-color-dropdown-item-bg: #ffffff;\n--happyforms-color-dropdown-item-text: #000000;\n--happyforms-color-dropdown-item-bg-hover: #f4f4f5;\n--happyforms-color-dropdown-item-text-hover: #000000;\n--happyforms-color-divider-hr: #cccccc;\n--happyforms-color-choice-checkmark-bg: #ffffff;\n--happyforms-color-choice-checkmark-bg-focus: #000000;\n--happyforms-color-choice-checkmark-color: #ffffff;\n\t}\n\t<\/style>\n\t<!-- End of HappyForms CSS variables -->\n\t\t<!-- HappyForms Additional CSS -->\n\t<style data-happyforms-additional-css>\n\t\t<\/style>\n\t<!-- End of HappyForms Additional CSS -->\n\t\t\t<link rel=\"stylesheet\" type=\"text\/css\" href=\"https:\/\/scholbach.de\/wp-content\/plugins\/happyforms\/core\/assets\/css\/no-interaction.css\">\n\t\t<div class=\"happyforms-form happyforms-styles 1\" id=\"happyforms-7106\">\n\t\t\n\t<form action=\"\" id=\"happyforms-form-7106\" method=\"post\" novalidate=\"true\" autocomplete=\"off\">\n\t\t\t\t<input type=\"hidden\" name=\"happyforms_random_seed\" value=\"424003669\" \/>\n\t\t\n\t\t\t<input type=\"hidden\" name=\"action\" value=\"happyforms_message\">\n\t\t\t\t<input type=\"hidden\" name=\"client_referer\" value=\"\">\n\t\t\t\t<input type=\"hidden\" name=\"current_post_id\" value=\"\">\n\t\t\t\t<input type=\"hidden\" name=\"happyforms_form_id\" value=\"7106\" \/>\n\t\t\t\t<input type=\"hidden\" name=\"happyforms_step\" value=\"0\" \/>\n\t\n\t\t<div class=\"happyforms-flex\">\n\t\t\t\t<label for=\"7106-number\" class=\"screen-reader-text\">Leave this field blank<\/label>\n\t<input type=\"text\" id=\"7106-number\" name=\"7106-number\" style=\"display: none;\" tabindex=\"-1\" autocomplete=\"off\" aria-hidden=\"true\">\n\t\t\t\t\t\t\t\t\t\t<div class=\"happyforms-form__part happyforms-part happyforms-part--multi_line_text happyforms-part--width-full happyforms-part--label-above\" id=\"happyforms-7106_multi_line_text_7-part\" data-happyforms-type=\"multi_line_text\" data-happyforms-id=\"multi_line_text_7\" data-happyforms-required=\"\">\n\t<div class=\"happyforms-part-wrap\">\n\t\t\t\t\t\t<div class=\"happyforms-part__label-container\">\n\t\t\t\t<label for=\"happyforms-7106_multi_line_text_7\" class=\"happyforms-part__label\">\n\t\t\t<span class=\"label\">O seu pedido<\/span>\n\t\t\t\t\t\t\t\t\t\t<span class=\"happyforms-required\"><\/span>\n\t\t\t\t\t\t\t\t\t\t<span class=\"happyforms-optional\">(optional)<\/span>\n\t\t\t\t\t<\/label>\n\t\t\t<\/div>\n\t\t\t\n\t\t\n\t\t<div class=\"happyforms-part__el\">\n\t\t\t\n\t\t\t\t\t\t<textarea id=\"happyforms-7106_multi_line_text_7\" name=\"7106_multi_line_text_7\" rows=\"5\" placeholder=\"Por favor descreva as suas queixas e os resultados dos seus exames m\u00e9dicos. Verificarei se o posso ajudar com o nosso premiado exame de ultra-sons PixelFlux para medir o fluxo sangu\u00edneo em \u00f3rg\u00e3os, tecidos e vasos. Desta forma podemos detectar raz\u00f5es de dor (devido a inflama\u00e7\u00e3o oculta), podemos orientar um tratamento (de acordo com o seu efeito no fluxo sangu\u00edneo), podemos controlar o progresso e a revers\u00e3o de uma doen\u00e7a, podemos medir o efeito dos tratamentos, podemos avaliar o funcionamento dos \u00f3rg\u00e3os, medir o efeito da diabetes nos vasos sangu\u00edneos, avaliar tumores e o efeito do tratamento sobre eles e muito mais .\" autocomplete=\"off\" spellcheck=\"false\" autocorrect=\"off\" ><\/textarea>\n\t\t\t\n\t\t\t\n\t\t\t\t\t<\/div>\n\t<\/div>\n<\/div>\n<div class=\"happyforms-form__part happyforms-part happyforms-part--single_line_text happyforms-part--width-half happyforms-part--label-above\" id=\"happyforms-7106_single_line_text_4-part\" data-happyforms-type=\"single_line_text\" data-happyforms-id=\"single_line_text_4\" data-happyforms-required=\"\">\n\t<div class=\"happyforms-part-wrap\">\n\t\t\n\t\t\t\t\t\t<div class=\"happyforms-part__label-container\">\n\t\t\t\t<label for=\"happyforms-7106_single_line_text_4\" class=\"happyforms-part__label\">\n\t\t\t<span class=\"label\">O seu nome e apelido<\/span>\n\t\t\t\t\t\t\t\t\t\t<span class=\"happyforms-required\"><\/span>\n\t\t\t\t\t\t\t\t\t\t<span class=\"happyforms-optional\">(optional)<\/span>\n\t\t\t\t\t<\/label>\n\t\t\t<\/div>\n\t\t\t\n\t\t\n\t\t<div class=\"happyforms-part__el\">\n\t\t\t\n\t\t\t\n\t\t\t<div class=\"happyforms-input\">\n\t\t\t\t\n\t\t\t\t<input id=\"happyforms-7106_single_line_text_4\" type=\"text\" name=\"7106_single_line_text_4\" value=\"\" placeholder=\"Nome \/ Apelido\" autocomplete=\"off\" spellcheck=\"false\"  autocorrect=\"off\" \/>\n\t\t\t\t\t\t\t<\/div>\n\n\t\t\t\n\t\t\t\n\t\t\t\t\t<\/div>\n\t<\/div>\n<\/div>\n<div class=\"happyforms-form__part happyforms-part happyforms-part--single_line_text happyforms-part--width-half happyforms-part--label-above\" id=\"happyforms-7106_single_line_text_3-part\" data-happyforms-type=\"single_line_text\" data-happyforms-id=\"single_line_text_3\" data-happyforms-required=\"\">\n\t<div class=\"happyforms-part-wrap\">\n\t\t\n\t\t\t\t\t\t<div class=\"happyforms-part__label-container\">\n\t\t\t\t<label for=\"happyforms-7106_single_line_text_3\" class=\"happyforms-part__label\">\n\t\t\t<span class=\"label\">O seu pa\u00eds<\/span>\n\t\t\t\t\t\t\t\t\t\t<span class=\"happyforms-required\"><\/span>\n\t\t\t\t\t\t\t\t\t\t<span class=\"happyforms-optional\">(optional)<\/span>\n\t\t\t\t\t<\/label>\n\t\t\t<\/div>\n\t\t\t\n\t\t\n\t\t<div class=\"happyforms-part__el\">\n\t\t\t\n\t\t\t\n\t\t\t<div class=\"happyforms-input\">\n\t\t\t\t\n\t\t\t\t<input id=\"happyforms-7106_single_line_text_3\" type=\"text\" name=\"7106_single_line_text_3\" value=\"\" placeholder=\"A sua resid\u00eancia\" autocomplete=\"off\" spellcheck=\"false\"  autocorrect=\"off\" \/>\n\t\t\t\t\t\t\t<\/div>\n\n\t\t\t\n\t\t\t\n\t\t\t\t\t<\/div>\n\t<\/div>\n<\/div>\n<div class=\"happyforms-form__part happyforms-part happyforms-part--single_line_text happyforms-part--width-half happyforms-part--label-above\" id=\"happyforms-7106_single_line_text_5-part\" data-happyforms-type=\"single_line_text\" data-happyforms-id=\"single_line_text_5\" data-happyforms-required=\"\">\n\t<div class=\"happyforms-part-wrap\">\n\t\t\n\t\t\t\t\t\t<div class=\"happyforms-part__label-container\">\n\t\t\t\t<label for=\"happyforms-7106_single_line_text_5\" class=\"happyforms-part__label\">\n\t\t\t<span class=\"label\">O seu n\u00famero de telefone com o c\u00f3digo da cidade e do pa\u00eds)<\/span>\n\t\t\t\t\t\t\t\t\t\t<span class=\"happyforms-required\"><\/span>\n\t\t\t\t\t\t\t\t\t\t<span class=\"happyforms-optional\">(optional)<\/span>\n\t\t\t\t\t<\/label>\n\t\t\t<\/div>\n\t\t\t\n\t\t\n\t\t<div class=\"happyforms-part__el\">\n\t\t\t\n\t\t\t\n\t\t\t<div class=\"happyforms-input\">\n\t\t\t\t\n\t\t\t\t<input id=\"happyforms-7106_single_line_text_5\" type=\"text\" name=\"7106_single_line_text_5\" value=\"\" placeholder=\"\" autocomplete=\"off\" spellcheck=\"false\"  autocorrect=\"off\" \/>\n\t\t\t\t\t\t\t<\/div>\n\n\t\t\t\n\t\t\t\n\t\t\t\t\t<\/div>\n\t<\/div>\n<\/div>\n<div class=\"happyforms-form__part happyforms-part happyforms-part--single_line_text happyforms-part--width-half happyforms-part--label-above\" id=\"happyforms-7106_single_line_text_6-part\" data-happyforms-type=\"single_line_text\" data-happyforms-id=\"single_line_text_6\" data-happyforms-required=\"\">\n\t<div class=\"happyforms-part-wrap\">\n\t\t\n\t\t\t\t\t\t<div class=\"happyforms-part__label-container\">\n\t\t\t\t<label for=\"happyforms-7106_single_line_text_6\" class=\"happyforms-part__label\">\n\t\t\t<span class=\"label\">O seu endere\u00e7o skype (ou outro servi\u00e7o de videoconfer\u00eancia)<\/span>\n\t\t\t\t\t\t\t\t\t\t<span class=\"happyforms-required\"><\/span>\n\t\t\t\t\t\t\t\t\t\t<span class=\"happyforms-optional\">(optional)<\/span>\n\t\t\t\t\t<\/label>\n\t\t\t<\/div>\n\t\t\t\n\t\t\n\t\t<div class=\"happyforms-part__el\">\n\t\t\t\n\t\t\t\n\t\t\t<div class=\"happyforms-input\">\n\t\t\t\t\n\t\t\t\t<input id=\"happyforms-7106_single_line_text_6\" type=\"text\" name=\"7106_single_line_text_6\" value=\"\" placeholder=\"\" autocomplete=\"off\" spellcheck=\"false\"  autocorrect=\"off\" \/>\n\t\t\t\t\t\t\t<\/div>\n\n\t\t\t\n\t\t\t\n\t\t\t\t\t<\/div>\n\t<\/div>\n<\/div>\n<div class=\"happyforms-part--with-autocomplete happyforms-form__part happyforms-part happyforms-part--email happyforms-part--width-half happyforms-part--label-above\" id=\"happyforms-7106_email_2-part\" data-happyforms-type=\"email\" data-happyforms-id=\"email_2\" data-happyforms-required=\"\">\n\t\t<div class=\"happyforms-part-wrap\">\n\t\t\t\t\t\t<div class=\"happyforms-part__label-container\">\n\t\t\t\t<label for=\"happyforms-7106_email_2\" class=\"happyforms-part__label\">\n\t\t\t<span class=\"label\">Endere\u00e7o de correio electr\u00f3nico<\/span>\n\t\t\t\t\t\t\t\t\t\t<span class=\"happyforms-required\"><\/span>\n\t\t\t\t\t\t\t\t\t\t<span class=\"happyforms-optional\">(optional)<\/span>\n\t\t\t\t\t<\/label>\n\t\t\t<\/div>\n\t\t\t\n\t\t\n\t\t<div class=\"happyforms-part__el\">\n\t\t\t\n\t\t\t\n\t\t\t<div class=\"happyforms-input\">\n\t\t\t\t<input type=\"email\" name=\"7106_email_2\" id=\"happyforms-7106_email_2\" value=\"\" placeholder=\"O seu endere\u00e7o de correio electr\u00f3nico\" autocomplete=\"off\" spellcheck=\"false\"  autocorrect=\"off\" \/>\n\t\t\t\t\t\t\t<\/div>\n\n\t\t\t\n\t\t\t\n\t\t\t\t\t<\/div>\n\t<\/div>\n<\/div>\n<div class=\"happyforms-form__part happyforms-part happyforms-part--multi_line_text happyforms-part--width-full happyforms-part--label-above\" id=\"happyforms-7106_multi_line_text_8-part\" data-happyforms-type=\"multi_line_text\" data-happyforms-id=\"multi_line_text_8\" data-happyforms-required=\"\">\n\t<div class=\"happyforms-part-wrap\">\n\t\t\t\t\t\t<div class=\"happyforms-part__label-container\">\n\t\t\t\t<label for=\"happyforms-7106_multi_line_text_8\" class=\"happyforms-part__label\">\n\t\t\t<span class=\"label\">O seu seguro de sa\u00fade<\/span>\n\t\t\t\t\t\t\t\t\t\t<span class=\"happyforms-required\"><\/span>\n\t\t\t\t\t\t\t\t\t\t<span class=\"happyforms-optional\">(optional)<\/span>\n\t\t\t\t\t<\/label>\n\t\t\t<\/div>\n\t\t\t\n\t\t\n\t\t<div class=\"happyforms-part__el\">\n\t\t\t\n\t\t\t\t\t\t<textarea id=\"happyforms-7106_multi_line_text_8\" name=\"7106_multi_line_text_8\" rows=\"5\" placeholder=\"Descreva o modo de pagamento deste servi\u00e7o (cart\u00e3o de cr\u00e9dito; transfer\u00eancia banc\u00e1ria; outro)\" autocomplete=\"off\" spellcheck=\"false\" autocorrect=\"off\" ><\/textarea>\n\t\t\t\n\t\t\t\n\t\t\t\t\t<\/div>\n\t<\/div>\n<\/div>\n\t\t\t\t\t\t<div class=\"happyforms-form__part happyforms-part happyforms-part--submit\">\n\t\t<button type=\"submit\" class=\"happyforms-submit happyforms-button--submit \">Send<\/button>\n\t<\/div>\t\t<\/div>\n\n\t\t\t<\/form>\n\n\t<\/div>\n<\/p>","protected":false},"excerpt":{"rendered":"<p>O progresso m\u00e9dico est\u00e1 a dar grandes passos em frente. O ultra-som \u00e9 um modo de exame altamente vers\u00e1til. Para al\u00e9m de simplesmente mostrar a forma, tamanho e estrutura de um \u00f3rg\u00e3o, lev\u00e1mo-lo mais longe. Desenvolvemos a mais sofisticada t\u00e9cnica de medi\u00e7\u00e3o do fluxo sangu\u00edneo ultrassonogr\u00e1fico do mundo &#8211; PixelFlux. Se sofre at\u00e9 agora de [&hellip;]<\/p>\n","protected":false},"author":5,"featured_media":0,"parent":0,"menu_order":0,"comment_status":"closed","ping_status":"closed","template":"","meta":{"om_disable_all_campaigns":false,"footnotes":""},"class_list":["post-7083","page","type-page","status-publish","hentry"],"_links":{"self":[{"href":"https:\/\/scholbach.de\/pt\/wp-json\/wp\/v2\/pages\/7083","targetHints":{"allow":["GET"]}}],"collection":[{"href":"https:\/\/scholbach.de\/pt\/wp-json\/wp\/v2\/pages"}],"about":[{"href":"https:\/\/scholbach.de\/pt\/wp-json\/wp\/v2\/types\/page"}],"author":[{"embeddable":true,"href":"https:\/\/scholbach.de\/pt\/wp-json\/wp\/v2\/users\/5"}],"replies":[{"embeddable":true,"href":"https:\/\/scholbach.de\/pt\/wp-json\/wp\/v2\/comments?post=7083"}],"version-history":[{"count":15,"href":"https:\/\/scholbach.de\/pt\/wp-json\/wp\/v2\/pages\/7083\/revisions"}],"predecessor-version":[{"id":7112,"href":"https:\/\/scholbach.de\/pt\/wp-json\/wp\/v2\/pages\/7083\/revisions\/7112"}],"wp:attachment":[{"href":"https:\/\/scholbach.de\/pt\/wp-json\/wp\/v2\/media?parent=7083"}],"curies":[{"name":"wp","href":"https:\/\/api.w.org\/{rel}","templated":true}]}}