{"id":70,"date":"2015-12-26T18:32:18","date_gmt":"2015-12-26T18:32:18","guid":{"rendered":"http:\/\/wp12612379.server-he.de\/?page_id=70"},"modified":"2020-04-05T14:16:06","modified_gmt":"2020-04-05T14:16:06","slug":"deutsch-durchblutungsmessung-des-fotus","status":"publish","type":"page","link":"https:\/\/scholbach.de\/pt\/wissenschaft\/deutsch-ultraschalldiagnostik\/deutsch-durchblutungsmessung\/deutsch-durchblutungsmessung-des-fotus","title":{"rendered":"Medi\u00e7\u00e3o do fluxo sangu\u00edneo do feto"},"content":{"rendered":"<p>O fornecimento de sangue ao feto \u00e9 crucial para o seu desenvolvimento saud\u00e1vel. Com a medi\u00e7\u00e3o tridimensional do fluxo sangu\u00edneo, um exame ultra-sonogr\u00e1fico da mulher gr\u00e1vida pode medir exactamente quanto sangue rico em oxig\u00e9nio flui da placenta para a crian\u00e7a. As defici\u00eancias na crian\u00e7a podem ser detectadas antes de, por exemplo, o crescimento da crian\u00e7a sofrer.<br \/>\nA base para a nova medi\u00e7\u00e3o de perfus\u00e3o 3D em fetos \u00e9 o ultrassom Doppler colorido tridimensional da veia umbilical. Com a t\u00e9cnica PixelFlux, a quantidade de sangue que a crian\u00e7a recebe da m\u00e3e pode ser medida de forma confi\u00e1vel.<\/p>\n<p>O m\u00e9todo \u00e9 t\u00e3o preciso que fomos capazes de detectar e medir a pulsa\u00e7\u00e3o da veia umbilical no \u00fatero pela primeira vez em todo o mundo (<a href=\"https:\/\/scholbach.de\/wp-content\/uploads\/2016\/10\/Presentation-at-the-European-Ultrasound-Congress-2015.pdf\">Apresenta\u00e7\u00e3o no Congresso Europeu de Ultra-sons 2015<\/a>). Acreditamos ter encontrado um novo mecanismo regulador que afina o fluxo sangu\u00edneo fetal. Para esta descoberta n\u00f3s (Thomas Scholbach (Pediatric Practice Leipzig\/ Chameleon-Software), Claudia Heien (Universidade de Stavanger) e Torbjorn Eggebo (Universidade de Trondheim) desenvolvemos o<br \/>\n<a href=\"http:\/\/www.degum.de\/nc\/aktuelles\/degum-ultraschall\/im-detail\/news\/mitglied-der-sektion-paediatrie-auf-dem-euroson-kongress-ausgezeichnet.html\">1\u00ba Pr\u00e9mio Europeu de Ultrassom (Primeiro Pr\u00e9mio E-Poster) em Atenas, em 2015.<\/a><\/p>","protected":false},"excerpt":{"rendered":"<p>O fornecimento de sangue ao feto \u00e9 crucial para o seu desenvolvimento saud\u00e1vel. Com a medi\u00e7\u00e3o tridimensional do fluxo sangu\u00edneo, um exame ultra-sonogr\u00e1fico da mulher gr\u00e1vida pode medir exactamente quanto sangue rico em oxig\u00e9nio flui da placenta para a crian\u00e7a. As defici\u00eancias na crian\u00e7a podem ser detectadas antes de, por exemplo, o crescimento da crian\u00e7a [&hellip;]<\/p>\n","protected":false},"author":4,"featured_media":0,"parent":74,"menu_order":2,"comment_status":"closed","ping_status":"closed","template":"","meta":{"om_disable_all_campaigns":false,"footnotes":""},"class_list":["post-70","page","type-page","status-publish","hentry"],"_links":{"self":[{"href":"https:\/\/scholbach.de\/pt\/wp-json\/wp\/v2\/pages\/70","targetHints":{"allow":["GET"]}}],"collection":[{"href":"https:\/\/scholbach.de\/pt\/wp-json\/wp\/v2\/pages"}],"about":[{"href":"https:\/\/scholbach.de\/pt\/wp-json\/wp\/v2\/types\/page"}],"author":[{"embeddable":true,"href":"https:\/\/scholbach.de\/pt\/wp-json\/wp\/v2\/users\/4"}],"replies":[{"embeddable":true,"href":"https:\/\/scholbach.de\/pt\/wp-json\/wp\/v2\/comments?post=70"}],"version-history":[{"count":23,"href":"https:\/\/scholbach.de\/pt\/wp-json\/wp\/v2\/pages\/70\/revisions"}],"predecessor-version":[{"id":4432,"href":"https:\/\/scholbach.de\/pt\/wp-json\/wp\/v2\/pages\/70\/revisions\/4432"}],"up":[{"embeddable":true,"href":"https:\/\/scholbach.de\/pt\/wp-json\/wp\/v2\/pages\/74"}],"wp:attachment":[{"href":"https:\/\/scholbach.de\/pt\/wp-json\/wp\/v2\/media?parent=70"}],"curies":[{"name":"wp","href":"https:\/\/api.w.org\/{rel}","templated":true}]}}