{"id":68,"date":"2015-12-26T18:31:32","date_gmt":"2015-12-26T18:31:32","guid":{"rendered":"http:\/\/wp12612379.server-he.de\/?page_id=68"},"modified":"2020-04-05T14:13:37","modified_gmt":"2020-04-05T14:13:37","slug":"deutsch-gefasfehlbildungen","status":"publish","type":"page","link":"https:\/\/scholbach.de\/pt\/wissenschaft\/deutsch-ultraschalldiagnostik\/deutsch-gefasfehlbildungen","title":{"rendered":"Malforma\u00e7\u00f5es vasculares"},"content":{"rendered":"<p>G<\/p>\n<p>malforma\u00e7\u00f5es vasculares s\u00e3o perturba\u00e7\u00f5es na estrutura dos vasos sangu\u00edneos ou linf\u00e1ticos. Art\u00e9rias, veias, capilares ou vasos linf\u00e1ticos podem ser afetados individualmente ou simultaneamente em um \u00f3rg\u00e3o ou regi\u00e3o do corpo.<\/p>\n<p><strong>Estenose da art\u00e9ria renal<\/strong><\/p>\n<p>Por exemplo, uma art\u00e9ria pode estar cong\u00e9nita e o fluxo sangu\u00edneo para o \u00f3rg\u00e3o a ser tratado pode estar comprometido. Isto \u00e9 referido como estenose vascular. Se, por exemplo, houver uma estenose da art\u00e9ria renal, isso pode levar ao aumento da press\u00e3o arterial. Uma vez que a estenose pode ser reduzida pela dilata\u00e7\u00e3o do vaso, o diagn\u00f3stico ultrassonogr\u00e1fico de tal estenose da art\u00e9ria renal oferece a possibilidade de diminuir a press\u00e3o arterial elevada com uma interven\u00e7\u00e3o, de modo que muitas vezes n\u00e3o \u00e9 necess\u00e1rio tomar nenhum medicamento para baixar a press\u00e3o arterial.<\/p>\n<p>A estenose da art\u00e9ria renal resulta na redu\u00e7\u00e3o do fluxo sangu\u00edneo para o rim afetado. Isto reage com um aumento da forma\u00e7\u00e3o da hormona renina. A renina aumenta a tens\u00e3o arterial para fornecer sangue suficiente ao rim afectado, apesar do estreitamento dos vasos sangu\u00edneos, para que este possa cumprir a sua fun\u00e7\u00e3o de desintoxica\u00e7\u00e3o. Este aumento na press\u00e3o de sangue \u00e9 prejudicial a todos os outros \u00f3rg\u00e3os e conduz \u00e0 arteriosclerose, \u00e0 tens\u00e3o do m\u00fasculo card\u00edaco e a um risco aumentado do curso.<\/p>\n<p>A seguinte imagem de ultra-som mostra uma estenose da art\u00e9ria renal:<\/p>\n<p><img decoding=\"async\" class=\" size-full wp-image-256 aligncenter\" src=\"http:\/\/wp12612379.server-he.de\/wp-content\/uploads\/2015\/12\/Nierenarterienstenose.jpg\" alt=\"Nierenarterienstenose\" width=\"100%\" height=\"auto\" srcset=\"https:\/\/scholbach.de\/wp-content\/uploads\/2015\/12\/Nierenarterienstenose.jpg 483w, https:\/\/scholbach.de\/wp-content\/uploads\/2015\/12\/Nierenarterienstenose-300x232.jpg 300w\" sizes=\"(max-width: 483px) 100vw, 483px\" \/><\/p>\n<p>Com a t\u00e9cnica PixelFlux, \u00e9 f\u00e1cil e preciso avaliar a quantidade de sangue que ainda chega ao rim. Suplementa, assim, m\u00e9todos puramente morfol\u00f3gicos, como o contraste m\u00e9dio da art\u00e9ria renal em angiografia, tomografia computadorizada (TC) ou resson\u00e2ncia magn\u00e9tica (RM). Ap\u00f3s a dilata\u00e7\u00e3o da art\u00e9ria renal (dilata\u00e7\u00e3o com bal\u00e3o ou stent), o efeito do tratamento pode ser medido com precis\u00e3o. Desta forma, mesmo sem exposi\u00e7\u00e3o \u00e0 radia\u00e7\u00e3o, a recupera\u00e7\u00e3o cont\u00ednua do rim pode ser observada:<\/p>\n<p><strong>Malforma\u00e7\u00e3o AV<\/strong><\/p>\n<p>Liga\u00e7\u00f5es de curto-circuito entre art\u00e9rias e veias, as chamadas malforma\u00e7\u00f5es AV, tamb\u00e9m podem levar a perturba\u00e7\u00f5es circulat\u00f3rias ou ao aumento do crescimento do \u00f3rg\u00e3o fornecido. Aqui as queixas podem ser eliminadas atrav\u00e9s do bloqueio desta malforma\u00e7\u00e3o.<\/p>\n<p>O gr\u00e1fico seguinte mostra como a circula\u00e7\u00e3o sangu\u00ednea dos vasos cervicais num paciente com zumbido (zumbido nos ouvidos) \u00e9 bastante diferente em ambos os lados. Enquanto a velocidade de fluxo \u00e0 direita \u00e9 normal a 48 cm\/s, ela \u00e9 claramente aumentada \u00e0 esquerda a 310 cm\/s. A velocidade de fluxo \u00e0 direita \u00e9 normal a 48 cm\/s, enquanto a velocidade de fluxo \u00e0 direita \u00e9 significativamente aumentada a 310 cm\/s:<\/p>\n<p>&nbsp;<\/p>\n<p><img decoding=\"async\" class=\"alignnone size-large wp-image-322\" src=\"http:\/\/wp12612379.server-he.de\/wp-content\/uploads\/2016\/06\/AV-Fistel-Hals-1024x545.jpg\" alt=\"AV Fistel Hals\" width=\"100%\" height=\"auto\" srcset=\"https:\/\/scholbach.de\/wp-content\/uploads\/2016\/06\/AV-Fistel-Hals-1024x545.jpg 1024w, https:\/\/scholbach.de\/wp-content\/uploads\/2016\/06\/AV-Fistel-Hals-300x160.jpg 300w, https:\/\/scholbach.de\/wp-content\/uploads\/2016\/06\/AV-Fistel-Hals.jpg 1871w\" sizes=\"(max-width: 1024px) 100vw, 1024px\" \/><\/p>\n<p>A causa do anel nas orelhas neste caso foi uma f\u00edstula AV dos vasos cervicais. Ap\u00f3s o fechamento da f\u00edstula AV, o zumbido desapareceu e o padr\u00e3o circulat\u00f3rio normalizou completamente.<\/p>\n<p>&nbsp;<\/p>\n<p>&nbsp;<\/p>","protected":false},"excerpt":{"rendered":"<p>G malforma\u00e7\u00f5es vasculares s\u00e3o perturba\u00e7\u00f5es na estrutura dos vasos sangu\u00edneos ou linf\u00e1ticos. Art\u00e9rias, veias, capilares ou vasos linf\u00e1ticos podem ser afetados individualmente ou simultaneamente em um \u00f3rg\u00e3o ou regi\u00e3o do corpo. Estenose da art\u00e9ria renal Por exemplo, uma art\u00e9ria pode estar cong\u00e9nita e o fluxo sangu\u00edneo para o \u00f3rg\u00e3o a ser tratado pode estar comprometido. [&hellip;]<\/p>\n","protected":false},"author":4,"featured_media":0,"parent":93,"menu_order":5,"comment_status":"closed","ping_status":"closed","template":"","meta":{"om_disable_all_campaigns":false,"footnotes":""},"class_list":["post-68","page","type-page","status-publish","hentry"],"_links":{"self":[{"href":"https:\/\/scholbach.de\/pt\/wp-json\/wp\/v2\/pages\/68","targetHints":{"allow":["GET"]}}],"collection":[{"href":"https:\/\/scholbach.de\/pt\/wp-json\/wp\/v2\/pages"}],"about":[{"href":"https:\/\/scholbach.de\/pt\/wp-json\/wp\/v2\/types\/page"}],"author":[{"embeddable":true,"href":"https:\/\/scholbach.de\/pt\/wp-json\/wp\/v2\/users\/4"}],"replies":[{"embeddable":true,"href":"https:\/\/scholbach.de\/pt\/wp-json\/wp\/v2\/comments?post=68"}],"version-history":[{"count":22,"href":"https:\/\/scholbach.de\/pt\/wp-json\/wp\/v2\/pages\/68\/revisions"}],"predecessor-version":[{"id":4427,"href":"https:\/\/scholbach.de\/pt\/wp-json\/wp\/v2\/pages\/68\/revisions\/4427"}],"up":[{"embeddable":true,"href":"https:\/\/scholbach.de\/pt\/wp-json\/wp\/v2\/pages\/93"}],"wp:attachment":[{"href":"https:\/\/scholbach.de\/pt\/wp-json\/wp\/v2\/media?parent=68"}],"curies":[{"name":"wp","href":"https:\/\/api.w.org\/{rel}","templated":true}]}}