{"id":66,"date":"2015-12-26T18:31:13","date_gmt":"2015-12-26T18:31:13","guid":{"rendered":"http:\/\/wp12612379.server-he.de\/?page_id=66"},"modified":"2022-01-26T12:29:01","modified_gmt":"2022-01-26T12:29:01","slug":"deutsch-gefaskompressionen","status":"publish","type":"page","link":"https:\/\/scholbach.de\/pt\/wissenschaft\/deutsch-ultraschalldiagnostik\/deutsch-gefaskompressionen","title":{"rendered":"S\u00edndromes de compress\u00e3o vascular"},"content":{"rendered":"<p>As s\u00edndromes de compress\u00e3o vascular s\u00e3o, por um lado, frequentemente pouco conhecidas at\u00e9 mesmo pelos m\u00e9dicos e, por outro lado, a causa de numerosos sintomas aparentemente n\u00e3o relacionados em diferentes regi\u00f5es do corpo. De acordo com o diagn\u00f3stico padr\u00e3o, uma causa psicol\u00f3gica das queixas som\u00e1ticas \u00e9, portanto, frequentemente assumida ou presumida.<\/p>\n<p>Se as s\u00edndromes de compress\u00e3o vascular ainda n\u00e3o tiverem sido consideradas, isso pode levar ao desespero, \u00e0 perda de auto-estima e, em alguns casos, \u00e0 emacia\u00e7\u00e3o do paciente com risco de vida.<\/p>\n<p>Os pacientes encontrar\u00e3o uma <a href=\"https:\/\/scholbach.de\/checkliste-gefaesskompressionssyndrome\">lista de sintomas de s\u00edndromes de compress\u00e3o vascular aqui<\/a>.<\/p>\n<p>Naturalmente, um diagn\u00f3stico convencional das queixas deve ser realizado primeiro. Se n\u00e3o houver explica\u00e7\u00f5es para os sintomas, ent\u00e3o se os sintomas listados na lista de verifica\u00e7\u00e3o acumular, s\u00edndromes de compress\u00e3o vascular deve ser procurado.<\/p>\n<p>Aqui a sonografia duplex a cores funcional com a t\u00e9cnica PixelFlux \u00e9 superior a todos os outros m\u00e9todos.<\/p>\n<p><strong>As tuas vantagens s\u00e3o:<\/strong><\/p>\n<p>total aten\u00e7\u00e3o \u00e0s necessidades espec\u00edficas do paciente<\/p>\n<p>Investiga\u00e7\u00f5es sob as circunst\u00e2ncias exactas em que as queixas ocorrem<\/p>\n<p>em diferentes posi\u00e7\u00f5es e posturas corporais<\/p>\n<p>em diferentes fases da respira\u00e7\u00e3o<\/p>\n<p>antes, durante e depois de comer e beber<\/p>\n<p>depois de desencadear as cargas: em p\u00e9, em corrida, sentado, prolongado<\/p>\n<p>a mais alta resolu\u00e7\u00e3o espacial de todos os m\u00e9todos de imagem<\/p>\n<p>assim, a representa\u00e7\u00e3o detalhada mais diferenciada<\/p>\n<p>maior resolu\u00e7\u00e3o temporal de todos os processos de imagem<\/p>\n<p>assim, a representa\u00e7\u00e3o mais diferenciada das fun\u00e7\u00f5es do corpo, como o fluxo sangu\u00edneo, movimento intestinal, movimento do cora\u00e7\u00e3o, transporte de alimentos<\/p>\n<p>Medi\u00e7\u00e3o do fluxo sangu\u00edneo<\/p>\n<p>Exibi\u00e7\u00e3o imediata das anomalias da circula\u00e7\u00e3o sangu\u00ednea com dispositivos de ponta<\/p>\n<p>Questionamento do paciente durante o exame sobre as anormalidades observadas &#8211; assim, clara atribui\u00e7\u00e3o dos achados \u00e0s queixas<\/p>\n<p>Exame f\u00edsico simult\u00e2neo do paciente<\/p>\n<p>Adapta\u00e7\u00e3o do processo de exame \u00e0 situa\u00e7\u00e3o actual com repeti\u00e7\u00e3o de certas sec\u00e7\u00f5es do exame<\/p>\n<p>Clarifica\u00e7\u00e3o de todos os sintomas num \u00fanico procedimento de exame<\/p>\n<p>Medi\u00e7\u00e3o das interac\u00e7\u00f5es das diferentes s\u00edndromes de compress\u00e3o<\/p>\n<p>Medi\u00e7\u00f5es reprodut\u00edveis gra\u00e7as \u00e0 tecnologia PixelFlux padronizada (Pr\u00eamio Europeu de Ultrassom)<\/p>\n<p>Declara\u00e7\u00f5es precisas sobre o efeito das terapias medicamentosas e cir\u00fargicas gra\u00e7as \u00e0 tecnologia PixelFlux<\/p>\n<p>Resultados claros<\/p>\n<p>Recomenda\u00e7\u00f5es claras de tratamento<\/p>\n<p>ap\u00f3s apenas um exame (dura\u00e7\u00e3o 1-2 horas)<\/p>\n<p>Uma limita\u00e7\u00e3o importante \u00e9 a obstru\u00e7\u00e3o do exame por via a\u00e9rea nos intestinos e pulm\u00f5es.<\/p>\n<p>Um exemplo de diagn\u00f3stico e terapia personalizados atrav\u00e9s da medi\u00e7\u00e3o do fluxo sangu\u00edneo \u00e9 a ampla gama de sintomas associados \u00e0 compress\u00e3o vascular na cavidade abdominal (fa\u00e7a o download de uma vis\u00e3o geral ilustrada para pacientes).<\/p>\n<p>A dor abdominal tem muitas vezes uma causa que \u00e9 f\u00e1cil de esclarecer, especialmente se ocorrer de repente ou se estiver claramente relacionada com outros sintomas (por exemplo, diarreia, v\u00f3mitos, febre). No entanto, se a dor abdominal persistir por longos per\u00edodos de tempo, semanas ou meses, s\u00e3o muitas vezes necess\u00e1rios exames extensivos para esclarecer a sua causa. \u00c0s vezes, mesmo assim, a origem da dor permanece misteriosa, de modo que as causas psicol\u00f3gicas e as condi\u00e7\u00f5es de vida tamb\u00e9m s\u00e3o considerados como principais ou co-dispositivos.<\/p>\n<p>Pouco se sabe, no entanto, sobre o fato de que alguns pacientes sofrem as consequ\u00eancias da compress\u00e3o vascular ou de vasos da cavidade abdominal, as chamadas s\u00edndromes de compress\u00e3o vascular. Os vasos sangu\u00edneos est\u00e3o presos entre outros vasos ou \u00f3rg\u00e3os. Isso inibe o fluxo sangu\u00edneo normal, o que pode levar a uma grande variedade de sintomas em casos individuais. Uma vez que estes quadros cl\u00ednicos, al\u00e9m da dor, tamb\u00e9m apresentam muitos outros sintomas aparentemente n\u00e3o relacionados, como n\u00e1useas, tonturas, dificuldades respirat\u00f3rias (especialmente a inala\u00e7\u00e3o), perda de apetite e sensa\u00e7\u00e3o r\u00e1pida de plenitude, tornando-se negros diante dos olhos; dist\u00farbios circulat\u00f3rios e epis\u00f3dios individuais de diarreia podem desencadear, muitas vezes leva anos at\u00e9 que o diagn\u00f3stico seja feito.<\/p>\n<p>Por ocasi\u00e3o do Congresso Europeu de Ultrassom EUROSON Ljubljana, de 22 a 24 de Setembro de 2017, apresento o novo conceito de uma vis\u00e3o hol\u00edstica das numerosas s\u00edndromes de compress\u00e3o vascular abdominal explicadas na p\u00e1gina seguinte.<\/p>\n<p>Por favor, observe as nossas notas sobre as explica\u00e7\u00f5es m\u00e9dicas neste site.<br \/>\n*** Translated with www.DeepL.com\/Translator (free version) ***<\/p>","protected":false},"excerpt":{"rendered":"<p>As s\u00edndromes de compress\u00e3o vascular s\u00e3o, por um lado, frequentemente pouco conhecidas at\u00e9 mesmo pelos m\u00e9dicos e, por outro lado, a causa de numerosos sintomas aparentemente n\u00e3o relacionados em diferentes regi\u00f5es do corpo. De acordo com o diagn\u00f3stico padr\u00e3o, uma causa psicol\u00f3gica das queixas som\u00e1ticas \u00e9, portanto, frequentemente assumida ou presumida. Se as s\u00edndromes de [&hellip;]<\/p>\n","protected":false},"author":4,"featured_media":0,"parent":93,"menu_order":4,"comment_status":"closed","ping_status":"closed","template":"","meta":{"om_disable_all_campaigns":false,"footnotes":""},"class_list":["post-66","page","type-page","status-publish","hentry"],"_links":{"self":[{"href":"https:\/\/scholbach.de\/pt\/wp-json\/wp\/v2\/pages\/66","targetHints":{"allow":["GET"]}}],"collection":[{"href":"https:\/\/scholbach.de\/pt\/wp-json\/wp\/v2\/pages"}],"about":[{"href":"https:\/\/scholbach.de\/pt\/wp-json\/wp\/v2\/types\/page"}],"author":[{"embeddable":true,"href":"https:\/\/scholbach.de\/pt\/wp-json\/wp\/v2\/users\/4"}],"replies":[{"embeddable":true,"href":"https:\/\/scholbach.de\/pt\/wp-json\/wp\/v2\/comments?post=66"}],"version-history":[{"count":55,"href":"https:\/\/scholbach.de\/pt\/wp-json\/wp\/v2\/pages\/66\/revisions"}],"predecessor-version":[{"id":7116,"href":"https:\/\/scholbach.de\/pt\/wp-json\/wp\/v2\/pages\/66\/revisions\/7116"}],"up":[{"embeddable":true,"href":"https:\/\/scholbach.de\/pt\/wp-json\/wp\/v2\/pages\/93"}],"wp:attachment":[{"href":"https:\/\/scholbach.de\/pt\/wp-json\/wp\/v2\/media?parent=66"}],"curies":[{"name":"wp","href":"https:\/\/api.w.org\/{rel}","templated":true}]}}