{"id":650,"date":"2016-10-02T20:06:30","date_gmt":"2016-10-02T20:06:30","guid":{"rendered":"http:\/\/scholbach.de\/?page_id=650"},"modified":"2019-11-26T20:26:12","modified_gmt":"2019-11-26T20:26:12","slug":"english-wo-und-wie-ultraschall-roentgenuntersuchungen-ersetzen-kann","status":"publish","type":"page","link":"https:\/\/scholbach.de\/pt\/wissenschaft\/deutsch-ultraschalldiagnostik\/english-wo-und-wie-ultraschall-roentgenuntersuchungen-ersetzen-kann","title":{"rendered":"Ultra-som em vez de raios-X"},"content":{"rendered":"<p>Os exames de ultrassom substituem e complementam as t\u00e9cnicas de imagem radiogr\u00e1fica, mesmo em \u00e1reas que s\u00e3o consideradas o dom\u00ednio do diagn\u00f3stico por raios X.<\/p>\n<p>Um exemplo \u00e9 a ecografia pulmonar.<\/p>\n<p>Muitas vezes, especialmente em crian\u00e7as, um raio-X do pulm\u00e3o pode ser dispensado se estiverem em causa as seguintes quest\u00f5es:<\/p>\n<p>Pneumonia (pneumonia)<br \/>\nAng\u00fastia respirat\u00f3ria: asma ou edema pulmonar?<br \/>\nInsufici\u00eancia card\u00edaca (insufici\u00eancia card\u00edaca esquerda)<\/p>\n<p>O ultra-som \u00e9 indiscut\u00edvel no diagn\u00f3stico das seguintes doen\u00e7as pulmonares:<\/p>\n<p>Pleurite (inflama\u00e7\u00e3o da pleura)<br \/>\nPneumot\u00f3rax (pulm\u00e3o rompido com dor aguda e falta de ar)<br \/>\nDerrame pleural (fluido pleural)<\/p>\n<p>As inflama\u00e7\u00f5es das articula\u00e7\u00f5es s\u00e3o indolores e podem ser rapidamente diagnosticadas em regime ambulat\u00f3rio. Mesmo o grau de inflama\u00e7\u00e3o pode ser medido com precis\u00e3o.<\/p>\n<p>Numerosas doen\u00e7as \u00f3sseas tamb\u00e9m podem ser diagnosticadas de forma f\u00e1cil e confi\u00e1vel com ultra-som.<\/p>\n<p>As altera\u00e7\u00f5es da pele (incha\u00e7o, vermelhid\u00e3o, dor e, acima de tudo, n\u00f3dulos sob a pele) podem ser melhor visualizadas com ultra-som do que com outros m\u00e9todos.<\/p>\n<p>Para a dor muscular, fraqueza e restri\u00e7\u00f5es de movimento, o ultrassom \u00e9 a primeira escolha para esclarecer inflama\u00e7\u00f5es, l\u00e1grimas musculares, tendossinovite, danos ap\u00f3s c\u00e3ibras e doen\u00e7as musculares gen\u00e9ticas e neurog\u00eanicas.<\/p>\n<p>Indiscut\u00edvel, mesmo pela RM, \u00e9 o n\u00edvel de detalhe na imagem dos nervos perif\u00e9ricos.<\/p>\n<p>No caso de edema testicular e dor testicular, o diagn\u00f3stico ultra-sonogr\u00e1fico \u00e9 indispens\u00e1vel, pois \u00e9 insuper\u00e1vel na acur\u00e1cia da imagem. As perguntas est\u00e3o aqui: Tumores testiculares, inflama\u00e7\u00e3o testicular, epididimite, tor\u00e7\u00e3o dos test\u00edculos ou ap\u00eandices testiculares, h\u00e9rnia inguinal, edema, h\u00e9rnia, congest\u00e3o testicular (varicocele).<\/p>\n<p>&nbsp;<\/p>","protected":false},"excerpt":{"rendered":"<p>Os exames de ultrassom substituem e complementam as t\u00e9cnicas de imagem radiogr\u00e1fica, mesmo em \u00e1reas que s\u00e3o consideradas o dom\u00ednio do diagn\u00f3stico por raios X. Um exemplo \u00e9 a ecografia pulmonar. Muitas vezes, especialmente em crian\u00e7as, um raio-X do pulm\u00e3o pode ser dispensado se estiverem em causa as seguintes quest\u00f5es: Pneumonia (pneumonia) Ang\u00fastia respirat\u00f3ria: asma [&hellip;]<\/p>\n","protected":false},"author":5,"featured_media":0,"parent":93,"menu_order":1,"comment_status":"closed","ping_status":"closed","template":"","meta":{"om_disable_all_campaigns":false,"footnotes":""},"class_list":["post-650","page","type-page","status-publish","hentry"],"_links":{"self":[{"href":"https:\/\/scholbach.de\/pt\/wp-json\/wp\/v2\/pages\/650","targetHints":{"allow":["GET"]}}],"collection":[{"href":"https:\/\/scholbach.de\/pt\/wp-json\/wp\/v2\/pages"}],"about":[{"href":"https:\/\/scholbach.de\/pt\/wp-json\/wp\/v2\/types\/page"}],"author":[{"embeddable":true,"href":"https:\/\/scholbach.de\/pt\/wp-json\/wp\/v2\/users\/5"}],"replies":[{"embeddable":true,"href":"https:\/\/scholbach.de\/pt\/wp-json\/wp\/v2\/comments?post=650"}],"version-history":[{"count":17,"href":"https:\/\/scholbach.de\/pt\/wp-json\/wp\/v2\/pages\/650\/revisions"}],"predecessor-version":[{"id":3672,"href":"https:\/\/scholbach.de\/pt\/wp-json\/wp\/v2\/pages\/650\/revisions\/3672"}],"up":[{"embeddable":true,"href":"https:\/\/scholbach.de\/pt\/wp-json\/wp\/v2\/pages\/93"}],"wp:attachment":[{"href":"https:\/\/scholbach.de\/pt\/wp-json\/wp\/v2\/media?parent=650"}],"curies":[{"name":"wp","href":"https:\/\/api.w.org\/{rel}","templated":true}]}}