{"id":6495,"date":"2021-08-25T13:54:45","date_gmt":"2021-08-25T13:54:45","guid":{"rendered":"https:\/\/scholbach.de\/?page_id=6495"},"modified":"2022-01-23T13:37:14","modified_gmt":"2022-01-23T13:37:14","slug":"under-false-flag-the-so-called-nutcracker-syndrome","status":"publish","type":"page","link":"https:\/\/scholbach.de\/pt\/under-false-flag-the-so-called-nutcracker-syndrome","title":{"rendered":"Under false flag-the so-called nutcracker syndrome (original paper)"},"content":{"rendered":"<p class=\"qtranxs-available-languages-message qtranxs-available-languages-message-pt\">Desculpe, este conte\u00fado s\u00f3 est\u00e1 dispon\u00edvel em <a href=\"https:\/\/scholbach.de\/en\/wp-json\/wp\/v2\/pages\/6495\" class=\"qtranxs-available-language-link qtranxs-available-language-link-en\" title=\"English\">English<\/a> e <a href=\"https:\/\/scholbach.de\/de\/wp-json\/wp\/v2\/pages\/6495\" class=\"qtranxs-available-language-link qtranxs-available-language-link-de\" title=\"Deutsch\">Deutsch<\/a>.<\/p><p>Thomas Scholbach<\/p>\n<p style=\"padding-left: 80px;\">Praxis f\u00fcr spezielle Ultraschalldiagnostik, R\u00f6delstra\u00dfe 24, 04229 Leipzig, Telefon: 0341\/6880219; E-Mail: <a href=\"mailto:praxis.scholbach@posteo.de\">praxis.scholbach@posteo.de<\/a><\/p>\n<p>Wilhelm Sandmann<\/p>\n<p style=\"padding-left: 80px;\">Sektion Gef\u00e4\u00dfchirurgie, Clinic Bel Etage, Prof. em. f\u00fcr Chirurgie und Gef\u00e4\u00dfchirurgie, ehem. Direktor der Klinik f\u00fcr Gef\u00e4\u00dfchirurgie und Nierentransplantation, Heinrich \u2013 Heine Univ. D\u00fcsseldorf <a href=\"mailto:w.sandmann@gmx.de\">w.sandmann@gmx.de<\/a><\/p>\n<p>&nbsp;<\/p>\n<h2><\/h2>\n<h2>Abstract<\/h2>\n<p>&nbsp;<\/p>\n<p>The compression of the left renal vein at the crossing with the midline by the aorta or the right renal artery is an underdiagnosed condition usually described as nutcracker syndrome. The underlying cause in the mainly female patients is an increased lumbar lordosis shifting the aorta ventrally thus stretching and compressing the left renal vein. The contribution of the superior mesenteric artery is rarely significant. To enhance its comprehension, we thus coined the term lordogenetic left renal vein compression.<\/p>\n<p>The clinical symptoms consist of left-sided pain in the flank, hypochondrium, back and head as well as post-prandial pain in the left upper abdomen. A thorough and detailed colour Doppler sonographic examination is our diagnostic method of choice. We quantify collateral pathways with the PixelFlux-technique and operate by prolongation of the left renal vein or external PTFE shielding of the left renal vein.<\/p>\n<p>Keywords: nutcracker syndrome; lordogenetic renal vein compression; color duplex sonography; perfusion quantification; functional diagnosis. EHLERS-DANLOS Syndrome<\/p>","protected":false},"excerpt":{"rendered":"<p>Desculpe, este conte\u00fado s\u00f3 est\u00e1 dispon\u00edvel em English e Deutsch.Thomas Scholbach Praxis f\u00fcr spezielle Ultraschalldiagnostik, R\u00f6delstra\u00dfe 24, 04229 Leipzig, Telefon: 0341\/6880219; E-Mail: praxis.scholbach@posteo.de Wilhelm Sandmann Sektion Gef\u00e4\u00dfchirurgie, Clinic Bel Etage, Prof. em. f\u00fcr Chirurgie und Gef\u00e4\u00dfchirurgie, ehem. Direktor der Klinik f\u00fcr Gef\u00e4\u00dfchirurgie und Nierentransplantation, Heinrich \u2013 Heine Univ. D\u00fcsseldorf w.sandmann@gmx.de &nbsp; Abstract &nbsp; The compression [&hellip;]<\/p>\n","protected":false},"author":5,"featured_media":0,"parent":0,"menu_order":0,"comment_status":"closed","ping_status":"closed","template":"","meta":{"om_disable_all_campaigns":false,"footnotes":""},"class_list":["post-6495","page","type-page","status-publish","hentry"],"_links":{"self":[{"href":"https:\/\/scholbach.de\/pt\/wp-json\/wp\/v2\/pages\/6495","targetHints":{"allow":["GET"]}}],"collection":[{"href":"https:\/\/scholbach.de\/pt\/wp-json\/wp\/v2\/pages"}],"about":[{"href":"https:\/\/scholbach.de\/pt\/wp-json\/wp\/v2\/types\/page"}],"author":[{"embeddable":true,"href":"https:\/\/scholbach.de\/pt\/wp-json\/wp\/v2\/users\/5"}],"replies":[{"embeddable":true,"href":"https:\/\/scholbach.de\/pt\/wp-json\/wp\/v2\/comments?post=6495"}],"version-history":[{"count":16,"href":"https:\/\/scholbach.de\/pt\/wp-json\/wp\/v2\/pages\/6495\/revisions"}],"predecessor-version":[{"id":7006,"href":"https:\/\/scholbach.de\/pt\/wp-json\/wp\/v2\/pages\/6495\/revisions\/7006"}],"wp:attachment":[{"href":"https:\/\/scholbach.de\/pt\/wp-json\/wp\/v2\/media?parent=6495"}],"curies":[{"name":"wp","href":"https:\/\/api.w.org\/{rel}","templated":true}]}}