{"id":62,"date":"2015-12-26T18:30:34","date_gmt":"2015-12-26T18:30:34","guid":{"rendered":"http:\/\/wp12612379.server-he.de\/?page_id=62"},"modified":"2020-04-05T14:15:44","modified_gmt":"2020-04-05T14:15:44","slug":"deutsch-chronische-krankheiten-diabetes-rheuma-malignome","status":"publish","type":"page","link":"https:\/\/scholbach.de\/pt\/wissenschaft\/deutsch-ultraschalldiagnostik\/deutsch-durchblutungsmessung\/deutsch-chronische-krankheiten-diabetes-rheuma-malignome","title":{"rendered":"Doen\u00e7as Cr\u00f4nicas"},"content":{"rendered":"<p>Algumas doen\u00e7as cr\u00f3nicas causam danos permanentes nos \u00f3rg\u00e3os. A circula\u00e7\u00e3o sangu\u00ednea \u00e9 regularmente restringida. A medi\u00e7\u00e3o do fluxo sangu\u00edneo pode, portanto, ser usada para fazer uma declara\u00e7\u00e3o muito precisa sobre o estado actual da doen\u00e7a. Os exemplos seguintes mostram as possibilidades de medi\u00e7\u00e3o do fluxo sangu\u00edneo neste campo.<\/p>\n<p><strong>Doen\u00e7as renais cr\u00f3nicas<\/strong><\/p>\n<p>A figura a seguir mostra um rim com comprometimento funcional cr\u00f4nico \u00e0 esquerda. Isso se reflete em uma menor circula\u00e7\u00e3o sangu\u00ednea, que por sua vez pode ser vista na imagem do ultrassom Doppler colorido devido \u00e0 colora\u00e7\u00e3o significativamente menor. Para compara\u00e7\u00e3o, um rim com boa fun\u00e7\u00e3o e colora\u00e7\u00e3o correspondentemente forte pode ser visto \u00e0 direita. Com base em valores comparativos com pessoas saud\u00e1veis, a extens\u00e3o da les\u00e3o renal pode ser estimada medindo o fluxo sangu\u00edneo &#8211; um componente importante do tratamento.<\/p>\n<p>&nbsp;<\/p>\n<p><img decoding=\"async\" class=\"alignnone size-large wp-image-335\" src=\"http:\/\/wp12612379.server-he.de\/wp-content\/uploads\/2015\/12\/Nierenentzuendung-1024x383.jpg\" alt=\"\" width=\"100%\" height=\"auto\" srcset=\"https:\/\/scholbach.de\/wp-content\/uploads\/2015\/12\/Nierenentzuendung-1024x383.jpg 1024w, https:\/\/scholbach.de\/wp-content\/uploads\/2015\/12\/Nierenentzuendung-300x112.jpg 300w, https:\/\/scholbach.de\/wp-content\/uploads\/2015\/12\/Nierenentzuendung.jpg 1075w\" sizes=\"(max-width: 1024px) 100vw, 1024px\" \/><\/p>\n<p>A medida do fluxo sangu\u00edneo ilustra a extens\u00e3o da restri\u00e7\u00e3o funcional do rim na imagem superior esquerda:<\/p>\n<p><img decoding=\"async\" class=\"alignnone size-large wp-image-433\" src=\"http:\/\/wp12612379.server-he.de\/wp-content\/uploads\/2015\/12\/NI-Diagramm-1024x576.jpg\" alt=\"NI Diagramm\" width=\"100%\" height=\"auto\" srcset=\"https:\/\/scholbach.de\/wp-content\/uploads\/2015\/12\/NI-Diagramm-1024x576.jpg 1024w, https:\/\/scholbach.de\/wp-content\/uploads\/2015\/12\/NI-Diagramm-300x169.jpg 300w, https:\/\/scholbach.de\/wp-content\/uploads\/2015\/12\/NI-Diagramm.jpg 1280w\" sizes=\"(max-width: 1024px) 100vw, 1024px\" \/><\/p>\n<p><strong>Diagn\u00f3stico da tir\u00f3ide<\/strong><\/p>\n<p>A imagem \u00e0 esquerda mostra um n\u00f3dulo da gl\u00e2ndula tire\u00f3ide em uma imagem de ultrassom &#8220;simples&#8221;, a imagem \u00e0 direita mostra tecido tireoidiano saud\u00e1vel. Abaixo est\u00e1 a imagem ultrassonogr\u00e1fica duplex a cores correspondente: O n\u00f3dulo mostra uma arquitectura vascular perturbada e uma circula\u00e7\u00e3o sangu\u00ednea extrema. \u00c0 direita pode ser observada uma circula\u00e7\u00e3o sangu\u00ednea normal:<\/p>\n<p>&nbsp;<\/p>\n<p><img decoding=\"async\" class=\"alignnone size-full wp-image-306\" src=\"http:\/\/wp12612379.server-he.de\/wp-content\/uploads\/2016\/06\/thyr-diagn.jpg\" alt=\"Schilddr\u00fcsendiagnostik\" width=\"100%\" height=\"auto\" srcset=\"https:\/\/scholbach.de\/wp-content\/uploads\/2016\/06\/thyr-diagn.jpg 882w, https:\/\/scholbach.de\/wp-content\/uploads\/2016\/06\/thyr-diagn-300x188.jpg 300w\" sizes=\"(max-width: 882px) 100vw, 882px\" \/><\/p>\n<p><strong>Cancro da tir\u00f3ide<\/strong><\/p>\n<p>O carcinoma tireoidiano mostra 20 vezes a intensidade da perfus\u00e3o em rela\u00e7\u00e3o ao tecido tireoidiano normal.<\/p>\n<p><strong>Perfus\u00e3o de tumores<\/strong><\/p>\n<p>A medi\u00e7\u00e3o da perfus\u00e3o de \u00f3rg\u00e3os tamb\u00e9m pode ser usada para avaliar o efeito da quimioterapia no tumor e no tecido saud\u00e1vel circundante. O gr\u00e1fico seguinte mostra o efeito da quimioterapia no fluxo sangu\u00edneo de um tumor hep\u00e1tico: O fornecimento de sangue ao tecido tumoral \u00e9 completamente reduzido e o fornecimento de sangue ao tecido hep\u00e1tico saud\u00e1vel \u00e9 apenas ligeiramente prejudicado:<\/p>\n<p><img decoding=\"async\" class=\"alignnone size-large wp-image-437\" src=\"http:\/\/wp12612379.server-he.de\/wp-content\/uploads\/2015\/12\/Folie23-1024x576.jpg\" alt=\"Durchblutungsmessung eines Lebertumors unter Chemotherapie\" width=\"100%\" height=\"auto\" srcset=\"https:\/\/scholbach.de\/wp-content\/uploads\/2015\/12\/Folie23-1024x576.jpg 1024w, https:\/\/scholbach.de\/wp-content\/uploads\/2015\/12\/Folie23-300x169.jpg 300w, https:\/\/scholbach.de\/wp-content\/uploads\/2015\/12\/Folie23.jpg 1280w\" sizes=\"(max-width: 1024px) 100vw, 1024px\" \/><\/p>\n<p><strong>Diabetes mellitus<\/strong><\/p>\n<p>Os diab\u00e9ticos correm o risco de sofrer danos renais progressivos. Portanto, os exames de seguimento dos vasos renais s\u00e3o importantes para detectar danos numa fase precoce. A medi\u00e7\u00e3o do fluxo sangu\u00edneo torna este vis\u00edvel e mensur\u00e1vel como parte de um exame de ultra-som dos rins. Sem uma medi\u00e7\u00e3o do fluxo sangu\u00edneo do rim, a condi\u00e7\u00e3o do rim pode ser lida a partir do comportamento de filtra\u00e7\u00e3o do rim. Uma indica\u00e7\u00e3o \u00e9 a excre\u00e7\u00e3o da prote\u00edna albumina, que pode ser detectada na urina &#8211; se o corpo excretar quantidades aumentadas de albumina, isto \u00e9 referido como microalbumin\u00faria. Ao medir o fluxo sangu\u00edneo para os rins, a terapia pode ser otimizada antes que a les\u00e3o renal se torne aparente na microalbumin\u00faria.<\/p>\n<p><img decoding=\"async\" class=\"alignnone size-large wp-image-439\" src=\"http:\/\/wp12612379.server-he.de\/wp-content\/uploads\/2015\/12\/Diabetes-mellitus-Gef\u00e4\u00dfsch\u00e4digung-der-Niere-1024x576.jpg\" alt=\"Diabetes mellitus Gef\u00e4\u00dfsch\u00e4digung der Niere\" width=\"100%\" height=\"auto\" srcset=\"https:\/\/scholbach.de\/wp-content\/uploads\/2015\/12\/Diabetes-mellitus-Gef\u00e4\u00dfsch\u00e4digung-der-Niere-1024x576.jpg 1024w, https:\/\/scholbach.de\/wp-content\/uploads\/2015\/12\/Diabetes-mellitus-Gef\u00e4\u00dfsch\u00e4digung-der-Niere-300x169.jpg 300w, https:\/\/scholbach.de\/wp-content\/uploads\/2015\/12\/Diabetes-mellitus-Gef\u00e4\u00dfsch\u00e4digung-der-Niere.jpg 1280w\" sizes=\"(max-width: 1024px) 100vw, 1024px\" \/><strong>Reumatismo<\/strong><\/p>\n<p>Os reum\u00e1ticos sofrem de dores recorrentes nas articula\u00e7\u00f5es. A fim de avaliar o qu\u00e3o forte \u00e9 a inflama\u00e7\u00e3o atual e qu\u00e3o bem ela responde ao tratamento, \u00e9 \u00fatil medir a inflama\u00e7\u00e3o usando ultra-som. Desta forma, a terapia pode ser melhor controlada.<\/p>\n<p>&nbsp;<\/p>","protected":false},"excerpt":{"rendered":"<p>Algumas doen\u00e7as cr\u00f3nicas causam danos permanentes nos \u00f3rg\u00e3os. A circula\u00e7\u00e3o sangu\u00ednea \u00e9 regularmente restringida. A medi\u00e7\u00e3o do fluxo sangu\u00edneo pode, portanto, ser usada para fazer uma declara\u00e7\u00e3o muito precisa sobre o estado actual da doen\u00e7a. Os exemplos seguintes mostram as possibilidades de medi\u00e7\u00e3o do fluxo sangu\u00edneo neste campo. Doen\u00e7as renais cr\u00f3nicas A figura a seguir [&hellip;]<\/p>\n","protected":false},"author":4,"featured_media":0,"parent":74,"menu_order":1,"comment_status":"closed","ping_status":"closed","template":"","meta":{"om_disable_all_campaigns":false,"footnotes":""},"class_list":["post-62","page","type-page","status-publish","hentry"],"_links":{"self":[{"href":"https:\/\/scholbach.de\/pt\/wp-json\/wp\/v2\/pages\/62","targetHints":{"allow":["GET"]}}],"collection":[{"href":"https:\/\/scholbach.de\/pt\/wp-json\/wp\/v2\/pages"}],"about":[{"href":"https:\/\/scholbach.de\/pt\/wp-json\/wp\/v2\/types\/page"}],"author":[{"embeddable":true,"href":"https:\/\/scholbach.de\/pt\/wp-json\/wp\/v2\/users\/4"}],"replies":[{"embeddable":true,"href":"https:\/\/scholbach.de\/pt\/wp-json\/wp\/v2\/comments?post=62"}],"version-history":[{"count":25,"href":"https:\/\/scholbach.de\/pt\/wp-json\/wp\/v2\/pages\/62\/revisions"}],"predecessor-version":[{"id":4431,"href":"https:\/\/scholbach.de\/pt\/wp-json\/wp\/v2\/pages\/62\/revisions\/4431"}],"up":[{"embeddable":true,"href":"https:\/\/scholbach.de\/pt\/wp-json\/wp\/v2\/pages\/74"}],"wp:attachment":[{"href":"https:\/\/scholbach.de\/pt\/wp-json\/wp\/v2\/media?parent=62"}],"curies":[{"name":"wp","href":"https:\/\/api.w.org\/{rel}","templated":true}]}}