{"id":6,"date":"2015-12-26T11:58:04","date_gmt":"2015-12-26T11:58:04","guid":{"rendered":"http:\/\/wp12612379.server-he.de\/?page_id=6"},"modified":"2026-03-19T08:15:15","modified_gmt":"2026-03-19T07:15:15","slug":"praxis","status":"publish","type":"page","link":"https:\/\/scholbach.de\/pt\/","title":{"rendered":"Clinic \/ online appointments"},"content":{"rendered":"<p><\/p>\n<h1 style=\"text-align: center;\">Bem-vindo ao meu consult\u00f3rio de Diagn\u00f3stico por Ultra-som para Crian\u00e7as e Adultos<\/h1>\n<p>Voc\u00ea pode encontrar as informa\u00e7\u00f5es mais atualizadas no meu site em ingl\u00eas. Por favor, clique na bandeira brit\u00e2nica na barra de bandeiras. Ent\u00e3o use o Google tradutor para ajud\u00e1-lo<\/p>\n<p><a href=\"https:\/\/scholbach.de\/wp-content\/uploads\/2024\/01\/butten-translator.jpg\"><img loading=\"lazy\" decoding=\"async\" class=\"aligncenter size-medium wp-image-8477\" src=\"https:\/\/scholbach.de\/wp-content\/uploads\/2024\/01\/butten-translator-300x63.jpg\" alt=\"\" width=\"300\" height=\"63\" srcset=\"https:\/\/scholbach.de\/wp-content\/uploads\/2024\/01\/butten-translator-300x63.jpg 300w, https:\/\/scholbach.de\/wp-content\/uploads\/2024\/01\/butten-translator.jpg 338w\" sizes=\"auto, (max-width: 300px) 100vw, 300px\" \/><\/a><\/p>\n<p>que voc\u00ea encontra no canto superior direito de cada p\u00e1gina, traduza os respectivos sites para o seu idioma.<br \/>\nOu voc\u00ea pode usar DeepL: Deepl: https:\/\/www.deepl.com\/de\/translator<\/p>\n<p>&nbsp;<\/p>\n<p><a href=\"https:\/\/scholbach.de\/wp-content\/uploads\/2025\/01\/Portrait-2024.jpg\"><img loading=\"lazy\" decoding=\"async\" class=\"aligncenter size-medium wp-image-9092\" src=\"https:\/\/scholbach.de\/wp-content\/uploads\/2025\/01\/Portrait-2024-238x300.jpg\" alt=\"\" width=\"238\" height=\"300\" srcset=\"https:\/\/scholbach.de\/wp-content\/uploads\/2025\/01\/Portrait-2024-238x300.jpg 238w, https:\/\/scholbach.de\/wp-content\/uploads\/2025\/01\/Portrait-2024-814x1024.jpg 814w, https:\/\/scholbach.de\/wp-content\/uploads\/2025\/01\/Portrait-2024-768x966.jpg 768w, https:\/\/scholbach.de\/wp-content\/uploads\/2025\/01\/Portrait-2024-1221x1536.jpg 1221w, https:\/\/scholbach.de\/wp-content\/uploads\/2025\/01\/Portrait-2024-1628x2048.jpg 1628w, https:\/\/scholbach.de\/wp-content\/uploads\/2025\/01\/Portrait-2024.jpg 1800w\" sizes=\"auto, (max-width: 238px) 100vw, 238px\" \/><\/a><\/p>\n<h2><\/h2>\n<hr \/>\n<p>&nbsp;<\/p>\n<h3 style=\"text-align: center;\"><span style=\"color: red; font-size: x-large;\"><strong><br \/>\nMarque uma consulta aqui<\/strong><\/span><\/h3>\n<h3 style=\"text-align: center;\"><span style=\"color: red; font-size: x-large;\"><strong><span style=\"color: #000000;\">Para o fazer, clique no bot\u00e3o pendente e seleccione para o diagn\u00f3stico vascular especial com ultra-sons <\/span><br \/>\n<span style=\"color: #000000;\">&#8221; Special Functional Color Doppler Exam&#8221;<\/span><br \/>\n<span style=\"color: #000000;\">Para uma consulta por telemedicina clique<\/span> <a href=\"https:\/\/scholbach.de\/praxis\/english-telemedical-consultation\">aqui<\/a><br \/>\n<!--\nPlugin Name: Bookly - Responsive WordPress Appointment Booking and Scheduling Plugin\nPlugin URI: https:\/\/www.booking-wp-plugin.com\/?utm_source=bookly_admin&utm_medium=plugins_page&utm_campaign=plugins_page\nVersion: 27.2-->\n<style type=\"text\/css\">\n    :root {\n        --bookly-main-color: #008406 !important;\n        --bookly-color: #008406 !important;\n    }\n\n    <\/style><div class=\"bookly-css-root\">\n    <div id=\"bookly-form-container-69dac60c2f530\" class=\"bookly-form\" data-form_id=\"\" aria-live=\"polite\">\n        <div style=\"text-align: center\"><img decoding=\"async\" src=\"https:\/\/scholbach.de\/wp-includes\/js\/tinymce\/skins\/lightgray\/img\/loader.gif\" alt=\"Carregando...\"\/><\/div>\n    <\/div>\n<\/div>\n<script type=\"text\/javascript\">\n    (function (win, fn) {\n        var done = false, top = true,\n            doc = win.document,\n            root = doc.documentElement,\n            modern = doc.addEventListener,\n            add = modern ? 'addEventListener' : 'attachEvent',\n            rem = modern ? 'removeEventListener' : 'detachEvent',\n            pre = modern ? '' : 'on',\n            init = function (e) {\n                if (e.type == 'readystatechange') if (doc.readyState != 'complete') return;\n                (e.type == 'load' ? win : doc)[rem](pre + e.type, init, false);\n                if (!done) {\n                    done = true;\n                    fn.call(win, e.type || e);\n                }\n            },\n            poll = function () {\n                try {\n                    root.doScroll('left');\n                } catch (e) {\n                    setTimeout(poll, 50);\n                    return;\n                }\n                init('poll');\n            };\n        if (doc.readyState == 'complete') fn.call(win, 'lazy');\n        else {\n            if (!modern) if (root.doScroll) {\n                try {\n                    top = !win.frameElement;\n                } catch (e) {\n                }\n                if (top) poll();\n            }\n            doc[add](pre + 'DOMContentLoaded', init, false);\n            doc[add](pre + 'readystatechange', init, false);\n            win[add](pre + 'load', init, false);\n        }\n    })(window, function () {\n        window.bookly( {\"form_id\":\"69dac60c2f530\",\"form_data\":{\"skip_service_step\":0,\"hide_service_part1\":0,\"hide_service_part2\":1,\"defaults\":{\"service_id\":9,\"staff_id\":0,\"location_id\":0,\"category_id\":4,\"units\":0,\"date_from\":0,\"time_from\":0,\"time_to\":0}},\"status\":{\"booking\":\"new\"},\"form_token\":null,\"skip_steps\":{\"service_part1\":0,\"service_part2\":1,\"extras\":1,\"time\":0,\"repeat\":1,\"cart\":1},\"errors\":{\"session_error\":\"Erro de sess\\u00e3o.\",\"form_id_error\":\"Erro de ID do formul\\u00e1rio\",\"cart_item_not_available\":\"Die von Ihnen gew\\u00fcnschte Zeit ist bereits belegt. Bitte w\\u00e4hlen Sie eine andere Zeit.\\nThe time you requested is already occupied. Please select another time.\\n\\u062a\\u0645 \\u0627\\u0633\\u062a\\u062e\\u062f\\u0627\\u0645 \\u0627\\u0644\\u0648\\u0642\\u062a \\u0627\\u0644\\u0630\\u064a \\u0637\\u0644\\u0628\\u062a\\u0647 \\u0628\\u0627\\u0644\\u0641\\u0639\\u0644. \\u064a\\u0631\\u062c\\u0649 \\u0627\\u062e\\u062a\\u064a\\u0627\\u0631 \\u0648\\u0642\\u062a \\u0622\\u062e\\u0631.\",\"pay_locally_not_available\":\"Pagar localmente n\\u00e3o est\\u00e1 dispon\\u00edvel.\",\"invalid_gateway\":\"Gateway inv\\u00e1lido\",\"payment_error\":\"Erro.\",\"incorrect_username_password\":\"Nome de utilizador ou senha incorrectos.\"},\"form_attributes\":{\"hide_categories\":true,\"hide_services\":false,\"hide_staff_members\":true,\"show_number_of_persons\":false,\"hide_service_duration\":true,\"hide_locations\":true,\"hide_quantity\":true,\"hide_date\":true,\"hide_week_days\":true,\"hide_time_range\":true,\"const_category_id\":4},\"use_client_time_zone\":0,\"defaults\":{\"service_id\":9,\"staff_id\":0,\"location_id\":0,\"category_id\":4},\"datepicker_mode\":\"text-accent\",\"facebook\":{\"enabled\":0,\"appId\":\"\"}} );\n    });\n<\/script><br \/>\n<\/strong><\/span><\/h3>\n<p>&nbsp;<\/p>\n<hr \/>\n<p dir=\"RTL\"><span lang=\"AR-SA\">\u00a0<\/span><span lang=\"AR-SA\"><br \/>\n<\/span><\/p>\n<p dir=\"RTL\" style=\"text-align: center;\">Telefone:0049 (0) 341 2481 4039<\/p>\n<p dir=\"RTL\" style=\"text-align: center;\"><span lang=\"AR-SA\">\u00a0 <a href=\"mailto:info.scholbach@posteo.de\">Email<\/a><\/span><\/p>\n<p><\/p>","protected":false},"excerpt":{"rendered":"<p>Bem-vindo ao meu consult\u00f3rio de Diagn\u00f3stico por Ultra-som para Crian\u00e7as e Adultos Voc\u00ea pode encontrar as informa\u00e7\u00f5es mais atualizadas no meu site em ingl\u00eas. Por favor, clique na bandeira brit\u00e2nica na barra de bandeiras. Ent\u00e3o use o Google tradutor para ajud\u00e1-lo que voc\u00ea encontra no canto superior direito de cada p\u00e1gina, traduza os respectivos sites [&hellip;]<\/p>\n","protected":false},"author":4,"featured_media":0,"parent":0,"menu_order":0,"comment_status":"closed","ping_status":"closed","template":"","meta":{"om_disable_all_campaigns":false,"footnotes":""},"class_list":["post-6","page","type-page","status-publish","hentry"],"_links":{"self":[{"href":"https:\/\/scholbach.de\/pt\/wp-json\/wp\/v2\/pages\/6","targetHints":{"allow":["GET"]}}],"collection":[{"href":"https:\/\/scholbach.de\/pt\/wp-json\/wp\/v2\/pages"}],"about":[{"href":"https:\/\/scholbach.de\/pt\/wp-json\/wp\/v2\/types\/page"}],"author":[{"embeddable":true,"href":"https:\/\/scholbach.de\/pt\/wp-json\/wp\/v2\/users\/4"}],"replies":[{"embeddable":true,"href":"https:\/\/scholbach.de\/pt\/wp-json\/wp\/v2\/comments?post=6"}],"version-history":[{"count":556,"href":"https:\/\/scholbach.de\/pt\/wp-json\/wp\/v2\/pages\/6\/revisions"}],"predecessor-version":[{"id":8411,"href":"https:\/\/scholbach.de\/pt\/wp-json\/wp\/v2\/pages\/6\/revisions\/8411"}],"wp:attachment":[{"href":"https:\/\/scholbach.de\/pt\/wp-json\/wp\/v2\/media?parent=6"}],"curies":[{"name":"wp","href":"https:\/\/api.w.org\/{rel}","templated":true}]}}