{"id":5876,"date":"2020-07-26T10:32:36","date_gmt":"2020-07-26T10:32:36","guid":{"rendered":"https:\/\/scholbach.de\/?page_id=5876"},"modified":"2020-07-27T06:57:15","modified_gmt":"2020-07-27T06:57:15","slug":"well-known-pki-validation-starfield-html","status":"publish","type":"page","link":"https:\/\/scholbach.de\/pt\/well-known-pki-validation-starfield-html","title":{"rendered":"\/.well-known\/pki-validation\/starfield.html"},"content":{"rendered":"<p class=\"qtranxs-available-languages-message qtranxs-available-languages-message-pt\">Desculpe, este conte\u00fado s\u00f3 est\u00e1 dispon\u00edvel em <a href=\"https:\/\/scholbach.de\/de\/wp-json\/wp\/v2\/pages\/5876\" class=\"qtranxs-available-language-link qtranxs-available-language-link-de\" title=\"Deutsch\">Deutsch<\/a>.<\/p><p>rlu9dbb4jqcvd0ukric0c1u65u<\/p>","protected":false},"excerpt":{"rendered":"<p>Desculpe, este conte\u00fado s\u00f3 est\u00e1 dispon\u00edvel em Deutsch.rlu9dbb4jqcvd0ukric0c1u65u<\/p>\n","protected":false},"author":5,"featured_media":0,"parent":0,"menu_order":0,"comment_status":"closed","ping_status":"closed","template":"","meta":{"om_disable_all_campaigns":false,"footnotes":""},"class_list":["post-5876","page","type-page","status-publish","hentry"],"_links":{"self":[{"href":"https:\/\/scholbach.de\/pt\/wp-json\/wp\/v2\/pages\/5876","targetHints":{"allow":["GET"]}}],"collection":[{"href":"https:\/\/scholbach.de\/pt\/wp-json\/wp\/v2\/pages"}],"about":[{"href":"https:\/\/scholbach.de\/pt\/wp-json\/wp\/v2\/types\/page"}],"author":[{"embeddable":true,"href":"https:\/\/scholbach.de\/pt\/wp-json\/wp\/v2\/users\/5"}],"replies":[{"embeddable":true,"href":"https:\/\/scholbach.de\/pt\/wp-json\/wp\/v2\/comments?post=5876"}],"version-history":[{"count":3,"href":"https:\/\/scholbach.de\/pt\/wp-json\/wp\/v2\/pages\/5876\/revisions"}],"predecessor-version":[{"id":5881,"href":"https:\/\/scholbach.de\/pt\/wp-json\/wp\/v2\/pages\/5876\/revisions\/5881"}],"wp:attachment":[{"href":"https:\/\/scholbach.de\/pt\/wp-json\/wp\/v2\/media?parent=5876"}],"curies":[{"name":"wp","href":"https:\/\/api.w.org\/{rel}","templated":true}]}}