{"id":5478,"date":"2020-04-17T15:01:38","date_gmt":"2020-04-17T15:01:38","guid":{"rendered":"https:\/\/scholbach.de\/?page_id=5478"},"modified":"2020-06-16T18:01:33","modified_gmt":"2020-06-16T18:01:33","slug":"behandlung-von-kompressionssyndromen","status":"publish","type":"page","link":"https:\/\/scholbach.de\/pt\/behandlung-von-kompressionssyndromen","title":{"rendered":"Tratamento das s\u00edndromes de compress\u00e3o vascular"},"content":{"rendered":"<p>As s\u00edndromes de compress\u00e3o vascular s\u00e3o causadas por uma lordose lombar forte.<br \/>\nOs primeiros passos para reduzir os sintomas ap\u00f3s um diagn\u00f3stico completo t\u00eam, assim, como objectivo reduzir a lordose.<br \/>\nIsto pode ser conseguido atrav\u00e9s de certas posturas corporais que visam reduzir a inclina\u00e7\u00e3o anterior da p\u00e9lvis. A inclina\u00e7\u00e3o da p\u00e9lvis desenvolve-se por volta dos 12 meses de idade, quando as crian\u00e7as come\u00e7am a andar. As crian\u00e7as mais novas n\u00e3o inclinam a p\u00e9lvis anteriormente, pois deitam-se de costas ou de barriga para baixo com as ancas flexionadas ou rastejam ou rastejam. Nestas posturas corporais, as ancas permanecem flexionadas.<br \/>\nS\u00f3 com o in\u00edcio de uma postura erecta e de um andar b\u00edpede \u00e9 que come\u00e7am a esticar demasiado as ancas de modo a colocar a parte superior das coxas e os joelhos numa s\u00f3 linha com as costas. Isto s\u00f3 pode ser conseguido rodando toda a p\u00e9lvis anteriormente, resultando assim na chamada inclina\u00e7\u00e3o anterior da p\u00e9lvis. O alongamento das articula\u00e7\u00f5es da anca sem inclina\u00e7\u00e3o da p\u00e9lvis \u00e9 imposs\u00edvel uma vez que ligamentos apertados dentro da c\u00e1psula das articula\u00e7\u00f5es da anca impedem um movimento dos ossos femorais superior a 45\u00ba cranial ou caudalmente em rela\u00e7\u00e3o \u00e0 linha do p\u00eandulo da articula\u00e7\u00e3o da anca. Esta linha do p\u00eandulo \u00e9 de 90\u00b0 em rela\u00e7\u00e3o \u00e0 direc\u00e7\u00e3o da coluna vertebral. Assim, os seres humanos s\u00e3o os \u00fanicos animais com uma lordose. Para mais detalhes ver a minha explica\u00e7\u00e3o na sec\u00e7\u00e3o lordose.<\/p>\n<p>A raz\u00e3o para o tratamento da compress\u00e3o vascular \u00e9 assim a redu\u00e7\u00e3o da lordose atrav\u00e9s da flex\u00e3o das ancas. Isto reduz imediatamente a dor e o desconforto. Tais posturas corporais n\u00e3o podem ser mantidas por per\u00edodos mais longos. Mas, pelo menos para uma situa\u00e7\u00e3o aguda, isto proporciona algum al\u00edvio.<br \/>\nA fim de obter efeitos mais duradouros, os m\u00fasculos em torno da coluna vertebral devem ser refor\u00e7ados. A sua tens\u00e3o inerente reduz as curvaturas anteriores e posteriores da coluna vertebral e, por conseguinte, reduz a lordose. Qualquer tipo de exerc\u00edcio f\u00edsico que reforce os m\u00fasculos trunculares e gl\u00fateos \u00e9 \u00fatil.<\/p>\n<p><a href=\"https:\/\/www.ejcrim.com\/index.php\/EJCRIM\/article\/view\/1605\/2056\">Neste artigo s\u00e3o explicados alguns exerc\u00edcios que podem ajudar em tal situa\u00e7\u00e3o.<\/a><\/p>\n<p>As <a href=\"https:\/\/scholbach.de\/risks-of-stents-in-venous-compression-syndromes\">endopr\u00f3teses<\/a>, o encerramento de veias congestionadas e a remo\u00e7\u00e3o de \u00f3rg\u00e3os dolorosos s\u00e3o frequentemente recomendados. Isto pode ser um erro fatal.<\/p>\n<p>Se a fisioterapia for insuficiente para reduzir os sintomas a uma quantidade suport\u00e1vel, ent\u00e3o o tratamento m\u00e9dico e a cirurgia devem ser contemplados.<\/p>\n<p>Qualquer tratamento requer um diagn\u00f3stico por ultrassonografia Doppler colorida funcional completo de todas as s\u00edndromes de compress\u00e3o possivelmente envolvidas. \u00c9 uma diferen\u00e7a se houver veias, art\u00e9rias ou intestinos envolvidos. Al\u00e9m disso, \u00e9 crucial saber qual a combina\u00e7\u00e3o de compress\u00f5es que est\u00e1 presente num indiv\u00edduo. As s\u00edndromes de compress\u00e3o influenciam-se mutuamente, o que deve ser tido em conta pelo tratamento adequado.<\/p>","protected":false},"excerpt":{"rendered":"<p>As s\u00edndromes de compress\u00e3o vascular s\u00e3o causadas por uma lordose lombar forte. Os primeiros passos para reduzir os sintomas ap\u00f3s um diagn\u00f3stico completo t\u00eam, assim, como objectivo reduzir a lordose. Isto pode ser conseguido atrav\u00e9s de certas posturas corporais que visam reduzir a inclina\u00e7\u00e3o anterior da p\u00e9lvis. A inclina\u00e7\u00e3o da p\u00e9lvis desenvolve-se por volta dos [&hellip;]<\/p>\n","protected":false},"author":5,"featured_media":0,"parent":0,"menu_order":0,"comment_status":"closed","ping_status":"closed","template":"","meta":{"om_disable_all_campaigns":false,"footnotes":""},"class_list":["post-5478","page","type-page","status-publish","hentry"],"_links":{"self":[{"href":"https:\/\/scholbach.de\/pt\/wp-json\/wp\/v2\/pages\/5478","targetHints":{"allow":["GET"]}}],"collection":[{"href":"https:\/\/scholbach.de\/pt\/wp-json\/wp\/v2\/pages"}],"about":[{"href":"https:\/\/scholbach.de\/pt\/wp-json\/wp\/v2\/types\/page"}],"author":[{"embeddable":true,"href":"https:\/\/scholbach.de\/pt\/wp-json\/wp\/v2\/users\/5"}],"replies":[{"embeddable":true,"href":"https:\/\/scholbach.de\/pt\/wp-json\/wp\/v2\/comments?post=5478"}],"version-history":[{"count":17,"href":"https:\/\/scholbach.de\/pt\/wp-json\/wp\/v2\/pages\/5478\/revisions"}],"predecessor-version":[{"id":5817,"href":"https:\/\/scholbach.de\/pt\/wp-json\/wp\/v2\/pages\/5478\/revisions\/5817"}],"wp:attachment":[{"href":"https:\/\/scholbach.de\/pt\/wp-json\/wp\/v2\/media?parent=5478"}],"curies":[{"name":"wp","href":"https:\/\/api.w.org\/{rel}","templated":true}]}}