{"id":460,"date":"2016-06-15T15:34:45","date_gmt":"2016-06-15T15:34:45","guid":{"rendered":"http:\/\/wp12612379.server-he.de\/?page_id=460"},"modified":"2019-11-26T20:28:58","modified_gmt":"2019-11-26T20:28:58","slug":"english-abdominal-pain","status":"publish","type":"page","link":"https:\/\/scholbach.de\/pt\/wissenschaft\/english-abdominal-pain","title":{"rendered":"Diagn\u00f3stico da dor abdominal"},"content":{"rendered":"<p>A dor abdominal cr\u00f3nica ou recorrente afecta a qualidade de vida de muitos doentes e \u00e9 frequentemente um problema de diagn\u00f3stico. Causas na cavidade abdominal, mas tamb\u00e9m longe dela pode desencadear dor abdominal. Com o diagn\u00f3stico por ultra-som, n\u00e3o s\u00f3 os pr\u00f3prios \u00f3rg\u00e3os, mas tamb\u00e9m muitas das suas fun\u00e7\u00f5es podem ser tornadas vis\u00edveis e mensur\u00e1veis. A dor abdominal pode ser t\u00e3o rapidamente limitada e medidas simples, como uma mudan\u00e7a na dieta para a digest\u00e3o do a\u00e7\u00facar pode ser especificamente recomendado. O refluxo de \u00e1cido g\u00e1strico, uma causa muito comum de dor abdominal em beb\u00e9s, pode ser directamente vis\u00edvel. Por exemplo, podem ser recomendados tratamentos simples, sem medicamentos, que aliviam a dor abdominal da crian\u00e7a e permitem que os pais voltem a dormir durante a noite. Dist\u00farbios no transporte de alimentos, inflama\u00e7\u00e3o dos intestinos, alargamento dos g\u00e2nglios linf\u00e1ticos, incha\u00e7o do f\u00edgado e do ba\u00e7o, dist\u00farbios circulat\u00f3rios e compress\u00e3o vascular conduzem frequentemente a dores abdominais recorrentes e escapam frequentemente \u00e0 avalia\u00e7\u00e3o inicial. As p\u00e1ginas seguintes fornecem informa\u00e7\u00f5es mais detalhadas sobre como a moderna e funcional sonografia Doppler colorida pode contribuir para o diagn\u00f3stico da dor abdominal e, \u00e9 claro, de muitas outras doen\u00e7as.<\/p>","protected":false},"excerpt":{"rendered":"<p>A dor abdominal cr\u00f3nica ou recorrente afecta a qualidade de vida de muitos doentes e \u00e9 frequentemente um problema de diagn\u00f3stico. Causas na cavidade abdominal, mas tamb\u00e9m longe dela pode desencadear dor abdominal. Com o diagn\u00f3stico por ultra-som, n\u00e3o s\u00f3 os pr\u00f3prios \u00f3rg\u00e3os, mas tamb\u00e9m muitas das suas fun\u00e7\u00f5es podem ser tornadas vis\u00edveis e mensur\u00e1veis. [&hellip;]<\/p>\n","protected":false},"author":4,"featured_media":0,"parent":8,"menu_order":0,"comment_status":"open","ping_status":"open","template":"","meta":{"om_disable_all_campaigns":false,"footnotes":""},"class_list":["post-460","page","type-page","status-publish","hentry"],"_links":{"self":[{"href":"https:\/\/scholbach.de\/pt\/wp-json\/wp\/v2\/pages\/460","targetHints":{"allow":["GET"]}}],"collection":[{"href":"https:\/\/scholbach.de\/pt\/wp-json\/wp\/v2\/pages"}],"about":[{"href":"https:\/\/scholbach.de\/pt\/wp-json\/wp\/v2\/types\/page"}],"author":[{"embeddable":true,"href":"https:\/\/scholbach.de\/pt\/wp-json\/wp\/v2\/users\/4"}],"replies":[{"embeddable":true,"href":"https:\/\/scholbach.de\/pt\/wp-json\/wp\/v2\/comments?post=460"}],"version-history":[{"count":15,"href":"https:\/\/scholbach.de\/pt\/wp-json\/wp\/v2\/pages\/460\/revisions"}],"predecessor-version":[{"id":3675,"href":"https:\/\/scholbach.de\/pt\/wp-json\/wp\/v2\/pages\/460\/revisions\/3675"}],"up":[{"embeddable":true,"href":"https:\/\/scholbach.de\/pt\/wp-json\/wp\/v2\/pages\/8"}],"wp:attachment":[{"href":"https:\/\/scholbach.de\/pt\/wp-json\/wp\/v2\/media?parent=460"}],"curies":[{"name":"wp","href":"https:\/\/api.w.org\/{rel}","templated":true}]}}