{"id":4389,"date":"2020-04-05T10:52:43","date_gmt":"2020-04-05T10:52:43","guid":{"rendered":"https:\/\/scholbach.de\/?page_id=4389"},"modified":"2020-04-05T11:30:07","modified_gmt":"2020-04-05T11:30:07","slug":"papiermaske-aus-kuechenrolle","status":"publish","type":"page","link":"https:\/\/scholbach.de\/pt\/papiermaske-aus-kuechenrolle","title":{"rendered":"Papiermaske aus K\u00fcchenrolle"},"content":{"rendered":"<p class=\"qtranxs-available-languages-message qtranxs-available-languages-message-pt\">Desculpe, este conte\u00fado s\u00f3 est\u00e1 dispon\u00edvel em <a href=\"https:\/\/scholbach.de\/de\/wp-json\/wp\/v2\/pages\/4389\" class=\"qtranxs-available-language-link qtranxs-available-language-link-de\" title=\"Deutsch\">Deutsch<\/a>.<\/p><p><\/p>\n<h2>Bitte betreten Sie unsere Arztpraxis mit einer Gesichtsmaske.<\/h2>\n<p>Haben Sie keine zur Hand, k\u00f6nnen Sie sich ganz einfach einen Mundschutz aus K\u00fcchenrollenpapier herstellen. Um ein Einrei\u00dfen des Schnittes zu verhindern, k\u00f6nnen Sie die Enden des Schnittes mit einem Klebestreifen verst\u00e4rken.<\/p>\n<p>Jede Art von Mundschutz vermindert die \u00dcbertragung von Viren durch den Tr\u00e4ger der Masken. Etwa die H\u00e4lfte der \u00dcbertragungen von Coronaviren geht von (noch) Gesunden aus!<\/p>\n<p><a href=\"https:\/\/scholbach.de\/wp-content\/uploads\/2020\/04\/Papiermaske.jpg\"><img loading=\"lazy\" decoding=\"async\" class=\" wp-image-4391 aligncenter\" src=\"https:\/\/scholbach.de\/wp-content\/uploads\/2020\/04\/Papiermaske-300x169.jpg\" alt=\"\" width=\"508\" height=\"286\" srcset=\"https:\/\/scholbach.de\/wp-content\/uploads\/2020\/04\/Papiermaske-300x169.jpg 300w, https:\/\/scholbach.de\/wp-content\/uploads\/2020\/04\/Papiermaske-1024x576.jpg 1024w, https:\/\/scholbach.de\/wp-content\/uploads\/2020\/04\/Papiermaske-768x432.jpg 768w, https:\/\/scholbach.de\/wp-content\/uploads\/2020\/04\/Papiermaske.jpg 1280w\" sizes=\"auto, (max-width: 508px) 100vw, 508px\" \/><\/a><\/p>","protected":false},"excerpt":{"rendered":"<p>Desculpe, este conte\u00fado s\u00f3 est\u00e1 dispon\u00edvel em Deutsch. Bitte betreten Sie unsere Arztpraxis mit einer Gesichtsmaske. Haben Sie keine zur Hand, k\u00f6nnen Sie sich ganz einfach einen Mundschutz aus K\u00fcchenrollenpapier herstellen. Um ein Einrei\u00dfen des Schnittes zu verhindern, k\u00f6nnen Sie die Enden des Schnittes mit einem Klebestreifen verst\u00e4rken. Jede Art von Mundschutz vermindert die \u00dcbertragung [&hellip;]<\/p>\n","protected":false},"author":5,"featured_media":0,"parent":0,"menu_order":0,"comment_status":"closed","ping_status":"closed","template":"","meta":{"om_disable_all_campaigns":false,"footnotes":""},"class_list":["post-4389","page","type-page","status-publish","hentry"],"_links":{"self":[{"href":"https:\/\/scholbach.de\/pt\/wp-json\/wp\/v2\/pages\/4389","targetHints":{"allow":["GET"]}}],"collection":[{"href":"https:\/\/scholbach.de\/pt\/wp-json\/wp\/v2\/pages"}],"about":[{"href":"https:\/\/scholbach.de\/pt\/wp-json\/wp\/v2\/types\/page"}],"author":[{"embeddable":true,"href":"https:\/\/scholbach.de\/pt\/wp-json\/wp\/v2\/users\/5"}],"replies":[{"embeddable":true,"href":"https:\/\/scholbach.de\/pt\/wp-json\/wp\/v2\/comments?post=4389"}],"version-history":[{"count":6,"href":"https:\/\/scholbach.de\/pt\/wp-json\/wp\/v2\/pages\/4389\/revisions"}],"predecessor-version":[{"id":4400,"href":"https:\/\/scholbach.de\/pt\/wp-json\/wp\/v2\/pages\/4389\/revisions\/4400"}],"wp:attachment":[{"href":"https:\/\/scholbach.de\/pt\/wp-json\/wp\/v2\/media?parent=4389"}],"curies":[{"name":"wp","href":"https:\/\/api.w.org\/{rel}","templated":true}]}}