{"id":374,"date":"2016-06-14T15:11:19","date_gmt":"2016-06-14T15:11:19","guid":{"rendered":"http:\/\/wp12612379.server-he.de\/?page_id=374"},"modified":"2020-04-05T14:12:57","modified_gmt":"2020-04-05T14:12:57","slug":"truncus-coeliacus-kompression","status":"publish","type":"page","link":"https:\/\/scholbach.de\/pt\/wissenschaft\/deutsch-ultraschalldiagnostik\/deutsch-gefaskompressionen\/truncus-coeliacus-kompression","title":{"rendered":"Compress\u00e3o de Truncus coeliacus \/ S\u00edndrome de Dunbar \/ MALS \/ S\u00edndrome de Ligamentum arcuatum"},"content":{"rendered":"<p>Essa s\u00edndrome de compress\u00e3o vascular s\u00f3 \u00e9 superada em sua freq\u00fc\u00eancia pelo fen\u00f4meno do quebra-nozes. At\u00e9 agora, diagnostiquei e tratei mais de 1000 pacientes. As queixas mais comuns com a compress\u00e3o do tronco cel\u00edaco e do g\u00e2nglio cel\u00edaco deitado sobre ele (o plexo solar) s\u00e3o dor abdominal, dor card\u00edaca (mais precisamente: dor na regi\u00e3o card\u00edaca), dor no peito, dificuldade em respirar, n\u00e1usea, tontura, escurecimento na frente dos olhos, tend\u00eancia ao colapso, dor abdominal e diarr\u00e9ia ap\u00f3s comer, al\u00e9m de redu\u00e7\u00e3o da resili\u00eancia durante esporte ou esfor\u00e7o f\u00edsico.<\/p>\n<p>O quadro cl\u00ednico, tamb\u00e9m conhecido como s\u00edndrome de Dunbar, MALS (Median Arcuate Ligament Syndrome), Ligamentum arcuatum syndrome, Ganglion-coeliacum compression syndrome (provavelmente o termo mais apropriado), s\u00edndrome de compress\u00e3o da art\u00e9ria cel\u00edaca ou s\u00edndrome de compress\u00e3o do tronco cel\u00edaco, \u00e9 dif\u00edcil de diagnosticar com m\u00e9todos convencionais e, portanto, permanece indetect\u00e1vel por muito tempo. Devido ao grande n\u00famero de sintomas diferentes e aos sintomas vegetativos frequentemente proeminentes, os doentes consultam frequentemente m\u00e9dicos de uma vasta gama de disciplinas, muitas vezes sem que os seus sintomas sejam esclarecidos. Afinal de contas, elas s\u00e3o frequentemente recomendadas para terapia psicol\u00f3gica ou psiqui\u00e1trica, o que muitas vezes tamb\u00e9m n\u00e3o \u00e9 uma solu\u00e7\u00e3o satisfat\u00f3ria. Com a ultrassonografia Doppler colorida funcional, a causa pode ser claramente identificada e um tratamento causal pode ser iniciado, a descompress\u00e3o laparosc\u00f3pica e operat\u00f3ria do g\u00e2nglio, que regularmente leva \u00e0 aus\u00eancia imediata e duradoura de sintomas.<\/p>\n<p>Os sintomas da s\u00edndrome de compress\u00e3o do tronco coel\u00edaco surgem porque o diafragma pressiona literalmente o plexo dos nervos no tronco durante a respira\u00e7\u00e3o e o desloca junto com o vaso.<\/p>\n<p>Os pacientes criaram <a href=\"http:\/\/dunbar-syndrom.org\/viewtopic.php?f=11&amp;t=13&amp;sid=fcf3c3b3f1be3a8cc527899b056ababa\">um site de informa\u00e7\u00e3o e um f\u00f3rum<\/a>.<\/p>\n<p>A figura seguinte mostra \u00e0 esquerda como o tronco \u00e9 exposto e esticado por inspira\u00e7\u00e3o profunda. A figura \u00e0 direita mostra para compara\u00e7\u00e3o o deslocamento em forma de gancho do tronco, a constri\u00e7\u00e3o e a resultante acelera\u00e7\u00e3o do fluxo durante a expira\u00e7\u00e3o:<\/p>\n<p>&nbsp;<\/p>\n<p><img decoding=\"async\" class=\"alignnone size-large wp-image-392\" src=\"http:\/\/wp12612379.server-he.de\/wp-content\/uploads\/2016\/06\/Truncus-Coeliacus-Kompression-1024x469.jpg\" alt=\"Truncus-Coeliacus-Kompression\" width=\"100%\" height=\"auto\" srcset=\"https:\/\/scholbach.de\/wp-content\/uploads\/2016\/06\/Truncus-Coeliacus-Kompression-1024x469.jpg 1024w, https:\/\/scholbach.de\/wp-content\/uploads\/2016\/06\/Truncus-Coeliacus-Kompression-300x137.jpg 300w, https:\/\/scholbach.de\/wp-content\/uploads\/2016\/06\/Truncus-Coeliacus-Kompression.jpg 1073w\" sizes=\"(max-width: 1024px) 100vw, 1024px\" \/><\/p>\n<p>As velocidades de fluxo aumentadas nas diferentes fases da respira\u00e7\u00e3o podem ser vistas no seguinte v\u00eddeo:<\/p>\n<p><iframe loading=\"lazy\" title=\"Truncus coeliacus-Kompressionssyndrom\" frameborder=\"0\" width=\"500\" height=\"334\" src=\"https:\/\/geo.dailymotion.com\/player.html?video=x3mx9ho&#038;\" allowfullscreen allow=\"autoplay; fullscreen; picture-in-picture; web-share\"><\/iframe><\/p>\n<p>&nbsp;<\/p>","protected":false},"excerpt":{"rendered":"<p>Essa s\u00edndrome de compress\u00e3o vascular s\u00f3 \u00e9 superada em sua freq\u00fc\u00eancia pelo fen\u00f4meno do quebra-nozes. At\u00e9 agora, diagnostiquei e tratei mais de 1000 pacientes. As queixas mais comuns com a compress\u00e3o do tronco cel\u00edaco e do g\u00e2nglio cel\u00edaco deitado sobre ele (o plexo solar) s\u00e3o dor abdominal, dor card\u00edaca (mais precisamente: dor na regi\u00e3o card\u00edaca), [&hellip;]<\/p>\n","protected":false},"author":4,"featured_media":0,"parent":66,"menu_order":5,"comment_status":"open","ping_status":"open","template":"","meta":{"om_disable_all_campaigns":false,"footnotes":""},"class_list":["post-374","page","type-page","status-publish","hentry"],"_links":{"self":[{"href":"https:\/\/scholbach.de\/pt\/wp-json\/wp\/v2\/pages\/374","targetHints":{"allow":["GET"]}}],"collection":[{"href":"https:\/\/scholbach.de\/pt\/wp-json\/wp\/v2\/pages"}],"about":[{"href":"https:\/\/scholbach.de\/pt\/wp-json\/wp\/v2\/types\/page"}],"author":[{"embeddable":true,"href":"https:\/\/scholbach.de\/pt\/wp-json\/wp\/v2\/users\/4"}],"replies":[{"embeddable":true,"href":"https:\/\/scholbach.de\/pt\/wp-json\/wp\/v2\/comments?post=374"}],"version-history":[{"count":58,"href":"https:\/\/scholbach.de\/pt\/wp-json\/wp\/v2\/pages\/374\/revisions"}],"predecessor-version":[{"id":4425,"href":"https:\/\/scholbach.de\/pt\/wp-json\/wp\/v2\/pages\/374\/revisions\/4425"}],"up":[{"embeddable":true,"href":"https:\/\/scholbach.de\/pt\/wp-json\/wp\/v2\/pages\/66"}],"wp:attachment":[{"href":"https:\/\/scholbach.de\/pt\/wp-json\/wp\/v2\/media?parent=374"}],"curies":[{"name":"wp","href":"https:\/\/api.w.org\/{rel}","templated":true}]}}