{"id":364,"date":"2016-06-14T13:54:05","date_gmt":"2016-06-14T13:54:05","guid":{"rendered":"http:\/\/wp12612379.server-he.de\/?page_id=364"},"modified":"2024-01-20T21:40:11","modified_gmt":"2024-01-20T20:40:11","slug":"arteria-mesenterica-superior-syndrom","status":"publish","type":"page","link":"https:\/\/scholbach.de\/pt\/wissenschaft\/deutsch-ultraschalldiagnostik\/deutsch-gefaskompressionen\/arteria-mesenterica-superior-syndrom","title":{"rendered":"S\u00edndrome de Wilkie \/ S\u00edndrome de Arteria-mesent\u00e9rio-superior"},"content":{"rendered":"<p><img decoding=\"async\" class=\"alignnone size-large wp-image-330\" src=\"http:\/\/wp12612379.server-he.de\/wp-content\/uploads\/2016\/06\/Anatomie-AMS-1024x576.jpg\" alt=\"Anatomie AMS\" width=\"100%\" height=\"auto\" srcset=\"https:\/\/scholbach.de\/wp-content\/uploads\/2016\/06\/Anatomie-AMS-1024x576.jpg 1024w, https:\/\/scholbach.de\/wp-content\/uploads\/2016\/06\/Anatomie-AMS-300x169.jpg 300w, https:\/\/scholbach.de\/wp-content\/uploads\/2016\/06\/Anatomie-AMS.jpg 1280w\" sizes=\"(max-width: 1024px) 100vw, 1024px\" \/><\/p>\n<p>No \u00e2ngulo entre a aorta e a art\u00e9ria intestinal superior (art\u00e9ria mesent\u00e9rica superior), a veia renal esquerda se move para a direita (ver s\u00edndrome do quebra-nozes) e o duodeno para a esquerda. Se este \u00e2ngulo for muito estreito, o duodeno pode ser comprimido pelas duas art\u00e9rias de tal forma que o alimento pare imediatamente ap\u00f3s ter deixado o est\u00f4mago em frente da pin\u00e7a vascular e s\u00f3 pode ser transportado mais adiante sob dor, sacudidelas ou em certas posturas.<br \/>\nCerca de um quarto de hora depois de come\u00e7ar a comer, os afetados experimentam dor severa no abd\u00f4men superior, o que os leva a uma dieta pastosa e pequenas quantidades de alimentos. O abd\u00f3men superior direito insufla sob a caixa tor\u00e1cica, levando a um aumento da dor no abd\u00f3men superior, arrotos e possivelmente at\u00e9 mesmo v\u00f3mitos. Muitas vezes, o al\u00edvio \u00e9 sentido no armazenamento do lado esquerdo. Com forte compress\u00e3o, a avers\u00e3o \u00e0 alimenta\u00e7\u00e3o torna-se t\u00e3o forte por medo da dor que os pacientes perdem peso.<br \/>\nEm alguns casos, a compress\u00e3o \u00e9 baseada em uma fraqueza dos m\u00fasculos intestinais, em outros, o estreitamento do \u00e2ngulo de sa\u00edda da art\u00e9ria intestinal a partir da aorta isoladamente \u00e9 suficiente para desencadear os sintomas.<\/p>\n<p>As pessoas afetadas podem trocar informa\u00e7\u00f5es em <a href=\"http:\/\/www.lebenskuenstlerin.at\/index.php\/de\/selbsthilfegruppe\">um grupo de auto-ajuda<\/a>.<\/p>\n<p>Nosso diagn\u00f3stico \u00e9 baseado em uma sonografia Doppler colorida funcional, na qual examinamos sua constela\u00e7\u00e3o de dor individual e observamos detalhadamente o transporte do alimento durante e ap\u00f3s a alimenta\u00e7\u00e3o e em diferentes posturas e o comparamos com seus sintomas. Dessa forma, o diagn\u00f3stico pode ser feito em um exame n\u00e3o invasivo e sem raios X.<\/p>\n<p>Outras s\u00edndromes de compress\u00e3o vascular frequentemente acompanham a s\u00edndrome de Wilkie e tamb\u00e9m s\u00e3o diagnosticadas por um exame detalhado e sutil na mesma sess\u00e3o. Isto \u00e9 crucial porque os sintomas de todas as s\u00edndromes de copmers\u00e3o vascular se sobrep\u00f5em e um plano de tratamento graduado s\u00f3 pode ser elaborado ap\u00f3s um exame quantitativo da perfus\u00e3o dos vasos afetados.<\/p>\n<p>O seguinte v\u00eddeo mostra a congest\u00e3o do duodeno em um paciente que n\u00e3o comeu, ou seja, em que o duodeno est\u00e1 vazio:<\/p>\n<div style=\"width: 640px;\" class=\"wp-video\"><video class=\"wp-video-shortcode\" id=\"video-364-34\" width=\"640\" height=\"360\" preload=\"metadata\" controls=\"controls\"><source type=\"video\/mp4\" src=\"http:\/\/wp12612379.server-he.de\/wp-content\/uploads\/2016\/06\/Videodarstellung_des_Staus_im_Duodenum.mp4?_=34\" \/><a href=\"http:\/\/wp12612379.server-he.de\/wp-content\/uploads\/2016\/06\/Videodarstellung_des_Staus_im_Duodenum.mp4\">http:\/\/wp12612379.server-he.de\/wp-content\/uploads\/2016\/06\/Videodarstellung_des_Staus_im_Duodenum.mp4<\/a><\/video><\/div>\n<p>O seguinte v\u00eddeo de ultra-som mostra a congest\u00e3o alimentar no duodeno ap\u00f3s comer:<\/p>\n<div style=\"width: 640px;\" class=\"wp-video\"><video class=\"wp-video-shortcode\" id=\"video-364-35\" width=\"640\" height=\"360\" preload=\"metadata\" controls=\"controls\"><source type=\"video\/mp4\" src=\"http:\/\/wp12612379.server-he.de\/wp-content\/uploads\/2016\/06\/ams_widerstandsperistaltik.mp4?_=35\" \/><a href=\"http:\/\/wp12612379.server-he.de\/wp-content\/uploads\/2016\/06\/ams_widerstandsperistaltik.mp4\">http:\/\/wp12612379.server-he.de\/wp-content\/uploads\/2016\/06\/ams_widerstandsperistaltik.mp4<\/a><\/video><\/div>\n<p>O \u00faltimo v\u00eddeo mostra finalmente como o duodeno se esvazia contra a resist\u00eancia:<\/p>\n<p>&nbsp;<\/p>\n<div style=\"width: 640px;\" class=\"wp-video\"><video class=\"wp-video-shortcode\" id=\"video-364-36\" width=\"640\" height=\"360\" preload=\"metadata\" controls=\"controls\"><source type=\"video\/mp4\" src=\"http:\/\/wp12612379.server-he.de\/wp-content\/uploads\/2016\/06\/Unter_Schmerzlinerung_entleert_sich_das_Duodenum.mp4?_=36\" \/><a href=\"http:\/\/wp12612379.server-he.de\/wp-content\/uploads\/2016\/06\/Unter_Schmerzlinerung_entleert_sich_das_Duodenum.mp4\">http:\/\/wp12612379.server-he.de\/wp-content\/uploads\/2016\/06\/Unter_Schmerzlinerung_entleert_sich_das_Duodenum.mp4<\/a><\/video><\/div>\n<p>Por favor, observe as nossas notas sobre as <a href=\"https:\/\/scholbach.de\/hinweise-zu-medizinischen-erlaeuterungen\">explica\u00e7\u00f5es m\u00e9dicas neste site<\/a>.<\/p>\n<p>&nbsp;<\/p>","protected":false},"excerpt":{"rendered":"<p>No \u00e2ngulo entre a aorta e a art\u00e9ria intestinal superior (art\u00e9ria mesent\u00e9rica superior), a veia renal esquerda se move para a direita (ver s\u00edndrome do quebra-nozes) e o duodeno para a esquerda. Se este \u00e2ngulo for muito estreito, o duodeno pode ser comprimido pelas duas art\u00e9rias de tal forma que o alimento pare imediatamente ap\u00f3s [&hellip;]<\/p>\n","protected":false},"author":4,"featured_media":0,"parent":66,"menu_order":6,"comment_status":"open","ping_status":"closed","template":"","meta":{"om_disable_all_campaigns":false,"footnotes":""},"class_list":["post-364","page","type-page","status-publish","hentry"],"_links":{"self":[{"href":"https:\/\/scholbach.de\/pt\/wp-json\/wp\/v2\/pages\/364","targetHints":{"allow":["GET"]}}],"collection":[{"href":"https:\/\/scholbach.de\/pt\/wp-json\/wp\/v2\/pages"}],"about":[{"href":"https:\/\/scholbach.de\/pt\/wp-json\/wp\/v2\/types\/page"}],"author":[{"embeddable":true,"href":"https:\/\/scholbach.de\/pt\/wp-json\/wp\/v2\/users\/4"}],"replies":[{"embeddable":true,"href":"https:\/\/scholbach.de\/pt\/wp-json\/wp\/v2\/comments?post=364"}],"version-history":[{"count":60,"href":"https:\/\/scholbach.de\/pt\/wp-json\/wp\/v2\/pages\/364\/revisions"}],"predecessor-version":[{"id":8510,"href":"https:\/\/scholbach.de\/pt\/wp-json\/wp\/v2\/pages\/364\/revisions\/8510"}],"up":[{"embeddable":true,"href":"https:\/\/scholbach.de\/pt\/wp-json\/wp\/v2\/pages\/66"}],"wp:attachment":[{"href":"https:\/\/scholbach.de\/pt\/wp-json\/wp\/v2\/media?parent=364"}],"curies":[{"name":"wp","href":"https:\/\/api.w.org\/{rel}","templated":true}]}}