{"id":3520,"date":"2019-10-06T08:36:56","date_gmt":"2019-10-06T08:36:56","guid":{"rendered":"https:\/\/scholbach.de\/?page_id=3520"},"modified":"2022-11-12T14:24:51","modified_gmt":"2022-11-12T14:24:51","slug":"funktioneller-farbdoppler-ultraschall-wie-ich-ihn-verstehe","status":"publish","type":"page","link":"https:\/\/scholbach.de\/pt\/funktioneller-farbdoppler-ultraschall-wie-ich-ihn-verstehe","title":{"rendered":"Ultrassom Doppler colorido funcional : como eu o entendo"},"content":{"rendered":"<p>Eu ofere\u00e7o a melhor tecnologia de ultra-som poss\u00edvel para exatamente seus sintomas.<\/p>\n<p>Meu objetivo final \u00e9 ajud\u00e1-lo a encontrar uma maneira de obter o melhor tratamento, n\u00e3o apenas para ter este ou aquele procedimento feito.<\/p>\n<p>Isso significa que eu procuro por muito mais tempo e sigo exatamente os seus sintomas ao inv\u00e9s de fazer o trabalho e mand\u00e1-lo para casa declarando &#8220;Tudo est\u00e1 bem&#8221; apesar de voc\u00ea estar com dor, n\u00e3o poder comer, vomitar ou ter qualquer outro tipo de sofrimento.<\/p>\n<p>Uma boa medicina liberta-o do sofrimento e n\u00e3o o deixa sozinho.<\/p>\n<p>\u00c9 claro que o conhecimento m\u00e9dico \u00e9 limitado, mas os limites n\u00e3o s\u00e3o certas especialidades que dividem um ser humano em partes isoladas.<\/p>\n<p>Em vez disso, a minha abordagem ultrapassa as fronteiras dos \u00f3rg\u00e3os e das especialidades.<\/p>\n<p>Eu olho para todos os \u00f3rg\u00e3os e todos os seus sintomas, que tradicionalmente pertencem \u00e0 gastroenterologia, nefrologia, urologia, ginecologia, neurologia, pediatria, cirurgia, angiologia, psiquiatria, cardiologia, ortopedia, medicina fetal ou dermatologia.<\/p>\n<p>O ultrassom est\u00e1 reunindo todas essas especialidades.<\/p>\n<p>O ultrassom Doppler colorido funcional vai muito al\u00e9m do ultrassom convencional.<\/p>\n<p>O ultrassom basicamente olha para a morfologia em imagens em preto e branco.<\/p>\n<p>O ultra-som Doppler colorido analisa os movimentos. Streaming de sangue, peristaltismo dos intestinos, contra\u00e7\u00e3o dos ureteres, mic\u00e7\u00e3o da bexiga, jatos de fluido cerebrospinal, balan\u00e7o das v\u00e1lvulas card\u00edacas, contra\u00e7\u00e3o dos \u00e1trios e c\u00e2maras do cora\u00e7\u00e3o, abertura e fechamento de v\u00e1lvulas venosas, vasomo\u00e7\u00e3o da veia umbilical (que foi, ali\u00e1s, observada e medida em fetos pela primeira vez pelo nosso grupo de pesquisa), movimentos do diafragma, deslizamento da pleura &#8211; todos esses fen\u00f4menos podem ser descritos com precis\u00e3o por meio do ultrassom Doppler colorido.<\/p>\n<p><strong>Mas vamos mais longe.<\/strong><\/p>\n<p>Desenvolvemos o primeiro m\u00e9todo ultrassonogr\u00e1fico para quantificar esses movimentos &#8211; a t\u00e9cnica PixelFlux.<\/p>\n<p>Desta forma, podemos medir e comparar exactamente a quantidade de sangue que corre para um \u00f3rg\u00e3o, para um tecido e mesmo para diferentes ramos da \u00e1rvore vascular de um \u00f3rg\u00e3o.<\/p>\n<p>Melhor do que com qualquer outra t\u00e9cnica, podemos avaliar com precis\u00e3o o estado funcional de um \u00f3rg\u00e3o e os dist\u00farbios que afetam seu suprimento sangu\u00edneo.<\/p>\n<p>Al\u00e9m disso, podemos medir a inflama\u00e7\u00e3o no local e medir o sucesso ou fracasso dos tratamentos.<\/p>\n<p>Tudo isso \u00e9 feito durante um exame. Eu sou certificado pela diretoria para todos esses procedimentos. Assim, com um exame voc\u00ea obt\u00e9m respostas de muitas especialidades m\u00e9dicas.<\/p>\n<p><strong>Mas n\u00f3s n\u00e3o paramos por aqui. Repetimos tudo isso sob condi\u00e7\u00f5es externas vari\u00e1veis.<\/strong><\/p>\n<p>Quando os seus sintomas est\u00e3o relacionados com a digest\u00e3o, vou examin\u00e1-lo antes, durante e depois de uma refei\u00e7\u00e3o. Se eles dependem da postura corporal, vou examin\u00e1-lo em diferentes posi\u00e7\u00f5es horizontais, sentado, em p\u00e9 e at\u00e9 mesmo durante ou depois dos exerc\u00edcios.<\/p>\n<p>Vou fazer exames em diferentes posi\u00e7\u00f5es de respira\u00e7\u00e3o, com a bexiga cheia e vazia, com diferentes posi\u00e7\u00f5es de certas articula\u00e7\u00f5es &#8230; e assim por diante.<\/p>\n<p>Finalmente, obter\u00e1 um resultado que \u00e9 uma base fi\u00e1vel e s\u00f3lida para as decis\u00f5es de tratamento.<\/p>\n<p>Eu mostro-lhe todos os detalhes do exame no ecr\u00e3 enquanto \u00e9 examinado. Explico-lhe todas as minhas conclus\u00f5es e dou-lhe um esbo\u00e7o de cen\u00e1rios anat\u00f3micos dif\u00edceis.<\/p>\n<p>Comunico todos os resultados a voc\u00ea e a todos os m\u00e9dicos que me consultam em um relat\u00f3rio detalhado com todas as medidas e todas as imagens relevantes.<\/p>\n<p>Isto \u00e9 ultra-som funcional como eu o entendo &#8211; e<a href=\"https:\/\/scholbach.de\/what-patients-say\"> pacientes de todo o mundo o apreciam<\/a>.<\/p>\n<p>&nbsp;<\/p>","protected":false},"excerpt":{"rendered":"<p>Eu ofere\u00e7o a melhor tecnologia de ultra-som poss\u00edvel para exatamente seus sintomas. Meu objetivo final \u00e9 ajud\u00e1-lo a encontrar uma maneira de obter o melhor tratamento, n\u00e3o apenas para ter este ou aquele procedimento feito. Isso significa que eu procuro por muito mais tempo e sigo exatamente os seus sintomas ao inv\u00e9s de fazer o [&hellip;]<\/p>\n","protected":false},"author":5,"featured_media":0,"parent":0,"menu_order":0,"comment_status":"closed","ping_status":"closed","template":"","meta":{"om_disable_all_campaigns":false,"footnotes":""},"class_list":["post-3520","page","type-page","status-publish","hentry"],"_links":{"self":[{"href":"https:\/\/scholbach.de\/pt\/wp-json\/wp\/v2\/pages\/3520","targetHints":{"allow":["GET"]}}],"collection":[{"href":"https:\/\/scholbach.de\/pt\/wp-json\/wp\/v2\/pages"}],"about":[{"href":"https:\/\/scholbach.de\/pt\/wp-json\/wp\/v2\/types\/page"}],"author":[{"embeddable":true,"href":"https:\/\/scholbach.de\/pt\/wp-json\/wp\/v2\/users\/5"}],"replies":[{"embeddable":true,"href":"https:\/\/scholbach.de\/pt\/wp-json\/wp\/v2\/comments?post=3520"}],"version-history":[{"count":35,"href":"https:\/\/scholbach.de\/pt\/wp-json\/wp\/v2\/pages\/3520\/revisions"}],"predecessor-version":[{"id":7664,"href":"https:\/\/scholbach.de\/pt\/wp-json\/wp\/v2\/pages\/3520\/revisions\/7664"}],"wp:attachment":[{"href":"https:\/\/scholbach.de\/pt\/wp-json\/wp\/v2\/media?parent=3520"}],"curies":[{"name":"wp","href":"https:\/\/api.w.org\/{rel}","templated":true}]}}