{"id":3477,"date":"2019-09-15T15:01:27","date_gmt":"2019-09-15T15:01:27","guid":{"rendered":"https:\/\/scholbach.de\/?page_id=3477"},"modified":"2021-07-18T20:23:43","modified_gmt":"2021-07-18T20:23:43","slug":"english-curtain-effect-of-venous-stents","status":"publish","type":"page","link":"https:\/\/scholbach.de\/pt\/english-curtain-effect-of-venous-stents","title":{"rendered":"O efeito de cortina dos stents venosos"},"content":{"rendered":"<p><div style=\"width: 1920px;\" class=\"wp-video\"><video class=\"wp-video-shortcode\" id=\"video-3477-9\" width=\"1920\" height=\"1080\" preload=\"metadata\" controls=\"controls\"><source type=\"video\/mp4\" src=\"https:\/\/scholbach.de\/wp-content\/uploads\/2019\/09\/curtain-effect.mp4?_=9\" \/><a href=\"https:\/\/scholbach.de\/wp-content\/uploads\/2019\/09\/curtain-effect.mp4\">https:\/\/scholbach.de\/wp-content\/uploads\/2019\/09\/curtain-effect.mp4<\/a><\/video><\/div><\/p>\n<p>Os stents venosos t\u00eam muitos efeitos prejudiciais sobre as veias dos stents nas s\u00edndromes de compress\u00e3o vascular abdominal.<\/p>\n<p>O efeito de cortina \u00e9 apenas um deles, mas o mais relevante. O v\u00eddeo demonstra o aumento do efeito de cortina, que por si s\u00f3 est\u00e1 causando uma fun\u00e7\u00e3o de stent diminu\u00edda ou quase ausente, mesmo em stents aparentemente abertos.<\/p>\n<p>Os movimentos do corpo ou a respira\u00e7\u00e3o causam uma irrita\u00e7\u00e3o constante da veia do stent pela picada e, por vezes, pela malha penetrante do stent venoso. O stent corta como um cinzel oco na parede da veia, produzindo frequentemente dor insuport\u00e1vel no local da penetra\u00e7\u00e3o.<\/p>\n<p>A TC e a RM n\u00e3o podem detectar tais mecanismos, pois s\u00e3o procedimentos de imagem est\u00e1ticos e n\u00e3o-funcionais.<\/p>\n<p>Somente uma ultrassonografia meticulosa, din\u00e2mica e funcional com quantifica\u00e7\u00e3o do fluxo sangu\u00edneo pode detectar o pr\u00f3prio motivo da dor em pacientes portadores de tais stents.<\/p>\n<p>&nbsp;<\/p>\n<p>&nbsp;<\/p>","protected":false},"excerpt":{"rendered":"<p>Os stents venosos t\u00eam muitos efeitos prejudiciais sobre as veias dos stents nas s\u00edndromes de compress\u00e3o vascular abdominal. O efeito de cortina \u00e9 apenas um deles, mas o mais relevante. O v\u00eddeo demonstra o aumento do efeito de cortina, que por si s\u00f3 est\u00e1 causando uma fun\u00e7\u00e3o de stent diminu\u00edda ou quase ausente, mesmo em [&hellip;]<\/p>\n","protected":false},"author":5,"featured_media":0,"parent":0,"menu_order":0,"comment_status":"closed","ping_status":"closed","template":"","meta":{"om_disable_all_campaigns":false,"footnotes":""},"class_list":["post-3477","page","type-page","status-publish","hentry"],"_links":{"self":[{"href":"https:\/\/scholbach.de\/pt\/wp-json\/wp\/v2\/pages\/3477","targetHints":{"allow":["GET"]}}],"collection":[{"href":"https:\/\/scholbach.de\/pt\/wp-json\/wp\/v2\/pages"}],"about":[{"href":"https:\/\/scholbach.de\/pt\/wp-json\/wp\/v2\/types\/page"}],"author":[{"embeddable":true,"href":"https:\/\/scholbach.de\/pt\/wp-json\/wp\/v2\/users\/5"}],"replies":[{"embeddable":true,"href":"https:\/\/scholbach.de\/pt\/wp-json\/wp\/v2\/comments?post=3477"}],"version-history":[{"count":20,"href":"https:\/\/scholbach.de\/pt\/wp-json\/wp\/v2\/pages\/3477\/revisions"}],"predecessor-version":[{"id":6471,"href":"https:\/\/scholbach.de\/pt\/wp-json\/wp\/v2\/pages\/3477\/revisions\/6471"}],"wp:attachment":[{"href":"https:\/\/scholbach.de\/pt\/wp-json\/wp\/v2\/media?parent=3477"}],"curies":[{"name":"wp","href":"https:\/\/api.w.org\/{rel}","templated":true}]}}